{"id":109,"date":"2017-11-19T17:03:37","date_gmt":"2017-11-19T16:03:37","guid":{"rendered":"http:\/\/www.mairie-gassin.fr\/?page_id=109"},"modified":"2026-04-14T19:11:58","modified_gmt":"2026-04-14T17:11:58","slug":"services-municipaux","status":"publish","type":"page","link":"https:\/\/www.mairie-gassin.fr\/fr\/notre-commune\/services-municipaux\/","title":{"rendered":"Services municipaux"},"content":{"rendered":"\n<p class=\"wp-block-paragraph\">Vous trouverez ci-dessous les informations utiles concernant les services de la commune destin\u00e9s \u00e0 vous aider dans la r\u00e9alisation de vos d\u00e9marches administratives.<\/p>\n\n\n\n<p class=\"wp-block-paragraph\">La mairie comprend des services pour son fonctionnement interne et pour le lien avec l&rsquo;\u00c9tat et ses services (imp\u00f4ts, statistiques g\u00e9n\u00e9rales), les autres collectivit\u00e9s territoriales (r\u00e9gion, d\u00e9partement et autres communes, les EPCI qui regroupent ces derni\u00e8res), ainsi que les professionnels : une <strong>direction g\u00e9n\u00e9rale des services<\/strong>, un service <strong>comptabilit\u00e9-ressources humaines<\/strong> , un service d&rsquo;<strong>achat public<\/strong>, et un service de <strong>gestion patrimoine et contentieux<\/strong>.<\/p>\n\n\n\n<p class=\"wp-block-paragraph\">N\u2019oublions pas non plus nos ATSEM, le personnel de notre cantine et notre \u00e9quipe d\u2019animations pour les jeunes. <\/p>\n","protected":false},"excerpt":{"rendered":"<p>Vous trouverez ci-dessous les informations utiles concernant les services de la commune destin\u00e9s \u00e0 vous aider dans la r\u00e9alisation de vos d\u00e9marches administratives. La mairie comprend des services pour son fonctionnement interne et pour le lien avec l&rsquo;\u00c9tat et ses services (imp\u00f4ts, statistiques g\u00e9n\u00e9rales), les autres collectivit\u00e9s territoriales (r\u00e9gion, d\u00e9partement et autres communes, les EPCI<a class=\"excerpt-read-more\" href=\"https:\/\/www.mairie-gassin.fr\/fr\/notre-commune\/services-municipaux\/\" title=\"ReadServices municipaux\">&#8230; Read more &raquo;<\/a><\/p>\n","protected":false},"author":11,"featured_media":741,"parent":40,"menu_order":33,"comment_status":"closed","ping_status":"closed","template":"","meta":{"_acf_changed":false,"_crdt_document":"{\"document\":\"AAAG0uyNgAIhHwgohh4ABgIBAgoCQkoAmAUBAgoCQkoAphABAgoCQkoANygDJwAEACcABAAnACgEJwAoAScABwAoAycBBAAoACcAhwAoAycBBAAoACcAhwAoAycBBAAoACeLEssRc3RhdGV2ZXJzaW9uZG9jdW1lbnRkYXRlZG9jdW1lbnRzbHVnZG9jdW1lbnRzdGF0dXNkb2N1bWVudHRpdGxlU2VydmljZXMgbXVuaWNpcGF1eGRvY3VtZW50Y29udGVudDwhLS0gd3A6cGFyYWdyYXBoIC0tPgo8cD5Wb3VzIHRyb3V2ZXJleiBjaS1kZXNzb3VzIGxlcyBpbmZvcm1hdGlvbnMgdXRpbGVzIGNvbmNlcm5hbnQgbGVzIHNlcnZpY2VzIGRlIGxhIGNvbW11bmUgZGVzdGluw6lzIMOgIHZvdXMgYWlkZXIgZGFucyBsYSByw6lhbGlzYXRpb24gZGUgdm9zIGTDqW1hcmNoZXMgYWRtaW5pc3RyYXRpdmVzLjwvcD4KPCEtLSAvd3A6cGFyYWdyYXBoIC0tPgoKPCEtLSB3cDpwYXJhZ3JhcGggLS0+CjxwPkxhIG1haXJpZSBjb21wcmVuZCBkZXMgc2VydmljZXMgcG91ciBzb24gZm9uY3Rpb25uZW1lbnQgaW50ZXJuZSBldCBwb3VyIGxlIGxpZW4gYXZlYyBsJ8OJdGF0IGV0IHNlcyBzZXJ2aWNlcyAoaW1ww7R0cywgc3RhdGlzdGlxdWVzIGfDqW7DqXJhbGVzKSwgbGVzIGF1dHJlcyBjb2xsZWN0aXZpdMOpcyB0ZXJyaXRvcmlhbGVzIChyw6lnaW9uLCBkw6lwYXJ0ZW1lbnQgZXQgYXV0cmVzIGNvbW11bmVzLCBsZXMgRVBDSSBxdWkgcmVncm91cGVudCBjZXMgZGVybmnDqHJlcyksIGFpbnNpIHF1ZSBsZXMgcHJvZmVzc2lvbm5lbHMgOiB1bmUgPHN0cm9uZz5kaXJlY3Rpb24gZ8OpbsOpcmFsZSBkZXMgc2VydmljZXM8L3N0cm9uZz4sIHVuIHNlcnZpY2UgPHN0cm9uZz5jb21wdGFiaWxpdMOpLXJlc3NvdXJjZXMgaHVtYWluZXM8L3N0cm9uZz4gLCB1biBzZXJ2aWNlIGQnPHN0cm9uZz5hY2hhdCBwdWJsaWM8L3N0cm9uZz4sIGV0IHVuIHNlcnZpY2UgZGUgPHN0cm9uZz5nZXN0aW9uIHBhdHJpbW9pbmUgZXQgY29udGVudGlldXg8L3N0cm9uZz4uPC9wPgo8IS0tIC93cDpwYXJhZ3JhcGggLS0+Cgo8IS0tIHdwOnBhcmFncmFwaCAtLT4KPHA+TuKAmW91Ymxpb25zIHBhcyBub24gcGx1cyBub3MgQVRTRU0sIGxlIHBlcnNvbm5lbCBkZSBub3RyZSBjYW50aW5lIGV0IG5vdHJlIMOpcXVpcGUgZOKAmWFuaW1hdGlvbnMgcG91ciBsZXMgamV1bmVzLiA8L3A+CjwhLS0gL3dwOnBhcmFncmFwaCAtLT5kb2N1bWVudGV4Y2VycHRkb2N1bWVudGF1dGhvcmRvY3VtZW50ZmVhdHVyZWRfbWVkaWFkb2N1bWVudGNvbW1lbnRfc3RhdHVzZG9jdW1lbnRwaW5nX3N0YXR1c2RvY3VtZW50dGVtcGxhdGVkb2N1bWVudG1ldGFfYWNmX2NoYW5nZWRmb290bm90ZXNkb2N1bWVudGJsb2Nrc2NsaWVudElkaXNWYWxpZG9yaWdpbmFsQ29udGVudG5hbWVhdHRyaWJ1dGVzY29udGVudFZvdXMgdHJvdXZlcmV6IGNpLWRlc3NvdXMgbGVzIGluZm9ybWF0aW9ucyB1dGlsZXMgY29uY2VybmFudCBsZXMgc2VydmljZXMgZGUgbGEgY29tbXVuZSBkZXN0aW7DqXMgw6Agdm91cyBhaWRlciBkYW5zIGxhIHLDqWFsaXNhdGlvbiBkZSB2b3MgZMOpbWFyY2hlcyBhZG1pbmlzdHJhdGl2ZXMuZHJvcENhcGlubmVyQmxvY2tzY2xpZW50SWRpc1ZhbGlkb3JpZ2luYWxDb250ZW50bmFtZWF0dHJpYnV0ZXNjb250ZW50TGEgbWFpcmllIGNvbXByZW5kIGRlcyBzZXJ2aWNlcyBwb3VyIHNvbiBmb25jdGlvbm5lbWVudCBpbnRlcm5lIGV0IHBvdXIgbGUgbGllbiBhdmVjIGwnw4l0YXQgZXQgc2VzIHNlcnZpY2VzIChpbXDDtHRzLCBzdGF0aXN0aXF1ZXMgZ8OpbsOpcmFsZXMpLCBsZXMgYXV0cmVzIGNvbGxlY3Rpdml0w6lzIHRlcnJpdG9yaWFsZXMgKHLDqWdpb24sIGTDqXBhcnRlbWVudCBldCBhdXRyZXMgY29tbXVuZXMsIGxlcyBFUENJIHF1aSByZWdyb3VwZW50IGNlcyBkZXJuacOocmVzKSwgYWluc2kgcXVlIGxlcyBwcm9mZXNzaW9ubmVscyA6IHVuZSA8c3Ryb25nPmRpcmVjdGlvbiBnw6luw6lyYWxlIGRlcyBzZXJ2aWNlczwvc3Ryb25nPiwgdW4gc2VydmljZSA8c3Ryb25nPmNvbXB0YWJpbGl0w6ktcmVzc291cmNlcyBodW1haW5lczwvc3Ryb25nPiAsIHVuIHNlcnZpY2UgZCc8c3Ryb25nPmFjaGF0IHB1YmxpYzwvc3Ryb25nPiwgZXQgdW4gc2VydmljZSBkZSA8c3Ryb25nPmdlc3Rpb24gcGF0cmltb2luZSBldCBjb250ZW50aWV1eDwvc3Ryb25nPi5kcm9wQ2FwaW5uZXJCbG9ja3NjbGllbnRJZGlzVmFsaWRvcmlnaW5hbENvbnRlbnRuYW1lYXR0cmlidXRlc2NvbnRlbnRO4oCZb3VibGlvbnMgcGFzIG5vbiBwbHVzIG5vcyBBVFNFTSwgbGUgcGVyc29ubmVsIGRlIG5vdHJlIGNhbnRpbmUgZXQgbm90cmUgw6lxdWlwZSBk4oCZYW5pbWF0aW9ucyBwb3VyIGxlcyBqZXVuZXMuIGRyb3BDYXBpbm5lckJsb2NrcwUHCAQIBAgGCAUTCAe8DggHCAYIDggOCAtIAQQMCQgGCAcPBAoHowIHCwgHDwQKB4oIBwsIBw8ECgevAQcLDwEEAAABAAAAAQYAAQEAABBCAQEAQQACAEEAAgBBAAIAAkEYATAAfQF3EzIwMTctMTEtMTlUMTc6MDM6Mzd3E3NlcnZpY2VzLW11bmljaXBhdXh3B3B1Ymxpc2h9C32lC3cGY2xvc2VkdwZjbG9zZWR3AHl3AHckMTI2ODdmMTctY2Q2NS00ZTQ2LWI4ZDEtOWM2ZGU3MGM4NmRjeHeuATxwPlZvdXMgdHJvdXZlcmV6IGNpLWRlc3NvdXMgbGVzIGluZm9ybWF0aW9ucyB1dGlsZXMgY29uY2VybmFudCBsZXMgc2VydmljZXMgZGUgbGEgY29tbXVuZSBkZXN0aW7DqXMgw6Agdm91cyBhaWRlciBkYW5zIGxhIHLDqWFsaXNhdGlvbiBkZSB2b3MgZMOpbWFyY2hlcyBhZG1pbmlzdHJhdGl2ZXMuPC9wPncOY29yZS9wYXJhZ3JhcGh5dyQzMzY2NTZkMC00ZGY0LTQ2NGYtOTNjYi0xMGVjMjUzYWEzZGN4d5wEPHA+TGEgbWFpcmllIGNvbXByZW5kIGRlcyBzZXJ2aWNlcyBwb3VyIHNvbiBmb25jdGlvbm5lbWVudCBpbnRlcm5lIGV0IHBvdXIgbGUgbGllbiBhdmVjIGwnw4l0YXQgZXQgc2VzIHNlcnZpY2VzIChpbXDDtHRzLCBzdGF0aXN0aXF1ZXMgZ8OpbsOpcmFsZXMpLCBsZXMgYXV0cmVzIGNvbGxlY3Rpdml0w6lzIHRlcnJpdG9yaWFsZXMgKHLDqWdpb24sIGTDqXBhcnRlbWVudCBldCBhdXRyZXMgY29tbXVuZXMsIGxlcyBFUENJIHF1aSByZWdyb3VwZW50IGNlcyBkZXJuacOocmVzKSwgYWluc2kgcXVlIGxlcyBwcm9mZXNzaW9ubmVscyA6IHVuZSA8c3Ryb25nPmRpcmVjdGlvbiBnw6luw6lyYWxlIGRlcyBzZXJ2aWNlczwvc3Ryb25nPiwgdW4gc2VydmljZSA8c3Ryb25nPmNvbXB0YWJpbGl0w6ktcmVzc291cmNlcyBodW1haW5lczwvc3Ryb25nPiAsIHVuIHNlcnZpY2UgZCc8c3Ryb25nPmFjaGF0IHB1YmxpYzwvc3Ryb25nPiwgZXQgdW4gc2VydmljZSBkZSA8c3Ryb25nPmdlc3Rpb24gcGF0cmltb2luZSBldCBjb250ZW50aWV1eDwvc3Ryb25nPi48L3A+dw5jb3JlL3BhcmFncmFwaHl3JGE1MTEwNWU4LTA3N2ItNDUxYS1hY2U1LTA5YmNlNzA2NTUzY3h3ezxwPk7igJlvdWJsaW9ucyBwYXMgbm9uIHBsdXMgbm9zIEFUU0VNLCBsZSBwZXJzb25uZWwgZGUgbm90cmUgY2FudGluZSBldCBub3RyZSDDqXF1aXBlIGTigJlhbmltYXRpb25zIHBvdXIgbGVzIGpldW5lcy4gPC9wPncOY29yZS9wYXJhZ3JhcGh5AA==\",\"updateId\":762575937}","footnotes":""},"class_list":["post-109","page","type-page","status-publish","has-post-thumbnail","hentry"],"acf":[],"_links":{"self":[{"href":"https:\/\/www.mairie-gassin.fr\/fr\/wp-json\/wp\/v2\/pages\/109","targetHints":{"allow":["GET"]}}],"collection":[{"href":"https:\/\/www.mairie-gassin.fr\/fr\/wp-json\/wp\/v2\/pages"}],"about":[{"href":"https:\/\/www.mairie-gassin.fr\/fr\/wp-json\/wp\/v2\/types\/page"}],"author":[{"embeddable":true,"href":"https:\/\/www.mairie-gassin.fr\/fr\/wp-json\/wp\/v2\/users\/11"}],"replies":[{"embeddable":true,"href":"https:\/\/www.mairie-gassin.fr\/fr\/wp-json\/wp\/v2\/comments?post=109"}],"version-history":[{"count":9,"href":"https:\/\/www.mairie-gassin.fr\/fr\/wp-json\/wp\/v2\/pages\/109\/revisions"}],"predecessor-version":[{"id":12161,"href":"https:\/\/www.mairie-gassin.fr\/fr\/wp-json\/wp\/v2\/pages\/109\/revisions\/12161"}],"up":[{"embeddable":true,"href":"https:\/\/www.mairie-gassin.fr\/fr\/wp-json\/wp\/v2\/pages\/40"}],"wp:featuredmedia":[{"embeddable":true,"href":"https:\/\/www.mairie-gassin.fr\/fr\/wp-json\/wp\/v2\/media\/741"}],"wp:attachment":[{"href":"https:\/\/www.mairie-gassin.fr\/fr\/wp-json\/wp\/v2\/media?parent=109"}],"curies":[{"name":"wp","href":"https:\/\/api.w.org\/{rel}","templated":true}]}}