{"id":116,"date":"2017-11-19T17:11:14","date_gmt":"2017-11-19T16:11:14","guid":{"rendered":"http:\/\/www.mairie-gassin.fr\/?page_id=116"},"modified":"2019-05-09T08:56:44","modified_gmt":"2019-05-09T06:56:44","slug":"le-mot-du-maire","status":"publish","type":"page","link":"https:\/\/www.mairie-gassin.fr\/fr\/notre-commune\/le-mot-du-maire\/","title":{"rendered":"Le mot du maire"},"content":{"rendered":"\n<blockquote class=\"wp-block-quote is-layout-flow wp-block-quote-is-layout-flow\"><p>     GASSIN, UNE COMMUNE O\u00d9 IL FAIT BON VIVRE<\/p><p>    Nich\u00e9e au c\u0153ur de la presqu\u2019ile de Saint-Tropez, avec une vue incroyable sur le Golfe, Gassin est une commune \u00e0 visiter. D\u00e8s les premiers beaux jours, notre village attire \u00e0 lui les amateurs de sites de caract\u00e8re, qui, en famille ou entre amis, savent trouver ici un panorama unique, des balades vari\u00e9es et un terroir vinicole r\u00e9put\u00e9.<br>     Pour les accueillir et leur faire d\u00e9couvrir les nombreuses richesses de notre territoire, <strong>nous nous \u00e9tions engag\u00e9s \u00e0 d\u00e9velopper un office de tourisme attrayant<\/strong>. Il a \u00e9t\u00e9 install\u00e9 \u00e0 l\u2019entr\u00e9e du village, o\u00f9, depuis avril 2016, nos agents accueillent chaque ann\u00e9e pr\u00e8s de 20 000 visiteurs.<br>     Par ailleurs, nous faisons en sorte que Gassin soit aussi et plus que jamais une commune \u00e0 vivre. <strong>Les logements sociaux de la R\u00e9sidence Neptune sont achev\u00e9s<\/strong>. Une r\u00e9ussite pour l\u2019\u00e9quipe municipale qui peut se f\u00e9liciter qu\u2019en partenariat avec la commune de Cogolin et le conseil d\u00e9partemental, les travaux du rond-point en entr\u00e9e des Marines ont \u00e9galement \u00e9t\u00e9 r\u00e9alis\u00e9.<\/p><p>    <strong>La deuxi\u00e8me tranche des travaux de la route de la Mort du Luc<\/strong>, gr\u00e2ce \u00e0 l\u2019accord des riverains, a pu \u00eatre men\u00e9e \u00e0 bien. Les utilisateurs peuvent appr\u00e9cier l\u2019effacement des ouvrages dangereux en bord de voie et le reprofilage des virages accidentog\u00e8nes avec en prime un accotement accessible aux pi\u00e9tons. D&rsquo;importants travaux pour s\u00e9curiser la circulation pi\u00e9tonne ont \u00e9galement \u00e9t\u00e9 entrepris sur la RD 98A.<\/p><p>    Un important chantier assurant la jonction des ancien et nouveau villages est en cours de r\u00e9alisation. La premi\u00e8re phase est termin\u00e9e. Il repense la circulation et le stationnement au niveau de la rue Saint-Jean-Baptiste\/rue de l\u2019Aire, <strong>supprime les mouvements de cars scolaires rue des \u00c9coles<\/strong>, tout en assurant un acc\u00e8s pi\u00e9ton s\u00e9curis\u00e9 et accessible aux personnes \u00e0 mobilit\u00e9 r\u00e9duite.<\/p><p>    Des chantiers parmi d\u2019autres, entrepris <strong>sans augmentation de la fiscalit\u00e9<\/strong>. Au contraire, apr\u00e8s des taxes locales rest\u00e9es inchang\u00e9es depuis 4 ans, je suis fi\u00e8re de vous annoncer que <strong>les membres du conseil municipal ont adopt\u00e9 \u00e0 l\u2019unanimit\u00e9 ma proposition de baisser de 1% nos taux d\u00e9j\u00e0 parmi les plus bas<\/strong>. Cette baisse symbolique limit\u00e9e par les hausses annonc\u00e9es par d\u2019autres collectivit\u00e9s sera cependant un signal pour les entreprises et les familles qui souhaitent s\u2019installer ou se maintenir \u00e0 Gassin.<\/p><p>    <strong>A l\u2019oppos\u00e9 des ardeurs d\u00e9pensi\u00e8res que certains conseillers voudraient nous faire partager, notre \u00e9quipe  continuera son management \u00e9conomique de l\u2019argent de nos administr\u00e9s.<\/strong> Le v\u00f4tre, vous habitants du village et de la plaine, travailleurs \u00e0 la saison ou \u00e0 l\u2019ann\u00e9e, r\u00e9sidents secondaires ou visiteurs d\u2019un jour, tous acteurs du territoire et qui faites battre harmonieusement notre c\u0153ur de presqu\u2019\u00eele ! <\/p><cite> Anne-Marie WANIART<br> Maire de Gassin <\/cite><\/blockquote>\n\n\n\n<p class=\"wp-block-paragraph\"><\/p>\n","protected":false},"excerpt":{"rendered":"<p>GASSIN, UNE COMMUNE O\u00d9 IL FAIT BON VIVRE Nich\u00e9e au c\u0153ur de la presqu\u2019ile de Saint-Tropez, avec une vue incroyable sur le Golfe, Gassin est une commune \u00e0 visiter. D\u00e8s les premiers beaux jours, notre village attire \u00e0 lui les amateurs de sites de caract\u00e8re, qui, en famille ou entre amis, savent trouver ici un<a class=\"excerpt-read-more\" href=\"https:\/\/www.mairie-gassin.fr\/fr\/notre-commune\/le-mot-du-maire\/\" title=\"ReadLe mot du maire\">&#8230; Read more &raquo;<\/a><\/p>\n","protected":false},"author":11,"featured_media":0,"parent":40,"menu_order":5,"comment_status":"closed","ping_status":"closed","template":"","meta":{"_acf_changed":false,"_crdt_document":"","footnotes":""},"class_list":["post-116","page","type-page","status-publish","hentry"],"acf":[],"_links":{"self":[{"href":"https:\/\/www.mairie-gassin.fr\/fr\/wp-json\/wp\/v2\/pages\/116","targetHints":{"allow":["GET"]}}],"collection":[{"href":"https:\/\/www.mairie-gassin.fr\/fr\/wp-json\/wp\/v2\/pages"}],"about":[{"href":"https:\/\/www.mairie-gassin.fr\/fr\/wp-json\/wp\/v2\/types\/page"}],"author":[{"embeddable":true,"href":"https:\/\/www.mairie-gassin.fr\/fr\/wp-json\/wp\/v2\/users\/11"}],"replies":[{"embeddable":true,"href":"https:\/\/www.mairie-gassin.fr\/fr\/wp-json\/wp\/v2\/comments?post=116"}],"version-history":[{"count":5,"href":"https:\/\/www.mairie-gassin.fr\/fr\/wp-json\/wp\/v2\/pages\/116\/revisions"}],"predecessor-version":[{"id":1224,"href":"https:\/\/www.mairie-gassin.fr\/fr\/wp-json\/wp\/v2\/pages\/116\/revisions\/1224"}],"up":[{"embeddable":true,"href":"https:\/\/www.mairie-gassin.fr\/fr\/wp-json\/wp\/v2\/pages\/40"}],"wp:attachment":[{"href":"https:\/\/www.mairie-gassin.fr\/fr\/wp-json\/wp\/v2\/media?parent=116"}],"curies":[{"name":"wp","href":"https:\/\/api.w.org\/{rel}","templated":true}]}}