{"id":200,"date":"2017-11-19T23:21:26","date_gmt":"2017-11-19T22:21:26","guid":{"rendered":"http:\/\/www.mairie-gassin.fr\/?page_id=200"},"modified":"2025-05-24T17:23:42","modified_gmt":"2025-05-24T15:23:42","slug":"syndicats-intercommunalite","status":"publish","type":"page","link":"https:\/\/www.mairie-gassin.fr\/fr\/demarches-administratives\/syndicats-intercommunalite\/","title":{"rendered":"Syndicats &#038; Intercommunalit\u00e9"},"content":{"rendered":"\n<p class=\"wp-block-paragraph\"><strong>Communaut\u00e9 de communes du Golfe de Saint-Tropez :<\/strong> <strong>L\u2019int\u00e9r\u00eat de 12 communes mis en avant<\/strong><\/p>\n\n\n\n<p class=\"wp-block-paragraph\">Cr\u00e9\u00e9e le <strong>1er janvier 2013<\/strong>, la Communaut\u00e9 de communes du Golfe de Saint-Tropez est une nouvelle collectivit\u00e9 regroupant 12 communes et qui permet la mise en oeuvre d\u2019une seule et m\u00eame politique sur les 430 km2 que couvre le territoire.<\/p>\n\n\n\n<p class=\"wp-block-paragraph\">Ainsi Cavalaire-sur-Mer, Cogolin, Gassin, Grimaud, La Croix Valmer, La Garde-Freinet, La Mole, Le Plan-De-La-Tour, Ramatuelle, Rayol-Canadel-sur-Mer, Saint-Tropez et Sainte-Maxime \u2013 soit 56 000 habitants \u00e0 l\u2019ann\u00e9e et pas moins de 300 000 r\u00e9sidents au plus fort de la saison estivale \u2013 b\u00e9n\u00e9ficient d\u2019une <strong>am\u00e9lioration des services<\/strong> rendus \u00e0 la population, d\u2019une <strong>s\u00e9curisation des biens et des personnes<\/strong> face aux risques majeurs, de <strong>recherche et d\u2019innovation en termes d\u2019\u00e9conomies<\/strong> et de ma\u00eetrise de la fiscalit\u00e9.<\/p>\n\n\n<div class=\"wp-block-image\">\n<figure class=\"aligncenter size-medium\"><img loading=\"lazy\" decoding=\"async\" width=\"300\" height=\"165\" src=\"https:\/\/www.mairie-gassin.fr\/wp-content\/uploads\/2022\/12\/Logo_GolfedeSaintTropezRVB-300x165.jpg\" alt=\"Logo de la Communaut\u00e9 de Communes du Golfe de Saint-Tropez\" class=\"wp-image-4205\" srcset=\"https:\/\/www.mairie-gassin.fr\/wp-content\/uploads\/2022\/12\/Logo_GolfedeSaintTropezRVB-300x165.jpg 300w, https:\/\/www.mairie-gassin.fr\/wp-content\/uploads\/2022\/12\/Logo_GolfedeSaintTropezRVB-1024x564.jpg 1024w, https:\/\/www.mairie-gassin.fr\/wp-content\/uploads\/2022\/12\/Logo_GolfedeSaintTropezRVB-768x423.jpg 768w, https:\/\/www.mairie-gassin.fr\/wp-content\/uploads\/2022\/12\/Logo_GolfedeSaintTropezRVB.jpg 1501w\" sizes=\"auto, (max-width: 300px) 100vw, 300px\" \/><\/figure>\n<\/div>\n\n\n<p class=\"wp-block-paragraph\">Issue de <strong>10 syndicats intercommunaux<\/strong> et de quelques services municipaux \u2013 via des transferts humains, mat\u00e9riels et financiers \u2013 la Communaut\u00e9 de communes pr\u00e9sente de fortes similitudes, dans son fonctionnement, avec celui des communes.<\/p>\n\n\n\n<p class=\"wp-block-paragraph\">Les comp\u00e9tences communautaires, elles, sont \u00e0 ce jour au nombre de 11. A savoir :<\/p>\n\n\n\n<ul class=\"wp-block-list\">\n<li>Transition \u00e9cologique, d\u00e9veloppement durable, \u00e9nergies nouvelles, GEMAPI maritime<\/li>\n\n\n\n<li>Tourisme, Ev\u00e8nementiel<\/li>\n\n\n\n<li>Enseignement Musique et Danse<\/li>\n\n\n\n<li>Finances, budget, march\u00e9s publics<\/li>\n\n\n\n<li>Eau et assainissement<\/li>\n\n\n\n<li>D\u00e9veloppement \u00e9conomique, emploi, politique des transports et d\u00e9placements<\/li>\n\n\n\n<li>Entretien de la for\u00eat et protection contre les incendies, agriculture, projet alimentaire territorial<\/li>\n\n\n\n<li>Am\u00e9nagement du territoire (Scot, PLH), am\u00e9nagement num\u00e9rique du territoire et syst\u00e8mes d&rsquo;informations<\/li>\n\n\n\n<li>Cours d&rsquo;eau, GEMAPI terrestre<\/li>\n\n\n\n<li>Littoral, espaces maritimes<\/li>\n\n\n\n<li>D\u00e9chets m\u00e9nagers et assimil\u00e9s<\/li>\n<\/ul>\n\n\n\n<p class=\"wp-block-paragraph\">Les affaires intercommunales sont g\u00e9r\u00e9es, par d\u00e9lib\u00e9rations et dans la limite des comp\u00e9tences qui lui sont transf\u00e9r\u00e9es, en <strong>Conseil communautaire<\/strong>. Les conseils municipaux conservent le pouvoir d\u00e9cisionnel pour les comp\u00e9tences qu\u2019il a gard\u00e9es. La composition du bureau communautaire est la suivante :<\/p>\n\n\n\n<ul class=\"wp-block-list\">\n<li>Vincent MORISSE : Pr\u00e9sident de la Communaut\u00e9 de communes<\/li>\n\n\n\n<li>Marc-Etienne LANSADE : 1er Vice-pr\u00e9sident, en charge de la transition \u00e9cologique, d\u00e9veloppement durable, \u00e9nergies nouvelles, GEMAPI Maritime,<\/li>\n\n\n\n<li>Philippe LEONELLI  : 2e Vice-pr\u00e9sident, en charge du Tourisme, \u00c9v\u00e8nementiel, enseignement musique et danse,<\/li>\n\n\n\n<li> Anne-Marie WANIART : 3e Vice-pr\u00e9sident, en charge des Finances, budget, march\u00e9s publics, eau et assainissement,<\/li>\n\n\n\n<li>Alain BENEDETTO : 4e Vice-pr\u00e9sident, en charge du D\u00e9veloppement Economique, emploi, politique des transports et d\u00e9placements,<\/li>\n\n\n\n<li>Bernard JOBERT : 5e Vice-pr\u00e9sident, en charge des ressources humaines, formation, mission locale,<\/li>\n\n\n\n<li>Thomas DOMBRY : 6e Vice-pr\u00e9sident, en charge de l&rsquo;entretien de la for\u00eat et protection contre les incendies, agriculture, projet alimentaire territorial,<\/li>\n\n\n\n<li>St\u00e9phan GADY : 7e Vice-pr\u00e9sident, en charge de l&rsquo;am\u00e9nagement du territoire (SCOT, PLH), am\u00e9nagement num\u00e9rique du territoire et syst\u00e8mes d&rsquo;informations,<\/li>\n\n\n\n<li>Laurent GIUBERGIA : 8e Vice-pr\u00e9sident, en charge des cours d&rsquo;eau, GEMAPI Terrestre,<\/li>\n\n\n\n<li>Roland BRUNO : 9e Vice-pr\u00e9sident, en charge du Littoral, espaces maritimes,<\/li>\n\n\n\n<li>Jean PLENAT : 10e Vice-pr\u00e9sident, en charge des d\u00e9chets m\u00e9nagers et assimil\u00e9s,<\/li>\n\n\n\n<li>Sylvie SIRI : 11e Vice-pr\u00e9sident, en charge de la communication , image.<\/li>\n<\/ul>\n\n\n\n<p class=\"wp-block-paragraph\">Pour en savoir plus sur les statuts, les missions et projets de la Communaut\u00e9 de communes, rendez-vous sur le site de la CCGST : <a href=\"http:\/\/www.cc-golfedesainttropez.fr\/\">www.cc-golfedesainttropez.fr<\/a><\/p>\n\n\n\n<p class=\"wp-block-paragraph\"><strong>Les membres du Conseil Municipal de Gassin sont aussi membres de divers structures intercommunales.<\/strong><\/p>\n\n\n\n<p class=\"wp-block-paragraph\">Ci-dessous la liste des d\u00e9l\u00e9gu\u00e9s titulaires:<\/p>\n\n\n\n<ul class=\"wp-block-list\">\n<li>Communaut\u00e9 de Communes : Madame WANIART et Monsieur SILVE<\/li>\n\n\n\n<li>SYMIELEC VAR, Syndicat d&rsquo;\u00e9lectricit\u00e9 de la Corniche des Maures : Madame MARTIN<\/li>\n\n\n\n<li>Syndicat d&rsquo;Assainissement Cogolin &#8211; Gassin : Mesdames WANIART et MARCELLINO, Messieurs SILVE et AMSTER<\/li>\n\n\n\n<li>SIVAAD : Mesdames MARCELLINO et SIMONI<\/li>\n\n\n\n<li>Syndicat des Communes du Littoral Varois : Madame BEC, Monsieur HERMELIN<\/li>\n\n\n\n<li>Association des Communes Foresti\u00e8res du Var : Monsieur BERNE<\/li>\n\n\n\n<li>Soci\u00e9t\u00e9 Publique Locale \u00ab\u00a0Golfe de Saint Tropez Tourisme\u00a0\u00bb : Madame MARTIN<\/li>\n\n\n\n<li>Syndicat Mixte du Massif des Maures : Madame SIMONI<\/li>\n\n\n\n<li>Conservatoire Rostropovitch Landowski \u2013 Ecole de Musique et de danse : Monsieur MURET<\/li>\n\n\n\n<li>Conseil de surveillance du Pole de Sant\u00e9 : Madame WANIART<\/li>\n<\/ul>\n","protected":false},"excerpt":{"rendered":"<p>Communaut\u00e9 de communes du Golfe de Saint-Tropez : L\u2019int\u00e9r\u00eat de 12 communes mis en avant Cr\u00e9\u00e9e le 1er janvier 2013, la Communaut\u00e9 de communes du Golfe de Saint-Tropez est une nouvelle collectivit\u00e9 regroupant 12 communes et qui permet la mise en oeuvre d\u2019une seule et m\u00eame politique sur les 430 km2 que couvre le territoire.<a class=\"excerpt-read-more\" href=\"https:\/\/www.mairie-gassin.fr\/fr\/demarches-administratives\/syndicats-intercommunalite\/\" title=\"ReadSyndicats &#038; Intercommunalit\u00e9\">&#8230; Read more &raquo;<\/a><\/p>\n","protected":false},"author":11,"featured_media":0,"parent":42,"menu_order":54,"comment_status":"closed","ping_status":"closed","template":"","meta":{"_acf_changed":false,"_crdt_document":"","footnotes":""},"class_list":["post-200","page","type-page","status-publish","hentry"],"acf":[],"_links":{"self":[{"href":"https:\/\/www.mairie-gassin.fr\/fr\/wp-json\/wp\/v2\/pages\/200","targetHints":{"allow":["GET"]}}],"collection":[{"href":"https:\/\/www.mairie-gassin.fr\/fr\/wp-json\/wp\/v2\/pages"}],"about":[{"href":"https:\/\/www.mairie-gassin.fr\/fr\/wp-json\/wp\/v2\/types\/page"}],"author":[{"embeddable":true,"href":"https:\/\/www.mairie-gassin.fr\/fr\/wp-json\/wp\/v2\/users\/11"}],"replies":[{"embeddable":true,"href":"https:\/\/www.mairie-gassin.fr\/fr\/wp-json\/wp\/v2\/comments?post=200"}],"version-history":[{"count":19,"href":"https:\/\/www.mairie-gassin.fr\/fr\/wp-json\/wp\/v2\/pages\/200\/revisions"}],"predecessor-version":[{"id":8806,"href":"https:\/\/www.mairie-gassin.fr\/fr\/wp-json\/wp\/v2\/pages\/200\/revisions\/8806"}],"up":[{"embeddable":true,"href":"https:\/\/www.mairie-gassin.fr\/fr\/wp-json\/wp\/v2\/pages\/42"}],"wp:attachment":[{"href":"https:\/\/www.mairie-gassin.fr\/fr\/wp-json\/wp\/v2\/media?parent=200"}],"curies":[{"name":"wp","href":"https:\/\/api.w.org\/{rel}","templated":true}]}}