{"id":284,"date":"2017-11-20T00:12:55","date_gmt":"2017-11-19T23:12:55","guid":{"rendered":"http:\/\/www.mairie-gassin.fr\/?page_id=284"},"modified":"2024-06-27T15:11:23","modified_gmt":"2024-06-27T13:11:23","slug":"amenagements","status":"publish","type":"page","link":"https:\/\/www.mairie-gassin.fr\/fr\/environnement-qualite-de-vie\/amenagements\/","title":{"rendered":"Am\u00e9nagements"},"content":{"rendered":"\n<h2 class=\"wp-block-heading\">Zones d&rsquo;Acc\u00e9l\u00e9ration pour l&rsquo;implantation de dispositifs de production d&rsquo;Energies Renouvelables (ZAEnR)<\/h2>\n\n\n\n<div class=\"wp-block-file\"><a id=\"wp-block-file--media-e0e31ae7-bf6d-4021-a549-412913ca505c\" href=\"https:\/\/www.mairie-gassin.fr\/wp-content\/uploads\/2024\/06\/2024-01-31_04_Conseil_communautaire_Debat-zones-dacceleration.pdf\">2024-01-31_04_Conseil_communautaire_Debat-zones-dacceleration<\/a><\/div>\n\n\n\n<div class=\"wp-block-file\"><a id=\"wp-block-file--media-6395ade4-a3b8-48e7-9a72-eb68eb0c925b\" href=\"https:\/\/www.mairie-gassin.fr\/wp-content\/uploads\/2024\/06\/Delib_24_-_63_-_Bilan_concertation_definition_et_delimitation_ZA_EnR_V2-1.pdf\">Delib_24-63_-_Bilan_concertation_definition_et_delimitation_ZAEnR<\/a><\/div>\n\n\n\n<div class=\"wp-block-file\"><a id=\"wp-block-file--media-495950bf-4ad2-43a5-9836-b82a63ceff27\" href=\"https:\/\/www.mairie-gassin.fr\/wp-content\/uploads\/2024\/06\/Photovoltaique-sur-parking-commune-1.pdf\">Photovoltaique-sur-parking-commune-1<\/a><\/div>\n\n\n\n<div class=\"wp-block-file\"><a id=\"wp-block-file--media-928342ba-6931-4067-8a0b-191990832437\" href=\"https:\/\/www.mairie-gassin.fr\/wp-content\/uploads\/2024\/06\/Photovoltaique-et-Solaire-commune-1.pdf\">Photovoltaique-et-Solaire-commune-1<\/a><\/div>\n\n\n\n<div class=\"wp-block-file\"><a id=\"wp-block-file--media-e969478a-4a3a-439e-8937-49186d7210c1\" href=\"https:\/\/www.mairie-gassin.fr\/wp-content\/uploads\/2024\/06\/Geothermie-commune-1.pdf\">Geothermie-commune-1<\/a><\/div>\n\n\n\n<div class=\"wp-block-file\"><a id=\"wp-block-file--media-c06dfe71-31b7-41ff-8629-b9c1756e99d2\" href=\"https:\/\/www.mairie-gassin.fr\/wp-content\/uploads\/2024\/06\/Bilan-de-concertation-ZAEnR.pdf\">Bilan-de-concertation-ZAEnR<\/a><\/div>\n\n\n\n<p class=\"wp-block-paragraph\"><\/p>\n\n\n\n<h2 class=\"wp-block-heading\">La fondation du patrimoine<\/h2>\n\n\n\n<p class=\"wp-block-paragraph\">Parmi ses moyens d&rsquo;intervention au profit de la sauvegarde de notre patrimoine de proximit\u00e9, la Fondation du Patrimoine intervient entre autres au b\u00e9n\u00e9fice des particuliers propri\u00e9taires d&rsquo;une demeure ou d&rsquo;un \u00e9difice \u00e0 caract\u00e8re patrimonial en leur d\u00e9livrant, sous certaines conditions, son label.<\/p>\n\n\n\n<p class=\"wp-block-paragraph\">Tous les b\u00e2timents relevant du patrimoine rural non prot\u00e9g\u00e9 sont concern\u00e9s, des habitations caract\u00e9ristiques du territoire (bastides, maisons de village,&#8230;) aux \u00e9difices de l&rsquo;architecture vernaculaire (granges, lavoirs, pigeonniers,&#8230;).<\/p>\n\n\n\n<p class=\"wp-block-paragraph\">Ce label de la Fondation du Patrimoine permet \u00e0 son b\u00e9n\u00e9ficiaire de d\u00e9duire de son revenu global imposable, suivant le cas, de 50 \u00e0 100% du montant des travaux ext\u00e9rieurs de restauration concernant entre autres les fa\u00e7ades, la toiture et les huisseries.<\/p>\n\n\n\n<p class=\"wp-block-paragraph\"><a class=\"button\" href=\"http:\/\/www.mairie-gassin.fr\/wp-content\/uploads\/2017\/0228-label-fondation-patrimoine.pdf\">Plus d&rsquo;informations<\/a><\/p>\n\n\n\n<hr class=\"wp-block-separator has-css-opacity\"\/>\n\n\n\n<p class=\"wp-block-paragraph\"><strong>S\u00e9curit\u00e9 contre les Risques d&rsquo;incendie et de Panique dans les Etablissements Recevant du Public ERP<\/strong> &#8211; <a href=\"http:\/\/www.mairie-gassin.fr\/wp-content\/uploads\/2017\/11\/0327-plaquette-exploitants-erp.pdf\">T\u00e9l\u00e9charger le guide de l&rsquo;exploitant<\/a>.<\/p>\n","protected":false},"excerpt":{"rendered":"<p>Zones d&rsquo;Acc\u00e9l\u00e9ration pour l&rsquo;implantation de dispositifs de production d&rsquo;Energies Renouvelables (ZAEnR) La fondation du patrimoine Parmi ses moyens d&rsquo;intervention au profit de la sauvegarde de notre patrimoine de proximit\u00e9, la Fondation du Patrimoine intervient entre autres au b\u00e9n\u00e9fice des particuliers propri\u00e9taires d&rsquo;une demeure ou d&rsquo;un \u00e9difice \u00e0 caract\u00e8re patrimonial en leur d\u00e9livrant, sous certaines conditions,<a class=\"excerpt-read-more\" href=\"https:\/\/www.mairie-gassin.fr\/fr\/environnement-qualite-de-vie\/amenagements\/\" title=\"ReadAm\u00e9nagements\">&#8230; Read more &raquo;<\/a><\/p>\n","protected":false},"author":11,"featured_media":0,"parent":44,"menu_order":65,"comment_status":"closed","ping_status":"closed","template":"","meta":{"_acf_changed":false,"_crdt_document":"","footnotes":""},"class_list":["post-284","page","type-page","status-publish","hentry"],"acf":[],"_links":{"self":[{"href":"https:\/\/www.mairie-gassin.fr\/fr\/wp-json\/wp\/v2\/pages\/284","targetHints":{"allow":["GET"]}}],"collection":[{"href":"https:\/\/www.mairie-gassin.fr\/fr\/wp-json\/wp\/v2\/pages"}],"about":[{"href":"https:\/\/www.mairie-gassin.fr\/fr\/wp-json\/wp\/v2\/types\/page"}],"author":[{"embeddable":true,"href":"https:\/\/www.mairie-gassin.fr\/fr\/wp-json\/wp\/v2\/users\/11"}],"replies":[{"embeddable":true,"href":"https:\/\/www.mairie-gassin.fr\/fr\/wp-json\/wp\/v2\/comments?post=284"}],"version-history":[{"count":3,"href":"https:\/\/www.mairie-gassin.fr\/fr\/wp-json\/wp\/v2\/pages\/284\/revisions"}],"predecessor-version":[{"id":6997,"href":"https:\/\/www.mairie-gassin.fr\/fr\/wp-json\/wp\/v2\/pages\/284\/revisions\/6997"}],"up":[{"embeddable":true,"href":"https:\/\/www.mairie-gassin.fr\/fr\/wp-json\/wp\/v2\/pages\/44"}],"wp:attachment":[{"href":"https:\/\/www.mairie-gassin.fr\/fr\/wp-json\/wp\/v2\/media?parent=284"}],"curies":[{"name":"wp","href":"https:\/\/api.w.org\/{rel}","templated":true}]}}