{"id":288,"date":"2017-11-20T00:17:06","date_gmt":"2017-11-19T23:17:06","guid":{"rendered":"http:\/\/www.mairie-gassin.fr\/?page_id=288"},"modified":"2025-04-11T15:04:27","modified_gmt":"2025-04-11T13:04:27","slug":"telechargements","status":"publish","type":"page","link":"https:\/\/www.mairie-gassin.fr\/fr\/environnement-qualite-de-vie\/telechargements\/","title":{"rendered":"T\u00e9l\u00e9chargements"},"content":{"rendered":"\n<p class=\"wp-block-paragraph\">Vous trouverez les nouveaux formulaires pour toute demande d\u2019autorisation du droit des sols en cliquant sur le lien suivant :<\/p>\n\n\n\n<p class=\"wp-block-paragraph\"><a href=\"http:\/\/vosdroits.service-public.fr\/particuliers\/N319.xhtml\">http:\/\/vosdroits.service-public.fr\/particuliers\/N319.xhtml<\/a><\/p>\n\n\n\n<p class=\"wp-block-paragraph\">Pour l&rsquo;arr\u00eat\u00e9 municipal r\u00e9glementant les activit\u00e9s dans le cadre de la lutte contre le bruit, cliquez ci-dessous :<\/p>\n\n\n\n<div class=\"wp-block-file\"><a id=\"wp-block-file--media-9cfd3b5d-779e-4e2a-b82a-89e818f6427f\" href=\"https:\/\/www.mairie-gassin.fr\/wp-content\/uploads\/2025\/04\/Arrete-24-2024-Reglementant-la-lutte-contre-le-bruit.pdf\">Arr\u00eat\u00e9 24 &#8211; 2024 &#8211; R\u00e9glementant la lutte contre le bruit<\/a><a href=\"https:\/\/www.mairie-gassin.fr\/wp-content\/uploads\/2025\/04\/Arrete-24-2024-Reglementant-la-lutte-contre-le-bruit.pdf\" class=\"wp-block-file__button wp-element-button\" download aria-describedby=\"wp-block-file--media-9cfd3b5d-779e-4e2a-b82a-89e818f6427f\">T\u00e9l\u00e9charger<\/a><\/div>\n","protected":false},"excerpt":{"rendered":"<p>Vous trouverez les nouveaux formulaires pour toute demande d\u2019autorisation du droit des sols en cliquant sur le lien suivant : http:\/\/vosdroits.service-public.fr\/particuliers\/N319.xhtml Pour l&rsquo;arr\u00eat\u00e9 municipal r\u00e9glementant les activit\u00e9s dans le cadre de la lutte contre le bruit, cliquez ci-dessous :<\/p>\n","protected":false},"author":11,"featured_media":0,"parent":44,"menu_order":66,"comment_status":"closed","ping_status":"closed","template":"","meta":{"_acf_changed":false,"_crdt_document":"","footnotes":""},"class_list":["post-288","page","type-page","status-publish","hentry"],"acf":[],"_links":{"self":[{"href":"https:\/\/www.mairie-gassin.fr\/fr\/wp-json\/wp\/v2\/pages\/288","targetHints":{"allow":["GET"]}}],"collection":[{"href":"https:\/\/www.mairie-gassin.fr\/fr\/wp-json\/wp\/v2\/pages"}],"about":[{"href":"https:\/\/www.mairie-gassin.fr\/fr\/wp-json\/wp\/v2\/types\/page"}],"author":[{"embeddable":true,"href":"https:\/\/www.mairie-gassin.fr\/fr\/wp-json\/wp\/v2\/users\/11"}],"replies":[{"embeddable":true,"href":"https:\/\/www.mairie-gassin.fr\/fr\/wp-json\/wp\/v2\/comments?post=288"}],"version-history":[{"count":5,"href":"https:\/\/www.mairie-gassin.fr\/fr\/wp-json\/wp\/v2\/pages\/288\/revisions"}],"predecessor-version":[{"id":8238,"href":"https:\/\/www.mairie-gassin.fr\/fr\/wp-json\/wp\/v2\/pages\/288\/revisions\/8238"}],"up":[{"embeddable":true,"href":"https:\/\/www.mairie-gassin.fr\/fr\/wp-json\/wp\/v2\/pages\/44"}],"wp:attachment":[{"href":"https:\/\/www.mairie-gassin.fr\/fr\/wp-json\/wp\/v2\/media?parent=288"}],"curies":[{"name":"wp","href":"https:\/\/api.w.org\/{rel}","templated":true}]}}