{"id":298,"date":"2017-11-21T00:13:50","date_gmt":"2017-11-20T23:13:50","guid":{"rendered":"http:\/\/www.mairie-gassin.fr\/?page_id=298"},"modified":"2026-02-17T16:21:14","modified_gmt":"2026-02-17T15:21:14","slug":"tri-selectif","status":"publish","type":"page","link":"https:\/\/www.mairie-gassin.fr\/fr\/environnement-qualite-de-vie\/tri-selectif\/","title":{"rendered":"Tri s\u00e9lectif"},"content":{"rendered":"\n<h2 class=\"wp-block-heading\">POURQUOI TRIER ?<\/h2>\n\n\n\n<p class=\"wp-block-paragraph\">Le tri des emballages m\u00e9nagers aboutit \u00e0 leur <strong>recyclage<\/strong>. Cela permet de pr\u00e9server <strong>nos ressources naturelles<\/strong> (bois par exemple), mais aussi d\u2019en limiter l\u2019extraction et le raffinement souvent tr\u00e8s polluants (aluminium, p\u00e9trole\u2026).<br>Certains mat\u00e9riaux, comme l\u2019aluminium qui compose les canettes de boissons, sont <strong>recyclables \u00e0 l\u2019infini<\/strong>. Il faut en profiter !<\/p>\n\n\n<div class=\"wp-block-image\">\n<figure class=\"aligncenter\"><img loading=\"lazy\" decoding=\"async\" width=\"333\" height=\"93\" src=\"http:\/\/www.mairie-gassin.fr\/wp-content\/uploads\/2017\/11\/triedesdechets.jpg\" alt=\"\" class=\"wp-image-299\" srcset=\"https:\/\/www.mairie-gassin.fr\/wp-content\/uploads\/2017\/11\/triedesdechets.jpg 333w, https:\/\/www.mairie-gassin.fr\/wp-content\/uploads\/2017\/11\/triedesdechets-300x84.jpg 300w\" sizes=\"auto, (max-width: 333px) 100vw, 333px\" \/><\/figure>\n<\/div>\n\n\n<p class=\"wp-block-paragraph\">Les d\u00e9chets de nos poubelles traditionnelles ne sont pas valorisables. Ils sont, pour Gassin comme pour la majorit\u00e9 des communes du Var, enfouis dans un centre sp\u00e9cialis\u00e9 au Cannet des Maures.<\/p>\n\n\n\n<p class=\"wp-block-paragraph\"><strong>Limiter le volume de nos poubelles<\/strong> permettra de <strong>mieux g\u00e9rer<\/strong> l\u2019entassement et la neutralisation de nos d\u00e9chets non recyclables.<\/p>\n\n\n\n<p class=\"wp-block-paragraph\">Depuis 2020, dans un but \u00e9cologique, les consignes de tri pour les emballages plastiques \u00e9voluent. Consulter par le lien suivant ces nouvelles consignes <a href=\"https:\/\/www.ecologique-solidaire.gouv.fr\/tri-des-dechets\">https:\/\/www.ecologique-solidaire.gouv.fr\/tri-des-dechets<\/a> ainsi que le calculateur d&#8217;empreinte carbone <a href=\"https:\/\/selectra.info\/energie\/guides\/environnement\/empreinte-carbone\/calcul\">https:\/\/selectra.info\/energie\/guides\/environnement\/empreinte-carbone\/calcul<\/a><\/p>\n\n\n\n<h2 class=\"wp-block-heading\">LE RECYCLAGE A GASSIN<\/h2>\n\n\n\n<p class=\"wp-block-paragraph\"><strong>La solution de collecte des d\u00e9chets retenue pour Gassin a chang\u00e9.<\/strong>&nbsp;En accord avec la communaut\u00e9 de communes, les colonnes de tri ont toutes \u00e9t\u00e9 retir\u00e9es.<\/p>\n\n\n\n<p class=\"wp-block-paragraph\">Elles viennent d&rsquo;\u00eatre remplac\u00e9es par <strong>5 points publics<\/strong> dot\u00e9s de bacs \u00e0 couvercles jaunes pour les emballages et \u00e0 couvercles verts pour le verres. Rendez-vous aux points suivants:<\/p>\n\n\n\n<ul class=\"wp-block-list\">\n<li>LA ROUVRAIE<\/li>\n\n\n\n<li>SINOPOLIS<\/li>\n\n\n\n<li>BONAVENTURE<\/li>\n\n\n\n<li>CIMETIERE<\/li>\n\n\n\n<li>ESPELIDOU<\/li>\n<\/ul>\n\n\n\n<p class=\"wp-block-paragraph\">Concernant <strong>le d\u00e9p\u00f4t de vos vieux v\u00eatements<\/strong>, les points de collectes sont les suivants:<\/p>\n\n\n\n<ul class=\"wp-block-list\">\n<li>LA ROUVRAIE<\/li>\n\n\n\n<li>SINOPOLIS<\/li>\n\n\n\n<li>CIMETIERE<\/li>\n<\/ul>\n\n\n\n<p class=\"wp-block-paragraph\"><span class=\"warning label\"><strong>A NOTER<\/strong><\/span><br>Les Gassinois ont acc\u00e8s, <u>sur pr\u00e9sentation d\u2019un justificatif de domicile<\/u>, aux d\u00e9chetteries de La Croix Valmer, Ramatuelle, Grimaud et Saint-Tropez<\/p>\n\n\n<div class=\"wp-block-image\">\n<figure class=\"aligncenter size-large is-resized\"><img loading=\"lazy\" decoding=\"async\" width=\"1024\" height=\"472\" src=\"https:\/\/www.mairie-gassin.fr\/wp-content\/uploads\/2025\/01\/Logo_GolfedeSaintTropez-1-1024x472.png\" alt=\"\" class=\"wp-image-7880\" style=\"width:271px;height:auto\" srcset=\"https:\/\/www.mairie-gassin.fr\/wp-content\/uploads\/2025\/01\/Logo_GolfedeSaintTropez-1-1024x472.png 1024w, https:\/\/www.mairie-gassin.fr\/wp-content\/uploads\/2025\/01\/Logo_GolfedeSaintTropez-1-300x138.png 300w, https:\/\/www.mairie-gassin.fr\/wp-content\/uploads\/2025\/01\/Logo_GolfedeSaintTropez-1-768x354.png 768w, https:\/\/www.mairie-gassin.fr\/wp-content\/uploads\/2025\/01\/Logo_GolfedeSaintTropez-1.png 1070w\" sizes=\"auto, (max-width: 1024px) 100vw, 1024px\" \/><\/figure>\n<\/div>\n\n\n<p class=\"wp-block-paragraph\"><br><strong>Allo d\u00e9chets<\/strong><br><strong>Ambassadeurs du tri<\/strong><br>Direction des D\u00e9chets M\u00e9nagers et Assimil\u00e9s<br>contact unique<br>04 94 96 06 68<br><a href=\"mailto:contactdechets@cc-golfedesainttropez.fr\"><a href=\"mailto:contactdechets@golfe-sainttropez.fr\">contactdechets@golfe-sainttropez.fr<\/a><\/a><\/p>\n\n\n\n<p class=\"wp-block-paragraph\">Plus d&rsquo;informations sur le site<br><a href=\"http:\/\/www.cc-golfedesainttropez.fr\/\"><a href=\"https:\/\/www.golfe-sainttropez.fr\/\">Site officiel du Golfe de Saint-Tropez : Territoire d&rsquo;exception<\/a>\u00a0<\/a><\/p>\n\n\n\n<h2 class=\"wp-block-heading\">VOUS TRIEZ, NOUS RECYCLONS !<\/h2>\n\n\n\n<p class=\"wp-block-paragraph\">Consulter en ligne les consignes de d\u00e9chets concernant:<\/p>\n\n\n\n<ul class=\"wp-block-list\">\n<li>&#8211; les bacs JAUNES<\/li>\n\n\n\n<li>&#8211; les bacs VERTS<\/li>\n\n\n\n<li>&#8211; les AUTRES bacs<\/li>\n<\/ul>\n\n\n\n<p class=\"wp-block-paragraph\">La commune de Gassin est en contrat avec le <strong>groupe Pizzorno<\/strong> environnement qui assure la collecte et le sur-tri des d\u00e9chets.<br>Une fois vos emballages d\u00e9pos\u00e9s dans les points bacs list\u00e9s ci-dessus, ils sont pris en charge par le groupe Pizzorno qui les envoie dans son centre de tri du Muy, o\u00f9 ils seront s\u00e9par\u00e9s en fonction de leur type (m\u00e9taux ferreux, non ferreux, cartons, papiers, plastiques\u2026), puis compact\u00e9s pour envoi vers les soci\u00e9t\u00e9s de recyclage.<\/p>\n\n\n\n<div class=\"row small-up-1 medium-up-2\">\n<div class=\"column column-block wp-block-image text-center\"><figure><img loading=\"lazy\" decoding=\"async\" width=\"333\" height=\"222\" src=\"http:\/\/www.mairie-gassin.fr\/wp-content\/uploads\/2017\/11\/0332-pizzorno.jpg\" alt=\"\" class=\"wp-image-300\" srcset=\"https:\/\/www.mairie-gassin.fr\/wp-content\/uploads\/2017\/11\/0332-pizzorno.jpg 333w, https:\/\/www.mairie-gassin.fr\/wp-content\/uploads\/2017\/11\/0332-pizzorno-300x200.jpg 300w\" sizes=\"auto, (max-width: 333px) 100vw, 333px\" \/><figcaption>Tri manuel au centre du Muy<\/figcaption><\/figure><\/div>\n<div class=\"column column-block wp-block-image text-center\"><figure><img loading=\"lazy\" decoding=\"async\" width=\"333\" height=\"222\" src=\"http:\/\/www.mairie-gassin.fr\/wp-content\/uploads\/2017\/11\/0332-bouteilles.jpg\" alt=\"\" class=\"wp-image-301\" srcset=\"https:\/\/www.mairie-gassin.fr\/wp-content\/uploads\/2017\/11\/0332-bouteilles.jpg 333w, https:\/\/www.mairie-gassin.fr\/wp-content\/uploads\/2017\/11\/0332-bouteilles-300x200.jpg 300w\" sizes=\"auto, (max-width: 333px) 100vw, 333px\" \/><figcaption>Balles de bouteilles en plastique compact\u00e9es<\/figcaption><\/figure><\/div>\n<\/div>\n\n\n\n<p class=\"wp-block-paragraph\"><em>Photos fournies par Pizzorno Environnement<\/em><\/p>\n\n\n\n<p class=\"wp-block-paragraph\">Nous sommes \u00e9galement en partenariat avec Eco-emballages, une soci\u00e9t\u00e9 financ\u00e9e par tous les producteurs d\u2019emballages, dont l\u2019adh\u00e9sion est reconnaissable par le sigle<\/p>\n\n\n<div class=\"wp-block-image\">\n<figure class=\"aligncenter\"><img loading=\"lazy\" decoding=\"async\" width=\"22\" height=\"22\" src=\"http:\/\/www.mairie-gassin.fr\/wp-content\/uploads\/2017\/11\/eco.jpg\" alt=\"\" class=\"wp-image-302\"\/><\/figure>\n<\/div>\n\n\n<p class=\"wp-block-paragraph\"><strong> Eco-emballages soutient notre action<\/strong> et nous assure le recyclage effectif des emballages que vous triez !<\/p>\n\n\n\n<p class=\"wp-block-paragraph\">Le recyclage des d\u00e9chets est en plein essor, les d\u00e9chets recyclables sont et seront de plus en plus nombreux.<br>Par exemple, les sachets plastiques, les opercules de yaourt en aluminium, le papier aluminium sont d\u00e9sormais des d\u00e9chets recyclables \u00e0 mettre dans le bacs pr\u00e9vu \u00e0 cet effet.<\/p>\n\n\n\n<h2 class=\"wp-block-heading\">SITE DE COMPOSTAGE<\/h2>\n\n\n\n<p class=\"wp-block-paragraph\">Un site de compostage se trouve Rue des Ecoles, avant la descente vers le mini stade et proche du transformateur \u00e9lectrique.<\/p>\n\n\n\n<p class=\"wp-block-paragraph\">Ce site de compostage est ouvert \u00e0 tous.<\/p>\n\n\n\n<p class=\"wp-block-paragraph\">Retrouvez ci-dessous le flyer d&rsquo;informations pour bien composter.<\/p>\n\n\n\n<div class=\"wp-block-file\"><a id=\"wp-block-file--media-18015861-5142-4859-9c16-ac289bbcd0f8\" href=\"https:\/\/www.mairie-gassin.fr\/wp-content\/uploads\/2024\/07\/Guide-pour-bien-composter.pdf\">Guide-pour-bien-composter<\/a><a href=\"https:\/\/www.mairie-gassin.fr\/wp-content\/uploads\/2024\/07\/Guide-pour-bien-composter.pdf\" class=\"wp-block-file__button wp-element-button\" download aria-describedby=\"wp-block-file--media-18015861-5142-4859-9c16-ac289bbcd0f8\">T\u00e9l\u00e9charger<\/a><\/div>\n\n\n\n<figure class=\"wp-block-image size-large is-resized\"><img loading=\"lazy\" decoding=\"async\" width=\"1024\" height=\"768\" src=\"https:\/\/www.mairie-gassin.fr\/wp-content\/uploads\/2026\/02\/composteurs-village-1024x768.jpg\" alt=\"\" class=\"wp-image-11697\" style=\"width:479px;height:auto\" srcset=\"https:\/\/www.mairie-gassin.fr\/wp-content\/uploads\/2026\/02\/composteurs-village-1024x768.jpg 1024w, https:\/\/www.mairie-gassin.fr\/wp-content\/uploads\/2026\/02\/composteurs-village-300x225.jpg 300w, https:\/\/www.mairie-gassin.fr\/wp-content\/uploads\/2026\/02\/composteurs-village-768x576.jpg 768w, https:\/\/www.mairie-gassin.fr\/wp-content\/uploads\/2026\/02\/composteurs-village-1536x1152.jpg 1536w, https:\/\/www.mairie-gassin.fr\/wp-content\/uploads\/2026\/02\/composteurs-village-2048x1536.jpg 2048w\" sizes=\"auto, (max-width: 1024px) 100vw, 1024px\" \/><\/figure>\n\n\n\n<h2 class=\"wp-block-heading\">LES AUTRES DECHETS<\/h2>\n\n\n\n<p class=\"wp-block-paragraph\">En plus des emballages, du verre et du papier, des containers \u00e0 v\u00eatements sont pr\u00e9sents sur certains points de collecte, notamment au village, au coll\u00e8ge ainsi qu\u2019aux Marines de Gassin.<\/p>\n\n\n\n<p class=\"wp-block-paragraph\"><br>La Mairie r\u00e9cup\u00e8re aussi vos batteries usag\u00e9es.<\/p>\n\n\n\n<p class=\"wp-block-paragraph\"><br>Ainsi, depuis le d\u00e9but de l&rsquo;ann\u00e9e 2009, tous les particuliers et petits professionnels de la commune pourront d\u00e9poser en Mairie leurs lampes usag\u00e9es afin qu&rsquo;elles soient recycl\u00e9es. En signant une convention avec recyclum, \u00e9co-organisme agr\u00e9\u00e9, nous proposons ainsi un nouveau service \u00e0 nos administr\u00e9s sans augmenter les d\u00e9penses.<\/p>\n\n\n\n<p class=\"wp-block-paragraph\"><a href=\"http:\/\/www.mairie-gassin.fr\/upload\/03\/0332_recyc_ampoules.pdf\">En savoir plus sur le recyclage des lampes et ampoules.<\/a><\/p>\n\n\n<div class=\"wp-block-image\">\n<figure class=\"aligncenter\"><img loading=\"lazy\" decoding=\"async\" width=\"333\" height=\"222\" src=\"http:\/\/www.mairie-gassin.fr\/wp-content\/uploads\/2017\/11\/0332-piles.jpg\" alt=\"\" class=\"wp-image-303\" srcset=\"https:\/\/www.mairie-gassin.fr\/wp-content\/uploads\/2017\/11\/0332-piles.jpg 333w, https:\/\/www.mairie-gassin.fr\/wp-content\/uploads\/2017\/11\/0332-piles-300x200.jpg 300w\" sizes=\"auto, (max-width: 333px) 100vw, 333px\" \/><\/figure>\n<\/div>\n\n\n<p class=\"wp-block-paragraph\"><br>R\u00e9cup\u00e9rateur de piles usag\u00e9es au rez-de-chauss\u00e9e de la Mairie<\/p>\n\n\n\n<h2 class=\"wp-block-heading\">EN SAVOIR PLUS<\/h2>\n\n\n\n<p class=\"wp-block-paragraph\">Le site Internet d&rsquo;\u00e9co-emballages est tr\u00e8s ludique et permet de tout comprendre sur le tri.<br><a href=\"http:\/\/www.ecoemballages.fr\/\">www.ecoemballages.fr<\/a><\/p>\n\n\n\n<p class=\"wp-block-paragraph\">Notre repreneur des emballages plastiques Valorplast vous explique tout sur le recyclage.<br><a href=\"http:\/\/www.valorplast.com\/\">www.valorplast.com<\/a><\/p>\n\n\n\n<p class=\"wp-block-paragraph\">L&rsquo;organisme Eco-folio soutient notre action de recyclage des papiers. Leur site Internet est particuli\u00e8rement int\u00e9ressant.<br><a href=\"http:\/\/www.ecofolio.fr\/\">www.ecofolio.fr<\/a><\/p>\n","protected":false},"excerpt":{"rendered":"<p>POURQUOI TRIER ? Le tri des emballages m\u00e9nagers aboutit \u00e0 leur recyclage. Cela permet de pr\u00e9server nos ressources naturelles (bois par exemple), mais aussi d\u2019en limiter l\u2019extraction et le raffinement souvent tr\u00e8s polluants (aluminium, p\u00e9trole\u2026).Certains mat\u00e9riaux, comme l\u2019aluminium qui compose les canettes de boissons, sont recyclables \u00e0 l\u2019infini. Il faut en profiter ! Les d\u00e9chets<a class=\"excerpt-read-more\" href=\"https:\/\/www.mairie-gassin.fr\/fr\/environnement-qualite-de-vie\/tri-selectif\/\" title=\"ReadTri s\u00e9lectif\">&#8230; Read more &raquo;<\/a><\/p>\n","protected":false},"author":11,"featured_media":0,"parent":44,"menu_order":69,"comment_status":"closed","ping_status":"closed","template":"","meta":{"_acf_changed":false,"_crdt_document":"","footnotes":""},"class_list":["post-298","page","type-page","status-publish","hentry"],"acf":[],"_links":{"self":[{"href":"https:\/\/www.mairie-gassin.fr\/fr\/wp-json\/wp\/v2\/pages\/298","targetHints":{"allow":["GET"]}}],"collection":[{"href":"https:\/\/www.mairie-gassin.fr\/fr\/wp-json\/wp\/v2\/pages"}],"about":[{"href":"https:\/\/www.mairie-gassin.fr\/fr\/wp-json\/wp\/v2\/types\/page"}],"author":[{"embeddable":true,"href":"https:\/\/www.mairie-gassin.fr\/fr\/wp-json\/wp\/v2\/users\/11"}],"replies":[{"embeddable":true,"href":"https:\/\/www.mairie-gassin.fr\/fr\/wp-json\/wp\/v2\/comments?post=298"}],"version-history":[{"count":17,"href":"https:\/\/www.mairie-gassin.fr\/fr\/wp-json\/wp\/v2\/pages\/298\/revisions"}],"predecessor-version":[{"id":11698,"href":"https:\/\/www.mairie-gassin.fr\/fr\/wp-json\/wp\/v2\/pages\/298\/revisions\/11698"}],"up":[{"embeddable":true,"href":"https:\/\/www.mairie-gassin.fr\/fr\/wp-json\/wp\/v2\/pages\/44"}],"wp:attachment":[{"href":"https:\/\/www.mairie-gassin.fr\/fr\/wp-json\/wp\/v2\/media?parent=298"}],"curies":[{"name":"wp","href":"https:\/\/api.w.org\/{rel}","templated":true}]}}