{"id":306,"date":"2017-11-21T00:17:01","date_gmt":"2017-11-20T23:17:01","guid":{"rendered":"http:\/\/www.mairie-gassin.fr\/?page_id=306"},"modified":"2026-02-25T15:55:31","modified_gmt":"2026-02-25T14:55:31","slug":"ordures-menageres","status":"publish","type":"page","link":"https:\/\/www.mairie-gassin.fr\/fr\/environnement-qualite-de-vie\/ordures-menageres\/","title":{"rendered":"Ordures m\u00e9nag\u00e8res"},"content":{"rendered":"\n<p class=\"wp-block-paragraph\">Un site de compostage situ\u00e9 sur l\u2019espace vert entre la route des Moulins de Paillas et la terrasse de la cuisine centrale a \u00e9t\u00e9 mis en place depuis le 1er juillet et ouvert \u00e0 tous.<\/p>\n\n\n\n<p class=\"wp-block-paragraph\">Vous trouverez ci-dessous les photos du site, l\u2019emplacement exact et le guide pour bien composter.<\/p>\n\n\n\n<div class=\"wp-block-file\"><a id=\"wp-block-file--media-7c39dadf-dd78-4ae8-bcc4-2db2d7fe01bc\" href=\"https:\/\/www.mairie-gassin.fr\/wp-content\/uploads\/2024\/07\/Emplacement-composteurs.png\">Emplacement-composteurs<\/a><a href=\"https:\/\/www.mairie-gassin.fr\/wp-content\/uploads\/2024\/07\/Emplacement-composteurs.png\" class=\"wp-block-file__button wp-element-button\" download aria-describedby=\"wp-block-file--media-7c39dadf-dd78-4ae8-bcc4-2db2d7fe01bc\">T\u00e9l\u00e9charger<\/a><\/div>\n\n\n\n<div class=\"wp-block-file\"><a id=\"wp-block-file--media-66259821-197f-41ed-a671-329917c60ef0\" href=\"https:\/\/www.mairie-gassin.fr\/wp-content\/uploads\/2024\/07\/Emplacement-composteurs-nouveau-village-1-scaled.jpg\">Emplacement composteurs nouveau village<\/a><a href=\"https:\/\/www.mairie-gassin.fr\/wp-content\/uploads\/2024\/07\/Emplacement-composteurs-nouveau-village-1-scaled.jpg\" class=\"wp-block-file__button wp-element-button\" download aria-describedby=\"wp-block-file--media-66259821-197f-41ed-a671-329917c60ef0\">T\u00e9l\u00e9charger<\/a><\/div>\n\n\n\n<div class=\"wp-block-file\"><a id=\"wp-block-file--media-a97ebde9-bf26-4fe9-9d87-2f596c8bd72f\" href=\"https:\/\/www.mairie-gassin.fr\/wp-content\/uploads\/2024\/07\/Composteurs-1-scaled.jpg\">Composteurs<\/a><a href=\"https:\/\/www.mairie-gassin.fr\/wp-content\/uploads\/2024\/07\/Composteurs-1-scaled.jpg\" class=\"wp-block-file__button wp-element-button\" download aria-describedby=\"wp-block-file--media-a97ebde9-bf26-4fe9-9d87-2f596c8bd72f\">T\u00e9l\u00e9charger<\/a><\/div>\n\n\n\n<div class=\"wp-block-file\"><a id=\"wp-block-file--media-3ff8f2e0-86bc-4d67-a18e-8cdff0c96308\" href=\"https:\/\/www.mairie-gassin.fr\/wp-content\/uploads\/2024\/07\/Guide-pour-bien-composter-1.pdf\">Guide-pour-bien-composter<\/a><a href=\"https:\/\/www.mairie-gassin.fr\/wp-content\/uploads\/2024\/07\/Guide-pour-bien-composter-1.pdf\" class=\"wp-block-file__button wp-element-button\" download aria-describedby=\"wp-block-file--media-3ff8f2e0-86bc-4d67-a18e-8cdff0c96308\">T\u00e9l\u00e9charger<\/a><\/div>\n\n\n\n<h2 class=\"wp-block-heading\">COLLECTE DES DECHETS<\/h2>\n\n\n\n<p class=\"wp-block-paragraph\">Retrouvez les d\u00e9tails des horaires et points de collecte des d\u00e9chets en cliquant sur le lien ci-dessous : <a href=\"https:\/\/www.golfe-sainttropez.fr\/vivre-ici\/gerer-mes-dechets\/collecte-des-dechets\/gassin\/\">https:\/\/www.golfe-sainttropez.fr\/vivre-ici\/gerer-mes-dechets\/collecte-des-dechets\/gassin\/<\/a><br><\/p>\n\n\n\n<p class=\"wp-block-paragraph\">Retrouvez ci-dessous les fr\u00e9quences du service de collecte des d\u00e9chets m\u00e9nagers et assimil\u00e9s.<\/p>\n\n\n\n<div class=\"wp-block-file\"><a id=\"wp-block-file--media-dd08d113-d64d-440f-b761-5ace4e3e98be\" href=\"https:\/\/www.mairie-gassin.fr\/wp-content\/uploads\/2025\/06\/Guide-du-Tri-Juin-2025.pdf\">Guide du Tri &#8211; Juin 2025<\/a><a href=\"https:\/\/www.mairie-gassin.fr\/wp-content\/uploads\/2025\/06\/Guide-du-Tri-Juin-2025.pdf\" class=\"wp-block-file__button wp-element-button\" download aria-describedby=\"wp-block-file--media-dd08d113-d64d-440f-b761-5ace4e3e98be\">T\u00e9l\u00e9charger<\/a><\/div>\n\n\n\n<div class=\"wp-block-file\"><a id=\"wp-block-file--media-d306ecd0-d5a5-4881-9918-f7030a4ac47e\" href=\"https:\/\/www.mairie-gassin.fr\/wp-content\/uploads\/2026\/01\/382-MAJ-DepliantFrequenceDeCollecte-Gassin-BAT-WEB-2.pdf\">D\u00e9pliant Fr\u00e9quence de Collecte Gassin<\/a><a href=\"https:\/\/www.mairie-gassin.fr\/wp-content\/uploads\/2026\/01\/382-MAJ-DepliantFrequenceDeCollecte-Gassin-BAT-WEB-2.pdf\" class=\"wp-block-file__button wp-element-button\" download aria-describedby=\"wp-block-file--media-d306ecd0-d5a5-4881-9918-f7030a4ac47e\">T\u00e9l\u00e9charger<\/a><\/div>\n\n\n\n<h2 class=\"wp-block-heading\">ENCOMBRANTS ET FERRAILLES<\/h2>\n\n\n\n<p class=\"wp-block-paragraph\">Les administr\u00e9s souhaitant se faire inscrire pour la collecte des encombrants devront composer le n\u00b0 vert : 0 800 732 122 (appel gratuit depuis un poste fixe) du Lundi au Vendredi de 8 h 30 \u00e0 16 h 00 ou s&rsquo;inscrire en ligne par ce lien <a href=\"https:\/\/www.golfe-sainttropez.fr\/demarche-administrative\/faire-appel-au-service-des-encombrants\/\">https:\/\/www.golfe-sainttropez.fr\/demarche-administrative\/faire-appel-au-service-des-encombrants\/<\/a><\/p>\n\n\n\n<p class=\"wp-block-paragraph\">Deux ramassages par mois sont pr\u00e9vus : le 2\u00e8me et le 4\u00e8me lundi de chaque mois.<strong>(attention changement de jour en 2026)<\/strong><\/p>\n\n\n\n<p class=\"wp-block-paragraph\">Retrouver ici les informations sur la collecte des encombrants <a href=\"https:\/\/www.golfe-sainttropez.fr\/actualite\/que-faire-de-mes-encombrants\/\">https:\/\/www.golfe-sainttropez.fr\/actualite\/que-faire-de-mes-encombrants\/<\/a><\/p>\n\n\n\n<h2 class=\"wp-block-heading has-large-font-size\">DECHETERIES<\/h2>\n\n\n\n<p class=\"wp-block-paragraph\">Pour trouver la d\u00e9ch\u00e8terie la plus proche de chez vous et ses modalit\u00e9s d&rsquo;acc\u00e8s, rendez-vous sur le site : <a href=\"https:\/\/www.golfe-sainttropez.fr\/vivre-ici\/gerer-mes-dechets\/dechetteries\/\">D\u00e9ch\u00e8teries &#8211; Communaut\u00e9 de communes du Golfe de Saint Tropez<\/a><\/p>\n\n\n\n<p class=\"wp-block-paragraph\">Afin de faciliter l&rsquo;acc\u00e8s aux d\u00e9ch\u00e8teries, un portail web a \u00e9t\u00e9 mis en place, d\u00e9di\u00e9 aux usagers particuliers et professionnels, visant \u00e0 simplifier leurs passages en d\u00e9ch\u00e8teries.<\/p>\n\n\n\n<p class=\"wp-block-paragraph\">Ce dispositif permet aux usagers de s&rsquo;enregistrer \u00e0 l&rsquo;avance, automatisant ainsi le contr\u00f4le d&rsquo;acc\u00e8s par la reconnaissance des plaques d&rsquo;immatriculation et facilitant l&rsquo;enregistrement des d\u00e9p\u00f4ts. Il offre \u00e9galement une simplification de la facturation, d\u00e9sormais centralis\u00e9e et disponible en ligne avec un r\u00e8glement p\u00e9riodique.<\/p>\n\n\n\n<p class=\"wp-block-paragraph\">Ce service est op\u00e9rationnel pour les d\u00e9ch\u00e8teries de Cavalaire-sur-Mer, Grimaud et Sainte-Maxime.<\/p>\n\n\n\n<p class=\"wp-block-paragraph\">Vous pouvez vous inscrire via ce lien : <a href=\"https:\/\/golfe-sainttropez.webusager.fr\/CC-GOLFEDESAINTTROPEZ\/pages\/p_connexion.aspx\">https:\/\/golfe-sainttropez.webusager.fr\/CC-GOLFEDESAINTTROPEZ\/pages\/p_connexion.aspx<\/a><\/p>\n","protected":false},"excerpt":{"rendered":"<p>Un site de compostage situ\u00e9 sur l\u2019espace vert entre la route des Moulins de Paillas et la terrasse de la cuisine centrale a \u00e9t\u00e9 mis en place depuis le 1er juillet et ouvert \u00e0 tous. Vous trouverez ci-dessous les photos du site, l\u2019emplacement exact et le guide pour bien composter. COLLECTE DES DECHETS Retrouvez les<a class=\"excerpt-read-more\" href=\"https:\/\/www.mairie-gassin.fr\/fr\/environnement-qualite-de-vie\/ordures-menageres\/\" title=\"ReadOrdures m\u00e9nag\u00e8res\">&#8230; Read more &raquo;<\/a><\/p>\n","protected":false},"author":11,"featured_media":0,"parent":44,"menu_order":70,"comment_status":"closed","ping_status":"closed","template":"","meta":{"_acf_changed":false,"_crdt_document":"","footnotes":""},"class_list":["post-306","page","type-page","status-publish","hentry"],"acf":[],"_links":{"self":[{"href":"https:\/\/www.mairie-gassin.fr\/fr\/wp-json\/wp\/v2\/pages\/306","targetHints":{"allow":["GET"]}}],"collection":[{"href":"https:\/\/www.mairie-gassin.fr\/fr\/wp-json\/wp\/v2\/pages"}],"about":[{"href":"https:\/\/www.mairie-gassin.fr\/fr\/wp-json\/wp\/v2\/types\/page"}],"author":[{"embeddable":true,"href":"https:\/\/www.mairie-gassin.fr\/fr\/wp-json\/wp\/v2\/users\/11"}],"replies":[{"embeddable":true,"href":"https:\/\/www.mairie-gassin.fr\/fr\/wp-json\/wp\/v2\/comments?post=306"}],"version-history":[{"count":38,"href":"https:\/\/www.mairie-gassin.fr\/fr\/wp-json\/wp\/v2\/pages\/306\/revisions"}],"predecessor-version":[{"id":11716,"href":"https:\/\/www.mairie-gassin.fr\/fr\/wp-json\/wp\/v2\/pages\/306\/revisions\/11716"}],"up":[{"embeddable":true,"href":"https:\/\/www.mairie-gassin.fr\/fr\/wp-json\/wp\/v2\/pages\/44"}],"wp:attachment":[{"href":"https:\/\/www.mairie-gassin.fr\/fr\/wp-json\/wp\/v2\/media?parent=306"}],"curies":[{"name":"wp","href":"https:\/\/api.w.org\/{rel}","templated":true}]}}