{"id":308,"date":"2017-11-21T00:23:18","date_gmt":"2017-11-20T23:23:18","guid":{"rendered":"http:\/\/www.mairie-gassin.fr\/?page_id=308"},"modified":"2024-07-12T16:02:40","modified_gmt":"2024-07-12T14:02:40","slug":"debroussaillement","status":"publish","type":"page","link":"https:\/\/www.mairie-gassin.fr\/fr\/environnement-qualite-de-vie\/debroussaillement\/","title":{"rendered":"D\u00e9broussaillement"},"content":{"rendered":"\n<h2 class=\"wp-block-heading\">PREVENTION DES RISQUES MAJEURS: DEBROUSSAILLEMENT OBLIGATOIRE<\/h2>\n\n\n<div class=\"wp-block-image\">\n<figure class=\"alignleft\"><img loading=\"lazy\" decoding=\"async\" width=\"153\" height=\"205\" src=\"http:\/\/www.mairie-gassin.fr\/wp-content\/uploads\/2017\/11\/attentionaufeu.jpg\" alt=\"\" class=\"wp-image-315\"\/><\/figure>\n<\/div>\n\n\n<p class=\"wp-block-paragraph\"><strong>Attention au feu !!<\/strong><\/p>\n\n\n\n<p class=\"wp-block-paragraph\">La Mairie attire l\u2019attention de tous les habitants de Gassin, qu\u2019ils y demeurent \u00e0 temps complet ou partiel, sur les risques d\u2019incendie en p\u00e9riode estivale.<\/p>\n\n\n\n<p class=\"wp-block-paragraph\">En effet, il convient de souligner pour les visiteurs venus parfois de loin et souvent du nord, qu\u2019ici la s\u00e9cheresse est telle qu\u2019il faut peu de choses pour que le feu d\u00e9marre. La premi\u00e8re des pr\u00e9cautions tient \u00e9videmment au d\u00e9broussaillement, dont il est \u00e9galement rappel\u00e9 qu\u2019il est obligatoire. Un agent est charg\u00e9 de v\u00e9rifier si les op\u00e9rations de d\u00e9broussaillement ont \u00e9t\u00e9 r\u00e9alis\u00e9es autour des propri\u00e9t\u00e9s priv\u00e9es. Cet agent se tient \u00e9galement \u00e0 la disposition du public pour le renseigner sur ces op\u00e9rations.<\/p>\n\n\n\n<p class=\"wp-block-paragraph\"><strong>Les obligations de d\u00e9broussaillement s\u2019appliquent<\/strong><\/p>\n\n\n\n<ul class=\"wp-block-list\">\n<li><strong>dans les bois, for\u00eats, landes, maquis, garrigues, plantations ou reboisement,<\/strong><\/li>\n\n\n\n<li><strong>et dans la bande des 200 m. autour de ces formations.<\/strong><\/li>\n<\/ul>\n\n\n\n<p class=\"wp-block-paragraph\">A l\u2019int\u00e9rieur de ce zonage, le d\u00e9broussaillement est obligatoire :<\/p>\n\n\n\n<ol class=\"wp-block-list\">\n<li>aux abords des constructions, chantiers, travaux, et installations de toute nature sur une profondeur de 50 m., et sur 10 m. de part et d\u2019autre des voies priv\u00e9es y donnant acc\u00e8s.<br><br>Le d\u00e9broussaillement doit \u00eatre r\u00e9alis\u00e9 de fa\u00e7on continue en faisant abstraction des limites de votre propri\u00e9t\u00e9 (attention toutefois \u00e0 avertir vos voisins avant toute d\u00e9marche).<\/li>\n\n\n\n<li>sur la totalit\u00e9 des terrains compris dans les zones urbaines (U), les Z.A.C., les lotissements, les A.F.U. et les camping-caravaning.<br><br>Il est \u00e0 la charge du propri\u00e9taire des terrains. Si le terrain est b\u00e2ti et que les fonds voisins ne sont pas soumis \u00e0 obligation, le propri\u00e9taire de la construction doit \u00e9galement r\u00e9aliser les travaux jusqu\u2019\u00e0 50 m. de son habitation (cumul des 2 obligations).<\/li>\n\n\n\n<li>sur la totalit\u00e9 des terrains o\u00f9 il a \u00e9t\u00e9 prescrit par le r\u00e8glement d\u2019un Plan de Pr\u00e9vention des Risques d\u2019Incendies de For\u00eat (P.P.R.I.F.).<\/li>\n<\/ol>\n\n\n\n<h2 class=\"wp-block-heading\">EMPLOI DU FEU<\/h2>\n\n\n\n<p class=\"wp-block-paragraph\">Il est interdit, quelle que soit la p\u00e9riode, de jeter des objets en ignition y compris sur les voies traversant les terrains concern\u00e9s. Il est interdit, en p\u00e9riode rouge, de fumer \u00e0 l\u2019int\u00e9rieur des bois, for\u00eats, plantations, reboisements, landes, maquis et garrigues ainsi que sur les voies qui les traversent. (Source : Conseil G\u00e9n\u00e9ral du Var).<\/p>\n\n\n\n<p class=\"wp-block-paragraph\">Un arr\u00eat\u00e9 pr\u00e9fectoral en date du 16 mai 2013 interdit dor\u00e9navant de br\u00fbler les d\u00e9chets verts tout au long de l&rsquo;ann\u00e9e. Vous pouvez le consulter ci-dessous.<\/p>\n\n\n\n<h2 class=\"wp-block-heading\">TELECHARGEMENTS<\/h2>\n\n\n\n<div class=\"wp-block-file\"><a id=\"wp-block-file--media-fceb8c84-0206-45e5-92ac-a248c0bbd6ed\" href=\"https:\/\/www.mairie-gassin.fr\/wp-content\/uploads\/2024\/07\/FLYER-Prevention_Incendie_2024.pdf\">FLYER-Prevention_Incendie_2024<\/a><a href=\"https:\/\/www.mairie-gassin.fr\/wp-content\/uploads\/2024\/07\/FLYER-Prevention_Incendie_2024.pdf\" class=\"wp-block-file__button wp-element-button\" download aria-describedby=\"wp-block-file--media-fceb8c84-0206-45e5-92ac-a248c0bbd6ed\">T\u00e9l\u00e9charger<\/a><\/div>\n\n\n\n<ul class=\"wp-block-list\">\n<li><a href=\"http:\/\/www.mairie-gassin.fr\/wp-content\/uploads\/2017\/11\/0334-arrete-debroussaillement-20042011.zip\">Arr\u00eat\u00e9 D\u00e9broussaillement (publi\u00e9 le 17\/05\/11)<\/a><\/li>\n\n\n\n<li><a href=\"http:\/\/www.mairie-gassin.fr\/wp-content\/uploads\/2017\/11\/0334-tableau-de-synthese-emploi-du-feu-2013.pdf\">R\u00e9glementation Feu (publi\u00e9 le 27\/05\/2013)<\/a><\/li>\n\n\n\n<li><a href=\"http:\/\/www.mairie-gassin.fr\/wp-content\/uploads\/2017\/11\/0334-arrete-prefectoral-emploi-du-feu-et-brulage-des-dechets-verts.pdf\">Arr\u00eat\u00e9 R\u00e9glementation Feu et d\u00e9chets verts (publi\u00e9 le 27\/05\/2013)<\/a><\/li>\n\n\n\n<li><a href=\"http:\/\/www.mairie-gassin.fr\/wp-content\/uploads\/2017\/11\/0334-formulaire-declaration-incineration.pdf\">D\u00e9claration Incin\u00e9ration (publi\u00e9 le 28\/10\/08)<\/a><\/li>\n<\/ul>\n","protected":false},"excerpt":{"rendered":"<p>PREVENTION DES RISQUES MAJEURS: DEBROUSSAILLEMENT OBLIGATOIRE Attention au feu !! La Mairie attire l\u2019attention de tous les habitants de Gassin, qu\u2019ils y demeurent \u00e0 temps complet ou partiel, sur les risques d\u2019incendie en p\u00e9riode estivale. En effet, il convient de souligner pour les visiteurs venus parfois de loin et souvent du nord, qu\u2019ici la s\u00e9cheresse<a class=\"excerpt-read-more\" href=\"https:\/\/www.mairie-gassin.fr\/fr\/environnement-qualite-de-vie\/debroussaillement\/\" title=\"ReadD\u00e9broussaillement\">&#8230; Read more &raquo;<\/a><\/p>\n","protected":false},"author":11,"featured_media":0,"parent":44,"menu_order":71,"comment_status":"closed","ping_status":"closed","template":"","meta":{"_acf_changed":false,"_crdt_document":"","footnotes":""},"class_list":["post-308","page","type-page","status-publish","hentry"],"acf":[],"_links":{"self":[{"href":"https:\/\/www.mairie-gassin.fr\/fr\/wp-json\/wp\/v2\/pages\/308","targetHints":{"allow":["GET"]}}],"collection":[{"href":"https:\/\/www.mairie-gassin.fr\/fr\/wp-json\/wp\/v2\/pages"}],"about":[{"href":"https:\/\/www.mairie-gassin.fr\/fr\/wp-json\/wp\/v2\/types\/page"}],"author":[{"embeddable":true,"href":"https:\/\/www.mairie-gassin.fr\/fr\/wp-json\/wp\/v2\/users\/11"}],"replies":[{"embeddable":true,"href":"https:\/\/www.mairie-gassin.fr\/fr\/wp-json\/wp\/v2\/comments?post=308"}],"version-history":[{"count":6,"href":"https:\/\/www.mairie-gassin.fr\/fr\/wp-json\/wp\/v2\/pages\/308\/revisions"}],"predecessor-version":[{"id":7095,"href":"https:\/\/www.mairie-gassin.fr\/fr\/wp-json\/wp\/v2\/pages\/308\/revisions\/7095"}],"up":[{"embeddable":true,"href":"https:\/\/www.mairie-gassin.fr\/fr\/wp-json\/wp\/v2\/pages\/44"}],"wp:attachment":[{"href":"https:\/\/www.mairie-gassin.fr\/fr\/wp-json\/wp\/v2\/media?parent=308"}],"curies":[{"name":"wp","href":"https:\/\/api.w.org\/{rel}","templated":true}]}}