{"id":322,"date":"2017-11-21T00:31:16","date_gmt":"2017-11-20T23:31:16","guid":{"rendered":"http:\/\/www.mairie-gassin.fr\/?page_id=322"},"modified":"2026-04-08T09:39:16","modified_gmt":"2026-04-08T07:39:16","slug":"leau","status":"publish","type":"page","link":"https:\/\/www.mairie-gassin.fr\/fr\/environnement-qualite-de-vie\/leau\/","title":{"rendered":"L&rsquo;eau"},"content":{"rendered":"\n<p class=\"wp-block-paragraph\">La soci\u00e9t\u00e9 qui g\u00e8re la distribution de l\u2019eau sur la commune est la soci\u00e9t\u00e9 Veolia, joignable au 0 969 329 328.<\/p>\n\n\n\n<h2 class=\"wp-block-heading\">DECLARATION DES FORAGES DOMESTIQUES<\/h2>\n\n\n\n<p class=\"wp-block-paragraph\">Depuis le 1er Janvier 2009, tout particulier utilisant ou souhaitant r\u00e9aliser un ouvrage de pr\u00e9l\u00e8vement d&rsquo;eau souterraine (puits ou forage) \u00e0 des fins d&rsquo;usage domestique doit d\u00e9clarer cet ouvrage ou son projet en mairie.<\/p>\n\n\n\n<p class=\"wp-block-paragraph\">Sont concern\u00e9s tous les ouvrages de pr\u00e9l\u00e8vement d&rsquo;eau souterraine, puits ou forage, \u00e0 des fins d&rsquo;usage domestique. Est assimil\u00e9 \u00e0 un usage domestique de l&rsquo;eau tout pr\u00e9l\u00e8vement inf\u00e9rieur ou \u00e9gal \u00e0 1 000 m3 d&rsquo;eau par an, qu&rsquo;il soit effectu\u00e9 par une personne physique ou une personne morale et qu&rsquo;il le soit au moyen d&rsquo;une seule installation ou de plusieurs, ainsi que tout rejet d&rsquo;eaux us\u00e9es domestiques dont la charge brute de pollution organique est inf\u00e9rieure ou \u00e9gale \u00e0 1,2 kg de DBO5.<\/p>\n\n\n\n<p class=\"wp-block-paragraph\">T\u00e9l\u00e9charger <a href=\"http:\/\/www.mairie-gassin.fr\/wp-content\/uploads\/2017\/11\/0336-formulaire-puits-et-forages-domestiques.pdf\">ICI<\/a> l&rsquo;imprim\u00e9 de d\u00e9claration de forage domestique. Renseignements aupr\u00e8s du bureau de la Police Municipale au 04 94 56 62 17.<\/p>\n\n\n\n<p class=\"wp-block-paragraph\">A compter du 1er F\u00e9vrier 2024, les demandes peuvent \u00eatre faites en ligne via le site DUPLOS <a href=\"https:\/\/www.brgm.fr\/fr\/site-web\/duplos-portail-declaration-ouvrages-souterrains-couple-outil-dialog-description-forages\">https:\/\/www.brgm.fr\/fr\/site-web\/duplos-portail-declaration-ouvrages-souterrains-couple-outil-dialog-description-forages<\/a><\/p>\n\n\n\n<h2 class=\"wp-block-heading\">EAU DE CONSOMMATION<\/h2>\n\n\n\n<div class=\"wp-block-file\"><a id=\"wp-block-file--media-6049b0b1-60b1-4aba-b19f-9f080404d543\" href=\"https:\/\/www.mairie-gassin.fr\/wp-content\/uploads\/2026\/04\/8-Avril-2026.pdf\">Pole de sant\u00e9 8 Avril 2026<\/a><a href=\"https:\/\/www.mairie-gassin.fr\/wp-content\/uploads\/2026\/04\/8-Avril-2026.pdf\" class=\"wp-block-file__button wp-element-button\" download aria-describedby=\"wp-block-file--media-6049b0b1-60b1-4aba-b19f-9f080404d543\">T\u00e9l\u00e9charger<\/a><\/div>\n\n\n\n<div class=\"wp-block-file\"><a id=\"wp-block-file--media-dcffdeb1-1ad0-4a93-91d1-75a17eaacb5a\" href=\"https:\/\/www.mairie-gassin.fr\/wp-content\/uploads\/2026\/02\/Cantine-17-fevrier-2026.pdf\">Cantine 17 f\u00e9vrier 2026<\/a><a href=\"https:\/\/www.mairie-gassin.fr\/wp-content\/uploads\/2026\/02\/Cantine-17-fevrier-2026.pdf\" class=\"wp-block-file__button wp-element-button\" download aria-describedby=\"wp-block-file--media-dcffdeb1-1ad0-4a93-91d1-75a17eaacb5a\">T\u00e9l\u00e9charger<\/a><\/div>\n\n\n\n<div class=\"wp-block-file\"><a id=\"wp-block-file--media-be375bee-21f7-41f5-8ebd-15e350e11eb7\" href=\"https:\/\/www.mairie-gassin.fr\/wp-content\/uploads\/2026\/01\/Cantine-et-pole-sante-7-Janvier-2026.pdf\">Cantine et pole sant\u00e9 7 Janvier 2026<\/a><a href=\"https:\/\/www.mairie-gassin.fr\/wp-content\/uploads\/2026\/01\/Cantine-et-pole-sante-7-Janvier-2026.pdf\" class=\"wp-block-file__button wp-element-button\" download aria-describedby=\"wp-block-file--media-be375bee-21f7-41f5-8ebd-15e350e11eb7\">T\u00e9l\u00e9charger<\/a><\/div>\n\n\n\n<div class=\"wp-block-file\"><a id=\"wp-block-file--media-6b452faf-9a08-4f8d-b03d-8e49818b3733\" href=\"https:\/\/www.mairie-gassin.fr\/wp-content\/uploads\/2025\/12\/Pole-de-Sante-4-decembre-2025.pdf\">Pole de Sant\u00e9 4 d\u00e9cembre 2025<\/a><a href=\"https:\/\/www.mairie-gassin.fr\/wp-content\/uploads\/2025\/12\/Pole-de-Sante-4-decembre-2025.pdf\" class=\"wp-block-file__button wp-element-button\" download aria-describedby=\"wp-block-file--media-6b452faf-9a08-4f8d-b03d-8e49818b3733\">T\u00e9l\u00e9charger<\/a><\/div>\n\n\n\n<h2 class=\"wp-block-heading\">EAU DE BAIGNADE<\/h2>\n\n\n\n<p class=\"wp-block-paragraph\">La Communaut\u00e9 de Communes du Golfe de Saint Tropez a mis en place un QR Code afin de consulter les r\u00e9sultats de la qualit\u00e9 de l&rsquo;eau, disponibles tous les jours , toute la saison. Les 42 plages des 9 communes littorales sont certifi\u00e9es \u00ab\u00a0qualit\u00e9 des eaux de baignade\u00a0\u00bb.<\/p>\n\n\n\n<p class=\"wp-block-paragraph\">Retrouvez le QR Code \u00e0 flasher, sur le flyer ci-dessous :<\/p>\n\n\n\n<div class=\"wp-block-file\"><a id=\"wp-block-file--media-1e2464d3-650d-4f43-8ea7-5c3a9c6eedb1\" href=\"https:\/\/www.mairie-gassin.fr\/wp-content\/uploads\/2024\/06\/AFFICHE-QEB.pdf\">Flyer qualit\u00e9 eau de baignade et QR Code<\/a><a href=\"https:\/\/www.mairie-gassin.fr\/wp-content\/uploads\/2024\/06\/AFFICHE-QEB.pdf\" class=\"wp-block-file__button wp-element-button\" download aria-describedby=\"wp-block-file--media-1e2464d3-650d-4f43-8ea7-5c3a9c6eedb1\">T\u00e9l\u00e9charger<\/a><\/div>\n\n\n\n<p class=\"wp-block-paragraph\">Le dernier relev\u00e9 de la qualit\u00e9 de l\u2019eau de baignade pour la plage de la Bouillabaisse est consultable ci-dessous.<\/p>\n\n\n\n<p class=\"wp-block-paragraph\"><strong>Surveillance des plages : Bouillabaisse par l&rsquo;ARS<\/strong><\/p>\n\n\n\n<div class=\"wp-block-file\"><a id=\"wp-block-file--media-8c82d8eb-001c-4d04-8a58-bd676955ae96\" href=\"https:\/\/www.mairie-gassin.fr\/wp-content\/uploads\/2020\/11\/20-GASSIN-Bilan-2020-analyses.pdf\">Bilan 2020 analyses<\/a><a href=\"https:\/\/www.mairie-gassin.fr\/wp-content\/uploads\/2020\/11\/20-GASSIN-Bilan-2020-analyses.pdf\" class=\"wp-block-file__button wp-element-button\" download aria-describedby=\"wp-block-file--media-8c82d8eb-001c-4d04-8a58-bd676955ae96\">T\u00e9l\u00e9charger<\/a><\/div>\n\n\n\n<div class=\"wp-block-file\"><a id=\"wp-block-file--media-9e3982c0-cd35-4246-b5c9-87918be57772\" href=\"https:\/\/www.mairie-gassin.fr\/wp-content\/uploads\/2020\/11\/20-GASSIN-CLASSEMENT-2020.pdf\">Classement 2020<\/a><a href=\"https:\/\/www.mairie-gassin.fr\/wp-content\/uploads\/2020\/11\/20-GASSIN-CLASSEMENT-2020.pdf\" class=\"wp-block-file__button wp-element-button\" download aria-describedby=\"wp-block-file--media-9e3982c0-cd35-4246-b5c9-87918be57772\">T\u00e9l\u00e9charger<\/a><\/div>\n\n\n\n<p class=\"wp-block-paragraph\"><strong>Surveillance des plages : Bouillabaisse, Malleribes, La Moune par l&rsquo;observatoire marin<\/strong><\/p>\n\n\n\n<div id=\"WaterPollution\" class=\"w-full\"><water-pollution title=\"\"><\/water-pollution><\/div>\n\n\n\n<div class=\"wp-block-file\"><a id=\"wp-block-file--media-e1e0e394-8e8c-472b-a1f8-23d8e9245de0\" href=\"https:\/\/www.mairie-gassin.fr\/wp-content\/uploads\/2025\/09\/23-Septembre-2025.pdf\">23 Septembre 2025<\/a><a href=\"https:\/\/www.mairie-gassin.fr\/wp-content\/uploads\/2025\/09\/23-Septembre-2025.pdf\" class=\"wp-block-file__button wp-element-button\" download aria-describedby=\"wp-block-file--media-e1e0e394-8e8c-472b-a1f8-23d8e9245de0\">T\u00e9l\u00e9charger<\/a><\/div>\n\n\n\n<div class=\"wp-block-file\"><a id=\"wp-block-file--media-0e2ff378-9f47-445d-9fd0-7d65cf6fe80e\" href=\"https:\/\/www.mairie-gassin.fr\/wp-content\/uploads\/2025\/09\/22-Septembre-2025.pdf\">22 Septembre 2025<\/a><a href=\"https:\/\/www.mairie-gassin.fr\/wp-content\/uploads\/2025\/09\/22-Septembre-2025.pdf\" class=\"wp-block-file__button wp-element-button\" download aria-describedby=\"wp-block-file--media-0e2ff378-9f47-445d-9fd0-7d65cf6fe80e\">T\u00e9l\u00e9charger<\/a><\/div>\n\n\n\n<div class=\"wp-block-file\"><a id=\"wp-block-file--media-afbd5be3-ec09-4926-88f3-0726c7299510\" href=\"https:\/\/www.mairie-gassin.fr\/wp-content\/uploads\/2025\/09\/15-Septembre-2025.pdf\">15 Septembre 2025<\/a><a href=\"https:\/\/www.mairie-gassin.fr\/wp-content\/uploads\/2025\/09\/15-Septembre-2025.pdf\" class=\"wp-block-file__button wp-element-button\" download aria-describedby=\"wp-block-file--media-afbd5be3-ec09-4926-88f3-0726c7299510\">T\u00e9l\u00e9charger<\/a><\/div>\n\n\n\n<div class=\"wp-block-file\"><a id=\"wp-block-file--media-407c73b7-9b42-4742-98aa-c7b71daf8d55\" href=\"https:\/\/www.mairie-gassin.fr\/wp-content\/uploads\/2025\/09\/14-Septembre-2025.pdf\">14 Septembre 2025<\/a><a href=\"https:\/\/www.mairie-gassin.fr\/wp-content\/uploads\/2025\/09\/14-Septembre-2025.pdf\" class=\"wp-block-file__button wp-element-button\" download aria-describedby=\"wp-block-file--media-407c73b7-9b42-4742-98aa-c7b71daf8d55\">T\u00e9l\u00e9charger<\/a><\/div>\n\n\n\n<div class=\"wp-block-file\"><a id=\"wp-block-file--media-5278c850-6ca5-4bd5-978d-c1b86bb5024b\" href=\"https:\/\/www.mairie-gassin.fr\/wp-content\/uploads\/2025\/09\/10-Septembre-2025.pdf\">10 Septembre 2025<\/a><a href=\"https:\/\/www.mairie-gassin.fr\/wp-content\/uploads\/2025\/09\/10-Septembre-2025.pdf\" class=\"wp-block-file__button wp-element-button\" download aria-describedby=\"wp-block-file--media-5278c850-6ca5-4bd5-978d-c1b86bb5024b\">T\u00e9l\u00e9charger<\/a><\/div>\n\n\n\n<div class=\"wp-block-file\"><a id=\"wp-block-file--media-4e1739c2-2f8c-42f1-9e78-ac633251b149\" href=\"https:\/\/www.mairie-gassin.fr\/wp-content\/uploads\/2025\/09\/08-Septembre-2025.pdf\">08 Septembre 2025<\/a><a href=\"https:\/\/www.mairie-gassin.fr\/wp-content\/uploads\/2025\/09\/08-Septembre-2025.pdf\" class=\"wp-block-file__button wp-element-button\" download aria-describedby=\"wp-block-file--media-4e1739c2-2f8c-42f1-9e78-ac633251b149\">T\u00e9l\u00e9charger<\/a><\/div>\n\n\n\n<div class=\"wp-block-file\"><a id=\"wp-block-file--media-b80c1b43-8618-4bf1-9fba-4bd5a756325b\" href=\"https:\/\/www.mairie-gassin.fr\/wp-content\/uploads\/2025\/09\/05-Septembre-2025.pdf\">05 Septembre 2025<\/a><a href=\"https:\/\/www.mairie-gassin.fr\/wp-content\/uploads\/2025\/09\/05-Septembre-2025.pdf\" class=\"wp-block-file__button wp-element-button\" download aria-describedby=\"wp-block-file--media-b80c1b43-8618-4bf1-9fba-4bd5a756325b\">T\u00e9l\u00e9charger<\/a><\/div>\n\n\n\n<div class=\"wp-block-file\"><a id=\"wp-block-file--media-38a432d5-9f6b-48f1-81c5-63f1001c3574\" href=\"https:\/\/www.mairie-gassin.fr\/wp-content\/uploads\/2025\/09\/03-Septembre-2025.pdf\">03 Septembre 2025<\/a><a href=\"https:\/\/www.mairie-gassin.fr\/wp-content\/uploads\/2025\/09\/03-Septembre-2025.pdf\" class=\"wp-block-file__button wp-element-button\" download aria-describedby=\"wp-block-file--media-38a432d5-9f6b-48f1-81c5-63f1001c3574\">T\u00e9l\u00e9charger<\/a><\/div>\n\n\n\n<div class=\"wp-block-file\"><a id=\"wp-block-file--media-aa9cb08c-2062-4937-96b9-97ab15be7ee0\" href=\"https:\/\/www.mairie-gassin.fr\/wp-content\/uploads\/2025\/09\/02-Septembre-2025.pdf\">02 Septembre 2025<\/a><a href=\"https:\/\/www.mairie-gassin.fr\/wp-content\/uploads\/2025\/09\/02-Septembre-2025.pdf\" class=\"wp-block-file__button wp-element-button\" download aria-describedby=\"wp-block-file--media-aa9cb08c-2062-4937-96b9-97ab15be7ee0\">T\u00e9l\u00e9charger<\/a><\/div>\n\n\n\n<p class=\"wp-block-paragraph\">Consulter ci-dessous le plan de balisage 2025<\/p>\n\n\n\n<div class=\"wp-block-file\"><a id=\"wp-block-file--media-6c668d40-13b4-49e0-9413-71acb593c626\" href=\"https:\/\/www.mairie-gassin.fr\/wp-content\/uploads\/2020\/06\/Plan-de-balisage-2020.pdf\">Plan de balisage 2020 &#8211; Valable pour 2025<\/a><a href=\"https:\/\/www.mairie-gassin.fr\/wp-content\/uploads\/2020\/06\/Plan-de-balisage-2020.pdf\" class=\"wp-block-file__button wp-element-button\" download aria-describedby=\"wp-block-file--media-6c668d40-13b4-49e0-9413-71acb593c626\">T\u00e9l\u00e9charger<\/a><\/div>\n\n\n<div class=\"wp-block-image\">\n<figure class=\"aligncenter\"><img loading=\"lazy\" decoding=\"async\" width=\"250\" height=\"235\" src=\"http:\/\/www.mairie-gassin.fr\/wp-content\/uploads\/2017\/11\/eauprecieux.jpg\" alt=\"\" class=\"wp-image-326\"\/><\/figure>\n<\/div>","protected":false},"excerpt":{"rendered":"<p>La soci\u00e9t\u00e9 qui g\u00e8re la distribution de l\u2019eau sur la commune est la soci\u00e9t\u00e9 Veolia, joignable au 0 969 329 328. DECLARATION DES FORAGES DOMESTIQUES Depuis le 1er Janvier 2009, tout particulier utilisant ou souhaitant r\u00e9aliser un ouvrage de pr\u00e9l\u00e8vement d&rsquo;eau souterraine (puits ou forage) \u00e0 des fins d&rsquo;usage domestique doit d\u00e9clarer cet ouvrage ou<a class=\"excerpt-read-more\" href=\"https:\/\/www.mairie-gassin.fr\/fr\/environnement-qualite-de-vie\/leau\/\" title=\"ReadL&rsquo;eau\">&#8230; Read more &raquo;<\/a><\/p>\n","protected":false},"author":11,"featured_media":0,"parent":44,"menu_order":73,"comment_status":"closed","ping_status":"closed","template":"","meta":{"_acf_changed":false,"_crdt_document":"","footnotes":""},"class_list":["post-322","page","type-page","status-publish","hentry"],"acf":[],"_links":{"self":[{"href":"https:\/\/www.mairie-gassin.fr\/fr\/wp-json\/wp\/v2\/pages\/322","targetHints":{"allow":["GET"]}}],"collection":[{"href":"https:\/\/www.mairie-gassin.fr\/fr\/wp-json\/wp\/v2\/pages"}],"about":[{"href":"https:\/\/www.mairie-gassin.fr\/fr\/wp-json\/wp\/v2\/types\/page"}],"author":[{"embeddable":true,"href":"https:\/\/www.mairie-gassin.fr\/fr\/wp-json\/wp\/v2\/users\/11"}],"replies":[{"embeddable":true,"href":"https:\/\/www.mairie-gassin.fr\/fr\/wp-json\/wp\/v2\/comments?post=322"}],"version-history":[{"count":357,"href":"https:\/\/www.mairie-gassin.fr\/fr\/wp-json\/wp\/v2\/pages\/322\/revisions"}],"predecessor-version":[{"id":11912,"href":"https:\/\/www.mairie-gassin.fr\/fr\/wp-json\/wp\/v2\/pages\/322\/revisions\/11912"}],"up":[{"embeddable":true,"href":"https:\/\/www.mairie-gassin.fr\/fr\/wp-json\/wp\/v2\/pages\/44"}],"wp:attachment":[{"href":"https:\/\/www.mairie-gassin.fr\/fr\/wp-json\/wp\/v2\/media?parent=322"}],"curies":[{"name":"wp","href":"https:\/\/api.w.org\/{rel}","templated":true}]}}