{"id":333,"date":"2017-11-21T21:22:45","date_gmt":"2017-11-21T20:22:45","guid":{"rendered":"http:\/\/www.mairie-gassin.fr\/?page_id=333"},"modified":"2026-04-22T08:56:50","modified_gmt":"2026-04-22T06:56:50","slug":"structures-daccueil","status":"publish","type":"page","link":"https:\/\/www.mairie-gassin.fr\/fr\/famille\/structures-daccueil\/","title":{"rendered":"Structures d&rsquo;accueil"},"content":{"rendered":"\n<h2 id=\"assistantes-maternelles\" class=\"wp-block-heading\">ASSISTANTES MATERNELLES<\/h2>\n\n\n\n<div class=\"wp-block-file\"><a id=\"wp-block-file--media-1b331a32-8fe0-4b82-bba8-c7f7d6995ef7\" href=\"https:\/\/www.mairie-gassin.fr\/wp-content\/uploads\/2026\/04\/DOC220426-22042026085807.pdf\">Liste assistantes maternelles Janvier 2026<\/a><a href=\"https:\/\/www.mairie-gassin.fr\/wp-content\/uploads\/2026\/04\/DOC220426-22042026085807.pdf\" class=\"wp-block-file__button wp-element-button\" download aria-describedby=\"wp-block-file--media-1b331a32-8fe0-4b82-bba8-c7f7d6995ef7\">T\u00e9l\u00e9charger<\/a><\/div>\n\n\n\n<h2 id=\"la-creche\" class=\"wp-block-heading\">CRECHE HALTE GARDERIE<\/h2>\n\n\n<div class=\"wp-block-image\">\n<figure class=\"alignleft\"><img loading=\"lazy\" decoding=\"async\" width=\"333\" height=\"250\" src=\"http:\/\/www.mairie-gassin.fr\/wp-content\/uploads\/2017\/11\/creche2.jpg\" alt=\"\" class=\"wp-image-334\" srcset=\"https:\/\/www.mairie-gassin.fr\/wp-content\/uploads\/2017\/11\/creche2.jpg 333w, https:\/\/www.mairie-gassin.fr\/wp-content\/uploads\/2017\/11\/creche2-300x225.jpg 300w\" sizes=\"auto, (max-width: 333px) 100vw, 333px\" \/><\/figure>\n<\/div>\n\n\n<p class=\"wp-block-paragraph\">La cr\u00e8che \u00ab La Diablerie \u00bb de Gassin accueille les enfants de 2 mois et demi \u00e0 3 ans. Pour pouvoir b\u00e9n\u00e9ficier de ses services, il est n\u00e9cessaire d\u2019habiter ou de travailler sur Gassin. Les enfants dont les parents travaillent sont pris en priorit\u00e9.<\/p>\n\n\n\n<p class=\"wp-block-paragraph\">L\u2019\u00e9tablissement, ouvert de 8 h \u00e0 18 h30, du lundi au vendredi, a une capacit\u00e9 d\u2019accueil de 25 enfants. Les fermetures annuelles ont lieu : en \u00e9t\u00e9 (les deux premi\u00e8res semaines d&rsquo;ao\u00fbt) et \u00e0 No\u00ebl (les deux semaines des vacances scolaires).<\/p>\n\n\n\n<p class=\"wp-block-paragraph\">Pour inscrire les enfants, il suffit de se pr\u00e9senter \u00e0 la directrice de la cr\u00e8che et de remplir, avec elle, un dossier. Cette inscription permettra d\u2019\u00eatre sur la liste d\u2019attente. Le tarif varie en fonction de l\u2019avis d\u2019imposition, ne pas oublier de l\u2019emmener lors de l\u2019inscription.<\/p>\n\n\n\n<p class=\"wp-block-paragraph\">Rappelons \u00e9galement, que le carnet de vaccination de l\u2019enfant doit \u00eatre \u00e0 jour.<\/p>\n\n\n\n<p class=\"wp-block-paragraph\">Pour plus de renseignements, vous pouvez contacter la cr\u00e8che au 04 94 56 57 22 (t\u00e9l\u00e9phone \/ fax), ou par mail : <a href=\"http:\/\/andilo1517atsfr.fr\">andilo1517[at]sfr.fr<\/a><br>La cr\u00e8che est situ\u00e9e rue de l\u2019Aire au village, \u00e0 c\u00f4t\u00e9 de l\u2019\u00e9cole \u00e9l\u00e9mentaire.<\/p>\n\n\n\n<h2 class=\"wp-block-heading\">MICRO CRECHE<\/h2>\n\n\n\n<p class=\"wp-block-paragraph\">Giorda Bambino &#8211; 1696 Route D\u00e9partementale 83580 GASSIN<\/p>\n\n\n\n<p class=\"wp-block-paragraph\">Contact : 09 67 79 09 45<\/p>\n\n\n\n<p class=\"wp-block-paragraph\">mail : <a href=\"mailto:giordabambino@gmail.com\">giordabambino@gmail.com<\/a><\/p>\n","protected":false},"excerpt":{"rendered":"<p>ASSISTANTES MATERNELLES CRECHE HALTE GARDERIE La cr\u00e8che \u00ab La Diablerie \u00bb de Gassin accueille les enfants de 2 mois et demi \u00e0 3 ans. Pour pouvoir b\u00e9n\u00e9ficier de ses services, il est n\u00e9cessaire d\u2019habiter ou de travailler sur Gassin. Les enfants dont les parents travaillent sont pris en priorit\u00e9. L\u2019\u00e9tablissement, ouvert de 8 h \u00e0<a class=\"excerpt-read-more\" href=\"https:\/\/www.mairie-gassin.fr\/fr\/famille\/structures-daccueil\/\" title=\"ReadStructures d&rsquo;accueil\">&#8230; Read more &raquo;<\/a><\/p>\n","protected":false},"author":11,"featured_media":0,"parent":46,"menu_order":79,"comment_status":"closed","ping_status":"closed","template":"","meta":{"_acf_changed":false,"_crdt_document":"{\"document\":\"AAAYtbb\/jg7ar5r5Agr1tv+ODgXar5r5AukCvQKSXgMAlAEDAsBfFgYIBBIEXhIIGgIGBAI4kAKGAgSSAQMBsgIQBwAKAhIMArwBBJIBAwGKARiIAgSSAQMBjAMQBwAKAhIMArYBAwAMAuobKiAQAwAGGAMABAMCOJACCL4BAwAMAoIBAwKyAgIMAgQCBAMBBAMABgIEAwEIBAK8AQMADAKCAQMCFgIyBgIEAwAIAoYCAwAMAoIBAwKMAwIMAgQCBAMBBAMABgIEAwEIBAK2AQMADAIuHr4\/AAYCAQIKAkIASgCCAQECCgEBCJIBAwDeAQEApgHmAQBKAI4CAQIKAkIASgA+AQIKAQJKABgBAgoCQkoAgAgBAgoCQkoAqgcBAgoCQkoAggkBAgoCQkoAsAIBAgoCQkoAjAgBAgoCQkoAKgECCgJCSgCAAgECCgJCSgCCAQECCgJCSkSaXpIBAwDcXhIIGgIGBAI4kAKGAgSSAQMBsgIQBwAKAhIMArwBBJIBAwGKARiIAgSSAQMBjAMQBwAKAhIMArYBAwAMAusCKAKoAkQAxAKEAKgAhAbENCEAKAInAAQAJwAEAIEAhACBAIQAgQCEAYEAhACBAIQDgQCEAIEAhACBAIQAgQCEBYEAhACBAIQAgQCEAIEAhACBAIQBgQCEAIEAhACBAIQAgQCEAoEAhACBAIQAgQCEBIEAhACBAIQAgQCEAIEAhACBAIQAgQCEAIEAhACBAIQFgQCEAIEAhACBAIQAgQCEAIEAhAGBAIQAgQCEAIEAhACBAIQHgQCEACcAKAQnACgBJwAHACgDJwEEACgBJwCHACgDJwAoAicABACEAigBJwAEACgBJwCHACgDJwEEACgBJwCHACgDJwAoAScAKAEnAIcAKAMnAQQAKAAnAIcAKAMnAQQAKAAnAIcAKAMnAQQAKAAnAIcAKAMnAQQAKAAnAIcAKAMnAQQAKAAnAIcAKAMnAQQAKAAnAIcAKAMnAQQAKAAnAIcAKAMnAQQAKAAnAIcAKAMnAQQAKAAnqC+NLXN0YXRldmVyc2lvbnN0YXRlc2F2ZWRBdHN0YXRlc2F2ZWRCeURPQzI0Ni0yMjA0MjAyNjA4ODA3TGlzdGUgYXNzaXRhbnN0YW5jdHRlcyBtYXRlcmVubmVsbGVzIEphbnZpZXIgMjAyNnsiYW5ob3IiOiJpc3RhbnRzLW10ZXJlbGxlc30tLT4KPGgyICBjbGFzcz0id3AtYmxvY2staGVhZGluZyIyMjkyNERPQzIyMDQyNjI0MDI2MDg4MDcxMzEzMjhmZTQ4MmE4LWM3ZDY5OTVlNzRET0MyMjA0MjYyNDAyNjA4ODA3SmFudmk2NERPQzIyMDQyNjI0MDI2MDg4MDcxMzEzMjhmZTQ4MmE4LWM3ZDY5OTVlN3siYW5jaG9yIjoibGFjcmVjaGUifSAtaWQ9ImxhLXJlY2hlIiBjc3RhdGV2ZXJzaW9uZG9jdW1lbnRkYXRlZG9jdW1lbnRzbHVnZG9jdW1lbnRzdGF0dXNkb2N1bWVudHRpdGxlU3RydWN0dXJlcyBkJ2FjY3VlaWxkb2N1bWVudGNvbnRlbnQ8IS0tIHdwOmhlYWRpbmcgY2Fzc2VhbiIgaWQ9ImFzc2lzdGFudGVzLW1hdGVybmVsbGVzIj5BU1NJU1RBTlRFUyBNQVRFUk5FTExFUzwvaDI+CjwhLS0gL3dwOmhlYWRpbmcgLS0+Cgo8IS0tIHdwOmZpbGUgeyJpZCI6MSwiaHJlZiI6Imh0dHBzOi8vd3d3Lm1haXJpZS1nYXNzaW4uZnIvd3AtY29udGVudC91cGxvYWRzLzIwMjYvMC8tMjAyNS5wZGYiLCJkaXNwbGF5UHJldmlldyI6ZmFsc2V9IC0tPgo8ZGl2IGNsYXNzPSJ3cC1ibG9jay1maWxlIj48YSBpZD0id3AtYmxvY2stZmlsZS0tbWVkaWEtYjNhLTAtYi1iYmY3ZiIgaHJlZj0iaHR0cHM6Ly93d3cubWFpcmllLWdhc3Npbi5mci93cC1jb250ZW50L3VwbG9hZHMvMjAyNi8wLy0yMDI1LnBkZiI+TGlzdGUgYXNzaXN0YW50ZXMgbWF0ZXJuZWxsZXMgZXIgMjAyPC9hPjxhIGhyZWY9Imh0dHBzOi8vd3d3Lm1haXJpZS1nYXNzaW4uZnIvd3AtY29udGVudC91cGxvYWRzLzIwMjYvMC8tMjAyNS5wZGYiIGNsYXNzPSJ3cC1ibG9jay1maWxlX19idXR0b24gd3AtZWxlbWVudC1idXR0b24iIGRvd25sb2FkIGFyaWEtZGVzY3JpYmVkYnk9IndwLWJsb2NrLWZpbGUtLW1lZGlhLWIzYS0wLWItYmJmN2YiPlTDqWzDqWNoYXJnZXI8L2E+PC9kaXY+CjwhLS0gL3dwOmZpbGUgLS0+Cgo8IS0tIHdwOmhlYWRpbmcgLS0+CjxoMiBjbGFzcz0id3AtYmxvY2staGVhZGluZyI+Q1JFQ0hFIEhBTFRFIEdBUkRFUklFPC9oMj4KPCEtLSAvd3A6aGVhZGluZyAtLT4KCjwhLS0gd3A6aW1hZ2UgeyJpZCI6MzM0LCJhbGlnbiI6ImxlZnQifSAtLT4KPGZpZ3VyZSBjbGFzcz0id3AtYmxvY2staW1hZ2UgYWxpZ25sZWZ0Ij48aW1nIHNyYz0iaHR0cDovL3d3dy5tYWlyaWUtZ2Fzc2luLmZyL3dwLWNvbnRlbnQvdXBsb2Fkcy8yMDE3LzExL2NyZWNoZTIuanBnIiBhbHQ9IiIgY2xhc3M9IndwLWltYWdlLTMzNCIvPjwvZmlndXJlPgo8IS0tIC93cDppbWFnZSAtLT4KCjwhLS0gd3A6cGFyYWdyYXBoIC0tPgo8cD5MYSBjcsOoY2hlIMKrIExhIERpYWJsZXJpZSDCuyBkZSBHYXNzaW4gYWNjdWVpbGxlIGxlcyBlbmZhbnRzIGRlIDIgbW9pcyBldCBkZW1pIMOgIDMgYW5zLiBQb3VyIHBvdXZvaXIgYsOpbsOpZmljaWVyIGRlIHNlcyBzZXJ2aWNlcywgaWwgZXN0IG7DqWNlc3NhaXJlIGTigJloYWJpdGVyIG91IGRlIHRyYXZhaWxsZXIgc3VyIEdhc3Npbi4gTGVzIGVuZmFudHMgZG9udCBsZXMgcGFyZW50cyB0cmF2YWlsbGVudCBzb250IHByaXMgZW4gcHJpb3JpdMOpLjwvcD4KPCEtLSAvd3A6cGFyYWdyYXBoIC0tPgoKPCEtLSB3cDpwYXJhZ3JhcGggLS0+CjxwPkzigJnDqXRhYmxpc3NlbWVudCwgb3V2ZXJ0IGRlIDggaCDDoCAxOCBoMzAsIGR1IGx1bmRpIGF1IHZlbmRyZWRpLCBhIHVuZSBjYXBhY2l0w6kgZOKAmWFjY3VlaWwgZGUgMjUgZW5mYW50cy4gTGVzIGZlcm1ldHVyZXMgYW5udWVsbGVzIG9udCBsaWV1IDogZW4gw6l0w6kgKGxlcyBkZXV4IHByZW1pw6hyZXMgc2VtYWluZXMgZCdhb8O7dCkgZXQgw6AgTm\/Dq2wgKGxlcyBkZXV4IHNlbWFpbmVzIGRlcyB2YWNhbmNlcyBzY29sYWlyZXMpLjwvcD4KPCEtLSAvd3A6cGFyYWdyYXBoIC0tPgoKPCEtLSB3cDpwYXJhZ3JhcGggLS0+CjxwPlBvdXIgaW5zY3JpcmUgbGVzIGVuZmFudHMsIGlsIHN1ZmZpdCBkZSBzZSBwcsOpc2VudGVyIMOgIGxhIGRpcmVjdHJpY2UgZGUgbGEgY3LDqGNoZSBldCBkZSByZW1wbGlyLCBhdmVjIGVsbGUsIHVuIGRvc3NpZXIuIENldHRlIGluc2NyaXB0aW9uIHBlcm1ldHRyYSBk4oCZw6p0cmUgc3VyIGxhIGxpc3RlIGTigJlhdHRlbnRlLiBMZSB0YXJpZiB2YXJpZSBlbiBmb25jdGlvbiBkZSBs4oCZYXZpcyBk4oCZaW1wb3NpdGlvbiwgbmUgcGFzIG91YmxpZXIgZGUgbOKAmWVtbWVuZXIgbG9ycyBkZSBs4oCZaW5zY3JpcHRpb24uPC9wPgo8IS0tIC93cDpwYXJhZ3JhcGggLS0+Cgo8IS0tIHdwOnBhcmFncmFwaCAtLT4KPHA+UmFwcGVsb25zIMOpZ2FsZW1lbnQsIHF1ZSBsZSBjYXJuZXQgZGUgdmFjY2luYXRpb24gZGUgbOKAmWVuZmFudCBkb2l0IMOqdHJlIMOgIGpvdXIuPC9wPgo8IS0tIC93cDpwYXJhZ3JhcGggLS0+Cgo8IS0tIHdwOnBhcmFncmFwaCAtLT4KPHA+UG91ciBwbHVzIGRlIHJlbnNlaWduZW1lbnRzLCB2b3VzIHBvdXZleiBjb250YWN0ZXIgbGEgY3LDqGNoZSBhdSAwNCA5NCA1NiA1NyAyMiAodMOpbMOpcGhvbmUgLyBmYXgpLCBvdSBwYXIgbWFpbCA6IDxhIGhyZWY9Imh0dHA6Ly9hbmRpbG8xNTE3YXRzZnIuZnIiPmFuZGlsbzE1MTdbYXRdc2ZyLmZyPC9hPjxicj5MYSBjcsOoY2hlIGVzdCBzaXR1w6llIHJ1ZSBkZSBs4oCZQWlyZSBhdSB2aWxsYWdlLCDDoCBjw7R0w6kgZGUgbOKAmcOpY29sZSDDqWzDqW1lbnRhaXJlLjwvcD4KPCEtLSAvd3A6cGFyYWdyYXBoIC0tPgoKPCEtLSB3cDpoZWFkaW5nIC0tPgo8aDIgY2xhc3M9IndwLWJsb2NrLWhlYWRpbmciPk1JQ1JPIENSRUNIRTwvaDI+CjwhLS0gL3dwOmhlYWRpbmcgLS0+Cgo8IS0tIHdwOnBhcmFncmFwaCAtLT4KPHA+R2lvcmRhIEJhbWJpbm8gLSAxNjk2IFJvdXRlIETDqXBhcnRlbWVudGFsZSA4MzU4MCBHQVNTSU48L3A+CjwhLS0gL3dwOnBhcmFncmFwaCAtLT4KCjwhLS0gd3A6cGFyYWdyYXBoIC0tPgo8cD5Db250YWN0IDogMDkgNjcgNzkgMDkgNDU8L3A+CjwhLS0gL3dwOnBhcmFncmFwaCAtLT4KCjwhLS0gd3A6cGFyYWdyYXBoIC0tPgo8cD5tYWlsIDogPGEgaHJlZj0ibWFpbHRvOmdpb3JkYWJhbWJpbm9AZ21haWwuY29tIj5naW9yZGFiYW1iaW5vQGdtYWlsLmNvbTwvYT48L3A+CjwhLS0gL3dwOnBhcmFncmFwaCAtLT5kb2N1bWVudGV4Y2VycHRkb2N1bWVudGF1dGhvcmRvY3VtZW50ZmVhdHVyZWRfbWVkaWFkb2N1bWVudGNvbW1lbnRfc3RhdHVzZG9jdW1lbnRwaW5nX3N0YXR1c2RvY3VtZW50dGVtcGxhdGVkb2N1bWVudG1ldGFfYWNmX2NoYW5nZWRmb290bm90ZXNkb2N1bWVudGJsb2Nrc2NsaWVudElkaXNWYWxpZG9yaWdpbmFsQ29udGVudG5hbWVhdHRyaWJ1dGVzY29udGVudEFTU0lTVEFOVEVTIE1BVEVSTkVMTEVTbGV2ZWxhbmNob3Jpbm5lckJsb2Nrc2NsaWVudElkaXNWYWxpZG9yaWdpbmFsQ29udGVudG5hbWVhdHRyaWJ1dGVzaWRocmVmZmlsZUlkZmlsZU5hbWVMaXN0ZXMgYXNzaXN0YW50ZXMgbWF0ZXJuZWxsZXMgZMOpY2VtYnJlIDIwMjV0ZXh0TGlua0hyZWZzaG93RG93bmxvYWRCdXR0b25kb3dubG9hZEJ1dHRvblRleHRUw6lsw6ljaGFyZ2VyZGlzcGxheVByZXZpZXdwcmV2aWV3SGVpZ2h0aW5uZXJCbG9ja3NjbGllbnRJZGlzVmFsaWRvcmlnaW5hbENvbnRlbnRuYW1lYXR0cmlidXRlc2NvbnRlbnRDUkVDSEUgSEFMVEUgR0FSREVSSUVsZXZlbGFuY2hvcmlubmVyQmxvY2tzY2xpZW50SWRpc1ZhbGlkb3JpZ2luYWxDb250ZW50bmFtZWF0dHJpYnV0ZXN1cmxhbHRjYXB0aW9uaWRhbGlnbmlubmVyQmxvY2tzY2xpZW50SWRpc1ZhbGlkb3JpZ2luYWxDb250ZW50bmFtZWF0dHJpYnV0ZXNjb250ZW50TGEgY3LDqGNoZSDCqyBMYSBEaWFibGVyaWUgwrsgZGUgR2Fzc2luIGFjY3VlaWxsZSBsZXMgZW5mYW50cyBkZSAyIG1vaXMgZXQgZGVtaSDDoCAzIGFucy4gUG91ciBwb3V2b2lyIGLDqW7DqWZpY2llciBkZSBzZXMgc2VydmljZXMsIGlsIGVzdCBuw6ljZXNzYWlyZSBk4oCZaGFiaXRlciBvdSBkZSB0cmF2YWlsbGVyIHN1ciBHYXNzaW4uIExlcyBlbmZhbnRzIGRvbnQgbGVzIHBhcmVudHMgdHJhdmFpbGxlbnQgc29udCBwcmlzIGVuIHByaW9yaXTDqS5kcm9wQ2FwaW5uZXJCbG9ja3NjbGllbnRJZGlzVmFsaWRvcmlnaW5hbENvbnRlbnRuYW1lYXR0cmlidXRlc2NvbnRlbnRM4oCZw6l0YWJsaXNzZW1lbnQsIG91dmVydCBkZSA4IGggw6AgMTggaDMwLCBkdSBsdW5kaSBhdSB2ZW5kcmVkaSwgYSB1bmUgY2FwYWNpdMOpIGTigJlhY2N1ZWlsIGRlIDI1IGVuZmFudHMuIExlcyBmZXJtZXR1cmVzIGFubnVlbGxlcyBvbnQgbGlldSA6IGVuIMOpdMOpIChsZXMgZGV1eCBwcmVtacOocmVzIHNlbWFpbmVzIGQnYW\/Du3QpIGV0IMOgIE5vw6tsIChsZXMgZGV1eCBzZW1haW5lcyBkZXMgdmFjYW5jZXMgc2NvbGFpcmVzKS5kcm9wQ2FwaW5uZXJCbG9ja3NjbGllbnRJZGlzVmFsaWRvcmlnaW5hbENvbnRlbnRuYW1lYXR0cmlidXRlc2NvbnRlbnRQb3VyIGluc2NyaXJlIGxlcyBlbmZhbnRzLCBpbCBzdWZmaXQgZGUgc2UgcHLDqXNlbnRlciDDoCBsYSBkaXJlY3RyaWNlIGRlIGxhIGNyw6hjaGUgZXQgZGUgcmVtcGxpciwgYXZlYyBlbGxlLCB1biBkb3NzaWVyLiBDZXR0ZSBpbnNjcmlwdGlvbiBwZXJtZXR0cmEgZOKAmcOqdHJlIHN1ciBsYSBsaXN0ZSBk4oCZYXR0ZW50ZS4gTGUgdGFyaWYgdmFyaWUgZW4gZm9uY3Rpb24gZGUgbOKAmWF2aXMgZOKAmWltcG9zaXRpb24sIG5lIHBhcyBvdWJsaWVyIGRlIGzigJllbW1lbmVyIGxvcnMgZGUgbOKAmWluc2NyaXB0aW9uLmRyb3BDYXBpbm5lckJsb2Nrc2NsaWVudElkaXNWYWxpZG9yaWdpbmFsQ29udGVudG5hbWVhdHRyaWJ1dGVzY29udGVudFJhcHBlbG9ucyDDqWdhbGVtZW50LCBxdWUgbGUgY2FybmV0IGRlIHZhY2NpbmF0aW9uIGRlIGzigJllbmZhbnQgZG9pdCDDqnRyZSDDoCBqb3VyLmRyb3BDYXBpbm5lckJsb2Nrc2NsaWVudElkaXNWYWxpZG9yaWdpbmFsQ29udGVudG5hbWVhdHRyaWJ1dGVzY29udGVudFBvdXIgcGx1cyBkZSByZW5zZWlnbmVtZW50cywgdm91cyBwb3V2ZXogY29udGFjdGVyIGxhIGNyw6hjaGUgYXUgMDQgOTQgNTYgNTcgMjIgKHTDqWzDqXBob25lIC8gZmF4KSwgb3UgcGFyIG1haWwgOiA8YSBocmVmPSJodHRwOi8vYW5kaWxvMTUxN2F0c2ZyLmZyIj5hbmRpbG8xNTE3W2F0XXNmci5mcjwvYT48YnI+TGEgY3LDqGNoZSBlc3Qgc2l0dcOpZSBydWUgZGUgbOKAmUFpcmUgYXUgdmlsbGFnZSwgw6AgY8O0dMOpIGRlIGzigJnDqWNvbGUgw6lsw6ltZW50YWlyZS5kcm9wQ2FwaW5uZXJCbG9ja3NjbGllbnRJZGlzVmFsaWRvcmlnaW5hbENvbnRlbnRuYW1lYXR0cmlidXRlc2NvbnRlbnRNSUNSTyBDUkVDSEVsZXZlbGlubmVyQmxvY2tzY2xpZW50SWRpc1ZhbGlkb3JpZ2luYWxDb250ZW50bmFtZWF0dHJpYnV0ZXNjb250ZW50R2lvcmRhIEJhbWJpbm8gLSAxNjk2IFJvdXRlIETDqXBhcnRlbWVudGFsZSA4MzU4MCBHQVNTSU5kcm9wQ2FwaW5uZXJCbG9ja3NjbGllbnRJZGlzVmFsaWRvcmlnaW5hbENvbnRlbnRuYW1lYXR0cmlidXRlc2NvbnRlbnRDb250YWN0IDogMDkgNjcgNzkgMDkgNDVkcm9wQ2FwaW5uZXJCbG9ja3NjbGllbnRJZGlzVmFsaWRvcmlnaW5hbENvbnRlbnRuYW1lYXR0cmlidXRlc2NvbnRlbnRtYWlsIDogPGEgaHJlZj0ibWFpbHRvOmdpb3JkYWJhbWJpbm9AZ21haWwuY29tIj5naW9yZGFiYW1iaW5vQGdtYWlsLmNvbTwvYT5kcm9wQ2FwaW5uZXJCbG9ja3MFBwUHBQcDQQAMAwoDBAIJAhMERgBDAAUBCBkEAQlBAAUDAUIAAwECBQZBAAlBAAUDBUEACUEABQMBQgADAQIFBgENCQEHCAUHCAQIBAgGCAUUCAcQAQNBAxyIAT9BBJkBQQgCAT5BBAsZQQAEgwFBBKYBQQgCATtBAAYBF7gfCAcIBggOCA4IC0gBBAwJCAYIBw8ECgcXBQYLCAcPBAoCBAYIKUEBDFIACw4NCwgHDwQKBxUFBgsIBw8ECkMABwIFCwgHDwQKB7cDBwsIBw8ECgesAwcLCAcPBAoHmAQHCwgHDwQKB48BBwsIBw8ECge9AwcLCAcPBAoHDAULCAcPBAoHNwcLCAcPBAoHGAcLCAcPBAoHiwEHCw8BBwAAAQAAAAEGAAEBAAA5QgEBAEEAAgBBAEIAAEEAAgBBAAIAQQACAEEAAgBBAAIAQQACAEEAAgBBAAIAQQACAEEAAgBBAAIAKkEJCAEMAgEEAQYhBkIAAQIDAgEEAQYhAQMCQQEGIQZCAAECAwIBBA9BUQJIAH0Be0J52z+YLHAAfbW2\/44OfYTAAXdUaHR0cHM6Ly93d3cubWFpcmllLWdhc3Npbi5mci93cC1jb250ZW50L3VwbG9hZHMvMjAyNi8wNC9ET0MyMjA0MjYtMjIwNDIwMjYwODU4MDcucGRmdzl3cC1ibG9jay1maWxlLS1tZWRpYS0xYjMzMWEzMi04ZmUwLTRiODItYmJhOC1jN2Y3ZDY5OTVlZjd3VGh0dHBzOi8vd3d3Lm1haXJpZS1nYXNzaW4uZnIvd3AtY29udGVudC91cGxvYWRzLzIwMjYvMDQvRE9DMjIwNDI2LTIyMDQyMDI2MDg1ODA3LnBkZo4CAHcTMjAxNy0xMS0yMVQyMToyMjo0NXcTc3RydWN0dXJlcy1kYWNjdWVpbHcHcHVibGlzaH0LfQB3BmNsb3NlZHcGY2xvc2VkdwB5dwB3JDk3OTEzZTJhLTRjNTItNDk1My04NzI0LTMzOTczNzg0MGExM3h3VjxoMiBjbGFzcz0id3AtYmxvY2staGVhZGluZyIgaWQ9ImFzc2lzdGFudGVzLW1hdGVybmVsbGVzIj5BU1NJU1RBTlRFUyBNQVRFUk5FTExFUzwvaDI+dwxjb3JlL2hlYWRpbmd9AncXYXNzaXN0YW50ZXMtbWF0ZXJuZWxsZXN3JDFiMzMxYTMyLThmZTAtNGI4Mi1iYmE4LWM3ZjdkNjk5NWVmN3h3jgQ8ZGl2IGNsYXNzPSJ3cC1ibG9jay1maWxlIj48YSBpZD0id3AtYmxvY2stZmlsZS0tbWVkaWEtYjUwYjk4NDMtNWFiYy00MDdkLWI3YzUtZmViNmI0ZDQxZjdmIiBocmVmPSJodHRwczovL3d3dy5tYWlyaWUtZ2Fzc2luLmZyL3dwLWNvbnRlbnQvdXBsb2Fkcy8yMDI2LzAxL0xpc3Rlcy1hc3Npc3RhbnRlcy1tYXRlcm5lbGxlcy1kZWNlbWJyZS0yMDI1LnBkZiI+TGlzdGVzIGFzc2lzdGFudGVzIG1hdGVybmVsbGVzIGTDqWNlbWJyZSAyMDI1PC9hPjxhIGhyZWY9Imh0dHBzOi8vd3d3Lm1haXJpZS1nYXNzaW4uZnIvd3AtY29udGVudC91cGxvYWRzLzIwMjYvMDEvTGlzdGVzLWFzc2lzdGFudGVzLW1hdGVybmVsbGVzLWRlY2VtYnJlLTIwMjUucGRmIiBjbGFzcz0id3AtYmxvY2stZmlsZV9fYnV0dG9uIHdwLWVsZW1lbnQtYnV0dG9uIiBkb3dubG9hZCBhcmlhLWRlc2NyaWJlZGJ5PSJ3cC1ibG9jay1maWxlLS1tZWRpYS1iNTBiOTg0My01YWJjLTQwN2QtYjdjNS1mZWI2YjRkNDFmN2YiPlTDqWzDqWNoYXJnZXI8L2E+PC9kaXY+dwljb3JlL2ZpbGV9vLQBd2hodHRwczovL3d3dy5tYWlyaWUtZ2Fzc2luLmZyL3dwLWNvbnRlbnQvdXBsb2Fkcy8yMDI2LzAxL0xpc3Rlcy1hc3Npc3RhbnRlcy1tYXRlcm5lbGxlcy1kZWNlbWJyZS0yMDI1LnBkZnc5d3AtYmxvY2stZmlsZS0tbWVkaWEtYjUwYjk4NDMtNWFiYy00MDdkLWI3YzUtZmViNmI0ZDQxZjdmd2hodHRwczovL3d3dy5tYWlyaWUtZ2Fzc2luLmZyL3dwLWNvbnRlbnQvdXBsb2Fkcy8yMDI2LzAxL0xpc3Rlcy1hc3Npc3RhbnRlcy1tYXRlcm5lbGxlcy1kZWNlbWJyZS0yMDI1LnBkZnh5fZgJdyQ1ZThlNWQ2My0xNWY2LTQ4ODQtODYxZC1hOWY0NzIyMjk5OTh4d0Y8aDIgY2xhc3M9IndwLWJsb2NrLWhlYWRpbmciIGlkPSJsYS1jcmVjaGUiPkNSRUNIRSBIQUxURSBHQVJERVJJRTwvaDI+dwxjb3JlL2hlYWRpbmd9AncJbGEtY3JlY2hldyRjNzllYmQwYS1hNzhmLTQ5NWEtYjk0Mi05MjYzMDA5NWNkZTR4d50BPGZpZ3VyZSBjbGFzcz0id3AtYmxvY2staW1hZ2UgYWxpZ25sZWZ0Ij48aW1nIHNyYz0iaHR0cDovL3d3dy5tYWlyaWUtZ2Fzc2luLmZyL3dwLWNvbnRlbnQvdXBsb2Fkcy8yMDE3LzExL2NyZWNoZTIuanBnIiBhbHQ9IiIgY2xhc3M9IndwLWltYWdlLTMzNCIvPjwvZmlndXJlPncKY29yZS9pbWFnZXdCaHR0cDovL3d3dy5tYWlyaWUtZ2Fzc2luLmZyL3dwLWNvbnRlbnQvdXBsb2Fkcy8yMDE3LzExL2NyZWNoZTIuanBndwB9jgV3BGxlZnR3JGFiOTA0ZTI0LTY5NzItNGMzNy04NGIzLWIxNmJkZGNhNmNmN3h3iAI8cD5MYSBjcsOoY2hlIMKrIExhIERpYWJsZXJpZSDCuyBkZSBHYXNzaW4gYWNjdWVpbGxlIGxlcyBlbmZhbnRzIGRlIDIgbW9pcyBldCBkZW1pIMOgIDMgYW5zLiBQb3VyIHBvdXZvaXIgYsOpbsOpZmljaWVyIGRlIHNlcyBzZXJ2aWNlcywgaWwgZXN0IG7DqWNlc3NhaXJlIGTigJloYWJpdGVyIG91IGRlIHRyYXZhaWxsZXIgc3VyIEdhc3Npbi4gTGVzIGVuZmFudHMgZG9udCBsZXMgcGFyZW50cyB0cmF2YWlsbGVudCBzb250IHByaXMgZW4gcHJpb3JpdMOpLjwvcD53DmNvcmUvcGFyYWdyYXBoeXckOTUyMzAwZmItNGY4Mi00ZWExLTg0YmQtMjU4ODliODk0YTIyeHeAAjxwPkzigJnDqXRhYmxpc3NlbWVudCwgb3V2ZXJ0IGRlIDggaCDDoCAxOCBoMzAsIGR1IGx1bmRpIGF1IHZlbmRyZWRpLCBhIHVuZSBjYXBhY2l0w6kgZOKAmWFjY3VlaWwgZGUgMjUgZW5mYW50cy4gTGVzIGZlcm1ldHVyZXMgYW5udWVsbGVzIG9udCBsaWV1IDogZW4gw6l0w6kgKGxlcyBkZXV4IHByZW1pw6hyZXMgc2VtYWluZXMgZCdhb8O7dCkgZXQgw6AgTm\/Dq2wgKGxlcyBkZXV4IHNlbWFpbmVzIGRlcyB2YWNhbmNlcyBzY29sYWlyZXMpLjwvcD53DmNvcmUvcGFyYWdyYXBoeXckM2FiYzA1Y2MtYTRjMS00ZjQ0LWFiOTUtOGQwNmZmMzE0MjYweHevAjxwPlBvdXIgaW5zY3JpcmUgbGVzIGVuZmFudHMsIGlsIHN1ZmZpdCBkZSBzZSBwcsOpc2VudGVyIMOgIGxhIGRpcmVjdHJpY2UgZGUgbGEgY3LDqGNoZSBldCBkZSByZW1wbGlyLCBhdmVjIGVsbGUsIHVuIGRvc3NpZXIuIENldHRlIGluc2NyaXB0aW9uIHBlcm1ldHRyYSBk4oCZw6p0cmUgc3VyIGxhIGxpc3RlIGTigJlhdHRlbnRlLiBMZSB0YXJpZiB2YXJpZSBlbiBmb25jdGlvbiBkZSBs4oCZYXZpcyBk4oCZaW1wb3NpdGlvbiwgbmUgcGFzIG91YmxpZXIgZGUgbOKAmWVtbWVuZXIgbG9ycyBkZSBs4oCZaW5zY3JpcHRpb24uPC9wPncOY29yZS9wYXJhZ3JhcGh5dyQzMzVhMzU0My03NjRhLTQzMzItYjFmMy1iYjI5ZTU2OGNlYzJ4d1s8cD5SYXBwZWxvbnMgw6lnYWxlbWVudCwgcXVlIGxlIGNhcm5ldCBkZSB2YWNjaW5hdGlvbiBkZSBs4oCZZW5mYW50IGRvaXQgw6p0cmUgw6Agam91ci48L3A+dw5jb3JlL3BhcmFncmFwaHl3JDZkZTUyZmRmLWY2Y2MtNDEwMy1hNTI3LWI4YjA5OGM4N2U4NXh3kwI8cD5Qb3VyIHBsdXMgZGUgcmVuc2VpZ25lbWVudHMsIHZvdXMgcG91dmV6IGNvbnRhY3RlciBsYSBjcsOoY2hlIGF1IDA0IDk0IDU2IDU3IDIyICh0w6lsw6lwaG9uZSAvIGZheCksIG91IHBhciBtYWlsIDogPGEgaHJlZj0iaHR0cDovL2FuZGlsbzE1MTdhdHNmci5mciI+YW5kaWxvMTUxN1thdF1zZnIuZnI8L2E+PGJyPkxhIGNyw6hjaGUgZXN0IHNpdHXDqWUgcnVlIGRlIGzigJlBaXJlIGF1IHZpbGxhZ2UsIMOgIGPDtHTDqSBkZSBs4oCZw6ljb2xlIMOpbMOpbWVudGFpcmUuPC9wPncOY29yZS9wYXJhZ3JhcGh5dyRkMjFiMDRhMS05ZjRkLTQ4ODMtYjk0NC1hZmU1NjRkNzY0M2J4dy48aDIgY2xhc3M9IndwLWJsb2NrLWhlYWRpbmciPk1JQ1JPIENSRUNIRTwvaDI+dwxjb3JlL2hlYWRpbmd9AnckNTAwZGI4YjUtMWFkNy00OTAyLWFmMzQtM2Q1ZDYwZTE2MTRleHc\/PHA+R2lvcmRhIEJhbWJpbm8gLSAxNjk2IFJvdXRlIETDqXBhcnRlbWVudGFsZSA4MzU4MCBHQVNTSU48L3A+dw5jb3JlL3BhcmFncmFwaHl3JGQzYWQ3MmZmLTRhYWEtNGE0MC05MjJmLTIwM2Q0ZGI3MzM1ZHh3HzxwPkNvbnRhY3QgOiAwOSA2NyA3OSAwOSA0NTwvcD53DmNvcmUvcGFyYWdyYXBoeXckNTQyYmM0NjYtYTBkYi00NGQ1LWE0NTUtZGE5ZGEwOTk4NjUweHdSPHA+bWFpbCA6IDxhIGhyZWY9Im1haWx0bzpnaW9yZGFiYW1iaW5vQGdtYWlsLmNvbSI+Z2lvcmRhYmFtYmlub0BnbWFpbC5jb208L2E+PC9wPncOY29yZS9wYXJhZ3JhcGh5ArXbv4cHBAYTCwIEAQkB2pfNvAEqAAApBwEAAwsCAQEAZgM\/AAEFASBeBQEBAQEBAAEBAgIBAQEAAQNBAAEFASAPABkCAQEBAAQAQwABBQEgawUBAQEBAQABAQICAQEBAAEDXg6pEAIBLA==\",\"updateId\":351492803}","footnotes":""},"class_list":["post-333","page","type-page","status-publish","hentry"],"acf":[],"_links":{"self":[{"href":"https:\/\/www.mairie-gassin.fr\/fr\/wp-json\/wp\/v2\/pages\/333","targetHints":{"allow":["GET"]}}],"collection":[{"href":"https:\/\/www.mairie-gassin.fr\/fr\/wp-json\/wp\/v2\/pages"}],"about":[{"href":"https:\/\/www.mairie-gassin.fr\/fr\/wp-json\/wp\/v2\/types\/page"}],"author":[{"embeddable":true,"href":"https:\/\/www.mairie-gassin.fr\/fr\/wp-json\/wp\/v2\/users\/11"}],"replies":[{"embeddable":true,"href":"https:\/\/www.mairie-gassin.fr\/fr\/wp-json\/wp\/v2\/comments?post=333"}],"version-history":[{"count":54,"href":"https:\/\/www.mairie-gassin.fr\/fr\/wp-json\/wp\/v2\/pages\/333\/revisions"}],"predecessor-version":[{"id":12294,"href":"https:\/\/www.mairie-gassin.fr\/fr\/wp-json\/wp\/v2\/pages\/333\/revisions\/12294"}],"up":[{"embeddable":true,"href":"https:\/\/www.mairie-gassin.fr\/fr\/wp-json\/wp\/v2\/pages\/46"}],"wp:attachment":[{"href":"https:\/\/www.mairie-gassin.fr\/fr\/wp-json\/wp\/v2\/media?parent=333"}],"curies":[{"name":"wp","href":"https:\/\/api.w.org\/{rel}","templated":true}]}}