{"id":337,"date":"2017-11-21T21:24:11","date_gmt":"2017-11-21T20:24:11","guid":{"rendered":"http:\/\/www.mairie-gassin.fr\/?page_id=337"},"modified":"2022-07-13T14:49:49","modified_gmt":"2022-07-13T12:49:49","slug":"pmi-caf-et-cpam","status":"publish","type":"page","link":"https:\/\/www.mairie-gassin.fr\/fr\/famille\/pmi-caf-et-cpam\/","title":{"rendered":"PMI, CAF et CPAM"},"content":{"rendered":"\n<h2 class=\"wp-block-heading\">CAF<\/h2>\n\n\n\n<p class=\"wp-block-paragraph\">Il n&rsquo;y a plus de permanences CAF.<br>Vous pouvez faire certaines d\u00e9marches en ligne sur le site de la CAF (<a href=\"http:\/\/www.caf.fr\/\">www.caf.fr<\/a>) ou par t\u00e9l\u00e9phone : 3230.<\/p>\n\n\n\n<p class=\"wp-block-paragraph\">La r\u00e9forme des Aides au logement prend effet d\u00e8s le 1<sup>er<\/sup> janvier 2021, et impactera 93&nbsp;000 allocataires dans le d\u00e9partement. Les ressources les plus r\u00e9centes des b\u00e9n\u00e9ficiaires seront d\u00e9sormais prises en compte pour le calcul du montant de leur allocation.<\/p>\n\n\n\n<p class=\"wp-block-paragraph\">Vous trouverez ci-dessous les informations relatives \u00e0 ces aides.<\/p>\n\n\n\n<div class=\"wp-block-file\"><a id=\"wp-block-file--media-ea81753d-c63e-492b-88c0-8b2eda255723\" href=\"https:\/\/www.mairie-gassin.fr\/wp-content\/uploads\/2020\/12\/Refome-des-aides-au-logement.pdf\">R\u00e9forme des aides au logement<\/a><a href=\"https:\/\/www.mairie-gassin.fr\/wp-content\/uploads\/2020\/12\/Refome-des-aides-au-logement.pdf\" class=\"wp-block-file__button\" download aria-describedby=\"wp-block-file--media-ea81753d-c63e-492b-88c0-8b2eda255723\">T\u00e9l\u00e9charger<\/a><\/div>\n\n\n\n<h2 class=\"wp-block-heading\">PMI<\/h2>\n\n\n\n<p class=\"wp-block-paragraph\">Les centres PMI sont situ\u00e9s dans les centres m\u00e9dicaux sociaux. Ils sont joignables aux m\u00eames heures d\u2019ouverture.<br>Pour le secteur de <strong>Saint-Tropez<\/strong>, vous pouvez contacter le centre au 04 83 95 40 60. Il se situe Avenue Georges Cl\u00e9menceau, Square Jean Moulin \u00e0 Cogolin.<\/p>\n\n\n\n<h2 class=\"wp-block-heading\">CPAM<\/h2>\n\n\n\n<p class=\"wp-block-paragraph\">3646 Service gratuit + prix appel Du lundi au vendredi, de 8h30 \u00e0 17h30.<br>Pour acc\u00e9der \u00e0 tous les t\u00e9l\u00e9services 24h\/24, connectez-vous \u00e0 votre compte ameli ou cr\u00e9ez un compte sur <a rel=\"noreferrer noopener\" href=\"https:\/\/www.ameli.fr\/var\/assure\" target=\"_blank\">ameli.fr<\/a>.  Pour faciliter les r\u00e9ponses \u00e0 vos questions, pensez \u00e0 vous munir de votre carte Vitale avant de contacter votre CPAM. Depuis l&rsquo;\u00e9tranger composez le <strong>+33 184 90 36 46<\/strong> (service gratuit + prix d&rsquo;un appel, variable selon l&rsquo;op\u00e9rateur t\u00e9l\u00e9phonique).<\/p>\n","protected":false},"excerpt":{"rendered":"<p>CAF Il n&rsquo;y a plus de permanences CAF.Vous pouvez faire certaines d\u00e9marches en ligne sur le site de la CAF (www.caf.fr) ou par t\u00e9l\u00e9phone : 3230. La r\u00e9forme des Aides au logement prend effet d\u00e8s le 1er janvier 2021, et impactera 93&nbsp;000 allocataires dans le d\u00e9partement. Les ressources les plus r\u00e9centes des b\u00e9n\u00e9ficiaires seront d\u00e9sormais<a class=\"excerpt-read-more\" href=\"https:\/\/www.mairie-gassin.fr\/fr\/famille\/pmi-caf-et-cpam\/\" title=\"ReadPMI, CAF et CPAM\">&#8230; Read more &raquo;<\/a><\/p>\n","protected":false},"author":11,"featured_media":0,"parent":46,"menu_order":80,"comment_status":"closed","ping_status":"closed","template":"","meta":{"_acf_changed":false,"_crdt_document":"","footnotes":""},"class_list":["post-337","page","type-page","status-publish","hentry"],"acf":[],"_links":{"self":[{"href":"https:\/\/www.mairie-gassin.fr\/fr\/wp-json\/wp\/v2\/pages\/337","targetHints":{"allow":["GET"]}}],"collection":[{"href":"https:\/\/www.mairie-gassin.fr\/fr\/wp-json\/wp\/v2\/pages"}],"about":[{"href":"https:\/\/www.mairie-gassin.fr\/fr\/wp-json\/wp\/v2\/types\/page"}],"author":[{"embeddable":true,"href":"https:\/\/www.mairie-gassin.fr\/fr\/wp-json\/wp\/v2\/users\/11"}],"replies":[{"embeddable":true,"href":"https:\/\/www.mairie-gassin.fr\/fr\/wp-json\/wp\/v2\/comments?post=337"}],"version-history":[{"count":8,"href":"https:\/\/www.mairie-gassin.fr\/fr\/wp-json\/wp\/v2\/pages\/337\/revisions"}],"predecessor-version":[{"id":3946,"href":"https:\/\/www.mairie-gassin.fr\/fr\/wp-json\/wp\/v2\/pages\/337\/revisions\/3946"}],"up":[{"embeddable":true,"href":"https:\/\/www.mairie-gassin.fr\/fr\/wp-json\/wp\/v2\/pages\/46"}],"wp:attachment":[{"href":"https:\/\/www.mairie-gassin.fr\/fr\/wp-json\/wp\/v2\/media?parent=337"}],"curies":[{"name":"wp","href":"https:\/\/api.w.org\/{rel}","templated":true}]}}