{"id":339,"date":"2017-11-21T21:27:06","date_gmt":"2017-11-21T20:27:06","guid":{"rendered":"http:\/\/www.mairie-gassin.fr\/?page_id=339"},"modified":"2019-09-18T15:21:25","modified_gmt":"2019-09-18T13:21:25","slug":"infos-utiles","status":"publish","type":"page","link":"https:\/\/www.mairie-gassin.fr\/fr\/famille\/infos-utiles\/","title":{"rendered":"Infos utiles"},"content":{"rendered":"\n<p class=\"wp-block-paragraph\"><strong>Les d\u00e9clarations des naissances<\/strong> ayant eu lieu au P\u00f4le de Sant\u00e9 sont \u00e0 faire \u00e0 la Mairie de Gassin (dans le village).<br>\nLe d\u00e9lai pour faire la d\u00e9claration est de 5 jours. Au-del\u00e0, la Mairie ne pourra plus enregistrer la naissance et les parents devront saisir le Procureur de la R\u00e9publique pour l\u2019enregistrement.<\/p>\n\n\n\n<p class=\"wp-block-paragraph\"><strong>Les papiers \u00e0 fournir<\/strong> sont le livret de famille, les actes de naissance des parents, les pi\u00e8ces d\u2019identit\u00e9 des parents, un justificatif de domicile (pour les deux parents s&rsquo;ils ne sont pas mari\u00e9s), \u00e9ventuellement si elle a \u00e9t\u00e9 faite la reconnaissance anticip\u00e9e ainsi que les documents fournis par la maternit\u00e9 que<strong> les parents doivent compl\u00e9ter avant de venir d\u00e9clarer<\/strong> l\u2019enfant \u00e0 la Mairie.<\/p>\n\n\n\n<p class=\"wp-block-paragraph\">Les d\u00e9clarations sont prises <strong>du lundi au vendredi, de 9 h 30 \u00e0 11 h 30 et de 14 h \u00e0 16 h<\/strong>.<br>\nPour plus de renseignements, contactez la Mairie au 04 94 56 62 00.<\/p>\n\n\n\n<p class=\"wp-block-paragraph\">Pour les <strong>urgences p\u00e9diatriques<\/strong>, le centre le plus proche est celui de l\u2019h\u00f4pital de Fr\u00e9jus.<br>\n<a href=\"https:\/\/www.chi-fsr.fr\/pediatrie\/\">www.chi-fsr.fr\/pediatrie<\/a><\/p>\n\n\n\n<p class=\"wp-block-paragraph\">Si vous cherchez <strong>un p\u00e9diatre dans le Golfe de Saint-Tropez<\/strong>, vous pouvez contacter :<\/p>\n\n\n\n<p class=\"wp-block-paragraph\">A Sainte-Maxime :<\/p>\n\n\n\n<ul class=\"wp-block-list\"><li>DUMAS Corinne, 21 avenue de Saint Exup\u00e9ry, 04 94 49 08 88<\/li><li>HAIDAR Hossein, 21 avenue de Saint Exup\u00e9ry, 04 94 49 08 88<\/li><\/ul>\n\n\n\n<p class=\"wp-block-paragraph\">Pour joindre, <strong>le centre anti-poison<\/strong> le plus proche, appelez le 04 91 75 25 25<\/p>\n\n\n\n<p class=\"wp-block-paragraph\">Nous vous rappelons \u00e9galement que les accidents domestiques sont la cause de 20 000 d\u00e9c\u00e8s par an. Pour les \u00e9viter, n\u2019h\u00e9sitez pas \u00e0 consulter le site des accidents domestiques.<\/p>\n\n\n\n<p class=\"wp-block-paragraph\"><a href=\"http:\/\/www.accidents-domestiques.com\/\">www.accidents-domestiques.com<\/a><\/p>\n","protected":false},"excerpt":{"rendered":"<p>Les d\u00e9clarations des naissances ayant eu lieu au P\u00f4le de Sant\u00e9 sont \u00e0 faire \u00e0 la Mairie de Gassin (dans le village). Le d\u00e9lai pour faire la d\u00e9claration est de 5 jours. Au-del\u00e0, la Mairie ne pourra plus enregistrer la naissance et les parents devront saisir le Procureur de la R\u00e9publique pour l\u2019enregistrement. Les papiers<a class=\"excerpt-read-more\" href=\"https:\/\/www.mairie-gassin.fr\/fr\/famille\/infos-utiles\/\" title=\"ReadInfos utiles\">&#8230; Read more &raquo;<\/a><\/p>\n","protected":false},"author":11,"featured_media":0,"parent":46,"menu_order":81,"comment_status":"closed","ping_status":"closed","template":"","meta":{"_acf_changed":false,"_crdt_document":"","footnotes":""},"class_list":["post-339","page","type-page","status-publish","hentry"],"acf":[],"_links":{"self":[{"href":"https:\/\/www.mairie-gassin.fr\/fr\/wp-json\/wp\/v2\/pages\/339","targetHints":{"allow":["GET"]}}],"collection":[{"href":"https:\/\/www.mairie-gassin.fr\/fr\/wp-json\/wp\/v2\/pages"}],"about":[{"href":"https:\/\/www.mairie-gassin.fr\/fr\/wp-json\/wp\/v2\/types\/page"}],"author":[{"embeddable":true,"href":"https:\/\/www.mairie-gassin.fr\/fr\/wp-json\/wp\/v2\/users\/11"}],"replies":[{"embeddable":true,"href":"https:\/\/www.mairie-gassin.fr\/fr\/wp-json\/wp\/v2\/comments?post=339"}],"version-history":[{"count":3,"href":"https:\/\/www.mairie-gassin.fr\/fr\/wp-json\/wp\/v2\/pages\/339\/revisions"}],"predecessor-version":[{"id":1696,"href":"https:\/\/www.mairie-gassin.fr\/fr\/wp-json\/wp\/v2\/pages\/339\/revisions\/1696"}],"up":[{"embeddable":true,"href":"https:\/\/www.mairie-gassin.fr\/fr\/wp-json\/wp\/v2\/pages\/46"}],"wp:attachment":[{"href":"https:\/\/www.mairie-gassin.fr\/fr\/wp-json\/wp\/v2\/media?parent=339"}],"curies":[{"name":"wp","href":"https:\/\/api.w.org\/{rel}","templated":true}]}}