{"id":34,"date":"2017-11-06T23:46:59","date_gmt":"2017-11-06T22:46:59","guid":{"rendered":"http:\/\/www.mairie-gassin.fr\/?page_id=34"},"modified":"2022-11-03T16:45:19","modified_gmt":"2022-11-03T15:45:19","slug":"patrimoine","status":"publish","type":"page","link":"https:\/\/www.mairie-gassin.fr\/fr\/notre-commune\/patrimoine\/","title":{"rendered":"Patrimoine"},"content":{"rendered":"<div class=\"wp-block-image\">\n<figure class=\"alignleft\"><img loading=\"lazy\" decoding=\"async\" width=\"333\" height=\"220\" src=\"http:\/\/www.mairie-gassin.fr\/wp-content\/uploads\/2017\/11\/2-13-table.jpg\" alt=\"\" class=\"wp-image-35\" srcset=\"https:\/\/www.mairie-gassin.fr\/wp-content\/uploads\/2017\/11\/2-13-table.jpg 333w, https:\/\/www.mairie-gassin.fr\/wp-content\/uploads\/2017\/11\/2-13-table-300x198.jpg 300w\" sizes=\"auto, (max-width: 333px) 100vw, 333px\" \/><\/figure>\n<\/div>\n\n\n<p class=\"wp-block-paragraph\">Le <strong>patrimoine naturel<\/strong> de la commune de Gassin est constitu\u00e9 d&rsquo;un environnement pr\u00e9serv\u00e9 avec d&rsquo;importants espaces forestiers notamment, abritant une faune et une flore typique.<\/p>\n\n\n\n<p class=\"wp-block-paragraph\">La commune a su garder ses <strong>exploitations viticoles et agricoles<\/strong>, tout en d\u00e9veloppant le secteur tertiaire (P\u00f4le de Sant\u00e9, Lyc\u00e9e du Golfe, Coll\u00e8ge Victor Hugo, etc.).<\/p>\n\n\n\n<p class=\"wp-block-paragraph\">Mais Gassin, c\u2019est aussi un patrimoine architectural et historique. L&rsquo;<strong>\u00e9glise Notre-Dame-de-l\u2019Assomption<\/strong> du village date de 1558. La Chapelle Notre-Dame-de-la-Consolation, situ\u00e9e en contrebas du village, au milieu des bois, est encore plus ancienne. Elle fut l&rsquo;\u00e9glise paroissiale au XI<sup>e<\/sup> si\u00e8cle.<\/p>\n\n\n\n<p class=\"wp-block-paragraph\">La mairie a \u00e9t\u00e9 b\u00e2tie en 1584 au-dessus du four banal. \u00c0 l\u2019origine, l\u2019h\u00f4tel de ville n\u2019\u00e9tait compos\u00e9 que d\u2019une seule pi\u00e8ce (la droite de l\u2019actuel rez-de-chauss\u00e9e) et s&rsquo;est agrandie comme ses comp\u00e9tences : \u00e9tat civil, urbanisme, \u00e9v\u00e9nementiel, tourisme, etc. Au XIX<sup>e<\/sup> si\u00e8cle, elle abritait \u00e9galement l&rsquo;\u00e9cole du village.<\/p>\n\n\n\n<p class=\"wp-block-paragraph\"><strong>Les noms des rues du village sont \u00e0 eux seuls des symboles de l\u2019histoire de la commune. Le \u00ab Passage du Guet \u00bb, la \u00ab Porte des Sarrazins \u00bb ou la \u00ab Rue du Fort \u00bb sont autant de r\u00e9f\u00e9rences \u00e0 un pass\u00e9 tumultueux. N\u2019oublions pas non plus \u00ab L\u2019Androuno \u00bb la plus petite rue au monde, qui ne laisse passer qu\u2019une personne \u00e0 la fois !<\/strong><\/p>\n\n\n\n<p class=\"wp-block-paragraph\">Parcourant ses ruelles pittoresques, le visiteur a la chance de d\u00e9couvrir une douzaine de portes anciennes b\u00e2ties en serpentine ou en basalte.<\/p>\n\n\n\n<p class=\"wp-block-paragraph\">La serpentine, de couleur verte et le basalte, gris ou noir, sont des roches m\u00e9tamorphiques et volcaniques extraites des carri\u00e8res locales. Elles sont un \u00e9l\u00e9ment d\u00e9coratif caract\u00e9ristique de l\u2019identit\u00e9 locale.<\/p>\n\n\n\n<p class=\"wp-block-paragraph\">Situ\u00e9es au centre du village, ces portes sont dat\u00e9es des XV<sup>e<\/sup> au XVII<sup>e<\/sup> si\u00e8cles. La plus ancienne, fait exceptionnel, porte le mill\u00e9sime de 1422.<\/p>\n\n\n<div class=\"wp-block-image\">\n<figure class=\"alignleft\"><img loading=\"lazy\" decoding=\"async\" width=\"333\" height=\"219\" src=\"http:\/\/www.mairie-gassin.fr\/wp-content\/uploads\/2017\/11\/ruelle.jpg\" alt=\"\" class=\"wp-image-36\" srcset=\"https:\/\/www.mairie-gassin.fr\/wp-content\/uploads\/2017\/11\/ruelle.jpg 333w, https:\/\/www.mairie-gassin.fr\/wp-content\/uploads\/2017\/11\/ruelle-300x197.jpg 300w\" sizes=\"auto, (max-width: 333px) 100vw, 333px\" \/><\/figure>\n<\/div>\n\n<div class=\"wp-block-image\">\n<figure class=\"alignleft\"><img loading=\"lazy\" decoding=\"async\" width=\"300\" height=\"225\" src=\"http:\/\/www.mairie-gassin.fr\/wp-content\/uploads\/2017\/11\/porte-1422-300x225.jpg\" alt=\"\" class=\"wp-image-37\" srcset=\"https:\/\/www.mairie-gassin.fr\/wp-content\/uploads\/2017\/11\/porte-1422-300x225.jpg 300w, https:\/\/www.mairie-gassin.fr\/wp-content\/uploads\/2017\/11\/porte-1422.jpg 333w\" sizes=\"auto, (max-width: 300px) 100vw, 300px\" \/><\/figure>\n<\/div>","protected":false},"excerpt":{"rendered":"<p>Le patrimoine naturel de la commune de Gassin est constitu\u00e9 d&rsquo;un environnement pr\u00e9serv\u00e9 avec d&rsquo;importants espaces forestiers notamment, abritant une faune et une flore typique. La commune a su garder ses exploitations viticoles et agricoles, tout en d\u00e9veloppant le secteur tertiaire (P\u00f4le de Sant\u00e9, Lyc\u00e9e du Golfe, Coll\u00e8ge Victor Hugo, etc.). Mais Gassin, c\u2019est aussi<a class=\"excerpt-read-more\" href=\"https:\/\/www.mairie-gassin.fr\/fr\/notre-commune\/patrimoine\/\" title=\"ReadPatrimoine\">&#8230; Read more &raquo;<\/a><\/p>\n","protected":false},"author":11,"featured_media":0,"parent":40,"menu_order":42,"comment_status":"closed","ping_status":"closed","template":"","meta":{"_acf_changed":false,"_crdt_document":"","footnotes":""},"class_list":["post-34","page","type-page","status-publish","hentry"],"acf":[],"_links":{"self":[{"href":"https:\/\/www.mairie-gassin.fr\/fr\/wp-json\/wp\/v2\/pages\/34","targetHints":{"allow":["GET"]}}],"collection":[{"href":"https:\/\/www.mairie-gassin.fr\/fr\/wp-json\/wp\/v2\/pages"}],"about":[{"href":"https:\/\/www.mairie-gassin.fr\/fr\/wp-json\/wp\/v2\/types\/page"}],"author":[{"embeddable":true,"href":"https:\/\/www.mairie-gassin.fr\/fr\/wp-json\/wp\/v2\/users\/11"}],"replies":[{"embeddable":true,"href":"https:\/\/www.mairie-gassin.fr\/fr\/wp-json\/wp\/v2\/comments?post=34"}],"version-history":[{"count":3,"href":"https:\/\/www.mairie-gassin.fr\/fr\/wp-json\/wp\/v2\/pages\/34\/revisions"}],"predecessor-version":[{"id":4098,"href":"https:\/\/www.mairie-gassin.fr\/fr\/wp-json\/wp\/v2\/pages\/34\/revisions\/4098"}],"up":[{"embeddable":true,"href":"https:\/\/www.mairie-gassin.fr\/fr\/wp-json\/wp\/v2\/pages\/40"}],"wp:attachment":[{"href":"https:\/\/www.mairie-gassin.fr\/fr\/wp-json\/wp\/v2\/media?parent=34"}],"curies":[{"name":"wp","href":"https:\/\/api.w.org\/{rel}","templated":true}]}}