{"id":360,"date":"2017-11-21T22:46:45","date_gmt":"2017-11-21T21:46:45","guid":{"rendered":"http:\/\/www.mairie-gassin.fr\/?page_id=360"},"modified":"2024-12-31T15:09:49","modified_gmt":"2024-12-31T14:09:49","slug":"periscolaire-accueil-du-mercredi","status":"publish","type":"page","link":"https:\/\/www.mairie-gassin.fr\/fr\/famille\/periscolaire-accueil-du-mercredi\/","title":{"rendered":"P\u00e9riscolaire &#038; Accueil du Mercredi Loisirs"},"content":{"rendered":"\n<h2 class=\"wp-block-heading\">ENFANTS DE 3 A 11 ANS<\/h2>\n\n\n\n<p class=\"wp-block-paragraph\">L\u2019accueil p\u00e9riscolaire, pour les enfants de 3 \u00e0 11 ans, est g\u00e9r\u00e9 par la commune \u00e0 l&rsquo;\u00e9cole maternelle.<\/p>\n\n\n\n<p class=\"wp-block-paragraph\">L&rsquo;\u00e9cole maternelle assure le p\u00e9riscolaire en ses murs, les lundi, mardi, mercredi, jeudi et vendredi.<\/p>\n\n\n\n<p class=\"wp-block-paragraph\">L&rsquo;accueil des familles se fait le matin de 7 h 30 \u00e0 8 h 45 et le soir de 17 h \u00e0 18 h 30.<\/p>\n\n\n\n<h2 class=\"wp-block-heading\">PRESENTATION<\/h2>\n\n\n\n<p class=\"wp-block-paragraph\">Les enfants sont accompagn\u00e9s par les animateurs \u00e0 la salle de p\u00e9riscolaire, situ\u00e9e dans une salle de \u00ab\u00a0l&rsquo;Ecole Esp\u00e9lidou\u00a0\u00bb.<\/p>\n\n\n\n<p class=\"wp-block-paragraph\">L&rsquo;\u00e9quipe d&rsquo;animation de la commune proposera des activit\u00e9s vari\u00e9es (jeux d&rsquo;animations, activit\u00e9s manuelles, activit\u00e9s individuelles ou collectives &#8230;)<\/p>\n\n\n\n<p class=\"wp-block-paragraph\">Attention, toutefois, la p\u00e9riscolaire ne fait pas \u00ab\u00a0\u00e9tude\u00a0\u00bb.<\/p>\n\n\n\n<p class=\"wp-block-paragraph\">Le dossier unique d&rsquo;inscription pour la p\u00e9riscolaire, la cantine et le Mercredi Loisirs est t\u00e9l\u00e9chargeable ci-dessous.<\/p>\n\n\n\n<h2 class=\"wp-block-heading\">Accueil Mercredi loisirs<\/h2>\n\n\n<div class=\"wp-block-image\">\n<figure class=\"alignleft\"><img loading=\"lazy\" decoding=\"async\" width=\"333\" height=\"222\" src=\"http:\/\/www.mairie-gassin.fr\/wp-content\/uploads\/2017\/11\/0442-perisco.jpg\" alt=\"\" class=\"wp-image-369\" srcset=\"https:\/\/www.mairie-gassin.fr\/wp-content\/uploads\/2017\/11\/0442-perisco.jpg 333w, https:\/\/www.mairie-gassin.fr\/wp-content\/uploads\/2017\/11\/0442-perisco-300x200.jpg 300w\" sizes=\"auto, (max-width: 333px) 100vw, 333px\" \/><\/figure>\n<\/div>\n\n\n<p class=\"wp-block-paragraph\">L&rsquo;Accueil de loisirs sans h\u00e9bergement du Mercredi Loisirs est ouvert <strong>tous les mercredis<\/strong>, hors vacances scolaires et jours f\u00e9ri\u00e9s.<\/p>\n\n\n\n<p class=\"wp-block-paragraph\">Il accueille dans une salle de l&rsquo;\u00e9cole Esp\u00e9lidou, une trentaine d&rsquo;enfants de 3 \u00e0 11 ans (de la petite section de maternelle au CM2).<\/p>\n\n\n\n<p class=\"wp-block-paragraph\">Tarifs selon les revenus.<\/p>\n\n\n\n<p class=\"wp-block-paragraph\">Vous trouverez ci-apr\u00e8s le dossier unique \u00e0 t\u00e9l\u00e9charger pour <strong>les inscriptions \u00e0 la p\u00e9riscolaire, au restaurant scolaire et pause m\u00e9ridienne, au Mercredi Loisirs.<\/strong><\/p>\n\n\n\n<div class=\"wp-block-file\"><a id=\"wp-block-file--media-9028deb5-e8df-4447-81c9-cce8ce6fa4cc\" href=\"https:\/\/www.mairie-gassin.fr\/wp-content\/uploads\/2021\/07\/Fiche-Famille-v3.pdf\">Fiche Famille<\/a><a href=\"https:\/\/www.mairie-gassin.fr\/wp-content\/uploads\/2021\/07\/Fiche-Famille-v3.pdf\" class=\"wp-block-file__button\" download aria-describedby=\"wp-block-file--media-9028deb5-e8df-4447-81c9-cce8ce6fa4cc\">T\u00e9l\u00e9charger<\/a><\/div>\n\n\n\n<div class=\"wp-block-file\"><a id=\"wp-block-file--media-6967f00e-7641-46f2-9987-282ced12d23d\" href=\"https:\/\/www.mairie-gassin.fr\/wp-content\/uploads\/2021\/07\/Formulaire-preinscription-et-fiche-enfantv3.pdf\">Formulaire pr\u00e9inscription et fiche enfant<\/a><a href=\"https:\/\/www.mairie-gassin.fr\/wp-content\/uploads\/2021\/07\/Formulaire-preinscription-et-fiche-enfantv3.pdf\" class=\"wp-block-file__button\" download aria-describedby=\"wp-block-file--media-6967f00e-7641-46f2-9987-282ced12d23d\">T\u00e9l\u00e9charger<\/a><\/div>\n\n\n\n<div class=\"wp-block-file\"><a id=\"wp-block-file--media-d68d6526-1b5a-495e-8143-45e1bd56ae1f\" href=\"https:\/\/www.mairie-gassin.fr\/wp-content\/uploads\/2020\/05\/Fiche-sanitaire-de-liaison.pdf\">Fiche sanitaire de liaison<\/a><a href=\"https:\/\/www.mairie-gassin.fr\/wp-content\/uploads\/2020\/05\/Fiche-sanitaire-de-liaison.pdf\" class=\"wp-block-file__button\" download aria-describedby=\"wp-block-file--media-d68d6526-1b5a-495e-8143-45e1bd56ae1f\">T\u00e9l\u00e9charger<\/a><\/div>\n\n\n\n<div class=\"wp-block-file\"><a id=\"wp-block-file--media-72bfe47c-124e-4203-abbb-06096457643d\" href=\"https:\/\/www.mairie-gassin.fr\/wp-content\/uploads\/2020\/05\/Autorisations-v2.pdf\">Autorisations <\/a><a href=\"https:\/\/www.mairie-gassin.fr\/wp-content\/uploads\/2020\/05\/Autorisations-v2.pdf\" class=\"wp-block-file__button\" download aria-describedby=\"wp-block-file--media-72bfe47c-124e-4203-abbb-06096457643d\">T\u00e9l\u00e9charger<\/a><\/div>\n\n\n\n<div class=\"wp-block-file\"><a id=\"wp-block-file--media-1827916f-a578-4cb9-8ba0-12249b3217a9\" href=\"https:\/\/www.mairie-gassin.fr\/wp-content\/uploads\/2020\/05\/NS-58.pdf\">Autorisation CNIL<\/a><a href=\"https:\/\/www.mairie-gassin.fr\/wp-content\/uploads\/2020\/05\/NS-58.pdf\" class=\"wp-block-file__button\" download aria-describedby=\"wp-block-file--media-1827916f-a578-4cb9-8ba0-12249b3217a9\">T\u00e9l\u00e9charger<\/a><\/div>\n\n\n\n<div class=\"wp-block-file\"><a id=\"wp-block-file--media-16071a12-2427-41f2-ac3e-a6f61b8ae7d3\" href=\"https:\/\/www.mairie-gassin.fr\/wp-content\/uploads\/2021\/07\/Recapitulatif-des-ddes-dinscriptions-v2.pdf\">R\u00e9capitulatif des demandes d&rsquo;inscriptions<\/a><a href=\"https:\/\/www.mairie-gassin.fr\/wp-content\/uploads\/2021\/07\/Recapitulatif-des-ddes-dinscriptions-v2.pdf\" class=\"wp-block-file__button\" download aria-describedby=\"wp-block-file--media-16071a12-2427-41f2-ac3e-a6f61b8ae7d3\">T\u00e9l\u00e9charger<\/a><\/div>\n\n\n\n<div class=\"wp-block-file\"><a id=\"wp-block-file--media-66970560-f20b-4d00-9f71-84437e034190\" href=\"https:\/\/www.mairie-gassin.fr\/wp-content\/uploads\/2021\/07\/Nv-PAF-v3-renouv.pdf\">Pi\u00e8ces \u00e0 fournir<\/a><a href=\"https:\/\/www.mairie-gassin.fr\/wp-content\/uploads\/2021\/07\/Nv-PAF-v3-renouv.pdf\" class=\"wp-block-file__button\" download aria-describedby=\"wp-block-file--media-66970560-f20b-4d00-9f71-84437e034190\">T\u00e9l\u00e9charger<\/a><\/div>\n\n\n\n<div class=\"wp-block-file\"><a id=\"wp-block-file--media-37933a1c-3737-4cc4-b3cd-7b63e9817541\" href=\"https:\/\/www.mairie-gassin.fr\/wp-content\/uploads\/2022\/08\/Reglement-interieur-restauration-et-periscolaires-2022-2023-1.pdf\">Reglement-interieur-restauration-et-periscolaires-2022-2023<\/a><a href=\"https:\/\/www.mairie-gassin.fr\/wp-content\/uploads\/2022\/08\/Reglement-interieur-restauration-et-periscolaires-2022-2023-1.pdf\" class=\"wp-block-file__button\" download aria-describedby=\"wp-block-file--media-37933a1c-3737-4cc4-b3cd-7b63e9817541\">T\u00e9l\u00e9charger<\/a><\/div>\n\n\n\n<!--nextpage-->\n\n\n\n<p class=\"wp-block-paragraph\"><\/p>\n","protected":false},"excerpt":{"rendered":"<p>ENFANTS DE 3 A 11 ANS L\u2019accueil p\u00e9riscolaire, pour les enfants de 3 \u00e0 11 ans, est g\u00e9r\u00e9 par la commune \u00e0 l&rsquo;\u00e9cole maternelle. L&rsquo;\u00e9cole maternelle assure le p\u00e9riscolaire en ses murs, les lundi, mardi, mercredi, jeudi et vendredi. L&rsquo;accueil des familles se fait le matin de 7 h 30 \u00e0 8 h 45 et<a class=\"excerpt-read-more\" href=\"https:\/\/www.mairie-gassin.fr\/fr\/famille\/periscolaire-accueil-du-mercredi\/\" title=\"ReadP\u00e9riscolaire &#038; Accueil du Mercredi Loisirs\">&#8230; Read more &raquo;<\/a><\/p>\n","protected":false},"author":11,"featured_media":0,"parent":46,"menu_order":83,"comment_status":"closed","ping_status":"closed","template":"","meta":{"_acf_changed":false,"_crdt_document":"","footnotes":""},"class_list":["post-360","page","type-page","status-publish","hentry"],"acf":[],"_links":{"self":[{"href":"https:\/\/www.mairie-gassin.fr\/fr\/wp-json\/wp\/v2\/pages\/360","targetHints":{"allow":["GET"]}}],"collection":[{"href":"https:\/\/www.mairie-gassin.fr\/fr\/wp-json\/wp\/v2\/pages"}],"about":[{"href":"https:\/\/www.mairie-gassin.fr\/fr\/wp-json\/wp\/v2\/types\/page"}],"author":[{"embeddable":true,"href":"https:\/\/www.mairie-gassin.fr\/fr\/wp-json\/wp\/v2\/users\/11"}],"replies":[{"embeddable":true,"href":"https:\/\/www.mairie-gassin.fr\/fr\/wp-json\/wp\/v2\/comments?post=360"}],"version-history":[{"count":39,"href":"https:\/\/www.mairie-gassin.fr\/fr\/wp-json\/wp\/v2\/pages\/360\/revisions"}],"predecessor-version":[{"id":7810,"href":"https:\/\/www.mairie-gassin.fr\/fr\/wp-json\/wp\/v2\/pages\/360\/revisions\/7810"}],"up":[{"embeddable":true,"href":"https:\/\/www.mairie-gassin.fr\/fr\/wp-json\/wp\/v2\/pages\/46"}],"wp:attachment":[{"href":"https:\/\/www.mairie-gassin.fr\/fr\/wp-json\/wp\/v2\/media?parent=360"}],"curies":[{"name":"wp","href":"https:\/\/api.w.org\/{rel}","templated":true}]}}