{"id":387,"date":"2017-11-23T16:59:03","date_gmt":"2017-11-23T15:59:03","guid":{"rendered":"http:\/\/www.mairie-gassin.fr\/?page_id=387"},"modified":"2026-04-21T08:11:33","modified_gmt":"2026-04-21T06:11:33","slug":"cantine","status":"publish","type":"page","link":"https:\/\/www.mairie-gassin.fr\/fr\/famille\/cantine\/","title":{"rendered":"Cantine"},"content":{"rendered":"\n<p class=\"wp-block-paragraph\">Le restaurant scolaire de Gassin accueille environ 200 enfants de Maternelle et Primaire.<\/p>\n\n\n\n<p class=\"wp-block-paragraph\">Deux services sont assur\u00e9s par les quatre agents du restaurant scolaire, auxquels viennent s\u2019ajouter deux agents suppl\u00e9mentaires au moment du service.<\/p>\n\n\n\n<p class=\"wp-block-paragraph\">Le restaurant scolaire effectue ses achats par l\u2019interm\u00e9diaire d\u2019un groupement d\u2019achat, le SIVAAD (Syndicat Intercommunal Varois d\u2019Aide aux Achats Divers), qui regroupe une quarantaine de communes.<\/p>\n\n\n\n<p class=\"wp-block-paragraph\">Ce syst\u00e8me permet d\u2019avoir plus de s\u00e9curit\u00e9, la tra\u00e7abilit\u00e9 pour toutes les viandes consomm\u00e9es et des prix plus int\u00e9ressants.<\/p>\n\n\n\n<p class=\"wp-block-paragraph\">Il faut d\u2019ailleurs savoir que la commune a fait le choix de la qualit\u00e9 pour les enfants, notamment en mati\u00e8re de viande de b\u0153uf qui est exclusivement du charolais.<\/p>\n\n\n\n<p class=\"wp-block-paragraph\">Pour aider \u00e0 l\u2019\u00e9laboration des menus, une di\u00e9t\u00e9ticienne du groupement d\u2019achat fait parvenir au restaurant scolaire des menus types, tous les mois afin de mettre en place des menus \u00e9quilibr\u00e9s pour les enfants.<\/p>\n\n\n\n<p class=\"wp-block-paragraph\">Le prix du repas est revaloris\u00e9 chaque ann\u00e9e par d\u00e9lib\u00e9ration du Conseil Municipal.<\/p>\n\n\n\n<p class=\"wp-block-paragraph\">Pour l\u2019ann\u00e9e scolaire 2025\/2026, il est fix\u00e9 \u00e0 2,70 \u20ac. Co\u00fbt r\u00e9el pour la commune : 11 \u20ac.<\/p>\n\n\n\n<p class=\"wp-block-paragraph\">L&rsquo;inscription au restaurant scolaire s&rsquo;effectue&nbsp;gr\u00e2ce au dossier unique.<\/p>\n\n\n\n<p class=\"wp-block-paragraph\"><strong>A noter :<\/strong> le restaurant scolaire propose aux \u00e9l\u00e8ves plusieurs menus \u00ab\u00a0bio\u00a0\u00bb par mois.<\/p>\n\n\n\n<p class=\"wp-block-paragraph\">Nous vous proposons \u00e9galement de t\u00e9l\u00e9charger le menu de la semaine.<\/p>\n","protected":false},"excerpt":{"rendered":"<p>Le restaurant scolaire de Gassin accueille environ 200 enfants de Maternelle et Primaire. Deux services sont assur\u00e9s par les quatre agents du restaurant scolaire, auxquels viennent s\u2019ajouter deux agents suppl\u00e9mentaires au moment du service. Le restaurant scolaire effectue ses achats par l\u2019interm\u00e9diaire d\u2019un groupement d\u2019achat, le SIVAAD (Syndicat Intercommunal Varois d\u2019Aide aux Achats Divers), qui<a class=\"excerpt-read-more\" href=\"https:\/\/www.mairie-gassin.fr\/fr\/famille\/cantine\/\" title=\"ReadCantine\">&#8230; Read more &raquo;<\/a><\/p>\n","protected":false},"author":9,"featured_media":0,"parent":46,"menu_order":85,"comment_status":"closed","ping_status":"closed","template":"","meta":{"_acf_changed":false,"_crdt_document":"{\"document\":\"AAAGxoGLnR9yaQgQsjwABgIBAgoCQkoAhAMBAgoCQkoAvgQBAgoCQkoAnAYBAgoCQkoAigQBAgoCQkoAmAUBAgoCQkoAsgYBAgoCQkoAuAIBAgoCQkoAggMBAgoCQkoArAIBAgoCQkoAmgMBAgoCQkr4KgCbASgDJwAEACcABAAnACgEJwAoAScABwAoAycBBAAoACcAhwAoAycBBAAoACcAhwAoAycBBAAoACcAhwAoAycBBAAoACcAhwAoAycBBAAoACcAhwAoAycBBAAoACcAhwAoAycBBAAoACcAhwAoAycBBAAoACcAhwAoAycBBAAoACcAhwAoAycBBAAoACcAhwAoAycBBAAoACcAKAGo2yPHInN0YXRldmVyc2lvbmRvY3VtZW50ZGF0ZWRvY3VtZW50c2x1Z2RvY3VtZW50c3RhdHVzZG9jdW1lbnR0aXRsZUNhbnRpbmVkb2N1bWVudGNvbnRlbnQ8IS0tIHdwOnBhcmFncmFwaCAtLT4KPHA+TGUgcmVzdGF1cmFudCBzY29sYWlyZSBkZSBHYXNzaW4gYWNjdWVpbGxlIGVudmlyb24gMjAwIGVuZmFudHMgZGUgTWF0ZXJuZWxsZSBldCBQcmltYWlyZS48L3A+CjwhLS0gL3dwOnBhcmFncmFwaCAtLT4KCjwhLS0gd3A6cGFyYWdyYXBoIC0tPgo8cD5EZXV4IHNlcnZpY2VzIHNvbnQgYXNzdXLDqXMgcGFyIGxlcyBxdWF0cmUgYWdlbnRzIGR1IHJlc3RhdXJhbnQgc2NvbGFpcmUsIGF1eHF1ZWxzIHZpZW5uZW50IHPigJlham91dGVyIGRldXggYWdlbnRzIHN1cHBsw6ltZW50YWlyZXMgYXUgbW9tZW50IGR1IHNlcnZpY2UuPC9wPgo8IS0tIC93cDpwYXJhZ3JhcGggLS0+Cgo8IS0tIHdwOnBhcmFncmFwaCAtLT4KPHA+TGUgcmVzdGF1cmFudCBzY29sYWlyZSBlZmZlY3R1ZSBzZXMgYWNoYXRzIHBhciBs4oCZaW50ZXJtw6lkaWFpcmUgZOKAmXVuIGdyb3VwZW1lbnQgZOKAmWFjaGF0LCBsZSBTSVZBQUQgKFN5bmRpY2F0IEludGVyY29tbXVuYWwgVmFyb2lzIGTigJlBaWRlIGF1eCBBY2hhdHMgRGl2ZXJzKSwgcXVpIHJlZ3JvdXBlIHVuZSBxdWFyYW50YWluZSBkZSBjb21tdW5lcy48L3A+CjwhLS0gL3dwOnBhcmFncmFwaCAtLT4KCjwhLS0gd3A6cGFyYWdyYXBoIC0tPgo8cD5DZSBzeXN0w6htZSBwZXJtZXQgZOKAmWF2b2lyIHBsdXMgZGUgc8OpY3VyaXTDqSwgbGEgdHJhw6dhYmlsaXTDqSBwb3VyIHRvdXRlcyBsZXMgdmlhbmRlcyBjb25zb21tw6llcyBldCBkZXMgcHJpeCBwbHVzIGludMOpcmVzc2FudHMuPC9wPgo8IS0tIC93cDpwYXJhZ3JhcGggLS0+Cgo8IS0tIHdwOnBhcmFncmFwaCAtLT4KPHA+SWwgZmF1dCBk4oCZYWlsbGV1cnMgc2F2b2lyIHF1ZSBsYSBjb21tdW5lIGEgZmFpdCBsZSBjaG9peCBkZSBsYSBxdWFsaXTDqSBwb3VyIGxlcyBlbmZhbnRzLCBub3RhbW1lbnQgZW4gbWF0acOocmUgZGUgdmlhbmRlIGRlIGLFk3VmIHF1aSBlc3QgZXhjbHVzaXZlbWVudCBkdSBjaGFyb2xhaXMuPC9wPgo8IS0tIC93cDpwYXJhZ3JhcGggLS0+Cgo8IS0tIHdwOnBhcmFncmFwaCAtLT4KPHA+UG91ciBhaWRlciDDoCBs4oCZw6lsYWJvcmF0aW9uIGRlcyBtZW51cywgdW5lIGRpw6l0w6l0aWNpZW5uZSBkdSBncm91cGVtZW50IGTigJlhY2hhdCBmYWl0IHBhcnZlbmlyIGF1IHJlc3RhdXJhbnQgc2NvbGFpcmUgZGVzIG1lbnVzIHR5cGVzLCB0b3VzIGxlcyBtb2lzIGFmaW4gZGUgbWV0dHJlIGVuIHBsYWNlIGRlcyBtZW51cyDDqXF1aWxpYnLDqXMgcG91ciBsZXMgZW5mYW50cy48L3A+CjwhLS0gL3dwOnBhcmFncmFwaCAtLT4KCjwhLS0gd3A6cGFyYWdyYXBoIC0tPgo8cD5MZSBwcml4IGR1IHJlcGFzIGVzdCByZXZhbG9yaXPDqSBjaGFxdWUgYW5uw6llIHBhciBkw6lsaWLDqXJhdGlvbiBkdSBDb25zZWlsIE11bmljaXBhbC48L3A+CjwhLS0gL3dwOnBhcmFncmFwaCAtLT4KCjwhLS0gd3A6cGFyYWdyYXBoIC0tPgo8cD5Qb3VyIGzigJlhbm7DqWUgc2NvbGFpcmUgMjAyNS8yMDI2LCBpbCBlc3QgZml4w6kgw6AgMiw3MCDigqwuIENvw7t0IHLDqWVsIHBvdXIgbGEgY29tbXVuZSA6IDExIOKCrC48L3A+CjwhLS0gL3dwOnBhcmFncmFwaCAtLT4KCjwhLS0gd3A6cGFyYWdyYXBoIC0tPgo8cD5MJ2luc2NyaXB0aW9uIGF1IHJlc3RhdXJhbnQgc2NvbGFpcmUgcydlZmZlY3R1ZSZuYnNwO2dyw6JjZSBhdSBkb3NzaWVyIHVuaXF1ZS48L3A+CjwhLS0gL3dwOnBhcmFncmFwaCAtLT4KCjwhLS0gd3A6cGFyYWdyYXBoIC0tPgo8cD48c3Ryb25nPkEgbm90ZXIgOjwvc3Ryb25nPiBsZSByZXN0YXVyYW50IHNjb2xhaXJlIHByb3Bvc2UgYXV4IMOpbMOodmVzIHBsdXNpZXVycyBtZW51cyAiYmlvIiBwYXIgbW9pcy48L3A+CjwhLS0gL3dwOnBhcmFncmFwaCAtLT4KCjwhLS0gd3A6cGFyYWdyYXBoIC0tPgo8cD5Ob3VzIHZvdXMgcHJvcG9zb25zIMOpZ2FsZW1lbnQgZGUgdMOpbMOpY2hhcmdlciBsZSBtZW51IGRlIGxhIHNlbWFpbmUuPC9wPgo8IS0tIC93cDpwYXJhZ3JhcGggLS0+ZG9jdW1lbnRleGNlcnB0ZG9jdW1lbnRhdXRob3Jkb2N1bWVudGZlYXR1cmVkX21lZGlhZG9jdW1lbnRjb21tZW50X3N0YXR1c2RvY3VtZW50cGluZ19zdGF0dXNkb2N1bWVudHRlbXBsYXRlZG9jdW1lbnRtZXRhX2FjZl9jaGFuZ2VkZm9vdG5vdGVzZG9jdW1lbnRibG9ja3NjbGllbnRJZGlzVmFsaWRvcmlnaW5hbENvbnRlbnRuYW1lYXR0cmlidXRlc2NvbnRlbnRMZSByZXN0YXVyYW50IHNjb2xhaXJlIGRlIEdhc3NpbiBhY2N1ZWlsbGUgZW52aXJvbiAyMDAgZW5mYW50cyBkZSBNYXRlcm5lbGxlIGV0IFByaW1haXJlLmRyb3BDYXBpbm5lckJsb2Nrc2NsaWVudElkaXNWYWxpZG9yaWdpbmFsQ29udGVudG5hbWVhdHRyaWJ1dGVzY29udGVudERldXggc2VydmljZXMgc29udCBhc3N1csOpcyBwYXIgbGVzIHF1YXRyZSBhZ2VudHMgZHUgcmVzdGF1cmFudCBzY29sYWlyZSwgYXV4cXVlbHMgdmllbm5lbnQgc+KAmWFqb3V0ZXIgZGV1eCBhZ2VudHMgc3VwcGzDqW1lbnRhaXJlcyBhdSBtb21lbnQgZHUgc2VydmljZS5kcm9wQ2FwaW5uZXJCbG9ja3NjbGllbnRJZGlzVmFsaWRvcmlnaW5hbENvbnRlbnRuYW1lYXR0cmlidXRlc2NvbnRlbnRMZSByZXN0YXVyYW50IHNjb2xhaXJlIGVmZmVjdHVlIHNlcyBhY2hhdHMgcGFyIGzigJlpbnRlcm3DqWRpYWlyZSBk4oCZdW4gZ3JvdXBlbWVudCBk4oCZYWNoYXQsIGxlIFNJVkFBRCAoU3luZGljYXQgSW50ZXJjb21tdW5hbCBWYXJvaXMgZOKAmUFpZGUgYXV4IEFjaGF0cyBEaXZlcnMpLCBxdWkgcmVncm91cGUgdW5lIHF1YXJhbnRhaW5lIGRlIGNvbW11bmVzLmRyb3BDYXBpbm5lckJsb2Nrc2NsaWVudElkaXNWYWxpZG9yaWdpbmFsQ29udGVudG5hbWVhdHRyaWJ1dGVzY29udGVudENlIHN5c3TDqG1lIHBlcm1ldCBk4oCZYXZvaXIgcGx1cyBkZSBzw6ljdXJpdMOpLCBsYSB0cmHDp2FiaWxpdMOpIHBvdXIgdG91dGVzIGxlcyB2aWFuZGVzIGNvbnNvbW3DqWVzIGV0IGRlcyBwcml4IHBsdXMgaW50w6lyZXNzYW50cy5kcm9wQ2FwaW5uZXJCbG9ja3NjbGllbnRJZGlzVmFsaWRvcmlnaW5hbENvbnRlbnRuYW1lYXR0cmlidXRlc2NvbnRlbnRJbCBmYXV0IGTigJlhaWxsZXVycyBzYXZvaXIgcXVlIGxhIGNvbW11bmUgYSBmYWl0IGxlIGNob2l4IGRlIGxhIHF1YWxpdMOpIHBvdXIgbGVzIGVuZmFudHMsIG5vdGFtbWVudCBlbiBtYXRpw6hyZSBkZSB2aWFuZGUgZGUgYsWTdWYgcXVpIGVzdCBleGNsdXNpdmVtZW50IGR1IGNoYXJvbGFpcy5kcm9wQ2FwaW5uZXJCbG9ja3NjbGllbnRJZGlzVmFsaWRvcmlnaW5hbENvbnRlbnRuYW1lYXR0cmlidXRlc2NvbnRlbnRQb3VyIGFpZGVyIMOgIGzigJnDqWxhYm9yYXRpb24gZGVzIG1lbnVzLCB1bmUgZGnDqXTDqXRpY2llbm5lIGR1IGdyb3VwZW1lbnQgZOKAmWFjaGF0IGZhaXQgcGFydmVuaXIgYXUgcmVzdGF1cmFudCBzY29sYWlyZSBkZXMgbWVudXMgdHlwZXMsIHRvdXMgbGVzIG1vaXMgYWZpbiBkZSBtZXR0cmUgZW4gcGxhY2UgZGVzIG1lbnVzIMOpcXVpbGlicsOpcyBwb3VyIGxlcyBlbmZhbnRzLmRyb3BDYXBpbm5lckJsb2Nrc2NsaWVudElkaXNWYWxpZG9yaWdpbmFsQ29udGVudG5hbWVhdHRyaWJ1dGVzY29udGVudExlIHByaXggZHUgcmVwYXMgZXN0IHJldmFsb3Jpc8OpIGNoYXF1ZSBhbm7DqWUgcGFyIGTDqWxpYsOpcmF0aW9uIGR1IENvbnNlaWwgTXVuaWNpcGFsLmRyb3BDYXBpbm5lckJsb2Nrc2NsaWVudElkaXNWYWxpZG9yaWdpbmFsQ29udGVudG5hbWVhdHRyaWJ1dGVzY29udGVudFBvdXIgbOKAmWFubsOpZSBzY29sYWlyZSAyMDI1LzIwMjYsIGlsIGVzdCBmaXjDqSDDoCAyLDcwIOKCrC4gQ2\/Du3QgcsOpZWwgcG91ciBsYSBjb21tdW5lIDogMTEg4oKsLmRyb3BDYXBpbm5lckJsb2Nrc2NsaWVudElkaXNWYWxpZG9yaWdpbmFsQ29udGVudG5hbWVhdHRyaWJ1dGVzY29udGVudEwnaW5zY3JpcHRpb24gYXUgcmVzdGF1cmFudCBzY29sYWlyZSBzJ2VmZmVjdHVlJm5ic3A7Z3LDomNlIGF1IGRvc3NpZXIgdW5pcXVlLmRyb3BDYXBpbm5lckJsb2Nrc2NsaWVudElkaXNWYWxpZG9yaWdpbmFsQ29udGVudG5hbWVhdHRyaWJ1dGVzY29udGVudDxzdHJvbmc+QSBub3RlciA6PC9zdHJvbmc+IGxlIHJlc3RhdXJhbnQgc2NvbGFpcmUgcHJvcG9zZSBhdXggw6lsw6h2ZXMgcGx1c2lldXJzIG1lbnVzICJiaW8iIHBhciBtb2lzLmRyb3BDYXBpbm5lckJsb2Nrc2NsaWVudElkaXNWYWxpZG9yaWdpbmFsQ29udGVudG5hbWVhdHRyaWJ1dGVzY29udGVudE5vdXMgdm91cyBwcm9wb3NvbnMgw6lnYWxlbWVudCBkZSB0w6lsw6ljaGFyZ2VyIGxlIG1lbnUgZGUgbGEgc2VtYWluZS5kcm9wQ2FwaW5uZXJCbG9ja3NzdGF0ZXNhdmVkQXRzdGF0ZXNhdmVkQnkFBwgECAQIBggFBwgHkh4IBwgGCA4IDggLSAEEDAkIBggHDwQKB5kBBwsIBw8ECgeWAgcLCAcPBAoHhQMHCwgHDwQKB7wBBwsIBw8ECgejAgcLCAcPBAoHkAMHCwgHDwQKB5MBBwsIBw8ECgeYAQcLCAcPBAoHjQEHCwgHDwQKB6QBBwsIBw8ECgeDAQcLBQcFBxEBBAAAAQAAAAEGAAEBAABjATBCAQEAQQACAEEAAgBBAAIAQQACAEEAAgBBAAIAQQACAEEAAgBBAAIAQQACAEEAAgACQUMBgwEAfQF3EzIwMTctMTEtMjNUMTY6NTk6MDN3B2NhbnRpbmV3B3B1Ymxpc2h9CX0AdwZjbG9zZWR3BmNsb3NlZHcAeXcAdyRjOTMzZmM0MS00MjgyLTQ1YjgtYjhlMS0xOGU5NjBiNzEwZTF4d2A8cD5MZSByZXN0YXVyYW50IHNjb2xhaXJlIGRlIEdhc3NpbiBhY2N1ZWlsbGUgZW52aXJvbiAyMDAgZW5mYW50cyBkZSBNYXRlcm5lbGxlIGV0IFByaW1haXJlLjwvcD53DmNvcmUvcGFyYWdyYXBoeXckMmE2NzZmMjktMzk3Zi00YzdhLTk3ZjYtNTNhMmQzMjJiZTBmeHehATxwPkRldXggc2VydmljZXMgc29udCBhc3N1csOpcyBwYXIgbGVzIHF1YXRyZSBhZ2VudHMgZHUgcmVzdGF1cmFudCBzY29sYWlyZSwgYXV4cXVlbHMgdmllbm5lbnQgc+KAmWFqb3V0ZXIgZGV1eCBhZ2VudHMgc3VwcGzDqW1lbnRhaXJlcyBhdSBtb21lbnQgZHUgc2VydmljZS48L3A+dw5jb3JlL3BhcmFncmFwaHl3JDZkMGVhMzg5LWZmNDgtNGE4OS1hMzc2LWM1YTkwNDkyNDkyNnh31QE8cD5MZSByZXN0YXVyYW50IHNjb2xhaXJlIGVmZmVjdHVlIHNlcyBhY2hhdHMgcGFyIGzigJlpbnRlcm3DqWRpYWlyZSBk4oCZdW4gZ3JvdXBlbWVudCBk4oCZYWNoYXQsIGxlIFNJVkFBRCAoU3luZGljYXQgSW50ZXJjb21tdW5hbCBWYXJvaXMgZOKAmUFpZGUgYXV4IEFjaGF0cyBEaXZlcnMpLCBxdWkgcmVncm91cGUgdW5lIHF1YXJhbnRhaW5lIGRlIGNvbW11bmVzLjwvcD53DmNvcmUvcGFyYWdyYXBoeXckMDgwYWNkY2EtODk4MS00NDNiLTk1ZjgtNTU3ODM0MjY0ODQxeHeMATxwPkNlIHN5c3TDqG1lIHBlcm1ldCBk4oCZYXZvaXIgcGx1cyBkZSBzw6ljdXJpdMOpLCBsYSB0cmHDp2FiaWxpdMOpIHBvdXIgdG91dGVzIGxlcyB2aWFuZGVzIGNvbnNvbW3DqWVzIGV0IGRlcyBwcml4IHBsdXMgaW50w6lyZXNzYW50cy48L3A+dw5jb3JlL3BhcmFncmFwaHl3JDNlOTJiOWM5LTVmMjItNDIzNy05NDc0LTE2N2EyZmMyM2IzM3h3rwE8cD5JbCBmYXV0IGTigJlhaWxsZXVycyBzYXZvaXIgcXVlIGxhIGNvbW11bmUgYSBmYWl0IGxlIGNob2l4IGRlIGxhIHF1YWxpdMOpIHBvdXIgbGVzIGVuZmFudHMsIG5vdGFtbWVudCBlbiBtYXRpw6hyZSBkZSB2aWFuZGUgZGUgYsWTdWYgcXVpIGVzdCBleGNsdXNpdmVtZW50IGR1IGNoYXJvbGFpcy48L3A+dw5jb3JlL3BhcmFncmFwaHl3JGI4MDMzMmRmLTQxYmEtNGFhZC1iYWNhLTdmYjY4YzA0NWY0OHh34QE8cD5Qb3VyIGFpZGVyIMOgIGzigJnDqWxhYm9yYXRpb24gZGVzIG1lbnVzLCB1bmUgZGnDqXTDqXRpY2llbm5lIGR1IGdyb3VwZW1lbnQgZOKAmWFjaGF0IGZhaXQgcGFydmVuaXIgYXUgcmVzdGF1cmFudCBzY29sYWlyZSBkZXMgbWVudXMgdHlwZXMsIHRvdXMgbGVzIG1vaXMgYWZpbiBkZSBtZXR0cmUgZW4gcGxhY2UgZGVzIG1lbnVzIMOpcXVpbGlicsOpcyBwb3VyIGxlcyBlbmZhbnRzLjwvcD53DmNvcmUvcGFyYWdyYXBoeXckNWVhMzYwNDEtN2UyZS00NWFjLTg5OTEtMzA2MmUxOThkNTNieHdePHA+TGUgcHJpeCBkdSByZXBhcyBlc3QgcmV2YWxvcmlzw6kgY2hhcXVlIGFubsOpZSBwYXIgZMOpbGliw6lyYXRpb24gZHUgQ29uc2VpbCBNdW5pY2lwYWwuPC9wPncOY29yZS9wYXJhZ3JhcGh5dyQ3OWNlMzljMS03OWNlLTQxNDQtYjA5Ni0yZDMyYzVmOTM0Nzd4d2o8cD5Qb3VyIGzigJlhbm7DqWUgc2NvbGFpcmUgMjAyNS8yMDI2LCBpbCBlc3QgZml4w6kgw6AgMiw3MCDigqwuIENvw7t0IHLDqWVsIHBvdXIgbGEgY29tbXVuZSA6IDExIOKCrC48L3A+dw5jb3JlL3BhcmFncmFwaHl3JDYzNGU4MTE1LTI5OTUtNGQzZi1hNGRkLWJkZDRlYzc5NmQ4Nnh3VTxwPkwnaW5zY3JpcHRpb24gYXUgcmVzdGF1cmFudCBzY29sYWlyZSBzJ2VmZmVjdHVlJm5ic3A7Z3LDomNlIGF1IGRvc3NpZXIgdW5pcXVlLjwvcD53DmNvcmUvcGFyYWdyYXBoeXckZGEzN2JkMTctNzNmYi00NGRlLTg1N2MtYmI1MmMzMjM3MDMyeHdtPHA+PHN0cm9uZz5BIG5vdGVyIDo8L3N0cm9uZz4gbGUgcmVzdGF1cmFudCBzY29sYWlyZSBwcm9wb3NlIGF1eCDDqWzDqHZlcyBwbHVzaWV1cnMgbWVudXMgImJpbyIgcGFyIG1vaXMuPC9wPncOY29yZS9wYXJhZ3JhcGh5dyRlOTE4ZjZjYi02ZTFjLTQ4MGUtYmM3NS05NzRiMTkzNzcxMTF4d008cD5Ob3VzIHZvdXMgcHJvcG9zb25zIMOpZ2FsZW1lbnQgZGUgdMOpbMOpY2hhcmdlciBsZSBtZW51IGRlIGxhIHNlbWFpbmUuPC9wPncOY29yZS9wYXJhZ3JhcGh5e0J52uqHjcAAe0HvOiwIwAAAfQEBxsDFzg8Bpg8A\",\"updateId\":762293827}","footnotes":""},"class_list":["post-387","page","type-page","status-publish","hentry"],"acf":[],"_links":{"self":[{"href":"https:\/\/www.mairie-gassin.fr\/fr\/wp-json\/wp\/v2\/pages\/387","targetHints":{"allow":["GET"]}}],"collection":[{"href":"https:\/\/www.mairie-gassin.fr\/fr\/wp-json\/wp\/v2\/pages"}],"about":[{"href":"https:\/\/www.mairie-gassin.fr\/fr\/wp-json\/wp\/v2\/types\/page"}],"author":[{"embeddable":true,"href":"https:\/\/www.mairie-gassin.fr\/fr\/wp-json\/wp\/v2\/users\/9"}],"replies":[{"embeddable":true,"href":"https:\/\/www.mairie-gassin.fr\/fr\/wp-json\/wp\/v2\/comments?post=387"}],"version-history":[{"count":136,"href":"https:\/\/www.mairie-gassin.fr\/fr\/wp-json\/wp\/v2\/pages\/387\/revisions"}],"predecessor-version":[{"id":12288,"href":"https:\/\/www.mairie-gassin.fr\/fr\/wp-json\/wp\/v2\/pages\/387\/revisions\/12288"}],"up":[{"embeddable":true,"href":"https:\/\/www.mairie-gassin.fr\/fr\/wp-json\/wp\/v2\/pages\/46"}],"wp:attachment":[{"href":"https:\/\/www.mairie-gassin.fr\/fr\/wp-json\/wp\/v2\/media?parent=387"}],"curies":[{"name":"wp","href":"https:\/\/api.w.org\/{rel}","templated":true}]}}