{"id":390,"date":"2017-11-23T17:03:31","date_gmt":"2017-11-23T16:03:31","guid":{"rendered":"http:\/\/www.mairie-gassin.fr\/?page_id=390"},"modified":"2025-08-29T10:57:56","modified_gmt":"2025-08-29T08:57:56","slug":"transports-scolaires","status":"publish","type":"page","link":"https:\/\/www.mairie-gassin.fr\/fr\/famille\/transports-scolaires\/","title":{"rendered":"Transports scolaires"},"content":{"rendered":"\n<p class=\"wp-block-paragraph\">Pour les \u00e9coles primaire et maternelle du village, les inscriptions sont prises par la Communaut\u00e9 de Communes du Golfe de Saint Tropez.<\/p>\n\n\n\n<p class=\"wp-block-paragraph\">Les inscriptions s\u2019effectuent sur le site de la R\u00e9gion <a href=\"https:\/\/zou.maregionsud.fr\/acheter-un-pass-zou-etudes-2025-2026\/\" data-type=\"link\" data-id=\"https:\/\/zou.maregionsud.fr\/acheter-un-pass-zou-etudes-2025-2026\/\">https:\/\/zou.maregionsud.fr\/acheter-un-pass-zou-etudes-2025-2026\/<\/a><\/p>\n\n\n\n<p class=\"wp-block-paragraph\">A noter qu\u2019un accompagnateur, en plus du chauffeur, est pr\u00e9sent dans les bus.<\/p>\n\n\n\n<p class=\"wp-block-paragraph\"><strong>En aucun cas<\/strong>, l\u2019accompagnateur ne laissera partir seul un \u00e9l\u00e8ve. Les parents sont donc pri\u00e9s d\u2019attendre leurs enfants \u00e0 l\u2019arr\u00eat du bus afin d\u2019\u00e9viter de devoir aller le chercher \u00e0 la police municipale.<\/p>\n\n\n\n<p class=\"wp-block-paragraph\">Vous trouverez les horaires des transports scolaires sur le site <a href=\"https:\/\/zou.maregionsud.fr\/\">https:\/\/zou.maregionsud.fr\/<\/a><\/p>\n\n\n\n<p class=\"wp-block-paragraph\">Les demandes sont g\u00e9r\u00e9es par la Communaut\u00e9 de Communes. Les inscriptions se font en ligne sur le site <a href=\"https:\/\/services-zou.maregionsud.fr\/fr\/billetterie\/action\/12#zouetudes\">https:\/\/services-zou.maregionsud.fr\/fr\/billetterie\/action\/12#zouetudes<\/a><\/p>\n\n\n\n<p class=\"wp-block-paragraph\">Le Conseil Communautaire a vot\u00e9 la prise en charge partielle, des frais de transport scolaires pour les coll\u00e9giens et lyc\u00e9ens du Golfe de Saint Tropez pour l&rsquo;ann\u00e9e 2025-2026.<\/p>\n\n\n\n<p class=\"wp-block-paragraph\">Pour obtenir le remboursement partiel des frais que vous avez engag\u00e9s lors de l&rsquo;inscription de vos enfants aux transports scolaires aupr\u00e8s de la R\u00e9gion Sud, veillez \u00e0 retourner <strong>UN DOSSIER COMPLET PAR ENFANT INSCRIT<\/strong> : avant le 7 novembre 2025. <strong>Tout dossier incomplet ne sera pas trait\u00e9<\/strong>.<\/p>\n\n\n\n<ul class=\"wp-block-list\">\n<li>le formulaire de demande de remboursement, d\u00fbment compl\u00e9t\u00e9,<\/li>\n\n\n\n<li>le justificatif de paiement de la carte de bus,<\/li>\n\n\n\n<li>le RIB du compte ayant servi au paiement.<\/li>\n<\/ul>\n\n\n\n<p class=\"wp-block-paragraph\">\u00a0> par courrier \u00e0 la Mairie de Gassin, Place de la Mairie 83580 GASSIN.<\/p>\n\n\n\n<p class=\"wp-block-paragraph\">plus d&rsquo;informations sur le lien suivant : <a href=\"https:\/\/www.golfe-sainttropez.fr\/vivre-ici\/transport-mobilite\/transport-scolaire\/\">https:\/\/www.golfe-sainttropez.fr\/vivre-ici\/transport-mobilite\/transport-scolaire\/<\/a><\/p>\n\n\n\n<p class=\"wp-block-paragraph\">Vous trouverez les horaires des transports scolaires sur le site <a href=\"https:\/\/zou.maregionsud.fr\/\">https:\/\/zou.maregionsud.fr\/<\/a><\/p>\n\n\n\n<p class=\"wp-block-paragraph\">Retrouvez ci-dessous le r\u00e8glement int\u00e9rieur et la fiche de remboursement pour les transports scolaires, rentr\u00e9e 2025 \/ 2026.<\/p>\n","protected":false},"excerpt":{"rendered":"<p>Pour les \u00e9coles primaire et maternelle du village, les inscriptions sont prises par la Communaut\u00e9 de Communes du Golfe de Saint Tropez. Les inscriptions s\u2019effectuent sur le site de la R\u00e9gion https:\/\/zou.maregionsud.fr\/acheter-un-pass-zou-etudes-2025-2026\/ A noter qu\u2019un accompagnateur, en plus du chauffeur, est pr\u00e9sent dans les bus. En aucun cas, l\u2019accompagnateur ne laissera partir seul un \u00e9l\u00e8ve.<a class=\"excerpt-read-more\" href=\"https:\/\/www.mairie-gassin.fr\/fr\/famille\/transports-scolaires\/\" title=\"ReadTransports scolaires\">&#8230; Read more &raquo;<\/a><\/p>\n","protected":false},"author":11,"featured_media":0,"parent":46,"menu_order":86,"comment_status":"closed","ping_status":"closed","template":"","meta":{"_acf_changed":false,"_crdt_document":"","footnotes":""},"class_list":["post-390","page","type-page","status-publish","hentry"],"acf":[],"_links":{"self":[{"href":"https:\/\/www.mairie-gassin.fr\/fr\/wp-json\/wp\/v2\/pages\/390","targetHints":{"allow":["GET"]}}],"collection":[{"href":"https:\/\/www.mairie-gassin.fr\/fr\/wp-json\/wp\/v2\/pages"}],"about":[{"href":"https:\/\/www.mairie-gassin.fr\/fr\/wp-json\/wp\/v2\/types\/page"}],"author":[{"embeddable":true,"href":"https:\/\/www.mairie-gassin.fr\/fr\/wp-json\/wp\/v2\/users\/11"}],"replies":[{"embeddable":true,"href":"https:\/\/www.mairie-gassin.fr\/fr\/wp-json\/wp\/v2\/comments?post=390"}],"version-history":[{"count":43,"href":"https:\/\/www.mairie-gassin.fr\/fr\/wp-json\/wp\/v2\/pages\/390\/revisions"}],"predecessor-version":[{"id":11111,"href":"https:\/\/www.mairie-gassin.fr\/fr\/wp-json\/wp\/v2\/pages\/390\/revisions\/11111"}],"up":[{"embeddable":true,"href":"https:\/\/www.mairie-gassin.fr\/fr\/wp-json\/wp\/v2\/pages\/46"}],"wp:attachment":[{"href":"https:\/\/www.mairie-gassin.fr\/fr\/wp-json\/wp\/v2\/media?parent=390"}],"curies":[{"name":"wp","href":"https:\/\/api.w.org\/{rel}","templated":true}]}}