{"id":40,"date":"2017-11-12T23:24:55","date_gmt":"2017-11-12T22:24:55","guid":{"rendered":"http:\/\/www.mairie-gassin.fr\/?page_id=40"},"modified":"2026-04-23T14:46:40","modified_gmt":"2026-04-23T12:46:40","slug":"notre-commune","status":"publish","type":"page","link":"https:\/\/www.mairie-gassin.fr\/fr\/notre-commune\/","title":{"rendered":"Notre commune"},"content":{"rendered":"\n<div class=\"wp-block-group\"><div class=\"wp-block-group__inner-container is-layout-constrained wp-block-group-is-layout-constrained\">\n<div class=\"wp-block-query is-layout-flow wp-block-query-is-layout-flow\"><ul class=\"columns-3 wp-block-post-template is-layout-grid wp-container-core-post-template-is-layout-0fed8f92 wp-block-post-template-is-layout-grid\"><li class=\"wp-block-post post-116 page type-page status-publish hentry\">\n\n<div class=\"wp-block-cover is-light has-border-color\" style=\"border-color:#097995;border-width:3px\"><span aria-hidden=\"true\" class=\"wp-block-cover__background has-white-background-color has-background-dim-100 has-background-dim\"><\/span><div class=\"wp-block-cover__inner-container is-layout-constrained wp-block-cover-is-layout-constrained\"><h2 class=\"has-text-align-center wp-block-post-title\"><a href=\"https:\/\/www.mairie-gassin.fr\/fr\/notre-commune\/le-mot-du-maire\/\" target=\"_self\" >Le mot du maire<\/a><\/h2><\/div><\/div>\n\n<\/li><li class=\"wp-block-post post-113 page type-page status-publish hentry\">\n\n<div class=\"wp-block-cover is-light has-border-color\" style=\"border-color:#097995;border-width:3px\"><span aria-hidden=\"true\" class=\"wp-block-cover__background has-white-background-color has-background-dim-100 has-background-dim\"><\/span><div class=\"wp-block-cover__inner-container is-layout-constrained wp-block-cover-is-layout-constrained\"><h2 class=\"has-text-align-center wp-block-post-title\"><a href=\"https:\/\/www.mairie-gassin.fr\/fr\/notre-commune\/le-conseil-municipal\/\" target=\"_self\" >Le conseil municipal<\/a><\/h2><\/div><\/div>\n\n<\/li><li class=\"wp-block-post post-120 page type-page status-publish hentry\">\n\n<div class=\"wp-block-cover is-light has-border-color\" style=\"border-color:#097995;border-width:3px\"><span aria-hidden=\"true\" class=\"wp-block-cover__background has-white-background-color has-background-dim-100 has-background-dim\"><\/span><div class=\"wp-block-cover__inner-container is-layout-constrained wp-block-cover-is-layout-constrained\"><h2 class=\"has-text-align-center wp-block-post-title\"><a href=\"https:\/\/www.mairie-gassin.fr\/fr\/notre-commune\/pv-des-conseils-municipaux\/\" target=\"_self\" >Arr\u00eat\u00e9s &#8211; D\u00e9cisions &#8211; D\u00e9lib\u00e9rations et PV des conseils municipaux &#8211; Arr\u00eat\u00e9s Pr\u00e9fectoraux<\/a><\/h2><\/div><\/div>\n\n<\/li><li class=\"wp-block-post post-109 page type-page status-publish has-post-thumbnail hentry\">\n\n<div class=\"wp-block-cover is-light has-border-color\" style=\"border-color:#097995;border-width:3px\"><span aria-hidden=\"true\" class=\"wp-block-cover__background has-white-background-color has-background-dim-100 has-background-dim\"><\/span><div class=\"wp-block-cover__inner-container is-layout-constrained wp-block-cover-is-layout-constrained\"><h2 class=\"has-text-align-center wp-block-post-title\"><a href=\"https:\/\/www.mairie-gassin.fr\/fr\/notre-commune\/services-municipaux\/\" target=\"_self\" >Services municipaux<\/a><\/h2><\/div><\/div>\n\n<\/li><li class=\"wp-block-post post-80 page type-page status-publish hentry\">\n\n<div class=\"wp-block-cover is-light has-border-color\" style=\"border-color:#097995;border-width:3px\"><span aria-hidden=\"true\" class=\"wp-block-cover__background has-white-background-color has-background-dim-100 has-background-dim\"><\/span><div class=\"wp-block-cover__inner-container is-layout-constrained wp-block-cover-is-layout-constrained\"><h2 class=\"has-text-align-center wp-block-post-title\"><a href=\"https:\/\/www.mairie-gassin.fr\/fr\/notre-commune\/les-plus-beaux-villages-de-france\/\" target=\"_self\" >L&rsquo;un des plus beaux villages de France<\/a><\/h2><\/div><\/div>\n\n<\/li><li class=\"wp-block-post post-7 page type-page status-publish hentry\">\n\n<div class=\"wp-block-cover is-light has-border-color\" style=\"border-color:#097995;border-width:3px\"><span aria-hidden=\"true\" class=\"wp-block-cover__background has-white-background-color has-background-dim-100 has-background-dim\"><\/span><div class=\"wp-block-cover__inner-container is-layout-constrained wp-block-cover-is-layout-constrained\"><h2 class=\"has-text-align-center wp-block-post-title\"><a href=\"https:\/\/www.mairie-gassin.fr\/fr\/notre-commune\/gassin-hier\/\" target=\"_self\" >Gassin hier<\/a><\/h2><\/div><\/div>\n\n<\/li><li class=\"wp-block-post post-34 page type-page status-publish hentry\">\n\n<div class=\"wp-block-cover is-light has-border-color\" style=\"border-color:#097995;border-width:3px\"><span aria-hidden=\"true\" class=\"wp-block-cover__background has-white-background-color has-background-dim-100 has-background-dim\"><\/span><div class=\"wp-block-cover__inner-container is-layout-constrained wp-block-cover-is-layout-constrained\"><h2 class=\"has-text-align-center wp-block-post-title\"><a href=\"https:\/\/www.mairie-gassin.fr\/fr\/notre-commune\/patrimoine\/\" target=\"_self\" >Patrimoine<\/a><\/h2><\/div><\/div>\n\n<\/li><li class=\"wp-block-post post-85 page type-page status-publish hentry\">\n\n<div class=\"wp-block-cover is-light has-border-color\" style=\"border-color:#097995;border-width:3px\"><span aria-hidden=\"true\" class=\"wp-block-cover__background has-white-background-color has-background-dim-100 has-background-dim\"><\/span><div class=\"wp-block-cover__inner-container is-layout-constrained wp-block-cover-is-layout-constrained\"><h2 class=\"has-text-align-center wp-block-post-title\"><a href=\"https:\/\/www.mairie-gassin.fr\/fr\/notre-commune\/comment-venir\/\" target=\"_self\" >Comment venir<\/a><\/h2><\/div><\/div>\n\n<\/li><li class=\"wp-block-post post-87 page type-page status-publish hentry\">\n\n<div class=\"wp-block-cover is-light has-border-color\" style=\"border-color:#097995;border-width:3px\"><span aria-hidden=\"true\" class=\"wp-block-cover__background has-white-background-color has-background-dim-100 has-background-dim\"><\/span><div class=\"wp-block-cover__inner-container is-layout-constrained wp-block-cover-is-layout-constrained\"><h2 class=\"has-text-align-center wp-block-post-title\"><a href=\"https:\/\/www.mairie-gassin.fr\/fr\/notre-commune\/cadre-de-vie\/\" target=\"_self\" >Cadre de vie<\/a><\/h2><\/div><\/div>\n\n<\/li><li class=\"wp-block-post post-91 page type-page status-publish hentry\">\n\n<div class=\"wp-block-cover is-light has-border-color\" style=\"border-color:#097995;border-width:3px\"><span aria-hidden=\"true\" class=\"wp-block-cover__background has-white-background-color has-background-dim-100 has-background-dim\"><\/span><div class=\"wp-block-cover__inner-container is-layout-constrained wp-block-cover-is-layout-constrained\"><h2 class=\"has-text-align-center wp-block-post-title\"><a href=\"https:\/\/www.mairie-gassin.fr\/fr\/notre-commune\/economie-locale\/\" target=\"_self\" >\u00c9conomie locale<\/a><\/h2><\/div><\/div>\n\n<\/li><li class=\"wp-block-post post-140 page type-page status-publish hentry\">\n\n<div class=\"wp-block-cover is-light has-border-color\" style=\"border-color:#097995;border-width:3px\"><span aria-hidden=\"true\" class=\"wp-block-cover__background has-white-background-color has-background-dim-100 has-background-dim\"><\/span><div class=\"wp-block-cover__inner-container is-layout-constrained wp-block-cover-is-layout-constrained\"><h2 class=\"has-text-align-center wp-block-post-title\"><a href=\"https:\/\/www.mairie-gassin.fr\/fr\/notre-commune\/revue-municipale\/\" target=\"_self\" >Revue municipale<\/a><\/h2><\/div><\/div>\n\n<\/li><li class=\"wp-block-post post-94 page type-page status-publish hentry\">\n\n<div class=\"wp-block-cover is-light has-border-color\" style=\"border-color:#097995;border-width:3px\"><span aria-hidden=\"true\" class=\"wp-block-cover__background has-white-background-color has-background-dim-100 has-background-dim\"><\/span><div class=\"wp-block-cover__inner-container is-layout-constrained wp-block-cover-is-layout-constrained\"><h2 class=\"has-text-align-center wp-block-post-title\"><a href=\"https:\/\/www.mairie-gassin.fr\/fr\/notre-commune\/travaux-en-cours\/\" target=\"_self\" >Travaux en cours<\/a><\/h2><\/div><\/div>\n\n<\/li><\/ul>\n\n\n<div style=\"height:100px\" aria-hidden=\"true\" class=\"wp-block-spacer\"><\/div>\n\n\n\n\n<\/div>\n<\/div><\/div>\n\n\n\n<p class=\"wp-block-paragraph\"><\/p>\n","protected":false},"excerpt":{"rendered":"","protected":false},"author":11,"featured_media":0,"parent":0,"menu_order":4,"comment_status":"closed","ping_status":"closed","template":"template-full-width.php","meta":{"_acf_changed":false,"_crdt_document":"{\"document\":\"AAA+r7Dazh2QhO34Fq7XgKkSu5K\/9BGGh9nnDbvkz4wLmsWfrwrD8barCowBlpDxmgaYorzxBKGlho4Dqu3sigFcCBygMwAGAgECCgBKEAIBAgoBAUoUAgECCkoOAgECCgEJSiQCAQIKAQ5KdqYBAQIKSgAQAQIKAQBKEgIBBA4BAgpKABABA3KAAQEDDAIBAgoBAErsA4AEAQIKAEoAjwEoACEGKAInAAQAJwAEACcAKAQnACgBJwAHACgDJwAoAScABwAoAycAKAMnAAcAKAMnACgAJwAHACgDJwAoCycABwAoAycAKBAnAIcAKAMnACgAJwCHACgDJwAoAicABwAoAycBhwAoAycAKAAnAIcAKAMnAYcAKAMnAQcAKAMnASgBJwCHACgDJwEoACcAIewZuBhzdGF0ZXZlcnNpb25zdGF0ZXZlcnNpb25zdGF0ZXZlcnNpb25zdGF0ZXZlcnNpb25zdGF0ZXZlcnNpb25zdGF0ZXZlcnNpb25zdGF0ZXZlcnNpb25zdGF0ZXZlcnNpb25kb2N1bWVudGRhdGVkb2N1bWVudHNsdWdkb2N1bWVudHN0YXR1c2RvY3VtZW50dGl0bGVOb3RyZSBjb21tdW5lZG9jdW1lbnRjb250ZW50PCEtLSB3cDpncm91cCB7ImxheW91dCI6eyJ0eXBlIjoiY29uc3RyYWluZWQifX0gLS0+CjxkaXYgY2xhc3M9IndwLWJsb2NrLWdyb3VwIj48IS0tIHdwOnF1ZXJ5IHsicXVlcnlJZCI6MCwicXVlcnkiOnsicGVyUGFnZSI6MjQsInBhZ2VzIjowLCJvZmZzZXQiOjAsInBvc3RUeXBlIjoicGFnZSIsIm9yZGVyIjoiYXNjIiwib3JkZXJCeSI6Im1lbnVfb3JkZXIiLCJhdXRob3IiOiIiLCJzZWFyY2giOiIiLCJleGNsdWRlIjpbXSwic3RpY2t5IjoiIiwiaW5oZXJpdCI6ZmFsc2UsInBhcmVudHMiOls0MF0sImZvcm1hdCI6W119fSAtLT4KPGRpdiBjbGFzcz0id3AtYmxvY2stcXVlcnkiPjwhLS0gd3A6cG9zdC10ZW1wbGF0ZSB7ImxheW91dCI6eyJ0eXBlIjoiZ3JpZCIsImNvbHVtbkNvdW50IjozfX0gLS0+CjwhLS0gd3A6Y292ZXIgeyJvdmVybGF5Q29sb3IiOiJ3aGl0ZSIsImlzVXNlck92ZXJsYXlDb2xvciI6dHJ1ZSwiaXNEYXJrIjpmYWxzZSwic3R5bGUiOnsiYm9yZGVyIjp7ImNvbG9yIjoiIzA5Nzk5NSIsIndpZHRoIjoiM3B4In19LCJsYXlvdXQiOnsidHlwZSI6ImNvbnN0cmFpbmVkIn19IC0tPgo8ZGl2IGNsYXNzPSJ3cC1ibG9jay1jb3ZlciBpcy1saWdodCBoYXMtYm9yZGVyLWNvbG9yIiBzdHlsZT0iYm9yZGVyLWNvbG9yOiMwOTc5OTU7Ym9yZGVyLXdpZHRoOjNweCI+PHNwYW4gYXJpYS1oaWRkZW49InRydWUiIGNsYXNzPSJ3cC1ibG9jay1jb3Zlcl9fYmFja2dyb3VuZCBoYXMtd2hpdGUtYmFja2dyb3VuZC1jb2xvciBoYXMtYmFja2dyb3VuZC1kaW0tMTAwIGhhcy1iYWNrZ3JvdW5kLWRpbSI+PC9zcGFuPjxkaXYgY2xhc3M9IndwLWJsb2NrLWNvdmVyX19pbm5lci1jb250YWluZXIiPjwhLS0gd3A6cG9zdC10aXRsZSB7InRleHRBbGlnbiI6ImNlbnRlciIsImlzTGluayI6dHJ1ZX0gLy0tPjwvZGl2PjwvZGl2Pgo8IS0tIC93cDpjb3ZlciAtLT4KPCEtLSAvd3A6cG9zdC10ZW1wbGF0ZSAtLT4KCjwhLS0gd3A6c3BhY2VyIC0tPgo8ZGl2IHN0eWxlPSJoZWlnaHQ6MTAwcHgiIGFyaWEtaGlkZGVuPSJ0cnVlIiBjbGFzcz0id3AtYmxvY2stc3BhY2VyIj48L2Rpdj4KPCEtLSAvd3A6c3BhY2VyIC0tPgoKPCEtLSB3cDpxdWVyeS1wYWdpbmF0aW9uIHsibGF5b3V0Ijp7InR5cGUiOiJmbGV4IiwianVzdGlmeUNvbnRlbnQiOiJjZW50ZXIifX0gLS0+CjwhLS0gd3A6cXVlcnktcGFnaW5hdGlvbi1wcmV2aW91cyAvLS0+Cgo8IS0tIHdwOnF1ZXJ5LXBhZ2luYXRpb24tbnVtYmVycyAvLS0+Cgo8IS0tIHdwOnF1ZXJ5LXBhZ2luYXRpb24tbmV4dCAvLS0+CjwhLS0gL3dwOnF1ZXJ5LXBhZ2luYXRpb24gLS0+Cgo8IS0tIHdwOnF1ZXJ5LW5vLXJlc3VsdHMgLS0+CjwhLS0gd3A6cGFyYWdyYXBoIHsicGxhY2Vob2xkZXIiOiJBam91dGVyIHVuIHRleHRlIG91IGRlcyBibG9jcyBxdWkgc+KAmWFmZmljaGVyb250IGxvcnNxdeKAmXVuZSByZXF1w6p0ZSBuZSByZW52ZXJyYSBhdWN1biByw6lzdWx0YXQuIn0gLS0+CjxwPjwvcD4KPCEtLSAvd3A6cGFyYWdyYXBoIC0tPgo8IS0tIC93cDpxdWVyeS1uby1yZXN1bHRzIC0tPjwvZGl2Pgo8IS0tIC93cDpxdWVyeSAtLT48L2Rpdj4KPCEtLSAvd3A6Z3JvdXAgLS0+Cgo8IS0tIHdwOnBhcmFncmFwaCAtLT4KPHA+PC9wPgo8IS0tIC93cDpwYXJhZ3JhcGggLS0+ZG9jdW1lbnRleGNlcnB0ZG9jdW1lbnRhdXRob3Jkb2N1bWVudGZlYXR1cmVkX21lZGlhZG9jdW1lbnRjb21tZW50X3N0YXR1c2RvY3VtZW50cGluZ19zdGF0dXNkb2N1bWVudHRlbXBsYXRlZG9jdW1lbnRtZXRhX2FjZl9jaGFuZ2VkZm9vdG5vdGVzZG9jdW1lbnRibG9ja3NjbGllbnRJZGlzVmFsaWRvcmlnaW5hbENvbnRlbnRuYW1lYXR0cmlidXRlc3RhZ05hbWVsYXlvdXRpbm5lckJsb2Nrc2NsaWVudElkaXNWYWxpZG9yaWdpbmFsQ29udGVudG5hbWVhdHRyaWJ1dGVzcXVlcnlJZHF1ZXJ5dGFnTmFtZWVuaGFuY2VkUGFnaW5hdGlvbmlubmVyQmxvY2tzY2xpZW50SWRpc1ZhbGlkb3JpZ2luYWxDb250ZW50bmFtZWF0dHJpYnV0ZXNsYXlvdXRpbm5lckJsb2Nrc2NsaWVudElkaXNWYWxpZG9yaWdpbmFsQ29udGVudG5hbWVhdHRyaWJ1dGVzdXNlRmVhdHVyZWRJbWFnZWFsdGhhc1BhcmFsbGF4aXNSZXBlYXRlZGRpbVJhdGlvb3ZlcmxheUNvbG9yaXNVc2VyT3ZlcmxheUNvbG9yYmFja2dyb3VuZFR5cGVpc0Rhcmt0YWdOYW1lc3R5bGVsYXlvdXRpbm5lckJsb2Nrc2NsaWVudElkaXNWYWxpZG9yaWdpbmFsQ29udGVudG5hbWVhdHRyaWJ1dGVzbGV2ZWxsZXZlbE9wdGlvbnNpc0xpbmtyZWxsaW5rVGFyZ2V0Ym9yZGVyQ29sb3JiYWNrZ3JvdW5kQ29sb3J0ZXh0Q29sb3JncmFkaWVudGFsaWdubG9ja2FuY2hvcmNsYXNzTmFtZWZvbnRGYW1pbHlmb250U2l6ZXN0eWxlbWV0YWRhdGFpbm5lckJsb2Nrc2NsaWVudElkaXNWYWxpZG9yaWdpbmFsQ29udGVudG5hbWVhdHRyaWJ1dGVzaGVpZ2h0aW5uZXJCbG9ja3NjbGllbnRJZGlzVmFsaWRvcmlnaW5hbENvbnRlbnRuYW1lYXR0cmlidXRlc3BhZ2luYXRpb25BcnJvd3Nob3dMYWJlbGxheW91dGlubmVyQmxvY2tzY2xpZW50SWRpc1ZhbGlkb3JpZ2luYWxDb250ZW50bmFtZWF0dHJpYnV0ZXNpbm5lckJsb2Nrc2NsaWVudElkaXNWYWxpZG9yaWdpbmFsQ29udGVudG5hbWVhdHRyaWJ1dGVzbWlkU2l6ZWlubmVyQmxvY2tzY2xpZW50SWRpc1ZhbGlkb3JpZ2luYWxDb250ZW50bmFtZWF0dHJpYnV0ZXNpbm5lckJsb2Nrc2NsaWVudElkaXNWYWxpZG9yaWdpbmFsQ29udGVudG5hbWVhdHRyaWJ1dGVzaW5uZXJCbG9ja3NjbGllbnRJZGlzVmFsaWRvcmlnaW5hbENvbnRlbnRuYW1lYXR0cmlidXRlc2NvbnRlbnRkcm9wQ2FwcGxhY2Vob2xkZXJpbm5lckJsb2Nrc2NsaWVudElkaXNWYWxpZG9yaWdpbmFsQ29udGVudG5hbWVhdHRyaWJ1dGVzY29udGVudGRyb3BDYXBpbm5lckJsb2Nrc3N0YXRldmVyc2lvbnN0YXRldmVyc2lvbnN0YXRldmVyc2lvbnN0YXRldmVyc2lvbgUHBQcFBwUHBQcFBwUHBQcIBAgECAYIBQ0IB6kZCAcIBggOCA4IC0gBBAwJCAYIBw8ECgcGCwgHDwQKBwUHEgsIBw8ECgYLCAcPBAoQAwsKCAwSDgYHBQYLCAcPBAoFDAYDCgsPCQgFBAYJCggFCAsIBw8ECgYLCAcPBAoPCQYLCAcPBAoLCAcPBAoHCwgHDwQKCwgHDwQKCwgHDwQKRwBLAAgHDwQKRwALBQcFBwUHBQcSAQsAAAEAAAABBgABAQAAggEBLUIBAQBBAABBAABBAABBAABBAABBAABBAABBAABBAABBAABBAABBAAIAQQACAAJBdAwBAH0BAQABAAEAAQABAAEAmwEAdxMyMDE3LTExLTEyVDIzOjI0OjU1dw1ub3RyZS1jb21tdW5ldwdwdWJsaXNofQt9AHcGY2xvc2VkdwZjbG9zZWR3F3RlbXBsYXRlLWZ1bGwtd2lkdGgucGhweXcAdyRiYTE3ZGM3Zi0wMDU4LTQ0YjUtYWRjYS1mNzExNjk0M2MzOGR4dyI8ZGl2IGNsYXNzPSJ3cC1ibG9jay1ncm91cCI+PC9kaXY+dwpjb3JlL2dyb3VwdwNkaXZ2AQR0eXBldwtjb25zdHJhaW5lZHckNmJkYzVkMWUtMWNlZS00OWY0LThlM2MtNmMyMDMxMjNjODkyeHcoPGRpdiBjbGFzcz0id3AtYmxvY2stcXVlcnkiPgoKCgoKCjwvZGl2PncKY29yZS9xdWVyeX0Adg0HcGVyUGFnZX0YBXBhZ2VzfQAGb2Zmc2V0fQAIcG9zdFR5cGV3BHBhZ2UFb3JkZXJ3A2FzYwdvcmRlckJ5dwptZW51X29yZGVyBmF1dGhvcncABnNlYXJjaHcAB2V4Y2x1ZGV1AAZzdGlja3l3AAdpbmhlcml0eQdwYXJlbnRzdQF9KAZmb3JtYXR1AHcDZGl2eXckOTYwMmQ1NjItN2MwMy00YWQzLTkxMmEtNGM3NjVkM2MyNzdleHcAdxJjb3JlL3Bvc3QtdGVtcGxhdGV2AgR0eXBldwRncmlkC2NvbHVtbkNvdW50fQN3JGZmMGUwYzNkLTYyNmMtNGQ2Ni1hZDljLWE0MGUzNzFmNGUyN3h3pQI8ZGl2IGNsYXNzPSJ3cC1ibG9jay1jb3ZlciBpcy1saWdodCBoYXMtYm9yZGVyLWNvbG9yIiBzdHlsZT0iYm9yZGVyLWNvbG9yOiMwOTc5OTU7Ym9yZGVyLXdpZHRoOjNweCI+PHNwYW4gYXJpYS1oaWRkZW49InRydWUiIGNsYXNzPSJ3cC1ibG9jay1jb3Zlcl9fYmFja2dyb3VuZCBoYXMtd2hpdGUtYmFja2dyb3VuZC1jb2xvciBoYXMtYmFja2dyb3VuZC1kaW0tMTAwIGhhcy1iYWNrZ3JvdW5kLWRpbSI+PC9zcGFuPjxkaXYgY2xhc3M9IndwLWJsb2NrLWNvdmVyX19pbm5lci1jb250YWluZXIiPjwvZGl2PjwvZGl2PncKY29yZS9jb3Zlcnl3AHl5faQBdwV3aGl0ZXh3BWltYWdleXcDZGl2dgEGYm9yZGVydgIFY29sb3J3ByMwOTc5OTUFd2lkdGh3AzNweHYBBHR5cGV3C2NvbnN0cmFpbmVkdyQ5ZGQzYWY4OC0xMTJkLTQxZDYtOWUwYy0xMTVhYWE3NzlhOWZ4dwB3D2NvcmUvcG9zdC10aXRsZX0Cf3h3AHcFX3NlbGZ\/f39\/f39\/f39\/dgEKdHlwb2dyYXBoeXYBCXRleHRBbGlnbncGY2VudGVyf3ckNDFkMGY4YjYtMzViOC00MTRlLTkzYjUtYzYxMGRiZjk0NWM1eHdLPGRpdiBzdHlsZT0iaGVpZ2h0OjEwMHB4IiBhcmlhLWhpZGRlbj0idHJ1ZSIgY2xhc3M9IndwLWJsb2NrLXNwYWNlciI+PC9kaXY+dwtjb3JlL3NwYWNlcncFMTAwcHh3JDNmZTA3ZGZiLTUwMzEtNGU5Ny1hMTYxLTc0YTg2OGUxZTVlNnh3AHcVY29yZS9xdWVyeS1wYWdpbmF0aW9udwRub25leHYCBHR5cGV3BGZsZXgOanVzdGlmeUNvbnRlbnR3BmNlbnRlcnckNTA2MjUzMmMtZmFmYS00OTNlLWE5ZDMtZTcwMmE4MWIwMTBjeHcAdx5jb3JlL3F1ZXJ5LXBhZ2luYXRpb24tcHJldmlvdXN3JGY0NDg3YWQ4LTg2ZGEtNDI5YS1iMDQxLTQ0MThhNzEyZWNhOXh3AHcdY29yZS9xdWVyeS1wYWdpbmF0aW9uLW51bWJlcnN9AnckYTdmMGM3ZmItN2M1Yy00ZTg4LWI4YTUtMjdjOTFmZjUyNzUzeHcAdxpjb3JlL3F1ZXJ5LXBhZ2luYXRpb24tbmV4dHckNzcxNzhiNDctZGFmMi00YTNjLTg3ZTgtOTMzMDYxYzMwZDFmeHcAdxVjb3JlL3F1ZXJ5LW5vLXJlc3VsdHN3JGM5NWNmNmMxLWYzODktNDZjOC1iYjI2LTIxM2MxODk5MmU3ZHh3BzxwPjwvcD53DmNvcmUvcGFyYWdyYXBoeXdkQWpvdXRlciB1biB0ZXh0ZSBvdSBkZXMgYmxvY3MgcXVpIHPigJlhZmZpY2hlcm9udCBsb3JzcXXigJl1bmUgcmVxdcOqdGUgbmUgcmVudmVycmEgYXVjdW4gcsOpc3VsdGF0LnckODIyZjUxMGUtN2YyNC00MTczLWE2MWUtMjVhNzMzODJhZTc1eHcHPHA+PC9wPncOY29yZS9wYXJhZ3JhcGh5AQABAAEAAQALkMK2vAsBAADuq8CUCQEAALvJn\/oIAQAAxsPs8wYBAAC78qfGBQEAANriz5cFAQAAw7jblQUBAACWyLiNAwEAAJiR3rgCAQAA4ZKDxwEBAADqtrZFAQAA\",\"updateId\":554655842}","footnotes":""},"class_list":["post-40","page","type-page","status-publish","hentry"],"acf":[],"_links":{"self":[{"href":"https:\/\/www.mairie-gassin.fr\/fr\/wp-json\/wp\/v2\/pages\/40","targetHints":{"allow":["GET"]}}],"collection":[{"href":"https:\/\/www.mairie-gassin.fr\/fr\/wp-json\/wp\/v2\/pages"}],"about":[{"href":"https:\/\/www.mairie-gassin.fr\/fr\/wp-json\/wp\/v2\/types\/page"}],"author":[{"embeddable":true,"href":"https:\/\/www.mairie-gassin.fr\/fr\/wp-json\/wp\/v2\/users\/11"}],"replies":[{"embeddable":true,"href":"https:\/\/www.mairie-gassin.fr\/fr\/wp-json\/wp\/v2\/comments?post=40"}],"version-history":[{"count":22,"href":"https:\/\/www.mairie-gassin.fr\/fr\/wp-json\/wp\/v2\/pages\/40\/revisions"}],"predecessor-version":[{"id":12484,"href":"https:\/\/www.mairie-gassin.fr\/fr\/wp-json\/wp\/v2\/pages\/40\/revisions\/12484"}],"wp:attachment":[{"href":"https:\/\/www.mairie-gassin.fr\/fr\/wp-json\/wp\/v2\/media?parent=40"}],"curies":[{"name":"wp","href":"https:\/\/api.w.org\/{rel}","templated":true}]}}