{"id":4020,"date":"2022-09-13T17:28:38","date_gmt":"2022-09-13T15:28:38","guid":{"rendered":"https:\/\/www.mairie-gassin.fr\/?page_id=4020"},"modified":"2025-05-10T23:17:22","modified_gmt":"2025-05-10T21:17:22","slug":"dematerialisation-et-affichages","status":"publish","type":"page","link":"https:\/\/www.mairie-gassin.fr\/fr\/environnement-qualite-de-vie\/dematerialisation-et-affichages\/","title":{"rendered":"D\u00e9mat\u00e9rialisation et affichages\u00a0"},"content":{"rendered":"\n<h2 class=\"wp-block-heading\">GUICHET UNIQUE<\/h2>\n\n\n\n<p class=\"wp-block-paragraph\">Vous pouvez d\u00e9sormais d\u00e9poser vos dossiers d\u2019urbanisme (DIA, CU, DP, PC, PA, PD) en ligne via le lien ci-dessous&nbsp;:<\/p>\n\n\n\n<p class=\"wp-block-paragraph\"><a href=\"https:\/\/golfedesainttropez.geosphere.fr\/guichet-unique\">https:\/\/golfedesainttropez.geosphere.fr\/guichet-unique<\/a><\/p>\n\n\n\n<h2 class=\"wp-block-heading\">AFFICHAGE<\/h2>\n\n\n\n<p class=\"wp-block-paragraph\">Pour consulter la liste des d\u00e9p\u00f4ts et des d\u00e9cisions des autorisations d\u2019urbanisme, veuillez cliquer sur ce lien&nbsp;:<\/p>\n\n\n\n<p class=\"wp-block-paragraph\"><a href=\"https:\/\/golfedesainttropez.geosphere.fr\/guichet-unique\/Login\/AffichageReglementaire?nCommune=065\">https:\/\/golfedesainttropez.geosphere.fr\/guichet-unique\/Login\/AffichageReglementaire?nCommune=065<\/a><\/p>\n","protected":false},"excerpt":{"rendered":"<p>GUICHET UNIQUE Vous pouvez d\u00e9sormais d\u00e9poser vos dossiers d\u2019urbanisme (DIA, CU, DP, PC, PA, PD) en ligne via le lien ci-dessous&nbsp;: https:\/\/golfedesainttropez.geosphere.fr\/guichet-unique AFFICHAGE Pour consulter la liste des d\u00e9p\u00f4ts et des d\u00e9cisions des autorisations d\u2019urbanisme, veuillez cliquer sur ce lien&nbsp;: https:\/\/golfedesainttropez.geosphere.fr\/guichet-unique\/Login\/AffichageReglementaire?nCommune=065<\/p>\n","protected":false},"author":11,"featured_media":0,"parent":44,"menu_order":62,"comment_status":"closed","ping_status":"closed","template":"","meta":{"_acf_changed":false,"_crdt_document":"","footnotes":""},"class_list":["post-4020","page","type-page","status-publish","hentry"],"acf":[],"_links":{"self":[{"href":"https:\/\/www.mairie-gassin.fr\/fr\/wp-json\/wp\/v2\/pages\/4020","targetHints":{"allow":["GET"]}}],"collection":[{"href":"https:\/\/www.mairie-gassin.fr\/fr\/wp-json\/wp\/v2\/pages"}],"about":[{"href":"https:\/\/www.mairie-gassin.fr\/fr\/wp-json\/wp\/v2\/types\/page"}],"author":[{"embeddable":true,"href":"https:\/\/www.mairie-gassin.fr\/fr\/wp-json\/wp\/v2\/users\/11"}],"replies":[{"embeddable":true,"href":"https:\/\/www.mairie-gassin.fr\/fr\/wp-json\/wp\/v2\/comments?post=4020"}],"version-history":[{"count":4,"href":"https:\/\/www.mairie-gassin.fr\/fr\/wp-json\/wp\/v2\/pages\/4020\/revisions"}],"predecessor-version":[{"id":4027,"href":"https:\/\/www.mairie-gassin.fr\/fr\/wp-json\/wp\/v2\/pages\/4020\/revisions\/4027"}],"up":[{"embeddable":true,"href":"https:\/\/www.mairie-gassin.fr\/fr\/wp-json\/wp\/v2\/pages\/44"}],"wp:attachment":[{"href":"https:\/\/www.mairie-gassin.fr\/fr\/wp-json\/wp\/v2\/media?parent=4020"}],"curies":[{"name":"wp","href":"https:\/\/api.w.org\/{rel}","templated":true}]}}