{"id":406,"date":"2017-11-23T20:05:57","date_gmt":"2017-11-23T19:05:57","guid":{"rendered":"http:\/\/www.mairie-gassin.fr\/?page_id=406"},"modified":"2025-08-29T11:06:04","modified_gmt":"2025-08-29T09:06:04","slug":"transports-college-lycee","status":"publish","type":"page","link":"https:\/\/www.mairie-gassin.fr\/fr\/famille\/transports-college-lycee\/","title":{"rendered":"Transports Coll\u00e8ge \/ Lyc\u00e9e"},"content":{"rendered":"\n<p class=\"wp-block-paragraph\">Les demandes sont g\u00e9r\u00e9es par la Communaut\u00e9 de Communes. Les inscriptions se font en ligne sur le site <a href=\"https:\/\/inscriptiontransportscolaire.maregionsud.fr\/srt_83\/usager\/\">zou.mar\u00e9gionsud.fr<\/a><\/p>\n\n\n\n<p class=\"wp-block-paragraph\">Le Conseil Communautaire a vot\u00e9 la prise en charge partielle, des frais de transport scolaires pour les coll\u00e9giens et lyc\u00e9ens du Golfe de Saint Tropez pour l&rsquo;ann\u00e9e 2024-2025.<\/p>\n\n\n\n<p class=\"wp-block-paragraph\">Pour obtenir le remboursement partiel des frais que vous avez engag\u00e9s lors de l&rsquo;inscription de vos enfants aux transports scolaires aupr\u00e8s de la R\u00e9gion Sud, veillez \u00e0 retourner <strong>UN DOSSIER COMPLET PAR ENFANT INSCRIT<\/strong> : avant le 30 novembre 2025.<\/p>\n\n\n\n<ul class=\"wp-block-list\">\n<li>le formulaire de demande de remboursement, d\u00fbment compl\u00e9t\u00e9, (voir ci-dessous)<\/li>\n\n\n\n<li>l&rsquo;attestation de paiement re\u00e7ue par la R\u00e9gion,<\/li>\n\n\n\n<li>le RIB du compte ayant servi au paiement.<\/li>\n<\/ul>\n\n\n\n<p class=\"wp-block-paragraph\">&nbsp;&gt; par courrier \u00e0 l&rsquo;H\u00f4tel Communautaire, 2 rue Blaise Pascal &#8211; 83310 COGOLIN<\/p>\n\n\n\n<p class=\"wp-block-paragraph\">&gt; par courriel \u00e0 <a href=\"transportscolaire@golfe-sainttropez.fr\">transportscolaire@golfe-sainttropez.fr<\/a><\/p>\n\n\n\n<p class=\"wp-block-paragraph\">plus d&rsquo;informations sur le lien suivant : <a href=\"https:\/\/www.golfe-sainttropez.fr\/vivre-ici\/transport-mobilite\/transport-scolaire\/\">https:\/\/www.golfe-sainttropez.fr\/vivre-ici\/transport-mobilite\/transport-scolaire\/<\/a><\/p>\n\n\n\n<p class=\"wp-block-paragraph\">Le transport scolaire est organis\u00e9 <strong>pour les \u00e9tablissements suivants (liste non exhaustive)<\/strong> :<\/p>\n\n\n\n<ul class=\"wp-block-list\">\n<li>Lyc\u00e9e du Golfe de Saint Tropez (Gassin)<\/li>\n\n\n\n<li>Coll\u00e8ge Victor Hugo (Gassin)<\/li>\n\n\n\n<li>Coll\u00e8ge G\u00e9rard Philippe (COGOLIN) \u2013 SES<\/li>\n\n\n\n<li>Lyc\u00e9e GALLIENI (Fr\u00e9jus)<\/li>\n\n\n\n<li>SAINT EXUPERY (Saint-Rapha\u00ebl)<\/li>\n\n\n\n<li>STANISLAS (Saint-Rapha\u00ebl)<\/li>\n\n\n\n<li>LYCEE ALBERT CAMUS<\/li>\n\n\n\n<li>CES VILLENEUVE<\/li>\n\n\n\n<li>ST LOUIS (TOULON)<\/li>\n\n\n\n<li>CISSON (TOULON)<\/li>\n\n\n\n<li>GRANDE TOURRACHE (TOULON)<\/li>\n\n\n\n<li>LYCEE ROUVIERE (TOULON)<\/li>\n\n\n\n<li>LYCEE LA COUDOULIERE (SIX FOURS)<\/li>\n\n\n\n<li>LYCEE DE LORGUES<\/li>\n\n\n\n<li>LES ARCS<\/li>\n\n\n\n<li>JEAN MOULIN (DRAGUIGNAN)<\/li>\n\n\n\n<li>LEON BLUM (DRAGUIGNAN)<\/li>\n\n\n\n<li>CES FERIE (DRAGUIGNAN)<\/li>\n\n\n\n<li>GOLF HOTEL (HYERES)<\/li>\n\n\n\n<li>LYCEE AGRICOLE (HYERES)<\/li>\n\n\n\n<li>LYCEE ET COLLEGE MAINTENON<\/li>\n\n\n\n<li>LYCEE COSTEBELLE<\/li>\n\n\n\n<li>LYCEE JEAN AICARD<\/li>\n<\/ul>\n\n\n\n<p class=\"wp-block-paragraph\">Pour plus de renseignements, vous pouvez contacter la Mairie, notamment pour les horaires et les arr\u00eats des bus.<\/p>\n\n\n\n<p class=\"wp-block-paragraph\">Vous trouverez les horaires des transports scolaires sur le site <a href=\"https:\/\/zou.maregionsud.fr\/lignes-de-proximite-scolaires-var\/\">https:\/\/zou.maregionsud.fr\/lignes-de-proximite-scolaires-var\/<\/a>, rubrique Littoral Est Varois.<\/p>\n\n\n\n<p class=\"wp-block-paragraph\">Retrouvez ci-dessous le r\u00e8glement int\u00e9rieur et la fiche de remboursement pour les transports scolaires, rentr\u00e9e 2025 \/ 2026.<\/p>\n","protected":false},"excerpt":{"rendered":"<p>Les demandes sont g\u00e9r\u00e9es par la Communaut\u00e9 de Communes. Les inscriptions se font en ligne sur le site zou.mar\u00e9gionsud.fr Le Conseil Communautaire a vot\u00e9 la prise en charge partielle, des frais de transport scolaires pour les coll\u00e9giens et lyc\u00e9ens du Golfe de Saint Tropez pour l&rsquo;ann\u00e9e 2024-2025. Pour obtenir le remboursement partiel des frais que<a class=\"excerpt-read-more\" href=\"https:\/\/www.mairie-gassin.fr\/fr\/famille\/transports-college-lycee\/\" title=\"ReadTransports Coll\u00e8ge \/ Lyc\u00e9e\">&#8230; Read more &raquo;<\/a><\/p>\n","protected":false},"author":11,"featured_media":0,"parent":46,"menu_order":88,"comment_status":"closed","ping_status":"closed","template":"","meta":{"_acf_changed":false,"_crdt_document":"","footnotes":""},"class_list":["post-406","page","type-page","status-publish","hentry"],"acf":[],"_links":{"self":[{"href":"https:\/\/www.mairie-gassin.fr\/fr\/wp-json\/wp\/v2\/pages\/406","targetHints":{"allow":["GET"]}}],"collection":[{"href":"https:\/\/www.mairie-gassin.fr\/fr\/wp-json\/wp\/v2\/pages"}],"about":[{"href":"https:\/\/www.mairie-gassin.fr\/fr\/wp-json\/wp\/v2\/types\/page"}],"author":[{"embeddable":true,"href":"https:\/\/www.mairie-gassin.fr\/fr\/wp-json\/wp\/v2\/users\/11"}],"replies":[{"embeddable":true,"href":"https:\/\/www.mairie-gassin.fr\/fr\/wp-json\/wp\/v2\/comments?post=406"}],"version-history":[{"count":52,"href":"https:\/\/www.mairie-gassin.fr\/fr\/wp-json\/wp\/v2\/pages\/406\/revisions"}],"predecessor-version":[{"id":11114,"href":"https:\/\/www.mairie-gassin.fr\/fr\/wp-json\/wp\/v2\/pages\/406\/revisions\/11114"}],"up":[{"embeddable":true,"href":"https:\/\/www.mairie-gassin.fr\/fr\/wp-json\/wp\/v2\/pages\/46"}],"wp:attachment":[{"href":"https:\/\/www.mairie-gassin.fr\/fr\/wp-json\/wp\/v2\/media?parent=406"}],"curies":[{"name":"wp","href":"https:\/\/api.w.org\/{rel}","templated":true}]}}