{"id":4142,"date":"2022-11-29T14:44:23","date_gmt":"2022-11-29T13:44:23","guid":{"rendered":"https:\/\/www.mairie-gassin.fr\/?page_id=4142"},"modified":"2025-11-12T10:31:39","modified_gmt":"2025-11-12T09:31:39","slug":"ccas","status":"publish","type":"page","link":"https:\/\/www.mairie-gassin.fr\/fr\/ccas\/","title":{"rendered":"CCAS"},"content":{"rendered":"\n<p class=\"wp-block-paragraph\">Cette page est d\u00e9di\u00e9e au centre communal d&rsquo;action sociale de Gassin (CCAS), pr\u00e9sent pour soutenir et accompagner les familles de la commune en difficult\u00e9.<\/p>\n\n\n\n<h2 class=\"wp-block-heading\">D\u00e9lib\u00e9rations du conseil d&rsquo;administration du CCAS<\/h2>\n\n\n\n<div class=\"wp-block-file\"><a id=\"wp-block-file--media-75a5e43a-da6e-4b81-af5e-96102c551d70\" href=\"https:\/\/www.mairie-gassin.fr\/wp-content\/uploads\/2025\/11\/DEL-04_2025-DM1.pdf\">DEL 04_2025 DM1<\/a><a href=\"https:\/\/www.mairie-gassin.fr\/wp-content\/uploads\/2025\/11\/DEL-04_2025-DM1.pdf\" class=\"wp-block-file__button wp-element-button\" download aria-describedby=\"wp-block-file--media-75a5e43a-da6e-4b81-af5e-96102c551d70\">Download<\/a><\/div>\n\n\n\n<div class=\"wp-block-file\"><a id=\"wp-block-file--media-23723730-a369-47f9-877f-b48c5a977d4a\" href=\"https:\/\/www.mairie-gassin.fr\/wp-content\/uploads\/2025\/11\/PV-CA-CCAS-31-03-2025-adopte.pdf\">PV CA CCAS 31 03 2025 adopt\u00e9<\/a><a href=\"https:\/\/www.mairie-gassin.fr\/wp-content\/uploads\/2025\/11\/PV-CA-CCAS-31-03-2025-adopte.pdf\" class=\"wp-block-file__button wp-element-button\" download aria-describedby=\"wp-block-file--media-23723730-a369-47f9-877f-b48c5a977d4a\">Download<\/a><\/div>\n\n\n\n<div class=\"wp-block-file\"><a id=\"wp-block-file--media-af844d8f-6c73-415d-83c3-a398aeb037bf\" href=\"https:\/\/www.mairie-gassin.fr\/wp-content\/uploads\/2025\/11\/Liste-des-deliberations-du-CCAS-du-7-novembre-2025.pdf\">Liste des d\u00e9lib\u00e9rations du CCAS du 7 novembre 2025<\/a><a href=\"https:\/\/www.mairie-gassin.fr\/wp-content\/uploads\/2025\/11\/Liste-des-deliberations-du-CCAS-du-7-novembre-2025.pdf\" class=\"wp-block-file__button wp-element-button\" download aria-describedby=\"wp-block-file--media-af844d8f-6c73-415d-83c3-a398aeb037bf\">Download<\/a><\/div>\n\n\n\n<div class=\"wp-block-file\"><a id=\"wp-block-file--media-0b0e8380-31fe-4c41-a997-75e0d93a0c2d\" href=\"https:\/\/www.mairie-gassin.fr\/wp-content\/uploads\/2025\/04\/DEL_03_2025_modification_convention_presence_verte.pdf\">DEL_03_2025_modification_convention_pr\u00e9sence_verte<\/a><a href=\"https:\/\/www.mairie-gassin.fr\/wp-content\/uploads\/2025\/04\/DEL_03_2025_modification_convention_presence_verte.pdf\" class=\"wp-block-file__button wp-element-button\" download aria-describedby=\"wp-block-file--media-0b0e8380-31fe-4c41-a997-75e0d93a0c2d\">T\u00e9l\u00e9charger<\/a><\/div>\n\n\n\n<div class=\"wp-block-file\"><a id=\"wp-block-file--media-a5ef926f-e21a-45b0-ac75-7ae3510bc86c\" href=\"https:\/\/www.mairie-gassin.fr\/wp-content\/uploads\/2025\/04\/CCAS-presentation-synthetique-BP-25-1.pdf\">CCAS-pr\u00e9sentation-synth\u00e9tique-BP 2025<\/a><a href=\"https:\/\/www.mairie-gassin.fr\/wp-content\/uploads\/2025\/04\/CCAS-presentation-synthetique-BP-25-1.pdf\" class=\"wp-block-file__button wp-element-button\" download aria-describedby=\"wp-block-file--media-a5ef926f-e21a-45b0-ac75-7ae3510bc86c\">T\u00e9l\u00e9charger<\/a><\/div>\n\n\n\n<div class=\"wp-block-file\"><a id=\"wp-block-file--media-48e25474-0310-42c5-b7a7-0e743705c17c\" href=\"https:\/\/www.mairie-gassin.fr\/wp-content\/uploads\/2025\/04\/DEL_02_2025_budget_primitif_2025.pdf\">DEL_02_2025_budget_primitif_2025<\/a><a href=\"https:\/\/www.mairie-gassin.fr\/wp-content\/uploads\/2025\/04\/DEL_02_2025_budget_primitif_2025.pdf\" class=\"wp-block-file__button wp-element-button\" download aria-describedby=\"wp-block-file--media-48e25474-0310-42c5-b7a7-0e743705c17c\">T\u00e9l\u00e9charger<\/a><\/div>\n\n\n\n<div class=\"wp-block-file\"><a id=\"wp-block-file--media-2b233e0a-b501-4973-affc-a51ddabdef1a\" href=\"https:\/\/www.mairie-gassin.fr\/wp-content\/uploads\/2025\/04\/CCAS-presentation-synthetique-CFU-24-2.pdf\">CCAS-pr\u00e9sentation-synth\u00e9tique-CFU 2024<\/a><a href=\"https:\/\/www.mairie-gassin.fr\/wp-content\/uploads\/2025\/04\/CCAS-presentation-synthetique-CFU-24-2.pdf\" class=\"wp-block-file__button wp-element-button\" download aria-describedby=\"wp-block-file--media-2b233e0a-b501-4973-affc-a51ddabdef1a\">T\u00e9l\u00e9charger<\/a><\/div>\n\n\n\n<div class=\"wp-block-file\"><a id=\"wp-block-file--media-6095c4f0-7227-481b-a545-a93402b004e6\" href=\"https:\/\/www.mairie-gassin.fr\/wp-content\/uploads\/2025\/04\/DEL_01_2025_CFU_2024.pdf\">DEL_01_2025_CFU_2024<\/a><a href=\"https:\/\/www.mairie-gassin.fr\/wp-content\/uploads\/2025\/04\/DEL_01_2025_CFU_2024.pdf\" class=\"wp-block-file__button wp-element-button\" download aria-describedby=\"wp-block-file--media-6095c4f0-7227-481b-a545-a93402b004e6\">T\u00e9l\u00e9charger<\/a><\/div>\n\n\n\n<div class=\"wp-block-file\"><a id=\"wp-block-file--media-8c3e7cf4-d773-4016-ab6f-b500e49c3b0a\" href=\"https:\/\/www.mairie-gassin.fr\/wp-content\/uploads\/2025\/04\/PV-CA-CCAS-04-04-2024.pdf\">PV CA CCAS 04 04 2024<\/a><a href=\"https:\/\/www.mairie-gassin.fr\/wp-content\/uploads\/2025\/04\/PV-CA-CCAS-04-04-2024.pdf\" class=\"wp-block-file__button wp-element-button\" download aria-describedby=\"wp-block-file--media-8c3e7cf4-d773-4016-ab6f-b500e49c3b0a\">T\u00e9l\u00e9charger<\/a><\/div>\n\n\n\n<div class=\"wp-block-file\"><a id=\"wp-block-file--media-b223dacc-c3ca-4a2f-bcca-3868a1ddec46\" href=\"https:\/\/www.mairie-gassin.fr\/wp-content\/uploads\/2025\/04\/Liste-des-deliberations-du-CCAS-du-31-mars-2025.pdf\">Liste des d\u00e9lib\u00e9rations du CCAS du 31 mars 2025<\/a><a href=\"https:\/\/www.mairie-gassin.fr\/wp-content\/uploads\/2025\/04\/Liste-des-deliberations-du-CCAS-du-31-mars-2025.pdf\" class=\"wp-block-file__button wp-element-button\" download aria-describedby=\"wp-block-file--media-b223dacc-c3ca-4a2f-bcca-3868a1ddec46\">T\u00e9l\u00e9charger<\/a><\/div>\n\n\n\n<div class=\"wp-block-file\"><a id=\"wp-block-file--media-60317cdc-f399-4ff2-9172-4239e75a2e68\" href=\"https:\/\/www.mairie-gassin.fr\/wp-content\/uploads\/2024\/04\/DEL_05_2024_modification_convention__AXA.pdf\">DEL_05_2024_modification_convention__AXA<\/a><a href=\"https:\/\/www.mairie-gassin.fr\/wp-content\/uploads\/2024\/04\/DEL_05_2024_modification_convention__AXA.pdf\" class=\"wp-block-file__button wp-element-button\" download aria-describedby=\"wp-block-file--media-60317cdc-f399-4ff2-9172-4239e75a2e68\">T\u00e9l\u00e9charger<\/a><\/div>\n\n\n\n<div class=\"wp-block-file\"><a id=\"wp-block-file--media-940cca19-a7bd-487c-bee5-1368c39882f2\" href=\"https:\/\/www.mairie-gassin.fr\/wp-content\/uploads\/2024\/04\/DEL_04_2024_convention_mutualisation_commune_ccas.pdf\">DEL_04_2024_convention_mutualisation_commune_ccas<\/a><a href=\"https:\/\/www.mairie-gassin.fr\/wp-content\/uploads\/2024\/04\/DEL_04_2024_convention_mutualisation_commune_ccas.pdf\" class=\"wp-block-file__button wp-element-button\" download aria-describedby=\"wp-block-file--media-940cca19-a7bd-487c-bee5-1368c39882f2\">T\u00e9l\u00e9charger<\/a><\/div>\n\n\n\n<div class=\"wp-block-file\"><a id=\"wp-block-file--media-b09d2fcb-dc86-48ea-b8f1-f37987a27363\" href=\"https:\/\/www.mairie-gassin.fr\/wp-content\/uploads\/2024\/04\/DEL_03_2024_budget_primitif_2024.pdf\">DEL_03_2024_budget_primitif_2024<\/a><a href=\"https:\/\/www.mairie-gassin.fr\/wp-content\/uploads\/2024\/04\/DEL_03_2024_budget_primitif_2024.pdf\" class=\"wp-block-file__button wp-element-button\" download aria-describedby=\"wp-block-file--media-b09d2fcb-dc86-48ea-b8f1-f37987a27363\">T\u00e9l\u00e9charger<\/a><\/div>\n\n\n\n<div class=\"wp-block-file\"><a id=\"wp-block-file--media-8c132b40-9416-4bc0-8cda-5e9f2050a0b6\" href=\"https:\/\/www.mairie-gassin.fr\/wp-content\/uploads\/2024\/04\/5-CCAS-presentation-synthetique-BP-24-V2.pdf\">CCAS-presentation-synthetique-BP-24-V2<\/a><a href=\"https:\/\/www.mairie-gassin.fr\/wp-content\/uploads\/2024\/04\/5-CCAS-presentation-synthetique-BP-24-V2.pdf\" class=\"wp-block-file__button wp-element-button\" download aria-describedby=\"wp-block-file--media-8c132b40-9416-4bc0-8cda-5e9f2050a0b6\">T\u00e9l\u00e9charger<\/a><\/div>\n\n\n\n<div class=\"wp-block-file\"><a id=\"wp-block-file--media-7358f5e8-a89f-4e46-bd79-4abdfd088b1e\" href=\"https:\/\/www.mairie-gassin.fr\/wp-content\/uploads\/2024\/04\/DEL_02_2024_compte_administratif_2023.pdf\">DEL_02_2024_compte_administratif_2023<\/a><a href=\"https:\/\/www.mairie-gassin.fr\/wp-content\/uploads\/2024\/04\/DEL_02_2024_compte_administratif_2023.pdf\" class=\"wp-block-file__button wp-element-button\" download aria-describedby=\"wp-block-file--media-7358f5e8-a89f-4e46-bd79-4abdfd088b1e\">T\u00e9l\u00e9charger<\/a><\/div>\n\n\n\n<div class=\"wp-block-file\"><a id=\"wp-block-file--media-4ef44f35-35d6-4b1e-8366-2275bf04d207\" href=\"https:\/\/www.mairie-gassin.fr\/wp-content\/uploads\/2024\/04\/2-CCAS-presentation-synthetique-CA-2023.pdf\">CCAS-presentation-synthetique-CA-2023<\/a><a href=\"https:\/\/www.mairie-gassin.fr\/wp-content\/uploads\/2024\/04\/2-CCAS-presentation-synthetique-CA-2023.pdf\" class=\"wp-block-file__button wp-element-button\" download aria-describedby=\"wp-block-file--media-4ef44f35-35d6-4b1e-8366-2275bf04d207\">T\u00e9l\u00e9charger<\/a><\/div>\n\n\n\n<div class=\"wp-block-file\"><a id=\"wp-block-file--media-bd90bde8-01ee-49ba-bf99-8d05721f68d4\" href=\"https:\/\/www.mairie-gassin.fr\/wp-content\/uploads\/2024\/04\/DEL_01_2024_compte_gestion_2023.pdf\">DEL_01_2024_compte_gestion_2023<\/a><a href=\"https:\/\/www.mairie-gassin.fr\/wp-content\/uploads\/2024\/04\/DEL_01_2024_compte_gestion_2023.pdf\" class=\"wp-block-file__button wp-element-button\" download aria-describedby=\"wp-block-file--media-bd90bde8-01ee-49ba-bf99-8d05721f68d4\">T\u00e9l\u00e9charger<\/a><\/div>\n\n\n\n<div class=\"wp-block-file\"><a id=\"wp-block-file--media-3fd1d3c0-9317-474f-9b36-7aca61547977\" href=\"https:\/\/www.mairie-gassin.fr\/wp-content\/uploads\/2024\/04\/PV-CA-CCAS-19-10-2023.pdf\">PV-CA-CCAS-19-10-2023<\/a><a href=\"https:\/\/www.mairie-gassin.fr\/wp-content\/uploads\/2024\/04\/PV-CA-CCAS-19-10-2023.pdf\" class=\"wp-block-file__button wp-element-button\" download aria-describedby=\"wp-block-file--media-3fd1d3c0-9317-474f-9b36-7aca61547977\">T\u00e9l\u00e9charger<\/a><\/div>\n\n\n\n<div class=\"wp-block-file\"><a id=\"wp-block-file--media-7e6574bf-d20b-4dc3-a0fd-d54fc01bad57\" href=\"https:\/\/www.mairie-gassin.fr\/wp-content\/uploads\/2024\/04\/Liste-des-deliberations-du-CCAS-du-4-avril-2024.pdf\">Liste-des-deliberations-du-CCAS-du-4-avril-2024<\/a><a href=\"https:\/\/www.mairie-gassin.fr\/wp-content\/uploads\/2024\/04\/Liste-des-deliberations-du-CCAS-du-4-avril-2024.pdf\" class=\"wp-block-file__button wp-element-button\" download aria-describedby=\"wp-block-file--media-7e6574bf-d20b-4dc3-a0fd-d54fc01bad57\">T\u00e9l\u00e9charger<\/a><\/div>\n\n\n\n<div class=\"wp-block-file\"><a id=\"wp-block-file--media-1b0f6d99-30a3-444f-9edf-86ae74d6b8ca\" href=\"https:\/\/www.mairie-gassin.fr\/wp-content\/uploads\/2023\/10\/Liste-des-deliberations-du-CCAS-du-19-octobre-2023.pdf\">Liste-des-deliberations-du-CCAS-du-19-octobre-2023<\/a><a href=\"https:\/\/www.mairie-gassin.fr\/wp-content\/uploads\/2023\/10\/Liste-des-deliberations-du-CCAS-du-19-octobre-2023.pdf\" class=\"wp-block-file__button wp-element-button\" download aria-describedby=\"wp-block-file--media-1b0f6d99-30a3-444f-9edf-86ae74d6b8ca\">T\u00e9l\u00e9charger<\/a><\/div>\n","protected":false},"excerpt":{"rendered":"<p>Cette page est d\u00e9di\u00e9e au centre communal d&rsquo;action sociale de Gassin (CCAS), pr\u00e9sent pour soutenir et accompagner les familles de la commune en difficult\u00e9. D\u00e9lib\u00e9rations du conseil d&rsquo;administration du CCAS<\/p>\n","protected":false},"author":11,"featured_media":0,"parent":0,"menu_order":97,"comment_status":"closed","ping_status":"closed","template":"","meta":{"_acf_changed":false,"_crdt_document":"","footnotes":""},"class_list":["post-4142","page","type-page","status-publish","hentry"],"acf":[],"_links":{"self":[{"href":"https:\/\/www.mairie-gassin.fr\/fr\/wp-json\/wp\/v2\/pages\/4142","targetHints":{"allow":["GET"]}}],"collection":[{"href":"https:\/\/www.mairie-gassin.fr\/fr\/wp-json\/wp\/v2\/pages"}],"about":[{"href":"https:\/\/www.mairie-gassin.fr\/fr\/wp-json\/wp\/v2\/types\/page"}],"author":[{"embeddable":true,"href":"https:\/\/www.mairie-gassin.fr\/fr\/wp-json\/wp\/v2\/users\/11"}],"replies":[{"embeddable":true,"href":"https:\/\/www.mairie-gassin.fr\/fr\/wp-json\/wp\/v2\/comments?post=4142"}],"version-history":[{"count":14,"href":"https:\/\/www.mairie-gassin.fr\/fr\/wp-json\/wp\/v2\/pages\/4142\/revisions"}],"predecessor-version":[{"id":11398,"href":"https:\/\/www.mairie-gassin.fr\/fr\/wp-json\/wp\/v2\/pages\/4142\/revisions\/11398"}],"wp:attachment":[{"href":"https:\/\/www.mairie-gassin.fr\/fr\/wp-json\/wp\/v2\/media?parent=4142"}],"curies":[{"name":"wp","href":"https:\/\/api.w.org\/{rel}","templated":true}]}}