{"id":42,"date":"2017-11-12T23:25:07","date_gmt":"2017-11-12T22:25:07","guid":{"rendered":"http:\/\/www.mairie-gassin.fr\/?page_id=42"},"modified":"2026-04-14T18:25:07","modified_gmt":"2026-04-14T16:25:07","slug":"demarches-administratives","status":"publish","type":"page","link":"https:\/\/www.mairie-gassin.fr\/fr\/demarches-administratives\/","title":{"rendered":"D\u00e9marches administratives"},"content":{"rendered":"\n<div class=\"wp-block-group\"><div class=\"wp-block-group__inner-container is-layout-constrained wp-block-group-is-layout-constrained\">\n<div class=\"wp-block-query is-layout-flow wp-block-query-is-layout-flow\"><ul class=\"columns-3 wp-block-post-template is-layout-grid wp-container-core-post-template-is-layout-0fed8f92 wp-block-post-template-is-layout-grid\"><li class=\"wp-block-post post-193 page type-page status-publish hentry\">\n\n<div class=\"wp-block-cover is-light has-border-color\" style=\"border-color:#097995;border-width:3px\"><span aria-hidden=\"true\" class=\"wp-block-cover__background has-white-background-color has-background-dim-100 has-background-dim\"><\/span><div class=\"wp-block-cover__inner-container is-layout-constrained wp-block-cover-is-layout-constrained\"><h2 class=\"has-text-align-center wp-block-post-title\"><a href=\"https:\/\/www.mairie-gassin.fr\/fr\/demarches-administratives\/demarches-administratives\/\" target=\"_self\" >D\u00e9marches administratives<\/a><\/h2><\/div><\/div>\n\n<\/li><li class=\"wp-block-post post-5523 page type-page status-publish hentry\">\n\n<div class=\"wp-block-cover is-light has-border-color\" style=\"border-color:#097995;border-width:3px\"><span aria-hidden=\"true\" class=\"wp-block-cover__background has-white-background-color has-background-dim-100 has-background-dim\"><\/span><div class=\"wp-block-cover__inner-container is-layout-constrained wp-block-cover-is-layout-constrained\"><h2 class=\"has-text-align-center wp-block-post-title\"><a href=\"https:\/\/www.mairie-gassin.fr\/fr\/demarches-administratives\/portail-des-associations\/\" target=\"_self\" >Portail des Associations<\/a><\/h2><\/div><\/div>\n\n<\/li><li class=\"wp-block-post post-198 page type-page status-publish hentry\">\n\n<div class=\"wp-block-cover is-light has-border-color\" style=\"border-color:#097995;border-width:3px\"><span aria-hidden=\"true\" class=\"wp-block-cover__background has-white-background-color has-background-dim-100 has-background-dim\"><\/span><div class=\"wp-block-cover__inner-container is-layout-constrained wp-block-cover-is-layout-constrained\"><h2 class=\"has-text-align-center wp-block-post-title\"><a href=\"https:\/\/www.mairie-gassin.fr\/fr\/demarches-administratives\/marches-publics\/\" target=\"_self\" >March\u00e9s publics<\/a><\/h2><\/div><\/div>\n\n<\/li><li class=\"wp-block-post post-3677 page type-page status-publish hentry\">\n\n<div class=\"wp-block-cover is-light has-border-color\" style=\"border-color:#097995;border-width:3px\"><span aria-hidden=\"true\" class=\"wp-block-cover__background has-white-background-color has-background-dim-100 has-background-dim\"><\/span><div class=\"wp-block-cover__inner-container is-layout-constrained wp-block-cover-is-layout-constrained\"><h2 class=\"has-text-align-center wp-block-post-title\"><a href=\"https:\/\/www.mairie-gassin.fr\/fr\/demarches-administratives\/recrutements\/\" target=\"_self\" >Recrutements<\/a><\/h2><\/div><\/div>\n\n<\/li><li class=\"wp-block-post post-200 page type-page status-publish hentry\">\n\n<div class=\"wp-block-cover is-light has-border-color\" style=\"border-color:#097995;border-width:3px\"><span aria-hidden=\"true\" class=\"wp-block-cover__background has-white-background-color has-background-dim-100 has-background-dim\"><\/span><div class=\"wp-block-cover__inner-container is-layout-constrained wp-block-cover-is-layout-constrained\"><h2 class=\"has-text-align-center wp-block-post-title\"><a href=\"https:\/\/www.mairie-gassin.fr\/fr\/demarches-administratives\/syndicats-intercommunalite\/\" target=\"_self\" >Syndicats &#038; Intercommunalit\u00e9<\/a><\/h2><\/div><\/div>\n\n<\/li><li class=\"wp-block-post post-701 page type-page status-publish hentry\">\n\n<div class=\"wp-block-cover is-light has-border-color\" style=\"border-color:#097995;border-width:3px\"><span aria-hidden=\"true\" class=\"wp-block-cover__background has-white-background-color has-background-dim-100 has-background-dim\"><\/span><div class=\"wp-block-cover__inner-container is-layout-constrained wp-block-cover-is-layout-constrained\"><h2 class=\"has-text-align-center wp-block-post-title\"><a href=\"https:\/\/www.mairie-gassin.fr\/fr\/demarches-administratives\/paiement-en-ligne\/\" target=\"_self\" >Paiement en ligne<\/a><\/h2><\/div><\/div>\n\n<\/li><li class=\"wp-block-post post-454 page type-page status-publish hentry\">\n\n<div class=\"wp-block-cover is-light has-border-color\" style=\"border-color:#097995;border-width:3px\"><span aria-hidden=\"true\" class=\"wp-block-cover__background has-white-background-color has-background-dim-100 has-background-dim\"><\/span><div class=\"wp-block-cover__inner-container is-layout-constrained wp-block-cover-is-layout-constrained\"><h2 class=\"has-text-align-center wp-block-post-title\"><a href=\"https:\/\/www.mairie-gassin.fr\/fr\/demarches-administratives\/permanences-sociales\/\" target=\"_self\" >Permanences sociales<\/a><\/h2><\/div><\/div>\n\n<\/li><li class=\"wp-block-post post-487 page type-page status-publish hentry\">\n\n<div class=\"wp-block-cover is-light has-border-color\" style=\"border-color:#097995;border-width:3px\"><span aria-hidden=\"true\" class=\"wp-block-cover__background has-white-background-color has-background-dim-100 has-background-dim\"><\/span><div class=\"wp-block-cover__inner-container is-layout-constrained wp-block-cover-is-layout-constrained\"><h2 class=\"has-text-align-center wp-block-post-title\"><a href=\"https:\/\/www.mairie-gassin.fr\/fr\/demarches-administratives\/solidarite\/\" target=\"_self\" >Solidarit\u00e9<\/a><\/h2><\/div><\/div>\n\n<\/li><li class=\"wp-block-post post-456 page type-page status-publish hentry\">\n\n<div class=\"wp-block-cover is-light has-border-color\" style=\"border-color:#097995;border-width:3px\"><span aria-hidden=\"true\" class=\"wp-block-cover__background has-white-background-color has-background-dim-100 has-background-dim\"><\/span><div class=\"wp-block-cover__inner-container is-layout-constrained wp-block-cover-is-layout-constrained\"><h2 class=\"has-text-align-center wp-block-post-title\"><a href=\"https:\/\/www.mairie-gassin.fr\/fr\/demarches-administratives\/document-a-telecharger\/\" target=\"_self\" >Document \u00e0 t\u00e9l\u00e9charger<\/a><\/h2><\/div><\/div>\n\n<\/li><\/ul>\n\n\n<div style=\"height:100px\" aria-hidden=\"true\" class=\"wp-block-spacer\"><\/div>\n\n\n\n\n<\/div>\n<\/div><\/div>\n","protected":false},"excerpt":{"rendered":"","protected":false},"author":11,"featured_media":0,"parent":0,"menu_order":49,"comment_status":"closed","ping_status":"closed","template":"template-full-width.php","meta":{"_acf_changed":false,"_crdt_document":"{\"document\":\"AAAH\/4XR1hiEAVQINJw0AAYCAQIKAQBKEgIBAgoBAUoUAgECCkoOAgECCgEJSiQCAQIKAQ5KdqYBAQIKSgAQAQIKAQBKEgIBBA4BAgpKABABA3KAAQEDDAIBAgoBAEoAfygDJwAEACcABAAnACgEJwAoAScABwAoAycAKAInAAcAKAMnACgDJwAHACgDJwAoACcABwAoAycAKAsnAAcAKAMnACgQJwCHACgDJwAoACcAhwAoAycAKAInAAcAKAMnAYcAKAMnACgAJwCHACgDJwGHACgDJwEHACgDJwEoASe6GKMXc3RhdGV2ZXJzaW9uZG9jdW1lbnRkYXRlZG9jdW1lbnRzbHVnZG9jdW1lbnRzdGF0dXNkb2N1bWVudHRpdGxlRMOpbWFyY2hlcyBhZG1pbmlzdHJhdGl2ZXNkb2N1bWVudGNvbnRlbnQ8IS0tIHdwOmdyb3VwIHsibWV0YWRhdGEiOnsiY2F0ZWdvcmllcyI6WyJtZW51cyJdLCJwYXR0ZXJuTmFtZSI6ImNvcmUvYmxvY2svODM5MiIsIm5hbWUiOiJEw6lmYXV0In0sImxheW91dCI6eyJ0eXBlIjoiY29uc3RyYWluZWQifX0gLS0+CjxkaXYgY2xhc3M9IndwLWJsb2NrLWdyb3VwIj48IS0tIHdwOnF1ZXJ5IHsicXVlcnlJZCI6MCwicXVlcnkiOnsicGVyUGFnZSI6MjQsInBhZ2VzIjowLCJvZmZzZXQiOjAsInBvc3RUeXBlIjoicGFnZSIsIm9yZGVyIjoiYXNjIiwib3JkZXJCeSI6Im1lbnVfb3JkZXIiLCJhdXRob3IiOiIiLCJzZWFyY2giOiIiLCJleGNsdWRlIjpbXSwic3RpY2t5IjoiIiwiaW5oZXJpdCI6ZmFsc2UsInBhcmVudHMiOls0Ml0sImZvcm1hdCI6W119fSAtLT4KPGRpdiBjbGFzcz0id3AtYmxvY2stcXVlcnkiPjwhLS0gd3A6cG9zdC10ZW1wbGF0ZSB7ImxheW91dCI6eyJ0eXBlIjoiZ3JpZCIsImNvbHVtbkNvdW50IjozfX0gLS0+CjwhLS0gd3A6Y292ZXIgeyJvdmVybGF5Q29sb3IiOiJ3aGl0ZSIsImlzVXNlck92ZXJsYXlDb2xvciI6dHJ1ZSwiaXNEYXJrIjpmYWxzZSwic3R5bGUiOnsiYm9yZGVyIjp7ImNvbG9yIjoiIzA5Nzk5NSIsIndpZHRoIjoiM3B4In19LCJsYXlvdXQiOnsidHlwZSI6ImNvbnN0cmFpbmVkIn19IC0tPgo8ZGl2IGNsYXNzPSJ3cC1ibG9jay1jb3ZlciBpcy1saWdodCBoYXMtYm9yZGVyLWNvbG9yIiBzdHlsZT0iYm9yZGVyLWNvbG9yOiMwOTc5OTU7Ym9yZGVyLXdpZHRoOjNweCI+PHNwYW4gYXJpYS1oaWRkZW49InRydWUiIGNsYXNzPSJ3cC1ibG9jay1jb3Zlcl9fYmFja2dyb3VuZCBoYXMtd2hpdGUtYmFja2dyb3VuZC1jb2xvciBoYXMtYmFja2dyb3VuZC1kaW0tMTAwIGhhcy1iYWNrZ3JvdW5kLWRpbSI+PC9zcGFuPjxkaXYgY2xhc3M9IndwLWJsb2NrLWNvdmVyX19pbm5lci1jb250YWluZXIiPjwhLS0gd3A6cG9zdC10aXRsZSB7InRleHRBbGlnbiI6ImNlbnRlciIsImlzTGluayI6dHJ1ZX0gLy0tPjwvZGl2PjwvZGl2Pgo8IS0tIC93cDpjb3ZlciAtLT4KPCEtLSAvd3A6cG9zdC10ZW1wbGF0ZSAtLT4KCjwhLS0gd3A6c3BhY2VyIC0tPgo8ZGl2IHN0eWxlPSJoZWlnaHQ6MTAwcHgiIGFyaWEtaGlkZGVuPSJ0cnVlIiBjbGFzcz0id3AtYmxvY2stc3BhY2VyIj48L2Rpdj4KPCEtLSAvd3A6c3BhY2VyIC0tPgoKPCEtLSB3cDpxdWVyeS1wYWdpbmF0aW9uIHsibGF5b3V0Ijp7InR5cGUiOiJmbGV4IiwianVzdGlmeUNvbnRlbnQiOiJjZW50ZXIifX0gLS0+CjwhLS0gd3A6cXVlcnktcGFnaW5hdGlvbi1wcmV2aW91cyAvLS0+Cgo8IS0tIHdwOnF1ZXJ5LXBhZ2luYXRpb24tbnVtYmVycyAvLS0+Cgo8IS0tIHdwOnF1ZXJ5LXBhZ2luYXRpb24tbmV4dCAvLS0+CjwhLS0gL3dwOnF1ZXJ5LXBhZ2luYXRpb24gLS0+Cgo8IS0tIHdwOnF1ZXJ5LW5vLXJlc3VsdHMgLS0+CjwhLS0gd3A6cGFyYWdyYXBoIHsicGxhY2Vob2xkZXIiOiJBam91dGVyIHVuIHRleHRlIG91IGRlcyBibG9jcyBxdWkgc+KAmWFmZmljaGVyb250IGxvcnNxdeKAmXVuZSByZXF1w6p0ZSBuZSByZW52ZXJyYSBhdWN1biByw6lzdWx0YXQuIn0gLS0+CjxwPjwvcD4KPCEtLSAvd3A6cGFyYWdyYXBoIC0tPgo8IS0tIC93cDpxdWVyeS1uby1yZXN1bHRzIC0tPjwvZGl2Pgo8IS0tIC93cDpxdWVyeSAtLT48L2Rpdj4KPCEtLSAvd3A6Z3JvdXAgLS0+ZG9jdW1lbnRleGNlcnB0ZG9jdW1lbnRhdXRob3Jkb2N1bWVudGZlYXR1cmVkX21lZGlhZG9jdW1lbnRjb21tZW50X3N0YXR1c2RvY3VtZW50cGluZ19zdGF0dXNkb2N1bWVudHRlbXBsYXRlZG9jdW1lbnRtZXRhX2FjZl9jaGFuZ2VkZm9vdG5vdGVzZG9jdW1lbnRibG9ja3NjbGllbnRJZGlzVmFsaWRvcmlnaW5hbENvbnRlbnRuYW1lYXR0cmlidXRlc3RhZ05hbWVtZXRhZGF0YWxheW91dGlubmVyQmxvY2tzY2xpZW50SWRpc1ZhbGlkb3JpZ2luYWxDb250ZW50bmFtZWF0dHJpYnV0ZXNxdWVyeUlkcXVlcnl0YWdOYW1lZW5oYW5jZWRQYWdpbmF0aW9uaW5uZXJCbG9ja3NjbGllbnRJZGlzVmFsaWRvcmlnaW5hbENvbnRlbnRuYW1lYXR0cmlidXRlc2xheW91dGlubmVyQmxvY2tzY2xpZW50SWRpc1ZhbGlkb3JpZ2luYWxDb250ZW50bmFtZWF0dHJpYnV0ZXN1c2VGZWF0dXJlZEltYWdlYWx0aGFzUGFyYWxsYXhpc1JlcGVhdGVkZGltUmF0aW9vdmVybGF5Q29sb3Jpc1VzZXJPdmVybGF5Q29sb3JiYWNrZ3JvdW5kVHlwZWlzRGFya3RhZ05hbWVzdHlsZWxheW91dGlubmVyQmxvY2tzY2xpZW50SWRpc1ZhbGlkb3JpZ2luYWxDb250ZW50bmFtZWF0dHJpYnV0ZXNsZXZlbGxldmVsT3B0aW9uc2lzTGlua3JlbGxpbmtUYXJnZXRib3JkZXJDb2xvcmJhY2tncm91bmRDb2xvcnRleHRDb2xvcmdyYWRpZW50YWxpZ25sb2NrYW5jaG9yY2xhc3NOYW1lZm9udEZhbWlseWZvbnRTaXplc3R5bGVtZXRhZGF0YWlubmVyQmxvY2tzY2xpZW50SWRpc1ZhbGlkb3JpZ2luYWxDb250ZW50bmFtZWF0dHJpYnV0ZXNoZWlnaHRpbm5lckJsb2Nrc2NsaWVudElkaXNWYWxpZG9yaWdpbmFsQ29udGVudG5hbWVhdHRyaWJ1dGVzcGFnaW5hdGlvbkFycm93c2hvd0xhYmVsbGF5b3V0aW5uZXJCbG9ja3NjbGllbnRJZGlzVmFsaWRvcmlnaW5hbENvbnRlbnRuYW1lYXR0cmlidXRlc2lubmVyQmxvY2tzY2xpZW50SWRpc1ZhbGlkb3JpZ2luYWxDb250ZW50bmFtZWF0dHJpYnV0ZXNtaWRTaXplaW5uZXJCbG9ja3NjbGllbnRJZGlzVmFsaWRvcmlnaW5hbENvbnRlbnRuYW1lYXR0cmlidXRlc2lubmVyQmxvY2tzY2xpZW50SWRpc1ZhbGlkb3JpZ2luYWxDb250ZW50bmFtZWF0dHJpYnV0ZXNpbm5lckJsb2Nrc2NsaWVudElkaXNWYWxpZG9yaWdpbmFsQ29udGVudG5hbWVhdHRyaWJ1dGVzY29udGVudGRyb3BDYXBwbGFjZWhvbGRlcmlubmVyQmxvY2tzBQcIBAgECAYIBRkIB4caCAcIBggOCA4IC0gBBAwJCAYIBw8ECgcIBgsIBw8ECgcFBxILCAcPBAoGCwgHDwQKEAMLCggMEg4GBwUGCwgHDwQKBQwGAwoLDwkIBQQGCQoIBQgLCAcPBAoGCwgHDwQKDwkGCwgHDwQKCwgHDwQKBwsIBw8ECgsIBw8ECgsIBw8ECkcASwAPAQQAAAEAAAABBgABAQAAKUIBAQBBAABBAABBAABBAABBAABBAABBAABBAABBAABBAABBAABBAAIAAkFlAZMBAH0BdxMyMDE3LTExLTEyVDIzOjI1OjA3dxlkZW1hcmNoZXMtYWRtaW5pc3RyYXRpdmVzdwdwdWJsaXNofQt9AHcGY2xvc2VkdwZjbG9zZWR3F3RlbXBsYXRlLWZ1bGwtd2lkdGgucGhweXcAdyQwOWE1ZmY4Mi0wNDM2LTRjNTAtOTJjOS0yYWQ4OWUzNWIxNTF4dyI8ZGl2IGNsYXNzPSJ3cC1ibG9jay1ncm91cCI+PC9kaXY+dwpjb3JlL2dyb3VwdwNkaXZ2AwpjYXRlZ29yaWVzdQF3BW1lbnVzC3BhdHRlcm5OYW1ldw9jb3JlL2Jsb2NrLzgzOTIEbmFtZXcHRMOpZmF1dHYBBHR5cGV3C2NvbnN0cmFpbmVkdyQzMjk3YjAyYS0zMTliLTQ3ZmUtYTk0My0zZjIwMjVkYmFlYmV4dyg8ZGl2IGNsYXNzPSJ3cC1ibG9jay1xdWVyeSI+CgoKCgoKPC9kaXY+dwpjb3JlL3F1ZXJ5fQB2DQdwZXJQYWdlfRgFcGFnZXN9AAZvZmZzZXR9AAhwb3N0VHlwZXcEcGFnZQVvcmRlcncDYXNjB29yZGVyQnl3Cm1lbnVfb3JkZXIGYXV0aG9ydwAGc2VhcmNodwAHZXhjbHVkZXUABnN0aWNreXcAB2luaGVyaXR5B3BhcmVudHN1AX0qBmZvcm1hdHUAdwNkaXZ5dyQ4OWE1OWQ2Yi0yYWZkLTRmNDUtOTBmNC0yZTA4MjMyY2UwOTR4dwB3EmNvcmUvcG9zdC10ZW1wbGF0ZXYCBHR5cGV3BGdyaWQLY29sdW1uQ291bnR9A3ckZjIxMWU4NDUtMGVmZS00NzA1LWFiMzMtMDU4ZDljZTA3MGZleHelAjxkaXYgY2xhc3M9IndwLWJsb2NrLWNvdmVyIGlzLWxpZ2h0IGhhcy1ib3JkZXItY29sb3IiIHN0eWxlPSJib3JkZXItY29sb3I6IzA5Nzk5NTtib3JkZXItd2lkdGg6M3B4Ij48c3BhbiBhcmlhLWhpZGRlbj0idHJ1ZSIgY2xhc3M9IndwLWJsb2NrLWNvdmVyX19iYWNrZ3JvdW5kIGhhcy13aGl0ZS1iYWNrZ3JvdW5kLWNvbG9yIGhhcy1iYWNrZ3JvdW5kLWRpbS0xMDAgaGFzLWJhY2tncm91bmQtZGltIj48L3NwYW4+PGRpdiBjbGFzcz0id3AtYmxvY2stY292ZXJfX2lubmVyLWNvbnRhaW5lciI+PC9kaXY+PC9kaXY+dwpjb3JlL2NvdmVyeXcAeXl9pAF3BXdoaXRleHcFaW1hZ2V5dwNkaXZ2AQZib3JkZXJ2AgVjb2xvcncHIzA5Nzk5NQV3aWR0aHcDM3B4dgEEdHlwZXcLY29uc3RyYWluZWR3JDhkOTA1OGZkLWVmYjEtNGUzNS04MWY5LTYzNjQ5MDE1NDg3ZHh3AHcPY29yZS9wb3N0LXRpdGxlfQJ\/eHcAdwVfc2VsZn9\/f39\/f39\/f392AQp0eXBvZ3JhcGh5dgEJdGV4dEFsaWdudwZjZW50ZXJ\/dyQ2NWYzNWU1Yy0yMjIxLTRhNTktYTRlZi0zZTZjOTI3YjhjOWR4d0s8ZGl2IHN0eWxlPSJoZWlnaHQ6MTAwcHgiIGFyaWEtaGlkZGVuPSJ0cnVlIiBjbGFzcz0id3AtYmxvY2stc3BhY2VyIj48L2Rpdj53C2NvcmUvc3BhY2VydwUxMDBweHckMzljNWRkYzAtYmEwNy00YTIwLWJmMGEtYTNlYjU3NDZhZTQ0eHcAdxVjb3JlL3F1ZXJ5LXBhZ2luYXRpb253BG5vbmV4dgIEdHlwZXcEZmxleA5qdXN0aWZ5Q29udGVudHcGY2VudGVydyQ0M2FjODdiMC0zMDk0LTQwOWEtYTFhMy0yYTFiN2VhMTU3N2R4dwB3HmNvcmUvcXVlcnktcGFnaW5hdGlvbi1wcmV2aW91c3ckN2IwYzk3ZGItZGRiNS00NmEzLTgwMTMtYTAzMTAxZjlmZTBmeHcAdx1jb3JlL3F1ZXJ5LXBhZ2luYXRpb24tbnVtYmVyc30CdyRhODM0MjZkOS05ZjM3LTRkYTItOTM3OC0wMzM2MDQ3N2UyMDd4dwB3GmNvcmUvcXVlcnktcGFnaW5hdGlvbi1uZXh0dyQ5YTY1YTAwMS1jMDhhLTQ0NGQtOWVkZC1hYTA2OTBlMmE2ZDJ4dwB3FWNvcmUvcXVlcnktbm8tcmVzdWx0c3ckYzVlOTk1OTEtZTQ3MC00MTMxLTkzMmUtMDlkYTdmMWRmYjlieHcHPHA+PC9wPncOY29yZS9wYXJhZ3JhcGh5d2RBam91dGVyIHVuIHRleHRlIG91IGRlcyBibG9jcyBxdWkgc+KAmWFmZmljaGVyb250IGxvcnNxdeKAmXVuZSByZXF1w6p0ZSBuZSByZW52ZXJyYSBhdWN1biByw6lzdWx0YXQuAA==\",\"updateId\":636465699}","footnotes":""},"class_list":["post-42","page","type-page","status-publish","hentry"],"acf":[],"_links":{"self":[{"href":"https:\/\/www.mairie-gassin.fr\/fr\/wp-json\/wp\/v2\/pages\/42","targetHints":{"allow":["GET"]}}],"collection":[{"href":"https:\/\/www.mairie-gassin.fr\/fr\/wp-json\/wp\/v2\/pages"}],"about":[{"href":"https:\/\/www.mairie-gassin.fr\/fr\/wp-json\/wp\/v2\/types\/page"}],"author":[{"embeddable":true,"href":"https:\/\/www.mairie-gassin.fr\/fr\/wp-json\/wp\/v2\/users\/11"}],"replies":[{"embeddable":true,"href":"https:\/\/www.mairie-gassin.fr\/fr\/wp-json\/wp\/v2\/comments?post=42"}],"version-history":[{"count":6,"href":"https:\/\/www.mairie-gassin.fr\/fr\/wp-json\/wp\/v2\/pages\/42\/revisions"}],"predecessor-version":[{"id":12155,"href":"https:\/\/www.mairie-gassin.fr\/fr\/wp-json\/wp\/v2\/pages\/42\/revisions\/12155"}],"wp:attachment":[{"href":"https:\/\/www.mairie-gassin.fr\/fr\/wp-json\/wp\/v2\/media?parent=42"}],"curies":[{"name":"wp","href":"https:\/\/api.w.org\/{rel}","templated":true}]}}