{"id":424,"date":"2017-11-23T20:45:17","date_gmt":"2017-11-23T19:45:17","guid":{"rendered":"http:\/\/www.mairie-gassin.fr\/?page_id=424"},"modified":"2019-04-13T14:09:00","modified_gmt":"2019-04-13T12:09:00","slug":"bibliotheque-municipale","status":"publish","type":"page","link":"https:\/\/www.mairie-gassin.fr\/fr\/vos-loisirs\/bibliotheque-municipale\/","title":{"rendered":"Biblioth\u00e8que municipale"},"content":{"rendered":"\n<div class=\"wp-block-image\"><figure class=\"alignleft\"><img loading=\"lazy\" decoding=\"async\" width=\"333\" height=\"221\" src=\"http:\/\/www.mairie-gassin.fr\/wp-content\/uploads\/2017\/11\/livres.jpg\" alt=\"\" class=\"wp-image-425\" srcset=\"https:\/\/www.mairie-gassin.fr\/wp-content\/uploads\/2017\/11\/livres.jpg 333w, https:\/\/www.mairie-gassin.fr\/wp-content\/uploads\/2017\/11\/livres-300x199.jpg 300w\" sizes=\"auto, (max-width: 333px) 100vw, 333px\" \/><\/figure><\/div>\n\n\n\n<p class=\"wp-block-paragraph\">Madame Chantal SIMONI vous accueille \u00e0 la biblioth\u00e8que <strong>tous les mercredis de 17 h \u00e0 18 h, dans le village, rue des Ecoles<\/strong>.<\/p>\n\n\n\n<p class=\"wp-block-paragraph\">Vous y trouverez <strong>plus de 2000 livres<\/strong>, des ouvrages r\u00e9cents, mais aussi des bandes dessin\u00e9es\u2026<\/p>\n\n\n\n<p class=\"wp-block-paragraph\">La cotisation annuelle par famille est de 16 euros, les pr\u00eats sont gratuits<\/p>\n\n\n\n<p class=\"wp-block-paragraph\">Une trentaine de familles est d\u00e9j\u00e0 abonn\u00e9e, alors n\u2019h\u00e9sitez pas \u00e0 aller voir !<\/p>\n\n\n\n<p class=\"wp-block-paragraph\">Pour plus de renseignements, vous pouvez contacter la biblioth\u00e8que au <strong>06 82 03 85 45<\/strong><\/p>\n","protected":false},"excerpt":{"rendered":"<p>Madame Chantal SIMONI vous accueille \u00e0 la biblioth\u00e8que tous les mercredis de 17 h \u00e0 18 h, dans le village, rue des Ecoles. Vous y trouverez plus de 2000 livres, des ouvrages r\u00e9cents, mais aussi des bandes dessin\u00e9es\u2026 La cotisation annuelle par famille est de 16 euros, les pr\u00eats sont gratuits Une trentaine de familles<a class=\"excerpt-read-more\" href=\"https:\/\/www.mairie-gassin.fr\/fr\/vos-loisirs\/bibliotheque-municipale\/\" title=\"ReadBiblioth\u00e8que municipale\">&#8230; Read more &raquo;<\/a><\/p>\n","protected":false},"author":11,"featured_media":0,"parent":48,"menu_order":90,"comment_status":"closed","ping_status":"closed","template":"","meta":{"_acf_changed":false,"_crdt_document":"","footnotes":""},"class_list":["post-424","page","type-page","status-publish","hentry"],"acf":[],"_links":{"self":[{"href":"https:\/\/www.mairie-gassin.fr\/fr\/wp-json\/wp\/v2\/pages\/424","targetHints":{"allow":["GET"]}}],"collection":[{"href":"https:\/\/www.mairie-gassin.fr\/fr\/wp-json\/wp\/v2\/pages"}],"about":[{"href":"https:\/\/www.mairie-gassin.fr\/fr\/wp-json\/wp\/v2\/types\/page"}],"author":[{"embeddable":true,"href":"https:\/\/www.mairie-gassin.fr\/fr\/wp-json\/wp\/v2\/users\/11"}],"replies":[{"embeddable":true,"href":"https:\/\/www.mairie-gassin.fr\/fr\/wp-json\/wp\/v2\/comments?post=424"}],"version-history":[{"count":3,"href":"https:\/\/www.mairie-gassin.fr\/fr\/wp-json\/wp\/v2\/pages\/424\/revisions"}],"predecessor-version":[{"id":1171,"href":"https:\/\/www.mairie-gassin.fr\/fr\/wp-json\/wp\/v2\/pages\/424\/revisions\/1171"}],"up":[{"embeddable":true,"href":"https:\/\/www.mairie-gassin.fr\/fr\/wp-json\/wp\/v2\/pages\/48"}],"wp:attachment":[{"href":"https:\/\/www.mairie-gassin.fr\/fr\/wp-json\/wp\/v2\/media?parent=424"}],"curies":[{"name":"wp","href":"https:\/\/api.w.org\/{rel}","templated":true}]}}