{"id":430,"date":"2017-11-23T22:01:40","date_gmt":"2017-11-23T21:01:40","guid":{"rendered":"http:\/\/www.mairie-gassin.fr\/?page_id=430"},"modified":"2025-05-11T00:17:39","modified_gmt":"2025-05-10T22:17:39","slug":"le-pole-de-sante","status":"publish","type":"page","link":"https:\/\/www.mairie-gassin.fr\/fr\/environnement-qualite-de-vie\/le-pole-de-sante\/","title":{"rendered":"Le p\u00f4le de sant\u00e9"},"content":{"rendered":"\n<div class=\"wp-block-image\"><figure class=\"alignleft\"><img loading=\"lazy\" decoding=\"async\" width=\"333\" height=\"250\" src=\"http:\/\/www.mairie-gassin.fr\/wp-content\/uploads\/2017\/11\/0862-pole-sante1.jpg\" alt=\"\" class=\"wp-image-431\" srcset=\"https:\/\/www.mairie-gassin.fr\/wp-content\/uploads\/2017\/11\/0862-pole-sante1.jpg 333w, https:\/\/www.mairie-gassin.fr\/wp-content\/uploads\/2017\/11\/0862-pole-sante1-300x225.jpg 300w\" sizes=\"auto, (max-width: 333px) 100vw, 333px\" \/><\/figure><\/div>\n\n\n\n<p class=\"wp-block-paragraph\">Le P\u00f4le de Sant\u00e9 est l\u2019aboutissement de plusieurs ann\u00e9es de concertation et d\u2019efforts communs.<\/p>\n\n\n\n<p class=\"wp-block-paragraph\">Il est constitu\u00e9 de deux entit\u00e9s, l\u2019h\u00f4pital et la clinique, auxquelles viennent s\u2019adjoindre diff\u00e9rents partenaires m\u00e9dico-techniques, en imagerie m\u00e9dicale et biologie par exemple.<\/p>\n\n\n\n<p class=\"wp-block-paragraph\">Plus de 350 soignants, administratifs et techniciens participent \u00e0 la prise en charge des patients, dont 45 m\u00e9decins et chirurgiens.<\/p>\n\n\n\n<p class=\"wp-block-paragraph\">Implant\u00e9 au carrefour des grands axes de circulation du Golfe de Saint-Tropez et d\u2019une superficie de 15000m\u00b2, le P\u00f4le de Sant\u00e9 dispose de 167 lits et places.<\/p>\n\n\n\n<table class=\"wp-block-table\"><tbody><tr><td>&nbsp;<\/td><td><strong>Centre hospitalier<\/strong><\/td><td>Capacit\u00e9 d&rsquo;accueil<\/td><td><strong>Clinique<\/strong><\/td><td>Capacit\u00e9 d&rsquo;accueil<\/td><\/tr><tr><td>RDC<\/td><td>Admissions et Administration<br>Consultations<br>Urgences<br>Unit\u00e9 de Soins Longue Dur\u00e9e<\/td><td>8 et 40 lits<\/td><td>Admissions et Administration<b><br>Consultations sp\u00e9cialis\u00e9es<\/b><\/td><td>&nbsp;<\/td><\/tr><tr><td>1er \u00e9tage<\/td><td>Maternit\u00e9<br>Bloc obst\u00e9trical<br>En liaison avec le bloc op\u00e9ratoire<\/td><td>15 lits<\/td><td>Unit\u00e9 de chirurgie 1 et 3<br>Service ambulantoire<br>Bloc op\u00e9ratoire avec 8 salles d&rsquo;op\u00e9rations et 1 salle de r\u00e9veil<\/td><td>30 lits et 6 places<\/td><\/tr><tr><td>2\u00e8me \u00e9tage<\/td><td>M\u00e9decine g\u00e9n\u00e9rale et h\u00f4pital de jour<\/td><td>30 lits et 4 places<\/td><td>Unit\u00e9 de chirurgie 2 et 4<br>D\u00e9partement chirurgie esth\u00e9tique<\/td><td>30 et 4 lits<\/td><\/tr><\/tbody><\/table>\n\n\n\n<p class=\"wp-block-paragraph\">Les services en commun sont l&rsquo;imagerie et scanner, la restauration et les services techniques<\/p>\n\n\n\n<p class=\"wp-block-paragraph\">Comment joindre le P\u00f4le de Sant\u00e9 ?<br><a href=\"http:\/\/www.ch-saint-tropez.fr\/\">www.ch-saint-tropez.fr<\/a><\/p>\n\n\n\n<h2 class=\"wp-block-heading\">L&rsquo;HOPITAL<\/h2>\n\n\n\n<ul class=\"wp-block-list\"><li>Standard : 04 98 12 50 00<\/li><li>M\u00e9decine polyvalente (avec sp\u00e9cialit\u00e9s de cardiologie, gastro-ent\u00e9rologie, pneumonie) : 04 98 12 52 00<\/li><li>Maternit\u00e9 : 04 98 12 51 00<\/li><li>Unit\u00e9 de Soins de Longue Dur\u00e9e (USLD) : 04 98 12 54 00<\/li><li>Secr\u00e9tariat de direction : 04 98 12 50 27<\/li><li>Accueil des urgences : 04 98 12 53 08<\/li><\/ul>\n\n\n\n<h2 class=\"wp-block-heading\">LA CLINIQUE DU GOLFE<\/h2>\n\n\n\n<ul class=\"wp-block-list\"><li>Standard : 04 98 12 70 00<\/li><li>Cabinet de radiologie : 04 98 12 70 80<\/li><\/ul>\n\n\n\n<div class=\"wp-block-image\"><figure class=\"aligncenter\"><img decoding=\"async\" src=\"http:\/\/www.mairie-gassin.fr\/wp-content\/uploads\/2017\/11\/0862-pole-sante2.jpg\" alt=\"\" class=\"wp-image-432\"\/><\/figure><\/div>\n","protected":false},"excerpt":{"rendered":"<p>Le P\u00f4le de Sant\u00e9 est l\u2019aboutissement de plusieurs ann\u00e9es de concertation et d\u2019efforts communs. Il est constitu\u00e9 de deux entit\u00e9s, l\u2019h\u00f4pital et la clinique, auxquelles viennent s\u2019adjoindre diff\u00e9rents partenaires m\u00e9dico-techniques, en imagerie m\u00e9dicale et biologie par exemple. Plus de 350 soignants, administratifs et techniciens participent \u00e0 la prise en charge des patients, dont 45 m\u00e9decins<a class=\"excerpt-read-more\" href=\"https:\/\/www.mairie-gassin.fr\/fr\/environnement-qualite-de-vie\/le-pole-de-sante\/\" title=\"ReadLe p\u00f4le de sant\u00e9\">&#8230; Read more &raquo;<\/a><\/p>\n","protected":false},"author":11,"featured_media":0,"parent":44,"menu_order":51,"comment_status":"closed","ping_status":"closed","template":"","meta":{"_acf_changed":false,"_crdt_document":"","footnotes":""},"class_list":["post-430","page","type-page","status-publish","hentry"],"acf":[],"_links":{"self":[{"href":"https:\/\/www.mairie-gassin.fr\/fr\/wp-json\/wp\/v2\/pages\/430","targetHints":{"allow":["GET"]}}],"collection":[{"href":"https:\/\/www.mairie-gassin.fr\/fr\/wp-json\/wp\/v2\/pages"}],"about":[{"href":"https:\/\/www.mairie-gassin.fr\/fr\/wp-json\/wp\/v2\/types\/page"}],"author":[{"embeddable":true,"href":"https:\/\/www.mairie-gassin.fr\/fr\/wp-json\/wp\/v2\/users\/11"}],"replies":[{"embeddable":true,"href":"https:\/\/www.mairie-gassin.fr\/fr\/wp-json\/wp\/v2\/comments?post=430"}],"version-history":[{"count":2,"href":"https:\/\/www.mairie-gassin.fr\/fr\/wp-json\/wp\/v2\/pages\/430\/revisions"}],"predecessor-version":[{"id":1170,"href":"https:\/\/www.mairie-gassin.fr\/fr\/wp-json\/wp\/v2\/pages\/430\/revisions\/1170"}],"up":[{"embeddable":true,"href":"https:\/\/www.mairie-gassin.fr\/fr\/wp-json\/wp\/v2\/pages\/44"}],"wp:attachment":[{"href":"https:\/\/www.mairie-gassin.fr\/fr\/wp-json\/wp\/v2\/media?parent=430"}],"curies":[{"name":"wp","href":"https:\/\/api.w.org\/{rel}","templated":true}]}}