{"id":438,"date":"2017-11-23T22:32:40","date_gmt":"2017-11-23T21:32:40","guid":{"rendered":"http:\/\/www.mairie-gassin.fr\/?page_id=438"},"modified":"2026-04-07T15:35:20","modified_gmt":"2026-04-07T13:35:20","slug":"lespace-sante","status":"publish","type":"page","link":"https:\/\/www.mairie-gassin.fr\/fr\/environnement-qualite-de-vie\/lespace-sante\/","title":{"rendered":"L&rsquo;espace sant\u00e9"},"content":{"rendered":"\n<div class=\"wp-block-group is-nowrap is-layout-flex wp-container-core-group-is-layout-f221bfd0 wp-block-group-is-layout-flex\"><div class=\"wp-block-image\">\n<figure class=\"alignleft size-medium is-resized\"><img loading=\"lazy\" decoding=\"async\" width=\"300\" height=\"197\" src=\"https:\/\/www.mairie-gassin.fr\/wp-content\/uploads\/2017\/11\/0864-espace-300x197.jpg\" alt=\"\" class=\"wp-image-439\" style=\"width:300px\" srcset=\"https:\/\/www.mairie-gassin.fr\/wp-content\/uploads\/2017\/11\/0864-espace-300x197.jpg 300w, https:\/\/www.mairie-gassin.fr\/wp-content\/uploads\/2017\/11\/0864-espace.jpg 333w\" sizes=\"auto, (max-width: 300px) 100vw, 300px\" \/><\/figure>\n<\/div>\n\n\n<p class=\"wp-block-paragraph\">Sur la commune, au quartier Saint-Martin, l\u2019Espace Sant\u00e9 conforte le P\u00f4le de Sant\u00e9 situ\u00e9 \u00e0 proximit\u00e9 et le rend performant par l\u2019association sur le site de services m\u00e9dicaux et param\u00e9dicaux.<\/p>\n<\/div>\n\n\n\n<div style=\"height:33px\" aria-hidden=\"true\" class=\"wp-block-spacer\"><\/div>\n\n\n\n<div class=\"wp-block-columns is-layout-flex wp-container-core-columns-is-layout-8f761849 wp-block-columns-is-layout-flex\">\n<div class=\"wp-block-column is-layout-flow wp-block-column-is-layout-flow\" style=\"flex-basis:100%\">\n<figure class=\"wp-block-table is-style-stripes\"><table><tbody><tr><td>Domaine<\/td><td><strong>Nom<\/strong><\/td><td><strong>Contact<\/strong><\/td><td><strong>Ouverture<\/strong><\/td><\/tr><tr><td>Ost\u00e9opathe<\/td><td>LAMBERT Muriel<\/td><td>T\u00e9l : <a href=\"tel:+33673544578\">06 15 57 26 92<\/a><br>Site : <a href=\"http:\/\/www.osteo-do.fr\">muriel-lambert-osteo.my.canva.site<\/a><br><br>prise de rendez vous par doctolib:<br><a href=\"https:\/\/www.doctolib.fr\/osteopathe\/gassin\/muriel-lambert\">https:\/\/www.doctolib.fr\/osteopathe\/gassin\/muriel-lambert<\/a><\/td><td><\/td><\/tr><tr><td>Masseur Kin\u00e9sith\u00e9rapeute<\/td><td>DOLLON William<\/td><td>T\u00e9l : <a href=\"tel:+33785320727\">07 85 32 07 27<\/a><br>et <a href=\"tel:+33967094780\">09 67 09 47 80<\/a><\/td><td>&nbsp;<\/td><\/tr><tr><td>Clinique V\u00e9t\u00e9rinaire<\/td><td>P\u00e9ninsula<\/td><td>T\u00e9l : <a href=\"tel:+33494810247\">04 94 81 02 47<\/a><br>M\u00e9l : <br><a href=\"mailto:clinique.presquile@gmail.com\">clinique.presquile@&#8230;<\/a><br>Site : <a href=\"https:\/\/www.cliniqueveterinairepeninsula.com\/\">clinique&#8230;peninsula.com<\/a><\/td><td>Du lundi au samedi de 9h \u00e0 19h<\/td><\/tr><tr><td>Centre de dialyse<\/td><td>A.DI.V.A<\/td><td>T\u00e9l :<a href=\"tel:+33494433903\"> 04 94 43 39 03<\/a><br>(standard)<br>Site : <a href=\"http:\/\/www.association-dialyse-varoise.fr\/\">association-dialyse-varoise.fr<\/a><\/td><td><\/td><\/tr><tr><td>Psychologue<\/td><td>DE TRAMASURE Aurore<\/td><td>T\u00e9l : <a href=\"tel:+33680830831\">06 80 83 08 31<\/a><\/td><td>&nbsp;<\/td><\/tr><tr><td>P\u00e9diatre<\/td><td>DUMAS Corinne<\/td><td>T\u00e9l : <a href=\"tel:+33494434677\">04 94 43 46 77<\/a><\/td><td>&nbsp;<\/td><\/tr><tr><td>Orthodontiste<\/td><td>BERENGUIER Delphine<\/td><td>T\u00e9l : <a href=\"tel:+33494791277\">04 94 79 12 77<\/a><\/td><td>&nbsp;<\/td><\/tr><tr><td>Psychomotricienne &#8211; \u00e9ducatrice sportif APA<\/td><td>MAXO Rose H\u00e9l\u00e8ne<\/td><td>T\u00e9l : <a href=\"tel:+33783620196\">07 83 62 01 96<\/a><\/td><td><\/td><\/tr><tr><td>Laboratoire de <br>biologie m\u00e9dicale<\/td><td>Cerballiance<\/td><td>T\u00e9l : <a href=\"tel:+33498120433\">04 98 12 04 33<\/a><br>Site : <a href=\"https:\/\/www.cerballiance.fr\/\">cerballiance.fr<\/a><\/td><td><br>Du lundi au vendredi de 7h \u00e0 18h ; samedi de 7h30 \u00e0 12h30<br><\/td><\/tr><tr><td>Infirmi\u00e8res<\/td><td>Manon SCHEURER<br>et Violaine GARCIA<\/td><td>T\u00e9l : <a href=\"tel:+33767473621\">07 67 47 36 21<\/a><\/td><td>Visite au domicile 6 h &#8211; 19 h<\/td><\/tr><tr><td>M\u00e9decin g\u00e9n\u00e9raliste<\/td><td>Amandine FARON<\/td><td><\/td><td><a href=\"https:\/\/www.doctolib.fr\/medecin-generaliste\/gassin\/amandine-faron\" data-type=\"link\" data-id=\"https:\/\/www.doctolib.fr\/medecin-generaliste\/gassin\/amandine-faron\">sur RDV via Doctolib<\/a><br>Visites \u00e0 domicile<\/td><\/tr><\/tbody><\/table><\/figure>\n<\/div>\n<\/div>\n","protected":false},"excerpt":{"rendered":"<p>Sur la commune, au quartier Saint-Martin, l\u2019Espace Sant\u00e9 conforte le P\u00f4le de Sant\u00e9 situ\u00e9 \u00e0 proximit\u00e9 et le rend performant par l\u2019association sur le site de services m\u00e9dicaux et param\u00e9dicaux. Domaine Nom Contact Ouverture Ost\u00e9opathe LAMBERT Muriel T\u00e9l : 06 15 57 26 92Site : muriel-lambert-osteo.my.canva.site prise de rendez vous par doctolib:https:\/\/www.doctolib.fr\/osteopathe\/gassin\/muriel-lambert Masseur Kin\u00e9sith\u00e9rapeute DOLLON<a class=\"excerpt-read-more\" href=\"https:\/\/www.mairie-gassin.fr\/fr\/environnement-qualite-de-vie\/lespace-sante\/\" title=\"ReadL&rsquo;espace sant\u00e9\">&#8230; Read more &raquo;<\/a><\/p>\n","protected":false},"author":11,"featured_media":0,"parent":44,"menu_order":74,"comment_status":"closed","ping_status":"closed","template":"","meta":{"_acf_changed":false,"_crdt_document":"","footnotes":""},"class_list":["post-438","page","type-page","status-publish","hentry"],"acf":[],"_links":{"self":[{"href":"https:\/\/www.mairie-gassin.fr\/fr\/wp-json\/wp\/v2\/pages\/438","targetHints":{"allow":["GET"]}}],"collection":[{"href":"https:\/\/www.mairie-gassin.fr\/fr\/wp-json\/wp\/v2\/pages"}],"about":[{"href":"https:\/\/www.mairie-gassin.fr\/fr\/wp-json\/wp\/v2\/types\/page"}],"author":[{"embeddable":true,"href":"https:\/\/www.mairie-gassin.fr\/fr\/wp-json\/wp\/v2\/users\/11"}],"replies":[{"embeddable":true,"href":"https:\/\/www.mairie-gassin.fr\/fr\/wp-json\/wp\/v2\/comments?post=438"}],"version-history":[{"count":30,"href":"https:\/\/www.mairie-gassin.fr\/fr\/wp-json\/wp\/v2\/pages\/438\/revisions"}],"predecessor-version":[{"id":11907,"href":"https:\/\/www.mairie-gassin.fr\/fr\/wp-json\/wp\/v2\/pages\/438\/revisions\/11907"}],"up":[{"embeddable":true,"href":"https:\/\/www.mairie-gassin.fr\/fr\/wp-json\/wp\/v2\/pages\/44"}],"wp:attachment":[{"href":"https:\/\/www.mairie-gassin.fr\/fr\/wp-json\/wp\/v2\/media?parent=438"}],"curies":[{"name":"wp","href":"https:\/\/api.w.org\/{rel}","templated":true}]}}