{"id":447,"date":"2017-11-23T22:40:15","date_gmt":"2017-11-23T21:40:15","guid":{"rendered":"http:\/\/www.mairie-gassin.fr\/?page_id=447"},"modified":"2025-05-11T00:18:14","modified_gmt":"2025-05-10T22:18:14","slug":"pharmagarde-et-urgences","status":"publish","type":"page","link":"https:\/\/www.mairie-gassin.fr\/fr\/environnement-qualite-de-vie\/pharmagarde-et-urgences\/","title":{"rendered":"Pharmagarde et urgences"},"content":{"rendered":"\n<p class=\"wp-block-paragraph\"><strong>Pharmagarde<\/strong><br>\nPour trouver la pharmacie de garde, appelez le 3237 ou le 08 92 46 45 45 ou sur le site : <a href=\"http:\/\/www.3237.fr\/\">http:\/\/www.3237.fr\/<\/a>.<\/p>\n\n\n\n<p class=\"wp-block-paragraph\"><strong>Urgences dentaires et dentiste de garde<\/strong><br> 08 92 56 67 66<\/p>\n\n\n\n<p class=\"wp-block-paragraph\"><strong>Urgences m\u00e9dicales<\/strong><\/p>\n\n\n\n<p class=\"wp-block-paragraph\">Samu : 15<\/p>\n\n\n\n<p class=\"wp-block-paragraph\">d&rsquo;un portable : 112<\/p>\n\n\n\n<p class=\"wp-block-paragraph\"><strong>Pompiers <\/strong>18<\/p>\n\n\n\n<p class=\"wp-block-paragraph\"><strong>Gendarmerie<\/strong> 17<\/p>\n\n\n\n<p class=\"wp-block-paragraph\"><strong>Centre Anti-poison Marseille<\/strong><\/p>\n\n\n\n<p class=\"wp-block-paragraph\">04 91 75 25 25<\/p>\n\n\n\n<p class=\"wp-block-paragraph\"><strong>Urgences v\u00e9t\u00e9rinaire<\/strong><\/p>\n\n\n\n<p class=\"wp-block-paragraph\"> Appeler le 3115 ou le 07 77 00 00 79<\/p>\n\n\n\n<p class=\"wp-block-paragraph\"><strong>Urgences Enedis<\/strong><\/p>\n\n\n\n<p class=\"wp-block-paragraph\">Particuliers : 0969 39 33 06<\/p>\n\n\n\n<p class=\"wp-block-paragraph\">Urgence d\u00e9pannage \u00e9lectricit\u00e9&nbsp;: 09 726 750 13 (appel non surtax\u00e9 24h\/24 &#8211; 7j\/7)<\/p>\n\n\n\n<p class=\"wp-block-paragraph\">Voici le lien pour savoir en temps r\u00e9el si un secteur de la commune est touch\u00e9 par une panne \u00e9lectrique&nbsp;:<\/p>\n\n\n\n<p class=\"wp-block-paragraph\"><a href=\"https:\/\/coupures.enedis.fr\/entreprise\">https:\/\/coupures.enedis.fr\/entreprise<\/a><\/p>\n\n\n\n<p class=\"wp-block-paragraph\">Pour en savoir plus sur les infos EDF d\u00e9m\u00e9nagement&nbsp;<a href=\"https:\/\/www.fournisseurs-electricite.com\/demenagement\/edf\">https:\/\/www.fournisseurs-electricite.com\/demenagement\/edf<\/a><\/p>\n","protected":false},"excerpt":{"rendered":"<p>Pharmagarde Pour trouver la pharmacie de garde, appelez le 3237 ou le 08 92 46 45 45 ou sur le site : http:\/\/www.3237.fr\/. Urgences dentaires et dentiste de garde 08 92 56 67 66 Urgences m\u00e9dicales Samu : 15 d&rsquo;un portable : 112 Pompiers 18 Gendarmerie 17 Centre Anti-poison Marseille 04 91 75 25 25<a class=\"excerpt-read-more\" href=\"https:\/\/www.mairie-gassin.fr\/fr\/environnement-qualite-de-vie\/pharmagarde-et-urgences\/\" title=\"ReadPharmagarde et urgences\">&#8230; Read more &raquo;<\/a><\/p>\n","protected":false},"author":11,"featured_media":0,"parent":44,"menu_order":77,"comment_status":"closed","ping_status":"closed","template":"","meta":{"_acf_changed":false,"_crdt_document":"","footnotes":""},"class_list":["post-447","page","type-page","status-publish","hentry"],"acf":[],"_links":{"self":[{"href":"https:\/\/www.mairie-gassin.fr\/fr\/wp-json\/wp\/v2\/pages\/447","targetHints":{"allow":["GET"]}}],"collection":[{"href":"https:\/\/www.mairie-gassin.fr\/fr\/wp-json\/wp\/v2\/pages"}],"about":[{"href":"https:\/\/www.mairie-gassin.fr\/fr\/wp-json\/wp\/v2\/types\/page"}],"author":[{"embeddable":true,"href":"https:\/\/www.mairie-gassin.fr\/fr\/wp-json\/wp\/v2\/users\/11"}],"replies":[{"embeddable":true,"href":"https:\/\/www.mairie-gassin.fr\/fr\/wp-json\/wp\/v2\/comments?post=447"}],"version-history":[{"count":9,"href":"https:\/\/www.mairie-gassin.fr\/fr\/wp-json\/wp\/v2\/pages\/447\/revisions"}],"predecessor-version":[{"id":2920,"href":"https:\/\/www.mairie-gassin.fr\/fr\/wp-json\/wp\/v2\/pages\/447\/revisions\/2920"}],"up":[{"embeddable":true,"href":"https:\/\/www.mairie-gassin.fr\/fr\/wp-json\/wp\/v2\/pages\/44"}],"wp:attachment":[{"href":"https:\/\/www.mairie-gassin.fr\/fr\/wp-json\/wp\/v2\/media?parent=447"}],"curies":[{"name":"wp","href":"https:\/\/api.w.org\/{rel}","templated":true}]}}