{"id":454,"date":"2017-11-23T22:45:00","date_gmt":"2017-11-23T21:45:00","guid":{"rendered":"http:\/\/www.mairie-gassin.fr\/?page_id=454"},"modified":"2025-10-28T16:55:47","modified_gmt":"2025-10-28T15:55:47","slug":"permanences-sociales","status":"publish","type":"page","link":"https:\/\/www.mairie-gassin.fr\/fr\/demarches-administratives\/permanences-sociales\/","title":{"rendered":"Permanences sociales"},"content":{"rendered":"\n<p class=\"wp-block-paragraph\">Depuis juillet 2012, et suite \u00e0 un courrier de la CPAM, <strong>la permanence de la s\u00e9curit\u00e9 sociale \u00e0 Gassin n&rsquo;est plus assur\u00e9e<\/strong>.<br> Il faut dor\u00e9navant se rendre \u00e0 l&rsquo;une des autres permanences du Golfe ou prendre contact avec la CPAM sur le site : <a href=\"https:\/\/www.ameli.fr\/\">www.ameli.fr<\/a>.<\/p>\n\n\n\n<p class=\"wp-block-paragraph\"><strong>L\u2019assistante sociale du Conseil D\u00e9partemental<\/strong> re\u00e7oit sur rendez-vous au centre de solidarit\u00e9s \u00e0 Cogolin. Se renseigner aupr\u00e8s du Centre de Solidarit\u00e9s de Cogolin au 04 83 95 53 50.<\/p>\n\n\n\n<h2 class=\"wp-block-heading\">Bus France Service<\/h2>\n\n\n\n<p class=\"wp-block-paragraph\">Pour toutes vos d\u00e9marches administratives et num\u00e9riques, le Bus France Services vous accompagne gratuitement. Des ordinateurs en acc\u00e8s libre sont mis \u00e0 votre disposition pour consulter les sites des services publics et r\u00e9aliser vos d\u00e9marches en ligne. Le bus stationne sur la Commune de Cogolin, 8 Place Mend\u00e8s France, tous les Mardis de 9 h 30 \u00e0 12 h 30 et de 13 h 30 \u00e0 15 h 30. Contact par t\u00e9l\u00e9phone au 06 58 43 82 55 et par mail sur l&rsquo;adresse : <a href=\"mailto:busmassifdesmaures@france-services.gouv.fr\">busmassifdesmaures@france-services.gouv.fr<\/a><\/p>\n\n\n\n<p class=\"wp-block-paragraph\">Une <strong>Maison France Service<\/strong> est \u00e9galement \u00e0 votre disposition sur la Commune de La Garde Freinet au bureau de Poste. Vous pouvez les contacter au 04 94 17 43 43 et sur l&rsquo;adresse mail : <a href=\"mailto:france-services.la-garde-freinet@laposte.fr\">france-services.la-garde-freinet@laposte.fr<\/a> ainsi qu&rsquo;\u00e0 la Croix Valmer au 32 Boulevard de Tahiti, Villa Topaze au p\u00f4le g\u00e9n\u00e9rations. Vous pouvez les contacter au 07 64 55 50 92 et sur l&rsquo;adresse mail : <a href=\"mailto:golfe-st-tropez@france-services.gouv.fr\">golfe-st-tropez@france-services.gouv.fr<\/a><\/p>\n\n\n\n<h2 class=\"wp-block-heading\">Permanences mutuelles communales<\/h2>\n\n\n\n<p class=\"wp-block-paragraph\">Pour tout renseignement et demande d&rsquo;adh\u00e9sion relatifs aux mutuelles communales, des permanences avec les assurances sant\u00e9 AXA et EMOA vous seront propos\u00e9es au Foyer des Anciens, rue des Ecoles. Vous trouverez le d\u00e9tail des permanences dans un tableau r\u00e9capitulatif ci-dessous ainsi qu&rsquo;une pr\u00e9sentation d&rsquo;offre commerciale pour chacune des assurances sant\u00e9.<\/p>\n\n\n\n<div class=\"wp-block-file\"><a id=\"wp-block-file--media-86c2026e-9e3f-4ac7-88ae-a93d5d9a57ba\" href=\"https:\/\/www.mairie-gassin.fr\/wp-content\/uploads\/2024\/12\/Permanences-affiche-2025-1.pdf\">Permanences mutuelles 2025<\/a><a href=\"https:\/\/www.mairie-gassin.fr\/wp-content\/uploads\/2024\/12\/Permanences-affiche-2025-1.pdf\" class=\"wp-block-file__button wp-element-button\" download aria-describedby=\"wp-block-file--media-86c2026e-9e3f-4ac7-88ae-a93d5d9a57ba\">T\u00e9l\u00e9charger<\/a><\/div>\n\n\n\n<div class=\"wp-block-file\"><a id=\"wp-block-file--media-56faedac-4963-4d56-ab76-825dab7d6df5\" href=\"https:\/\/www.mairie-gassin.fr\/wp-content\/uploads\/2022\/11\/Offre-commerciale-Asuurance-Sante-EMOA.pdf\">Offre commerciale Assurance Sant\u00e9 EMOA<\/a><a href=\"https:\/\/www.mairie-gassin.fr\/wp-content\/uploads\/2022\/11\/Offre-commerciale-Asuurance-Sante-EMOA.pdf\" class=\"wp-block-file__button wp-element-button\" download aria-describedby=\"wp-block-file--media-56faedac-4963-4d56-ab76-825dab7d6df5\">T\u00e9l\u00e9charger<\/a><\/div>\n\n\n\n<div class=\"wp-block-file\"><a id=\"wp-block-file--media-9cebda23-2683-411d-9082-2747facf0d65\" href=\"https:\/\/www.mairie-gassin.fr\/wp-content\/uploads\/2022\/11\/Offre-commerciale-Assurance-Sante-AXA.pptx\">Offre commerciale Assurance Sant\u00e9 AXA<\/a><a href=\"https:\/\/www.mairie-gassin.fr\/wp-content\/uploads\/2022\/11\/Offre-commerciale-Assurance-Sante-AXA.pptx\" class=\"wp-block-file__button wp-element-button\" download aria-describedby=\"wp-block-file--media-9cebda23-2683-411d-9082-2747facf0d65\">T\u00e9l\u00e9charger<\/a><\/div>\n","protected":false},"excerpt":{"rendered":"<p>Depuis juillet 2012, et suite \u00e0 un courrier de la CPAM, la permanence de la s\u00e9curit\u00e9 sociale \u00e0 Gassin n&rsquo;est plus assur\u00e9e. Il faut dor\u00e9navant se rendre \u00e0 l&rsquo;une des autres permanences du Golfe ou prendre contact avec la CPAM sur le site : www.ameli.fr. L\u2019assistante sociale du Conseil D\u00e9partemental re\u00e7oit sur rendez-vous au centre<a class=\"excerpt-read-more\" href=\"https:\/\/www.mairie-gassin.fr\/fr\/demarches-administratives\/permanences-sociales\/\" title=\"ReadPermanences sociales\">&#8230; Read more &raquo;<\/a><\/p>\n","protected":false},"author":11,"featured_media":0,"parent":42,"menu_order":56,"comment_status":"closed","ping_status":"closed","template":"","meta":{"_acf_changed":false,"_crdt_document":"","footnotes":""},"class_list":["post-454","page","type-page","status-publish","hentry"],"acf":[],"_links":{"self":[{"href":"https:\/\/www.mairie-gassin.fr\/fr\/wp-json\/wp\/v2\/pages\/454","targetHints":{"allow":["GET"]}}],"collection":[{"href":"https:\/\/www.mairie-gassin.fr\/fr\/wp-json\/wp\/v2\/pages"}],"about":[{"href":"https:\/\/www.mairie-gassin.fr\/fr\/wp-json\/wp\/v2\/types\/page"}],"author":[{"embeddable":true,"href":"https:\/\/www.mairie-gassin.fr\/fr\/wp-json\/wp\/v2\/users\/11"}],"replies":[{"embeddable":true,"href":"https:\/\/www.mairie-gassin.fr\/fr\/wp-json\/wp\/v2\/comments?post=454"}],"version-history":[{"count":19,"href":"https:\/\/www.mairie-gassin.fr\/fr\/wp-json\/wp\/v2\/pages\/454\/revisions"}],"predecessor-version":[{"id":11382,"href":"https:\/\/www.mairie-gassin.fr\/fr\/wp-json\/wp\/v2\/pages\/454\/revisions\/11382"}],"up":[{"embeddable":true,"href":"https:\/\/www.mairie-gassin.fr\/fr\/wp-json\/wp\/v2\/pages\/42"}],"wp:attachment":[{"href":"https:\/\/www.mairie-gassin.fr\/fr\/wp-json\/wp\/v2\/media?parent=454"}],"curies":[{"name":"wp","href":"https:\/\/api.w.org\/{rel}","templated":true}]}}