{"id":456,"date":"2017-11-23T22:48:13","date_gmt":"2017-11-23T21:48:13","guid":{"rendered":"http:\/\/www.mairie-gassin.fr\/?page_id=456"},"modified":"2025-05-10T23:10:21","modified_gmt":"2025-05-10T21:10:21","slug":"document-a-telecharger","status":"publish","type":"page","link":"https:\/\/www.mairie-gassin.fr\/fr\/demarches-administratives\/document-a-telecharger\/","title":{"rendered":"Document \u00e0 t\u00e9l\u00e9charger"},"content":{"rendered":"\n<h2 class=\"wp-block-heading\">Environnement, emploi du feu, d\u00e9broussaillement<\/h2>\n\n\n\n<ul class=\"wp-block-list\">\n<li><a href=\"http:\/\/www.mairie-gassin.fr\/wp-content\/uploads\/2017\/11\/0334-formulaire-declaration-incineration.pdf\">Imprim\u00e9 de demande pour faire du feu<\/a><\/li>\n\n\n\n<li><a href=\"http:\/\/www.mairie-gassin.fr\/wp-content\/uploads\/2017\/11\/0332-tri-selectif-recyclage.pdf\">Notice du recyclage<\/a>  (points de collecte)<\/li>\n<\/ul>\n\n\n\n<div class=\"wp-block-file\"><a id=\"wp-block-file--media-24eb9f7c-d1d4-4d57-a4d6-ef40b7f809d0\" href=\"https:\/\/www.mairie-gassin.fr\/wp-content\/uploads\/2025\/04\/Arrete-24-2024-Reglementant-la-lutte-contre-le-bruit-1.pdf\">Arr\u00eat\u00e9 24 &#8211; 2024 &#8211; R\u00e9glementant la lutte contre le bruit<\/a><a href=\"https:\/\/www.mairie-gassin.fr\/wp-content\/uploads\/2025\/04\/Arrete-24-2024-Reglementant-la-lutte-contre-le-bruit-1.pdf\" class=\"wp-block-file__button wp-element-button\" download aria-describedby=\"wp-block-file--media-24eb9f7c-d1d4-4d57-a4d6-ef40b7f809d0\">T\u00e9l\u00e9charger<\/a><\/div>\n\n\n\n<h2 class=\"wp-block-heading\">Police Municipale<\/h2>\n\n\n\n<ul class=\"wp-block-list\">\n<li><a href=\"http:\/\/www.mairie-gassin.fr\/wp-content\/uploads\/2017\/11\/cerfa-14024-01-dde-arrete-de-police-de-la-circulation.pdf\">Arr\u00eat\u00e9 de police de la circulation DEMANDE<\/a><\/li>\n\n\n\n<li><a href=\"http:\/\/www.mairie-gassin.fr\/wp-content\/uploads\/2017\/11\/notice-51404-01-dde-arrete-de-police-de-circulation.pdf\">Arr\u00eat\u00e9 de police de la circulation NOTICE<\/a><\/li>\n\n\n\n<li><a href=\"http:\/\/www.mairie-gassin.fr\/wp-content\/uploads\/2017\/11\/demande-d-autorisation-echafaudage.pdf\">Autorisation echafaudage<\/a><\/li>\n\n\n\n<li><a href=\"http:\/\/www.mairie-gassin.fr\/wp-content\/uploads\/2017\/11\/cerfa-14023-01-dde-de-permission-ou-d-autorisation-de-voirie.pdf\">Demande de permission ou autorisation de voirie de permis de stationnement ou autorisation pour entreprendre des travaux DEMANDE<\/a><\/li>\n\n\n\n<li><a href=\"http:\/\/www.mairie-gassin.fr\/wp-content\/uploads\/2017\/11\/notice-51406-01-dde-autorisation-voirie.pdf\">Demande de permission ou autorisation de voirie de permis de stationnement ou autorisation pour entreprendre des travaux NOTICE<\/a><\/li>\n<\/ul>\n\n\n\n<h2 class=\"wp-block-heading\">D\u00e9rogation de tonnage<\/h2>\n\n\n\n<div class=\"wp-block-file\"><a href=\"https:\/\/www.mairie-gassin.fr\/wp-content\/uploads\/2020\/03\/Fiche-renseignements-demande-d\u00e9rogation-2019.pdf\">Fiche renseignements demande d\u00e9rogation<\/a><a href=\"https:\/\/www.mairie-gassin.fr\/wp-content\/uploads\/2020\/03\/Fiche-renseignements-demande-d\u00e9rogation-2019.pdf\" class=\"wp-block-file__button wp-element-button\" download>T\u00e9l\u00e9charger<\/a><\/div>\n\n\n\n<div class=\"wp-block-file\"><a href=\"https:\/\/www.mairie-gassin.fr\/wp-content\/uploads\/2020\/03\/DEMANDE-DE-DEROGATION-DE-TONNAGE.-01-2019.pdf\">Demande de d\u00e9rogation de tonnage<\/a><a href=\"https:\/\/www.mairie-gassin.fr\/wp-content\/uploads\/2020\/03\/DEMANDE-DE-DEROGATION-DE-TONNAGE.-01-2019.pdf\" class=\"wp-block-file__button wp-element-button\" download>T\u00e9l\u00e9charger<\/a><\/div>\n\n\n\n<h2 class=\"wp-block-heading\">Tourisme<\/h2>\n\n\n\n<p class=\"wp-block-paragraph\"><strong>Pour plus d&rsquo;informations, visitez le <a href=\"http:\/\/gassin.eu\">site de l&rsquo;office de tourisme de Gassin<\/a> !<\/strong><\/p>\n\n\n\n<ul class=\"wp-block-list\">\n<li><a href=\"http:\/\/www.mairie-gassin.fr\/wp-content\/uploads\/2017\/11\/015-plan-ville-gassin.pdf\">Plan de la commune<\/a><\/li>\n\n\n\n<li><a href=\"http:\/\/www.mairie-gassin.fr\/wp-content\/uploads\/2017\/11\/0112-randonnees-pedestres.pdf\">Randonn\u00e9es p\u00e9destres<\/a><\/li>\n\n\n\n<li><a href=\"http:\/\/www.mairie-gassin.fr\/wp-content\/uploads\/2017\/11\/0112-visite-village-gassin.pdf\">Visite du village : itin\u00e9raire<\/a><\/li>\n<\/ul>\n\n\n\n<h3 class=\"wp-block-heading\">Taxe de s\u00e9jour<\/h3>\n\n\n\n<p class=\"wp-block-paragraph\">Pour toute information, rendez-vous sur le site : <a href=\"https:\/\/gassin.taxesejour.fr\/\">gassin.taxesejour.fr<\/a>.<\/p>\n\n\n\n<h3 class=\"wp-block-heading\">Location de meubl\u00e9 <\/h3>\n\n\n\n<p class=\"wp-block-paragraph\"> Toute personne exer\u00e7ant la location de meubl\u00e9 (particulier, professionnel, \u00e0 titre accessoire, principal, pour des touristes, des saisonniers, pour une r\u00e9sidence principale, secondaire ou autre) est tenue de d\u00e9clarer son h\u00e9bergement via le lien suivant : <a href=\"http:\/\/declaloc.fr\/\">declaloc.<\/a><a href=\"http:\/\/www.mairie-gassin.fr\/wp-content\/uploads\/2017\/11\/0112-imprime-collecte-hotels.pdf\">fr<\/a>.<\/p>\n\n\n\n<h2 class=\"wp-block-heading\">Vie de la commune<\/h2>\n\n\n\n<ul class=\"wp-block-list\">\n<li><a href=\"http:\/\/www.mairie-gassin.fr\/wp-content\/uploads\/2017\/11\/0220-pv-cm-2012.pdf\">Archives des compte-rendus des conseils municipaux de 2012<\/a><\/li>\n\n\n\n<li><a href=\"http:\/\/www.mairie-gassin.fr\/wp-content\/uploads\/2017\/11\/0220-pv-cm-2011.pdf\">Archives des compte-rendus des conseils municipaux de 2011<\/a><\/li>\n\n\n\n<li><a href=\"http:\/\/www.mairie-gassin.fr\/wp-content\/uploads\/2017\/11\/0220-pv-cm-2010.pdf\">Archives des compte-rendus des conseils municipaux de 2010<\/a><\/li>\n\n\n\n<li><a href=\"http:\/\/www.mairie-gassin.fr\/wp-content\/uploads\/2017\/11\/0220-pv-cm-2009.pdf\">Archives des compte-rendus des conseils municipaux de 2009<\/a><\/li>\n\n\n\n<li><a href=\"http:\/\/www.mairie-gassin.fr\/wp-content\/uploads\/2017\/11\/0221-la-vie-gassinoise-23.pdf\" target=\"_blank\" rel=\"noopener noreferrer\">La Vie Gassinoise 23 &#8211; Janvier 2014 (publi\u00e9 le 27\/01\/2014)<\/a><\/li>\n\n\n\n<li><a href=\"http:\/\/www.mairie-gassin.fr\/wp-content\/uploads\/2017\/11\/0221-la-vie-gassinoise-22.pdf\" target=\"_blank\" rel=\"noopener noreferrer\">La Vie Gassinoise 22 &#8211; Octobre 2013 (publi\u00e9 le 4 novembre 2013)<\/a><\/li>\n\n\n\n<li><a href=\"http:\/\/www.mairie-gassin.fr\/wp-content\/uploads\/2017\/11\/0221-la-vie-gassinoise-21b.pdf\" target=\"_blank\" rel=\"noopener noreferrer\">La Vie Gassinoise 21 &#8211; Juillet 2013 (publi\u00e9 le 18 juillet 2013)<\/a><\/li>\n\n\n\n<li><a href=\"http:\/\/www.mairie-gassin.fr\/wp-content\/uploads\/2017\/11\/0221-la-vie-gassinoise-20b.pdf\" target=\"_blank\" rel=\"noopener noreferrer\">La Vie Gassinoise 20 &#8211; Avril 2013 (publi\u00e9 le 19 avril 2013)<\/a><\/li>\n\n\n\n<li><a href=\"http:\/\/www.mairie-gassin.fr\/wp-content\/uploads\/2017\/11\/0221-la-vie-gassinoise-19.pdf\" target=\"_blank\" rel=\"noopener noreferrer\">La Vie Gassinoise 19 &#8211; Janvier 2013 (publi\u00e9 le 06 f\u00e9vrier 2013)<\/a><\/li>\n\n\n\n<li><a href=\"http:\/\/www.mairie-gassin.fr\/wp-content\/uploads\/2017\/11\/0221-la-vie-gassinoise-18.pdf\" target=\"_blank\" rel=\"noopener noreferrer\">La Vie Gassinoise 18 &#8211; Octobre 2012 (publi\u00e9 le 06\/11\/2012)<\/a><\/li>\n\n\n\n<li><a href=\"http:\/\/www.mairie-gassin.fr\/wp-content\/uploads\/2017\/11\/0221-la-vie-gassinoise-17.pdf\" target=\"_blank\" rel=\"noopener noreferrer\">La Vie Gassinoise 17 &#8211; Juillet 2012 (publi\u00e9 le 23\/07\/2012)<\/a><\/li>\n\n\n\n<li><a href=\"http:\/\/www.mairie-gassin.fr\/wp-content\/uploads\/2017\/11\/0221-la-vie-gassinoise-16.pdf\" target=\"_blank\" rel=\"noopener noreferrer\">La Vie Gassinoise 16 &#8211; Avril 2012 (publi\u00e9 le 11\/05\/12)<\/a><\/li>\n\n\n\n<li><a href=\"http:\/\/www.mairie-gassin.fr\/wp-content\/uploads\/2017\/11\/0221_la_vie_gasinoise_15.pdf\" target=\"_blank\" rel=\"noopener noreferrer\">La Vie Gassinoise 15 &#8211; Janvier 2012 (publi\u00e9 le 08\/02\/12)<\/a><\/li>\n\n\n\n<li><a href=\"http:\/\/www.mairie-gassin.fr\/wp-content\/uploads\/2017\/11\/0221-la-vie-gassinoise-14.pdf\" target=\"_blank\" rel=\"noopener noreferrer\">La Vie Gassinoise 14 &#8211; Octobre 2011 (publi\u00e9 le 07\/11\/11)<\/a><\/li>\n\n\n\n<li><a href=\"http:\/\/www.mairie-gassin.fr\/wp-content\/uploads\/2017\/11\/0221-la-vie-gassinoise-13.pdf\" target=\"_blank\" rel=\"noopener noreferrer\">La Vie Gassinoise 13 &#8211; Juillet 2011 (publi\u00e9 le 02\/08\/11)<\/a><\/li>\n\n\n\n<li><a href=\"http:\/\/www.mairie-gassin.fr\/wp-content\/uploads\/2017\/11\/0221-la-vie-gassinoise-12.pdf\" target=\"_blank\" rel=\"noopener noreferrer\">La Vie Gassinoise 12 &#8211; Avril 2011 (publi\u00e9 le 20\/04\/11)<\/a><\/li>\n\n\n\n<li><a href=\"http:\/\/www.mairie-gassin.fr\/wp-content\/uploads\/2017\/11\/0221-la-vie-gassinoise-jan_2011.pdf\" target=\"_blank\" rel=\"noopener noreferrer\">La Vie Gassinoise 11 &#8211; Janvier 2011 (publi\u00e9 le 28\/01\/11)<\/a><\/li>\n\n\n\n<li><a href=\"http:\/\/www.mairie-gassin.fr\/wp-content\/uploads\/2017\/11\/0221-la-vie-gasinoise-10.pdf\" target=\"_blank\" rel=\"noopener noreferrer\">La Vie Gassinoise 10 &#8211; Octobre 2010 (publi\u00e9 le 04\/11\/10)<\/a><\/li>\n\n\n\n<li><a href=\"http:\/\/www.mairie-gassin.fr\/wp-content\/uploads\/2017\/11\/0221-la-vie-gassinoise-09.pdf\" target=\"_blank\" rel=\"noopener noreferrer\">La Vie Gassinoise 09 &#8211; Juillet 2010 (publi\u00e9 le 28\/07\/10)<\/a><\/li>\n\n\n\n<li><a href=\"http:\/\/www.mairie-gassin.fr\/wp-content\/uploads\/2017\/11\/0221-la-vie-gassinoise-08.pdf\" target=\"_blank\" rel=\"noopener noreferrer\">La Vie Gassinoise 08 &#8211; Avril 2010 (publi\u00e9 le 23\/04\/10)<\/a><\/li>\n\n\n\n<li><a href=\"http:\/\/www.mairie-gassin.fr\/wp-content\/uploads\/2017\/11\/0221-la-vie-gassinoise-07.pdf\" target=\"_blank\" rel=\"noopener noreferrer\">La Vie Gassinoise 07 &#8211; Janvier 2010 (publi\u00e9 le 15\/02\/10)<\/a><\/li>\n\n\n\n<li><a href=\"http:\/\/www.mairie-gassin.fr\/wp-content\/uploads\/2017\/11\/0221-la-vie-gassinoise-06.pdf\" target=\"_blank\" rel=\"noopener noreferrer\">La Vie Gassinoise 06 &#8211; Octobre 2009 (publi\u00e9 le 10\/11\/09)<\/a><\/li>\n\n\n\n<li><a href=\"http:\/\/www.mairie-gassin.fr\/wp-content\/uploads\/2017\/11\/0221-la-vie-gassinoise-05.pdf\" target=\"_blank\" rel=\"noopener noreferrer\">La Vie Gassinoise 05 &#8211; Juillet 2009 (publi\u00e9 le 11\/08\/09)<\/a><\/li>\n\n\n\n<li><a href=\"http:\/\/www.mairie-gassin.fr\/wp-content\/uploads\/2017\/11\/0221-la-vie-gassinoise-04.pdf\" target=\"_blank\" rel=\"noopener noreferrer\">La Vie Gassinoise 04 &#8211; Avril 2009 (publi\u00e9 le 29\/04\/09)<\/a><\/li>\n\n\n\n<li><a href=\"http:\/\/www.mairie-gassin.fr\/wp-content\/uploads\/2017\/11\/0221-la-vie-gassinoise-03.pdf\" target=\"_blank\" rel=\"noopener noreferrer\">La Vie Gassinoise 03 &#8211; Janvier 2009 (publi\u00e9 le 26\/02\/09)<\/a><\/li>\n\n\n\n<li><a href=\"http:\/\/www.mairie-gassin.fr\/wp-content\/uploads\/2017\/11\/0221-la-vie-gassinoise-02.pdf\" target=\"_blank\" rel=\"noopener noreferrer\">La Vie Gassinoise 02 &#8211; Octobre 2008 (publi\u00e9 le 13\/11\/08)<\/a><\/li>\n\n\n\n<li><a href=\"http:\/\/www.mairie-gassin.fr\/wp-content\/uploads\/2017\/11\/0221-la-vie-gassinoise-01.pdf\" target=\"_blank\" rel=\"noopener noreferrer\">La Vie Gassinoise 01 &#8211; Mai 2008 (publi\u00e9 le 28\/10\/08)<\/a><\/li>\n<\/ul>\n","protected":false},"excerpt":{"rendered":"<p>Environnement, emploi du feu, d\u00e9broussaillement Police Municipale D\u00e9rogation de tonnage Tourisme Pour plus d&rsquo;informations, visitez le site de l&rsquo;office de tourisme de Gassin ! Taxe de s\u00e9jour Pour toute information, rendez-vous sur le site : gassin.taxesejour.fr. Location de meubl\u00e9 Toute personne exer\u00e7ant la location de meubl\u00e9 (particulier, professionnel, \u00e0 titre accessoire, principal, pour des touristes,<a class=\"excerpt-read-more\" href=\"https:\/\/www.mairie-gassin.fr\/fr\/demarches-administratives\/document-a-telecharger\/\" title=\"ReadDocument \u00e0 t\u00e9l\u00e9charger\">&#8230; Read more &raquo;<\/a><\/p>\n","protected":false},"author":11,"featured_media":0,"parent":42,"menu_order":58,"comment_status":"closed","ping_status":"closed","template":"","meta":{"_acf_changed":false,"_crdt_document":"","footnotes":""},"class_list":["post-456","page","type-page","status-publish","hentry"],"acf":[],"_links":{"self":[{"href":"https:\/\/www.mairie-gassin.fr\/fr\/wp-json\/wp\/v2\/pages\/456","targetHints":{"allow":["GET"]}}],"collection":[{"href":"https:\/\/www.mairie-gassin.fr\/fr\/wp-json\/wp\/v2\/pages"}],"about":[{"href":"https:\/\/www.mairie-gassin.fr\/fr\/wp-json\/wp\/v2\/types\/page"}],"author":[{"embeddable":true,"href":"https:\/\/www.mairie-gassin.fr\/fr\/wp-json\/wp\/v2\/users\/11"}],"replies":[{"embeddable":true,"href":"https:\/\/www.mairie-gassin.fr\/fr\/wp-json\/wp\/v2\/comments?post=456"}],"version-history":[{"count":12,"href":"https:\/\/www.mairie-gassin.fr\/fr\/wp-json\/wp\/v2\/pages\/456\/revisions"}],"predecessor-version":[{"id":8240,"href":"https:\/\/www.mairie-gassin.fr\/fr\/wp-json\/wp\/v2\/pages\/456\/revisions\/8240"}],"up":[{"embeddable":true,"href":"https:\/\/www.mairie-gassin.fr\/fr\/wp-json\/wp\/v2\/pages\/42"}],"wp:attachment":[{"href":"https:\/\/www.mairie-gassin.fr\/fr\/wp-json\/wp\/v2\/media?parent=456"}],"curies":[{"name":"wp","href":"https:\/\/api.w.org\/{rel}","templated":true}]}}