{"id":487,"date":"2017-11-24T00:08:51","date_gmt":"2017-11-23T23:08:51","guid":{"rendered":"http:\/\/www.mairie-gassin.fr\/?page_id=487"},"modified":"2025-05-10T23:11:18","modified_gmt":"2025-05-10T21:11:18","slug":"solidarite","status":"publish","type":"page","link":"https:\/\/www.mairie-gassin.fr\/fr\/demarches-administratives\/solidarite\/","title":{"rendered":"Solidarit\u00e9"},"content":{"rendered":"\n<h2 class=\"wp-block-heading\">LE C.C.A.S<\/h2>\n\n\n\n<p class=\"wp-block-paragraph\">Pour toutes les questions sociales, vous pouvez contacter<strong> le centre communal d\u2019action social de la commune de Gassin<\/strong> au m\u00eame num\u00e9ro que la mairie: 04 94 56 62 00 touche 1<\/p>\n\n\n\n<p class=\"wp-block-paragraph\">Le service g\u00e8re les demandes :<\/p>\n\n\n\n<ul class=\"wp-block-list\">\n<li>d&rsquo;aides \u00e0 domicile<\/li>\n\n\n\n<li>d&rsquo;obligations alimentaires<\/li>\n\n\n\n<li>de plan canicule<\/li>\n\n\n\n<li><a href=\"https:\/\/www.radeau.fr\/\">de portages de repas<\/a><\/li>\n\n\n\n<li><a href=\"https:\/\/www.presenceverte.fr\/\">de t\u00e9l\u00e9assistance<\/a><\/li>\n\n\n\n<li>de placement en \u00e9tablissement<\/li>\n\n\n\n<li>d&rsquo;allocations adultes handicap\u00e9s (et toutes les demandes relatives au handicap) imprim\u00e9s \u00e0 t\u00e9l\u00e9charger <a href=\"http:\/\/www.mairie-gassin.fr\/wp-content\/uploads\/2017\/11\/0978-demande-mdph.pdf\">ici<\/a><\/li>\n\n\n\n<li>de carte d&rsquo;invalidit\u00e9<\/li>\n\n\n\n<li><a href=\"http:\/\/www.cmu.fr\/\">de CMU (et compl\u00e9mentaire)<\/a><\/li>\n\n\n\n<li><a href=\"https:\/\/www.ameli.fr\/\">d&rsquo;aide m\u00e9dicale d\u2019\u00e9tat<\/a><\/li>\n\n\n\n<li><a href=\"https:\/\/www.demande-logement-social.gouv.fr\/\">de logements<\/a><\/li>\n\n\n\n<li>d&rsquo;\u00e9lection de domicile<\/li>\n\n\n\n<li><a href=\"https:\/\/www.service-public.fr\/particuliers\/vosdroits\/F18005\">de droit opposable au logement<\/a><\/li>\n\n\n\n<li><a href=\"https:\/\/www.var.fr\/conseil_general\/solidarites\/fsl\">de fonds de solidarit\u00e9 pour le logement<\/a><\/li>\n\n\n\n<li><a href=\"http:\/\/www.caf.fr\/allocataires\/droits-et-prestations\/s-informer-sur-les-aides\/solidarite-et-insertion\/l-allocation-de-soutien-familial-asf\">d&rsquo;allocation de soutien familial<\/a><\/li>\n\n\n\n<li><a href=\"http:\/\/www.caf.fr\/allocataires\/droits-et-prestations\/s-informer-sur-les-aides\/logement-et-cadre-de-vie\/les-aides-au-logement\">d&rsquo;aides au logement<\/a><\/li>\n<\/ul>\n\n\n\n<h2 class=\"wp-block-heading\">L&rsquo;ASSISTANTE SOCIALE<\/h2>\n\n\n\n<p class=\"wp-block-paragraph\">Si vous souhaitez contacter l\u2019assistante sociale de la commune, vous pouvez la joindre au centre des Solidarit\u00e9s du Conseil D\u00e9partemental \u00e0 Cogolin.<br>T\u00e9l. : 04 83 95 <span class=\"has-inline-color has-very-dark-gray-color\">45 50<\/span><\/p>\n\n\n\n<h2 class=\"wp-block-heading\">LA MISSION LOCALE<\/h2>\n\n\n\n<p class=\"wp-block-paragraph\">Pour des renseignements <strong>concernant les jeunes de 16 \u00e0 25 ans<\/strong>, n\u2019h\u00e9sitez pas \u00e0 vous rapprocher de la Mission Locale de Cogolin, \u00e9galement joignable au 04 94 54 62 52.<\/p>\n\n\n\n<h2 class=\"wp-block-heading\">LA M.D.P.H<\/h2>\n\n\n\n<p class=\"wp-block-paragraph\">Permanences de la Maison D\u00e9partementale des Personnes Handicap\u00e9es <a href=\"http:\/\/www.mairie-gassin.fr\/wp-content\/uploads\/2017\/11\/0963-horaires-mdph.pdf\">ici<\/a>.<\/p>\n\n\n\n<h2 class=\"wp-block-heading\">Le Plan Canicule<\/h2>\n\n\n\n<p class=\"wp-block-paragraph\">Chaque ann\u00e9e, le plan canicule est activ\u00e9 \u00e0 son niveau 1, niveau de veille saisonni\u00e8re, du 1er juin au 31 ao\u00fbt.<\/p>\n\n\n\n<p class=\"wp-block-paragraph\">La Mairie a l\u2019obligation de recenser les personnes \u00e2g\u00e9es et\/ou handicap\u00e9es, isol\u00e9es, vivant \u00e0 domicile qui en font la demande.<\/p>\n\n\n\n<p class=\"wp-block-paragraph\">Pour vous inscrire sur le fichier communal recensant ces personnes, vous pouvez contacter le CCAS de la commune au 04 94 56 62 00. Cette inscription permettra, en cas de d\u00e9clenchement d&rsquo;autres niveaux d&rsquo;alerte du \u00ab\u00a0plan canicule\u00a0\u00bb par le Pr\u00e9fet, de vous contacter syst\u00e9matiquement afin de v\u00e9rifier vos besoins d&rsquo;aide, de soutien, de visite ou de secours.<\/p>\n\n\n\n<p class=\"wp-block-paragraph\">Retrouvez ici les consignes en <a href=\"http:\/\/www.mairie-gassin.fr\/wp-content\/uploads\/2017\/11\/1028b.pdf\">fran\u00e7ais<\/a> et en <a href=\"http:\/\/www.mairie-gassin.fr\/wp-content\/uploads\/2017\/11\/1045-anglais.pdf\">anglais<\/a>.<\/p>\n\n\n\n<h2 class=\"wp-block-heading\">ANALYSE DES BESOINS SOCIAUX<\/h2>\n\n\n\n<div class=\"wp-block-file\"><a href=\"https:\/\/www.mairie-gassin.fr\/wp-content\/uploads\/2021\/09\/ABS-GASSIN-2020-2021.pdf\">Analyse des besoins sociaux &#8211; 2020-2021<\/a><a href=\"https:\/\/www.mairie-gassin.fr\/wp-content\/uploads\/2021\/09\/ABS-GASSIN-2020-2021.pdf\" class=\"wp-block-file__button wp-element-button\" download>T\u00e9l\u00e9charger<\/a><\/div>\n","protected":false},"excerpt":{"rendered":"<p>LE C.C.A.S Pour toutes les questions sociales, vous pouvez contacter le centre communal d\u2019action social de la commune de Gassin au m\u00eame num\u00e9ro que la mairie: 04 94 56 62 00 touche 1 Le service g\u00e8re les demandes : L&rsquo;ASSISTANTE SOCIALE Si vous souhaitez contacter l\u2019assistante sociale de la commune, vous pouvez la joindre au<a class=\"excerpt-read-more\" href=\"https:\/\/www.mairie-gassin.fr\/fr\/demarches-administratives\/solidarite\/\" title=\"ReadSolidarit\u00e9\">&#8230; Read more &raquo;<\/a><\/p>\n","protected":false},"author":11,"featured_media":0,"parent":42,"menu_order":57,"comment_status":"closed","ping_status":"closed","template":"","meta":{"_acf_changed":false,"_crdt_document":"","footnotes":""},"class_list":["post-487","page","type-page","status-publish","hentry"],"acf":[],"_links":{"self":[{"href":"https:\/\/www.mairie-gassin.fr\/fr\/wp-json\/wp\/v2\/pages\/487","targetHints":{"allow":["GET"]}}],"collection":[{"href":"https:\/\/www.mairie-gassin.fr\/fr\/wp-json\/wp\/v2\/pages"}],"about":[{"href":"https:\/\/www.mairie-gassin.fr\/fr\/wp-json\/wp\/v2\/types\/page"}],"author":[{"embeddable":true,"href":"https:\/\/www.mairie-gassin.fr\/fr\/wp-json\/wp\/v2\/users\/11"}],"replies":[{"embeddable":true,"href":"https:\/\/www.mairie-gassin.fr\/fr\/wp-json\/wp\/v2\/comments?post=487"}],"version-history":[{"count":8,"href":"https:\/\/www.mairie-gassin.fr\/fr\/wp-json\/wp\/v2\/pages\/487\/revisions"}],"predecessor-version":[{"id":8330,"href":"https:\/\/www.mairie-gassin.fr\/fr\/wp-json\/wp\/v2\/pages\/487\/revisions\/8330"}],"up":[{"embeddable":true,"href":"https:\/\/www.mairie-gassin.fr\/fr\/wp-json\/wp\/v2\/pages\/42"}],"wp:attachment":[{"href":"https:\/\/www.mairie-gassin.fr\/fr\/wp-json\/wp\/v2\/media?parent=487"}],"curies":[{"name":"wp","href":"https:\/\/api.w.org\/{rel}","templated":true}]}}