{"id":701,"date":"2017-11-26T02:18:48","date_gmt":"2017-11-26T01:18:48","guid":{"rendered":"http:\/\/www.mairie-gassin.fr\/?page_id=701"},"modified":"2026-04-14T18:25:07","modified_gmt":"2026-04-14T16:25:07","slug":"paiement-en-ligne","status":"publish","type":"page","link":"https:\/\/www.mairie-gassin.fr\/fr\/demarches-administratives\/paiement-en-ligne\/","title":{"rendered":"Paiement en ligne"},"content":{"rendered":"\n<p class=\"wp-block-paragraph\">La commune de Gassin s\u2019inscrit dans le plan de d\u00e9veloppement des moyens de paiement automatis\u00e9 d\u00e9ploy\u00e9 par l\u2019\u00c9tat. Il permet aux collectivit\u00e9s territoriales de permettre aux usagers le paiement en ligne sur internet.<\/p>\n\n\n\n<p class=\"wp-block-paragraph\">La commune de Gassin adh\u00e8re au service de paiement des titres par carte bancaire sur internet Tipi (Titres payables par internet).<\/p>\n\n\n\n<p class=\"wp-block-paragraph\">Vous pouvez payer vos titres en ligne.<\/p>\n\n\n\n<p class=\"wp-block-paragraph\"><a rel=\"noreferrer noopener\" href=\"https:\/\/www.payfip.gouv.fr\/tpa\/accueilportail.web\" target=\"_blank\">https:\/\/www.payfip.gouv.fr\/tpa\/accueilportail.web<\/a><\/p>\n\n\n\n<p class=\"wp-block-paragraph\"><\/p>\n\n\n\n<p class=\"wp-block-paragraph\"><\/p>\n\n\n\n<p class=\"wp-block-paragraph\"><strong>Comment payer via la plateforme officielle ?<\/strong><\/p>\n\n\n\n<p class=\"wp-block-paragraph\">L\u2019usager peut se connecter sur <a href=\"https:\/\/www.payfip.gouv.fr\/tpa\/accueilportail.web\" target=\"_blank\" rel=\"noreferrer noopener\">la plateforme de paiement<\/a> avec ses codes habituels. Il faut ensuite renseigner l\u2019identifiant de collectivit\u00e9 locale pr\u00e9sent sur la facture, ainsi que la r\u00e9f\u00e9rence de facture.&nbsp;<\/p>\n\n\n\n<p class=\"wp-block-paragraph\"><br>L\u2019utilisateur peut choisir le paiement par IBAN ou par carte bancaire. La plateforme est s\u00e9curis\u00e9e et prot\u00e8ge les donn\u00e9es personnelles des usagers. Par ailleurs, les banques, et a fortiori <a href=\"https:\/\/selectra.info\/finance\/guides\/banque-en-ligne\" target=\"_blank\" rel=\"noreferrer noopener\">les banques en ligne<\/a>, demandent une double validation pour s\u00e9curiser les paiements en ligne par carte bancaire. &nbsp;<\/p>\n\n\n\n<p class=\"wp-block-paragraph\"><\/p>\n","protected":false},"excerpt":{"rendered":"<p>La commune de Gassin s\u2019inscrit dans le plan de d\u00e9veloppement des moyens de paiement automatis\u00e9 d\u00e9ploy\u00e9 par l\u2019\u00c9tat. Il permet aux collectivit\u00e9s territoriales de permettre aux usagers le paiement en ligne sur internet. La commune de Gassin adh\u00e8re au service de paiement des titres par carte bancaire sur internet Tipi (Titres payables par internet). Vous<a class=\"excerpt-read-more\" href=\"https:\/\/www.mairie-gassin.fr\/fr\/demarches-administratives\/paiement-en-ligne\/\" title=\"ReadPaiement en ligne\">&#8230; Read more &raquo;<\/a><\/p>\n","protected":false},"author":11,"featured_media":0,"parent":42,"menu_order":55,"comment_status":"closed","ping_status":"closed","template":"Payfip.php","meta":{"_acf_changed":false,"_crdt_document":"{\"document\":\"AAAG+5GX3xBkWQgktDoABgIBAgoCQkoAggcBAgoCQkoAlgQBAgoCQkoAngEBAgoCQkoAiAUBAgoASgASAQIKAEoAEgECCgJCSgCMAgECCgJCSgCMCgECCgJCSgCaDQECCgBKAIUBKAMnAAQAJwAEACcAKAQnACgBJwAHACgDJwEEACgAJwCHACgDJwEEACgAJwCHACgDJwEEACgAJwCHACgDJwEEACgAJwCHACgDJwEoACcAhwAoAycBKAAnAIcAKAMnAQQAKAAnAIcAKAMnAQQAKAAnAIcAKAMnAQQAKAAnAIcAKAMnASgAJ+oh7CBzdGF0ZXZlcnNpb25kb2N1bWVudGRhdGVkb2N1bWVudHNsdWdkb2N1bWVudHN0YXR1c2RvY3VtZW50dGl0bGVQYWllbWVudCBlbiBsaWduZWRvY3VtZW50Y29udGVudDwhLS0gd3A6cGFyYWdyYXBoIC0tPgo8cD5MYSBjb21tdW5lIGRlIEdhc3NpbiBz4oCZaW5zY3JpdCBkYW5zIGxlIHBsYW4gZGUgZMOpdmVsb3BwZW1lbnQgZGVzIG1veWVucyBkZSBwYWllbWVudCBhdXRvbWF0aXPDqSBkw6lwbG95w6kgcGFyIGzigJnDiXRhdC4gSWwgcGVybWV0IGF1eCBjb2xsZWN0aXZpdMOpcyB0ZXJyaXRvcmlhbGVzIGRlIHBlcm1ldHRyZSBhdXggdXNhZ2VycyBsZSBwYWllbWVudCBlbiBsaWduZSBzdXIgaW50ZXJuZXQuPC9wPgo8IS0tIC93cDpwYXJhZ3JhcGggLS0+Cgo8IS0tIHdwOnBhcmFncmFwaCAtLT4KPHA+TGEgY29tbXVuZSBkZSBHYXNzaW4gYWRow6hyZSBhdSBzZXJ2aWNlIGRlIHBhaWVtZW50IGRlcyB0aXRyZXMgcGFyIGNhcnRlIGJhbmNhaXJlIHN1ciBpbnRlcm5ldCBUaXBpIChUaXRyZXMgcGF5YWJsZXMgcGFyIGludGVybmV0KS48L3A+CjwhLS0gL3dwOnBhcmFncmFwaCAtLT4KCjwhLS0gd3A6cGFyYWdyYXBoIC0tPgo8cD5Wb3VzIHBvdXZleiBwYXllciB2b3MgdGl0cmVzIGVuIGxpZ25lLjwvcD4KPCEtLSAvd3A6cGFyYWdyYXBoIC0tPgoKPCEtLSB3cDpwYXJhZ3JhcGggLS0+CjxwPjxhIHJlbD0ibm9yZWZlcnJlciBub29wZW5lciIgaHJlZj0iaHR0cHM6Ly93d3cucGF5ZmlwLmdvdXYuZnIvdHBhL2FjY3VlaWxwb3J0YWlsLndlYiIgdGFyZ2V0PSJfYmxhbmsiPmh0dHBzOi8vd3d3LnBheWZpcC5nb3V2LmZyL3RwYS9hY2N1ZWlscG9ydGFpbC53ZWI8L2E+PC9wPgo8IS0tIC93cDpwYXJhZ3JhcGggLS0+Cgo8IS0tIHdwOnBhcmFncmFwaCAtLT4KPHA+PC9wPgo8IS0tIC93cDpwYXJhZ3JhcGggLS0+Cgo8IS0tIHdwOnBhcmFncmFwaCAtLT4KPHA+PC9wPgo8IS0tIC93cDpwYXJhZ3JhcGggLS0+Cgo8IS0tIHdwOnBhcmFncmFwaCAtLT4KPHA+PHN0cm9uZz5Db21tZW50IHBheWVyIHZpYSBsYSBwbGF0ZWZvcm1lIG9mZmljaWVsbGUgPzwvc3Ryb25nPjwvcD4KPCEtLSAvd3A6cGFyYWdyYXBoIC0tPgoKPCEtLSB3cDpwYXJhZ3JhcGggLS0+CjxwPkzigJl1c2FnZXIgcGV1dCBzZSBjb25uZWN0ZXIgc3VyIDxhIGhyZWY9Imh0dHBzOi8vd3d3LnBheWZpcC5nb3V2LmZyL3RwYS9hY2N1ZWlscG9ydGFpbC53ZWIiIHRhcmdldD0iX2JsYW5rIiByZWw9Im5vcmVmZXJyZXIgbm9vcGVuZXIiPmxhIHBsYXRlZm9ybWUgZGUgcGFpZW1lbnQ8L2E+IGF2ZWMgc2VzIGNvZGVzIGhhYml0dWVscy4gSWwgZmF1dCBlbnN1aXRlIHJlbnNlaWduZXIgbOKAmWlkZW50aWZpYW50IGRlIGNvbGxlY3Rpdml0w6kgbG9jYWxlIHByw6lzZW50IHN1ciBsYSBmYWN0dXJlLCBhaW5zaSBxdWUgbGEgcsOpZsOpcmVuY2UgZGUgZmFjdHVyZS4mbmJzcDs8L3A+CjwhLS0gL3dwOnBhcmFncmFwaCAtLT4KCjwhLS0gd3A6cGFyYWdyYXBoIC0tPgo8cD48YnI+TOKAmXV0aWxpc2F0ZXVyIHBldXQgY2hvaXNpciBsZSBwYWllbWVudCBwYXIgSUJBTiBvdSBwYXIgY2FydGUgYmFuY2FpcmUuIExhIHBsYXRlZm9ybWUgZXN0IHPDqWN1cmlzw6llIGV0IHByb3TDqGdlIGxlcyBkb25uw6llcyBwZXJzb25uZWxsZXMgZGVzIHVzYWdlcnMuIFBhciBhaWxsZXVycywgbGVzIGJhbnF1ZXMsIGV0IGEgZm9ydGlvcmkgPGEgaHJlZj0iaHR0cHM6Ly9zZWxlY3RyYS5pbmZvL2ZpbmFuY2UvZ3VpZGVzL2JhbnF1ZS1lbi1saWduZSIgdGFyZ2V0PSJfYmxhbmsiIHJlbD0ibm9yZWZlcnJlciBub29wZW5lciI+bGVzIGJhbnF1ZXMgZW4gbGlnbmU8L2E+LCBkZW1hbmRlbnQgdW5lIGRvdWJsZSB2YWxpZGF0aW9uIHBvdXIgc8OpY3VyaXNlciBsZXMgcGFpZW1lbnRzIGVuIGxpZ25lIHBhciBjYXJ0ZSBiYW5jYWlyZS4gJm5ic3A7PC9wPgo8IS0tIC93cDpwYXJhZ3JhcGggLS0+Cgo8IS0tIHdwOnBhcmFncmFwaCAtLT4KPHA+PC9wPgo8IS0tIC93cDpwYXJhZ3JhcGggLS0+ZG9jdW1lbnRleGNlcnB0ZG9jdW1lbnRhdXRob3Jkb2N1bWVudGZlYXR1cmVkX21lZGlhZG9jdW1lbnRjb21tZW50X3N0YXR1c2RvY3VtZW50cGluZ19zdGF0dXNkb2N1bWVudHRlbXBsYXRlZG9jdW1lbnRtZXRhX2FjZl9jaGFuZ2VkZm9vdG5vdGVzZG9jdW1lbnRibG9ja3NjbGllbnRJZGlzVmFsaWRvcmlnaW5hbENvbnRlbnRuYW1lYXR0cmlidXRlc2NvbnRlbnRMYSBjb21tdW5lIGRlIEdhc3NpbiBz4oCZaW5zY3JpdCBkYW5zIGxlIHBsYW4gZGUgZMOpdmVsb3BwZW1lbnQgZGVzIG1veWVucyBkZSBwYWllbWVudCBhdXRvbWF0aXPDqSBkw6lwbG95w6kgcGFyIGzigJnDiXRhdC4gSWwgcGVybWV0IGF1eCBjb2xsZWN0aXZpdMOpcyB0ZXJyaXRvcmlhbGVzIGRlIHBlcm1ldHRyZSBhdXggdXNhZ2VycyBsZSBwYWllbWVudCBlbiBsaWduZSBzdXIgaW50ZXJuZXQuZHJvcENhcGlubmVyQmxvY2tzY2xpZW50SWRpc1ZhbGlkb3JpZ2luYWxDb250ZW50bmFtZWF0dHJpYnV0ZXNjb250ZW50TGEgY29tbXVuZSBkZSBHYXNzaW4gYWRow6hyZSBhdSBzZXJ2aWNlIGRlIHBhaWVtZW50IGRlcyB0aXRyZXMgcGFyIGNhcnRlIGJhbmNhaXJlIHN1ciBpbnRlcm5ldCBUaXBpIChUaXRyZXMgcGF5YWJsZXMgcGFyIGludGVybmV0KS5kcm9wQ2FwaW5uZXJCbG9ja3NjbGllbnRJZGlzVmFsaWRvcmlnaW5hbENvbnRlbnRuYW1lYXR0cmlidXRlc2NvbnRlbnRWb3VzIHBvdXZleiBwYXllciB2b3MgdGl0cmVzIGVuIGxpZ25lLmRyb3BDYXBpbm5lckJsb2Nrc2NsaWVudElkaXNWYWxpZG9yaWdpbmFsQ29udGVudG5hbWVhdHRyaWJ1dGVzY29udGVudDxhIHJlbD0ibm9yZWZlcnJlciBub29wZW5lciIgaHJlZj0iaHR0cHM6Ly93d3cucGF5ZmlwLmdvdXYuZnIvdHBhL2FjY3VlaWxwb3J0YWlsLndlYiIgdGFyZ2V0PSJfYmxhbmsiPmh0dHBzOi8vd3d3LnBheWZpcC5nb3V2LmZyL3RwYS9hY2N1ZWlscG9ydGFpbC53ZWI8L2E+ZHJvcENhcGlubmVyQmxvY2tzY2xpZW50SWRpc1ZhbGlkb3JpZ2luYWxDb250ZW50bmFtZWF0dHJpYnV0ZXNjb250ZW50ZHJvcENhcGlubmVyQmxvY2tzY2xpZW50SWRpc1ZhbGlkb3JpZ2luYWxDb250ZW50bmFtZWF0dHJpYnV0ZXNjb250ZW50ZHJvcENhcGlubmVyQmxvY2tzY2xpZW50SWRpc1ZhbGlkb3JpZ2luYWxDb250ZW50bmFtZWF0dHJpYnV0ZXNjb250ZW50PHN0cm9uZz5Db21tZW50IHBheWVyIHZpYSBsYSBwbGF0ZWZvcm1lIG9mZmljaWVsbGUgPzwvc3Ryb25nPmRyb3BDYXBpbm5lckJsb2Nrc2NsaWVudElkaXNWYWxpZG9yaWdpbmFsQ29udGVudG5hbWVhdHRyaWJ1dGVzY29udGVudEzigJl1c2FnZXIgcGV1dCBzZSBjb25uZWN0ZXIgc3VyIDxhIGhyZWY9Imh0dHBzOi8vd3d3LnBheWZpcC5nb3V2LmZyL3RwYS9hY2N1ZWlscG9ydGFpbC53ZWIiIHRhcmdldD0iX2JsYW5rIiByZWw9Im5vcmVmZXJyZXIgbm9vcGVuZXIiPmxhIHBsYXRlZm9ybWUgZGUgcGFpZW1lbnQ8L2E+IGF2ZWMgc2VzIGNvZGVzIGhhYml0dWVscy4gSWwgZmF1dCBlbnN1aXRlIHJlbnNlaWduZXIgbOKAmWlkZW50aWZpYW50IGRlIGNvbGxlY3Rpdml0w6kgbG9jYWxlIHByw6lzZW50IHN1ciBsYSBmYWN0dXJlLCBhaW5zaSBxdWUgbGEgcsOpZsOpcmVuY2UgZGUgZmFjdHVyZS4mbmJzcDtkcm9wQ2FwaW5uZXJCbG9ja3NjbGllbnRJZGlzVmFsaWRvcmlnaW5hbENvbnRlbnRuYW1lYXR0cmlidXRlc2NvbnRlbnQ8YnI+TOKAmXV0aWxpc2F0ZXVyIHBldXQgY2hvaXNpciBsZSBwYWllbWVudCBwYXIgSUJBTiBvdSBwYXIgY2FydGUgYmFuY2FpcmUuIExhIHBsYXRlZm9ybWUgZXN0IHPDqWN1cmlzw6llIGV0IHByb3TDqGdlIGxlcyBkb25uw6llcyBwZXJzb25uZWxsZXMgZGVzIHVzYWdlcnMuIFBhciBhaWxsZXVycywgbGVzIGJhbnF1ZXMsIGV0IGEgZm9ydGlvcmkgPGEgaHJlZj0iaHR0cHM6Ly9zZWxlY3RyYS5pbmZvL2ZpbmFuY2UvZ3VpZGVzL2JhbnF1ZS1lbi1saWduZSIgdGFyZ2V0PSJfYmxhbmsiIHJlbD0ibm9yZWZlcnJlciBub29wZW5lciI+bGVzIGJhbnF1ZXMgZW4gbGlnbmU8L2E+LCBkZW1hbmRlbnQgdW5lIGRvdWJsZSB2YWxpZGF0aW9uIHBvdXIgc8OpY3VyaXNlciBsZXMgcGFpZW1lbnRzIGVuIGxpZ25lIHBhciBjYXJ0ZSBiYW5jYWlyZS4gJm5ic3A7ZHJvcENhcGlubmVyQmxvY2tzY2xpZW50SWRpc1ZhbGlkb3JpZ2luYWxDb250ZW50bmFtZWF0dHJpYnV0ZXNjb250ZW50ZHJvcENhcGlubmVyQmxvY2tzBQcIBAgECAYIBREIB5MdCAcIBggOCA4IC0gBBAwJCAYIBw8ECgeYAwcLCAcPBAoHggIHCwgHDwQKByYHCwgHDwQKB5sCBwsIBw8ECkcACwgHDwQKRwALCAcPBAoHPQcLCAcPBAoHvQQHCwgHDwQKB6QGBwsIBw8ECkcACw8BBAAAAQAAAAEGAAEBAAAsQgEBAEEAAgBBAAIAQQACAEEAAgBBAAIAQQACAEEAAgBBAAIAQQACAEEAAgACQTsBcwB9AXcTMjAxNy0xMS0yNlQwMjoxODo0OHcRcGFpZW1lbnQtZW4tbGlnbmV3B3B1Ymxpc2h9C30AdwZjbG9zZWR3BmNsb3NlZHcKUGF5ZmlwLnBocHl3AHckZDdlZGVlZjAtYWRjYy00OGQxLWE0MTctZjZkY2M5NTBhNWU3eHfpATxwPkxhIGNvbW11bmUgZGUgR2Fzc2luIHPigJlpbnNjcml0IGRhbnMgbGUgcGxhbiBkZSBkw6l2ZWxvcHBlbWVudCBkZXMgbW95ZW5zIGRlIHBhaWVtZW50IGF1dG9tYXRpc8OpIGTDqXBsb3nDqSBwYXIgbOKAmcOJdGF0LiBJbCBwZXJtZXQgYXV4IGNvbGxlY3Rpdml0w6lzIHRlcnJpdG9yaWFsZXMgZGUgcGVybWV0dHJlIGF1eCB1c2FnZXJzIGxlIHBhaWVtZW50IGVuIGxpZ25lIHN1ciBpbnRlcm5ldC48L3A+dw5jb3JlL3BhcmFncmFwaHl3JDI1MDJjMjc0LTFlNWMtNGNkNi1iZjdjLTQ5YzYzZDQ3NmFiYnh3igE8cD5MYSBjb21tdW5lIGRlIEdhc3NpbiBhZGjDqHJlIGF1IHNlcnZpY2UgZGUgcGFpZW1lbnQgZGVzIHRpdHJlcyBwYXIgY2FydGUgYmFuY2FpcmUgc3VyIGludGVybmV0IFRpcGkgKFRpdHJlcyBwYXlhYmxlcyBwYXIgaW50ZXJuZXQpLjwvcD53DmNvcmUvcGFyYWdyYXBoeXckZWRmODVjM2QtN2YwYi00YjlhLTkwMGItNGVlYjUxYWJiNWEzeHctPHA+Vm91cyBwb3V2ZXogcGF5ZXIgdm9zIHRpdHJlcyBlbiBsaWduZS48L3A+dw5jb3JlL3BhcmFncmFwaHl3JDJlOGYyYTMxLTZmY2ItNDM2My05Y2M1LWVlOTZjZmIyOGUwMXh3ogE8cD48YSByZWw9Im5vcmVmZXJyZXIgbm9vcGVuZXIiIGhyZWY9Imh0dHBzOi8vd3d3LnBheWZpcC5nb3V2LmZyL3RwYS9hY2N1ZWlscG9ydGFpbC53ZWIiIHRhcmdldD0iX2JsYW5rIj5odHRwczovL3d3dy5wYXlmaXAuZ291di5mci90cGEvYWNjdWVpbHBvcnRhaWwud2ViPC9hPjwvcD53DmNvcmUvcGFyYWdyYXBoeXckYmQ2MTdkMDEtNjJlYi00MjI0LWI0NmQtMmQyYjQ1YzIwZDUxeHcHPHA+PC9wPncOY29yZS9wYXJhZ3JhcGh5dyQwNzc3MThlZC1kNWUwLTQ0NTUtYjk2NC02OWE4NWViYzdmNmN4dwc8cD48L3A+dw5jb3JlL3BhcmFncmFwaHl3JGE3ZTM4YzUxLTg1MmEtNDM3Yi1hZWI1LTJlZDg5YTc3NzBhYnh3RDxwPjxzdHJvbmc+Q29tbWVudCBwYXllciB2aWEgbGEgcGxhdGVmb3JtZSBvZmZpY2llbGxlID88L3N0cm9uZz48L3A+dw5jb3JlL3BhcmFncmFwaHl3JDRjMzc4Nzc1LWFkNjAtNGY5Yi1iMDdhLThiN2UyYTRhYjU2OXh3zAI8cD5M4oCZdXNhZ2VyIHBldXQgc2UgY29ubmVjdGVyIHN1ciA8YSBocmVmPSJodHRwczovL3d3dy5wYXlmaXAuZ291di5mci90cGEvYWNjdWVpbHBvcnRhaWwud2ViIiB0YXJnZXQ9Il9ibGFuayIgcmVsPSJub3JlZmVycmVyIG5vb3BlbmVyIj5sYSBwbGF0ZWZvcm1lIGRlIHBhaWVtZW50PC9hPiBhdmVjIHNlcyBjb2RlcyBoYWJpdHVlbHMuIElsIGZhdXQgZW5zdWl0ZSByZW5zZWlnbmVyIGzigJlpZGVudGlmaWFudCBkZSBjb2xsZWN0aXZpdMOpIGxvY2FsZSBwcsOpc2VudCBzdXIgbGEgZmFjdHVyZSwgYWluc2kgcXVlIGxhIHLDqWbDqXJlbmNlIGRlIGZhY3R1cmUuJm5ic3A7PC9wPncOY29yZS9wYXJhZ3JhcGh5dyQwNmM2NjA5Mi05OGVhLTQ2MjAtOTI0Ni1hMmU4ZmE3ODRjOGJ4d7IDPHA+PGJyPkzigJl1dGlsaXNhdGV1ciBwZXV0IGNob2lzaXIgbGUgcGFpZW1lbnQgcGFyIElCQU4gb3UgcGFyIGNhcnRlIGJhbmNhaXJlLiBMYSBwbGF0ZWZvcm1lIGVzdCBzw6ljdXJpc8OpZSBldCBwcm90w6hnZSBsZXMgZG9ubsOpZXMgcGVyc29ubmVsbGVzIGRlcyB1c2FnZXJzLiBQYXIgYWlsbGV1cnMsIGxlcyBiYW5xdWVzLCBldCBhIGZvcnRpb3JpIDxhIGhyZWY9Imh0dHBzOi8vc2VsZWN0cmEuaW5mby9maW5hbmNlL2d1aWRlcy9iYW5xdWUtZW4tbGlnbmUiIHRhcmdldD0iX2JsYW5rIiByZWw9Im5vcmVmZXJyZXIgbm9vcGVuZXIiPmxlcyBiYW5xdWVzIGVuIGxpZ25lPC9hPiwgZGVtYW5kZW50IHVuZSBkb3VibGUgdmFsaWRhdGlvbiBwb3VyIHPDqWN1cmlzZXIgbGVzIHBhaWVtZW50cyBlbiBsaWduZSBwYXIgY2FydGUgYmFuY2FpcmUuICZuYnNwOzwvcD53DmNvcmUvcGFyYWdyYXBoeXckNWMxMDE4YWQtZmUzOS00MWY0LTg3YjUtNGY5OGRmM2NmODlheHcHPHA+PC9wPncOY29yZS9wYXJhZ3JhcGh5AA==\",\"updateId\":186666126}","footnotes":""},"class_list":["post-701","page","type-page","status-publish","hentry"],"acf":[],"_links":{"self":[{"href":"https:\/\/www.mairie-gassin.fr\/fr\/wp-json\/wp\/v2\/pages\/701","targetHints":{"allow":["GET"]}}],"collection":[{"href":"https:\/\/www.mairie-gassin.fr\/fr\/wp-json\/wp\/v2\/pages"}],"about":[{"href":"https:\/\/www.mairie-gassin.fr\/fr\/wp-json\/wp\/v2\/types\/page"}],"author":[{"embeddable":true,"href":"https:\/\/www.mairie-gassin.fr\/fr\/wp-json\/wp\/v2\/users\/11"}],"replies":[{"embeddable":true,"href":"https:\/\/www.mairie-gassin.fr\/fr\/wp-json\/wp\/v2\/comments?post=701"}],"version-history":[{"count":10,"href":"https:\/\/www.mairie-gassin.fr\/fr\/wp-json\/wp\/v2\/pages\/701\/revisions"}],"predecessor-version":[{"id":12154,"href":"https:\/\/www.mairie-gassin.fr\/fr\/wp-json\/wp\/v2\/pages\/701\/revisions\/12154"}],"up":[{"embeddable":true,"href":"https:\/\/www.mairie-gassin.fr\/fr\/wp-json\/wp\/v2\/pages\/42"}],"wp:attachment":[{"href":"https:\/\/www.mairie-gassin.fr\/fr\/wp-json\/wp\/v2\/media?parent=701"}],"curies":[{"name":"wp","href":"https:\/\/api.w.org\/{rel}","templated":true}]}}