{"id":705,"date":"2017-11-26T12:59:33","date_gmt":"2017-11-26T11:59:33","guid":{"rendered":"http:\/\/www.mairie-gassin.fr\/?page_id=705"},"modified":"2024-09-29T18:23:32","modified_gmt":"2024-09-29T16:23:32","slug":"mentions-legales","status":"publish","type":"page","link":"https:\/\/www.mairie-gassin.fr\/fr\/mentions-legales\/","title":{"rendered":"Mentions l\u00e9gales"},"content":{"rendered":"\n<h2 class=\"wp-block-heading\">Propri\u00e9taire du site Internet<\/h2>\n\n\n\n<p class=\"wp-block-paragraph\">MAIRIE DE GASSIN<br>Place de la Mairie<br>BP 18 &#8211; 83580 Gassin<br>T\u00e9l. +33 (0)4 94 56 62 00<\/p>\n\n\n\n<h2 class=\"wp-block-heading\">R\u00e9alisation du site<\/h2>\n\n\n\n<p class=\"wp-block-paragraph\">Franck M\u00e9zi\u00e8re &#8211; Webdesign &amp; d\u00e9veloppement &#8211; <a href=\"http:\/\/meziere.net\">meziere.net<\/a><\/p>\n\n\n\n<h2 class=\"wp-block-heading\">Photographies<\/h2>\n\n\n\n<p class=\"wp-block-paragraph\">Mairie de Gassin, e.bertrand<\/p>\n\n\n\n<p class=\"wp-block-paragraph\">Ce site Internet est une cr\u00e9ation intellectuelle originale qui, par cons\u00e9quent entre dans le champ de protection du droit d&rsquo;auteur. Son contenu est \u00e9galement prot\u00e9g\u00e9 par des droits de propri\u00e9t\u00e9 intellectuelle et\/ou industrielle. Toute personne qui portera atteinte aux droits de propri\u00e9t\u00e9 intellectuelle attach\u00e9s aux diff\u00e9rents objets de ce site Internet se rend coupable du d\u00e9lit de contrefa\u00e7on et est passible des sanctions p\u00e9nales pr\u00e9vues par la loi.<\/p>\n\n\n\n<h2 class=\"wp-block-heading\">Traitement des donn\u00e9es<\/h2>\n\n\n\n<p class=\"wp-block-paragraph\">Les informations recueillies font l&rsquo;objet d&rsquo;un traitement informatique destin\u00e9 \u00e0 vous r\u00e9pondre.<\/p>\n\n\n\n<p class=\"wp-block-paragraph\">Conform\u00e9ment \u00e0 la loi \u00ab informatique et libert\u00e9s \u00bb du 6 janvier 1978 modifi\u00e9e en 2004, vous b\u00e9n\u00e9ficiez d&rsquo;un droit d&rsquo;acc\u00e8s et de rectification aux informations qui vous concernent, que vous pouvez exercer en vous adressant \u00e0 Office de Tourisme &#8211; 20 place L\u00e9on Martel &#8211; 83580 Gassin.<\/p>\n\n\n\n<p class=\"wp-block-paragraph\">Vous pouvez \u00e9galement, pour des motifs l\u00e9gitimes, vous opposer au traitement des donn\u00e9es vous concernant.<\/p>\n","protected":false},"excerpt":{"rendered":"<p>Propri\u00e9taire du site Internet MAIRIE DE GASSINPlace de la MairieBP 18 &#8211; 83580 GassinT\u00e9l. +33 (0)4 94 56 62 00 R\u00e9alisation du site Franck M\u00e9zi\u00e8re &#8211; Webdesign &amp; d\u00e9veloppement &#8211; meziere.net Photographies Mairie de Gassin, e.bertrand Ce site Internet est une cr\u00e9ation intellectuelle originale qui, par cons\u00e9quent entre dans le champ de protection du droit<a class=\"excerpt-read-more\" href=\"https:\/\/www.mairie-gassin.fr\/fr\/mentions-legales\/\" title=\"ReadMentions l\u00e9gales\">&#8230; Read more &raquo;<\/a><\/p>\n","protected":false},"author":11,"featured_media":0,"parent":0,"menu_order":99,"comment_status":"closed","ping_status":"closed","template":"","meta":{"_acf_changed":false,"_crdt_document":"","footnotes":""},"class_list":["post-705","page","type-page","status-publish","hentry"],"acf":[],"_links":{"self":[{"href":"https:\/\/www.mairie-gassin.fr\/fr\/wp-json\/wp\/v2\/pages\/705","targetHints":{"allow":["GET"]}}],"collection":[{"href":"https:\/\/www.mairie-gassin.fr\/fr\/wp-json\/wp\/v2\/pages"}],"about":[{"href":"https:\/\/www.mairie-gassin.fr\/fr\/wp-json\/wp\/v2\/types\/page"}],"author":[{"embeddable":true,"href":"https:\/\/www.mairie-gassin.fr\/fr\/wp-json\/wp\/v2\/users\/11"}],"replies":[{"embeddable":true,"href":"https:\/\/www.mairie-gassin.fr\/fr\/wp-json\/wp\/v2\/comments?post=705"}],"version-history":[{"count":5,"href":"https:\/\/www.mairie-gassin.fr\/fr\/wp-json\/wp\/v2\/pages\/705\/revisions"}],"predecessor-version":[{"id":7530,"href":"https:\/\/www.mairie-gassin.fr\/fr\/wp-json\/wp\/v2\/pages\/705\/revisions\/7530"}],"wp:attachment":[{"href":"https:\/\/www.mairie-gassin.fr\/fr\/wp-json\/wp\/v2\/media?parent=705"}],"curies":[{"name":"wp","href":"https:\/\/api.w.org\/{rel}","templated":true}]}}