{"id":7303,"date":"2024-08-12T00:41:38","date_gmt":"2024-08-11T22:41:38","guid":{"rendered":"https:\/\/www.mairie-gassin.fr\/?page_id=7303"},"modified":"2025-06-25T18:56:18","modified_gmt":"2025-06-25T16:56:18","slug":"accessibilite","status":"publish","type":"page","link":"https:\/\/www.mairie-gassin.fr\/fr\/accessibilite\/","title":{"rendered":"D\u00e9claration d\u2019accessibilit\u00e9"},"content":{"rendered":"\n<p class=\"wp-block-paragraph\">La Mairie de Gassin s\u2019engage \u00e0 rendre son site internet accessible conform\u00e9ment \u00e0 l\u2019article 47 de la loi n\u00b02005-102 du 11 f\u00e9vrier 2005.<\/p>\n\n\n\n<p class=\"wp-block-paragraph\">Cette d\u00e9claration d\u2019accessibilit\u00e9 s\u2019applique au site Internet <a href=\"https:\/\/www.mairie-gassin.fr\/\">https:\/\/www.mairie-gassin.fr\/<\/a>.<\/p>\n\n\n\n<h2 class=\"wp-block-heading\">\u00c9tat de conformit\u00e9<\/h2>\n\n\n\n<p class=\"wp-block-paragraph\">Le site <a href=\"https:\/\/www.mairie-gassin.fr\/\">https:\/\/www.mairie-gassin.fr\/<\/a> est partiellement conforme avec le r\u00e9f\u00e9rentiel g\u00e9n\u00e9ral d\u2019am\u00e9lioration de l\u2019accessibilit\u00e9 (RGAA), version 4.1.2 en raison des non-conformit\u00e9s et des d\u00e9rogations \u00e9num\u00e9r\u00e9es ci-dessous.<\/p>\n\n\n\n<h2 class=\"wp-block-heading\">R\u00e9sultat des tests<\/h2>\n\n\n\n<p class=\"wp-block-paragraph\">L\u2019audit d\u2019accessibilit\u00e9 a \u00e9t\u00e9 r\u00e9alis\u00e9 le 16 juin 2025 sur un \u00e9chantillon repr\u00e9sentatif de 10 pages r\u00e9v\u00e8le que :<\/p>\n\n\n\n<ul class=\"wp-block-list\">\n<li>94% des crit\u00e8res du RGAA version 4.1.2 sont respect\u00e9s ;<\/li>\n\n\n\n<li>Pour information, le taux moyen de conformit\u00e9 du site s\u2019\u00e9l\u00e8ve \u00e0 97% ;<\/li>\n<\/ul>\n\n\n\n<h3 class=\"wp-block-heading\">Pages du site ayant fait l\u2019objet de la v\u00e9rification de conformit\u00e9<\/h3>\n\n\n\n<figure class=\"wp-block-table is-style-regular\"><table class=\"has-fixed-layout\"><thead><tr><th><strong>Nom<\/strong><\/th><th><strong>Url<\/strong><\/th><th><strong>\u00c9l\u00e9ments significatifs<\/strong><\/th><\/tr><\/thead><tbody><tr><td>Accueil<\/td><td><a href=\"https:\/\/www.mairie-gassin.fr\/\">https:\/\/www.mairie-gassin.fr\/<\/a><\/td><td>Page obligatoire<\/td><\/tr><tr><td>Contact<\/td><td><a href=\"https:\/\/www.mairie-gassin.fr\/fr\/contact\/\">https:\/\/www.mairie-gassin.fr\/fr\/contact\/<\/a><\/td><td>Page obligatoire<\/td><\/tr><tr><td>Mentions l\u00e9gales<\/td><td><a href=\"https:\/\/www.mairie-gassin.fr\/fr\/mentions-legales\/\">https:\/\/www.mairie-gassin.fr\/fr\/mentions-legales\/<\/a><\/td><td>Page obligatoire<\/td><\/tr><tr><td>Accessibilit\u00e9<\/td><td><a href=\"https:\/\/www.mairie-gassin.fr\/fr\/accessibilite\/\">https:\/\/www.mairie-gassin.fr\/fr\/accessibilite\/<\/a><\/td><td>Page obligatoire<\/td><\/tr><tr><td>Rechercher<\/td><td><a href=\"https:\/\/www.mairie-gassin.fr\/fr\/search\/\">https:\/\/www.mairie-gassin.fr\/fr\/search\/<\/a><\/td><td>Page de recherche et page des r\u00e9sultats de recherche<\/td><\/tr><tr><td>Actualit\u00e9s<\/td><td><a href=\"https:\/\/www.mairie-gassin.fr\/fr\/actualites\/\">https:\/\/www.mairie-gassin.fr\/fr\/actualites\/<\/a><\/td><td>Page des actualit\u00e9s<\/td><\/tr><tr><td>Actualit\u00e9<\/td><td><a href=\"https:\/\/www.mairie-gassin.fr\/fr\/actualites\/bus-france-services\/\">https:\/\/www.mairie-gassin.fr\/fr\/actualites\/bus-france-services\/<\/a><\/td><td>Page d&rsquo;une actualit\u00e9<\/td><\/tr><tr><td>Ev\u00e8nements<\/td><td><a href=\"https:\/\/www.mairie-gassin.fr\/fr\/animation\/\">https:\/\/www.mairie-gassin.fr\/fr\/animation\/<\/a><\/td><td>Page des \u00e9v\u00e8nements<\/td><\/tr><tr><td>Ev\u00e8nement<\/td><td><a href=\"https:\/\/www.mairie-gassin.fr\/fr\/animation\/culture\/gassin\/commemoration-de-l-appel-du-18juin-5828500\/\">https:\/\/www.mairie-gassin.fr\/fr\/animation\/culture\/gassin\/commemoration-de-l-appel-du-18juin-5828500\/<\/a><\/td><td>Page d&rsquo;un \u00e9v\u00e8nement<\/td><\/tr><tr><td>Arr\u00eat\u00e9s \u2013 D\u00e9cisions \u2013 D\u00e9lib\u2026<\/td><td><a href=\"https:\/\/www.mairie-gassin.fr\/fr\/demarches-administratives\/pv-des-conseils-municipaux\/\">https:\/\/www.mairie-gassin.fr\/fr\/demarches-administratives\/pv-des-conseils-municipaux\/<\/a><\/td><td>Page des actes des d\u00e9cisions administratives<\/td><\/tr><tr><td>Portail des Associations<\/td><td><a href=\"https:\/\/www.mairie-gassin.fr\/fr\/portail-des-associations\/\">https:\/\/www.mairie-gassin.fr\/fr\/portail-des-associations\/<\/a><\/td><td>Page des demandes de subventions pour les associations<\/td><\/tr><\/tbody><\/table><\/figure>\n\n\n\n<h3 class=\"wp-block-heading\">Environnement de test et outils pour \u00e9valuer l\u2019accessibilit\u00e9<\/h3>\n\n\n\n<ul class=\"wp-block-list\">\n<li>Test manuel bas\u00e9 sur le RGAA 4.1.2 (crit\u00e8res et tests)<\/li>\n\n\n\n<li>Moteur de rendu : Blink, Gecko\u00a0<\/li>\n\n\n\n<li>Outils d\u2019analyse : Chrome version 137, Firefox version 140, Web Developer version 3.0.1 (extension), Color Contrast Analyzer version 3.5.4\u00a0<\/li>\n\n\n\n<li>Lecteurs d\u2019\u00e9cran : NVDA version 2024.4.2, JAWS 2025.2505.43<\/li>\n<\/ul>\n\n\n\n<h3 class=\"wp-block-heading\">Contenus non accessibles<\/h3>\n\n\n\n<p class=\"wp-block-paragraph\">Malgr\u00e9 nos efforts, certains contenus ne sont pas accessibles :<\/p>\n\n\n\n<ul class=\"wp-block-list\">\n<li>Certains documents PDF (ex : d\u00e9lib\u00e9rations de conseil municipal) ne sont pas enti\u00e8rement balis\u00e9s.<\/li>\n\n\n\n<li>Certaines images ne disposent pas d\u2019alternative textuelles pertinentes du contenu visuel.<\/li>\n\n\n\n<li>Certains liens de t\u00e9l\u00e9chargement ne disposent pas d\u2019intitul\u00e9s pertinents.<\/li>\n\n\n\n<li>Diff\u00e9rentes sections identifi\u00e9es ne disposent pas de titres et ne sont pas identifiables pas les lecteurs d\u2019\u00e9cran.<\/li>\n<\/ul>\n\n\n\n<h3 class=\"wp-block-heading\">D\u00e9rogations pour charge disproportionn\u00e9e<\/h3>\n\n\n\n<ul class=\"wp-block-list\">\n<li>Certaines anciennes publications PDF ne seront pas rendues accessibles en raison de leur anciennet\u00e9 et du co\u00fbt disproportionn\u00e9.<\/li>\n<\/ul>\n\n\n\n<h3 class=\"wp-block-heading\">Contenus non soumis \u00e0 l\u2019obligation d\u2019accessibilit\u00e9<\/h3>\n\n\n\n<ul class=\"wp-block-list\">\n<li>Les contenus de tiers qui ne sont ni financ\u00e9s ni d\u00e9velopp\u00e9s par l\u2019organisme concern\u00e9 et qui ne sont pas sous son contr\u00f4le (cadre en ligne, lecteur Youtube, cartographie).<\/li>\n\n\n\n<li>Les fichiers disponibles dans des formats bureautiques publi\u00e9s avant le 23 septembre 2018, sauf s\u2019ils sont n\u00e9cessaires \u00e0 l\u2019accomplissement d\u2019une d\u00e9marche administrative relevant des t\u00e2ches effectu\u00e9es par l\u2019organisme concern\u00e9.<\/li>\n\n\n\n<li>Les contenus audio et vid\u00e9o pr\u00e9enregistr\u00e9s, y compris ceux comprenant des composants interactifs, publi\u00e9s avant le 23 septembre 2020.<\/li>\n<\/ul>\n\n\n\n<h2 class=\"wp-block-heading\">\u00c9tablissement de cette d\u00e9claration<\/h2>\n\n\n\n<p class=\"wp-block-paragraph\">Cette d\u00e9claration a \u00e9t\u00e9 \u00e9tablie le 16 juin 2025, sur la base d\u2019un audit complet r\u00e9alis\u00e9 par un prestataire externe.<\/p>\n\n\n\n<h2 class=\"wp-block-heading\">Retour d\u2019information et contact<\/h2>\n\n\n\n<p class=\"wp-block-paragraph\">Si vous n\u2019arrivez pas \u00e0 acc\u00e9der \u00e0 un contenu ou si vous constatez un d\u00e9faut d\u2019accessibilit\u00e9, vous pouvez contacter le responsable du site internet pour \u00eatre orient\u00e9 vers une alternative accessible ou obtenir le contenu sous une autre forme.<\/p>\n\n\n\n<p class=\"wp-block-paragraph\"><a href=\"https:\/\/www.mairie-gassin.fr\/fr\/contact\/\" data-type=\"page\" data-id=\"105\">Envoyer un message<\/a><\/p>\n\n\n\n<h2 class=\"wp-block-heading\">Voies de recours<\/h2>\n\n\n\n<p class=\"wp-block-paragraph\">Si vous constatez un d\u00e9faut d\u2019accessibilit\u00e9 vous emp\u00eachant d\u2019acc\u00e9der \u00e0 un contenu ou une fonctionnalit\u00e9 du site, que vous nous le signalez et que vous ne parvenez pas \u00e0 obtenir une r\u00e9ponse de notre part, vous \u00eates en droit de faire parvenir vos dol\u00e9ances ou une demande de saisine au D\u00e9fenseur des droits.<\/p>\n\n\n\n<p class=\"wp-block-paragraph\">Plusieurs moyens sont \u00e0 votre disposition :<\/p>\n\n\n\n<ul class=\"wp-block-list\">\n<li>\u00c9crire un message au D\u00e9fenseur des droits (<a href=\"https:\/\/formulaire.defenseurdesdroits.fr\/\">formulaire.defenseurdesdroits.fr<\/a>)<\/li>\n\n\n\n<li>Contacter le d\u00e9l\u00e9gu\u00e9 du D\u00e9fenseur des droits pr\u00e8s de chez vous (<a href=\"https:\/\/defenseurdesdroits.fr\/saisir\/delegues\">defenseurdesdroits.fr\/saisir\/delegues<\/a>)<\/li>\n\n\n\n<li>Envoyer un courrier par la poste (gratuit, ne pas mettre de timbre) :<\/li>\n<\/ul>\n\n\n\n<p class=\"wp-block-paragraph\">D\u00e9fenseur des droits<br>Libre r\u00e9ponse 71120<br>75342 Paris CEDEX 07<\/p>\n","protected":false},"excerpt":{"rendered":"<p>La Mairie de Gassin s\u2019engage \u00e0 rendre son site internet accessible conform\u00e9ment \u00e0 l\u2019article 47 de la loi n\u00b02005-102 du 11 f\u00e9vrier 2005. Cette d\u00e9claration d\u2019accessibilit\u00e9 s\u2019applique au site Internet https:\/\/www.mairie-gassin.fr\/. \u00c9tat de conformit\u00e9 Le site https:\/\/www.mairie-gassin.fr\/ est partiellement conforme avec le r\u00e9f\u00e9rentiel g\u00e9n\u00e9ral d\u2019am\u00e9lioration de l\u2019accessibilit\u00e9 (RGAA), version 4.1.2 en raison des non-conformit\u00e9s et<a class=\"excerpt-read-more\" href=\"https:\/\/www.mairie-gassin.fr\/fr\/accessibilite\/\" title=\"ReadD\u00e9claration d\u2019accessibilit\u00e9\">&#8230; Read more &raquo;<\/a><\/p>\n","protected":false},"author":11,"featured_media":0,"parent":0,"menu_order":98,"comment_status":"closed","ping_status":"closed","template":"","meta":{"_acf_changed":false,"_crdt_document":"","footnotes":"[]"},"class_list":["post-7303","page","type-page","status-publish","hentry"],"acf":[],"_links":{"self":[{"href":"https:\/\/www.mairie-gassin.fr\/fr\/wp-json\/wp\/v2\/pages\/7303","targetHints":{"allow":["GET"]}}],"collection":[{"href":"https:\/\/www.mairie-gassin.fr\/fr\/wp-json\/wp\/v2\/pages"}],"about":[{"href":"https:\/\/www.mairie-gassin.fr\/fr\/wp-json\/wp\/v2\/types\/page"}],"author":[{"embeddable":true,"href":"https:\/\/www.mairie-gassin.fr\/fr\/wp-json\/wp\/v2\/users\/11"}],"replies":[{"embeddable":true,"href":"https:\/\/www.mairie-gassin.fr\/fr\/wp-json\/wp\/v2\/comments?post=7303"}],"version-history":[{"count":8,"href":"https:\/\/www.mairie-gassin.fr\/fr\/wp-json\/wp\/v2\/pages\/7303\/revisions"}],"predecessor-version":[{"id":10724,"href":"https:\/\/www.mairie-gassin.fr\/fr\/wp-json\/wp\/v2\/pages\/7303\/revisions\/10724"}],"wp:attachment":[{"href":"https:\/\/www.mairie-gassin.fr\/fr\/wp-json\/wp\/v2\/media?parent=7303"}],"curies":[{"name":"wp","href":"https:\/\/api.w.org\/{rel}","templated":true}]}}