{"id":80,"date":"2017-11-19T14:54:05","date_gmt":"2017-11-19T13:54:05","guid":{"rendered":"http:\/\/www.mairie-gassin.fr\/?page_id=80"},"modified":"2019-04-13T14:29:52","modified_gmt":"2019-04-13T12:29:52","slug":"les-plus-beaux-villages-de-france","status":"publish","type":"page","link":"https:\/\/www.mairie-gassin.fr\/fr\/notre-commune\/les-plus-beaux-villages-de-france\/","title":{"rendered":"L&rsquo;un des plus beaux villages de France"},"content":{"rendered":"\n<div class=\"wp-block-image\"><figure class=\"alignleft\"><img loading=\"lazy\" decoding=\"async\" width=\"260\" height=\"333\" src=\"http:\/\/www.mairie-gassin.fr\/wp-content\/uploads\/2017\/11\/nouveau-logo-pbvf.jpg\" alt=\"\" class=\"wp-image-81\" srcset=\"https:\/\/www.mairie-gassin.fr\/wp-content\/uploads\/2017\/11\/nouveau-logo-pbvf.jpg 260w, https:\/\/www.mairie-gassin.fr\/wp-content\/uploads\/2017\/11\/nouveau-logo-pbvf-234x300.jpg 234w\" sizes=\"auto, (max-width: 260px) 100vw, 260px\" \/><\/figure><\/div>\n\n\n\n<p class=\"wp-block-paragraph\">Depuis le 7 mai 1994, Gassin fait partie du club tr\u00e8s ferm\u00e9 des \u00ab Plus Beaux Villages de France \u00bb et est l\u2019unique village de cette structure \u00e0 \u00eatre baign\u00e9 par la M\u00e9diterran\u00e9e, de l\u2019Espagne \u00e0 l\u2019Italie.<\/p>\n\n\n\n<p class=\"wp-block-paragraph\">Pour faire partie de cette association, il ne suffit pas de le demander. Il faut d\u2019abord \u00eatre un \u00ab petit village \u00bb (moins de 2 000 habitants au bourg) et satisfaire aux 27 crit\u00e8res tr\u00e8s s\u00e9v\u00e8res et tr\u00e8s pr\u00e9cis concernant la valeur et la diversit\u00e9 du patrimoine, la qualit\u00e9 de l\u2019environnement, de l\u2019architecture et de l\u2019urbanisme, l\u2019intensit\u00e9 des actions d\u2019am\u00e9lioration de la qualit\u00e9 et de l\u2019accueil.<\/p>\n\n\n\n<p class=\"wp-block-paragraph\">Un fois accept\u00e9, chaque village signe avec l\u2019association une charte de qualit\u00e9 lui cr\u00e9ant l\u2019obligation de poursuivre sa mise en valeur pour conserver son classement qui, tous les 5 ans, est soumis \u00e0 une nouvelle expertise pour \u00eatre confirm\u00e9 ou annul\u00e9.<\/p>\n\n\n\n<p class=\"wp-block-paragraph\">Un guide touristique r\u00e9unissant l&rsquo;ensemble des villages class\u00e9s est \u00e9dit\u00e9 aux \u00c9ditions Flammarion. Il est disponible \u00e0 la boutique de l&rsquo;office de tourisme.<\/p>\n\n\n\n<p class=\"wp-block-paragraph\">Dans son livre <em>Gassin au Fil du Temps<\/em>, Colette Peirugues cite un po\u00e8me de Ren\u00e9 Oliva, \u00ab Le vieux guardia \u00bb :<\/p>\n\n\n\n<blockquote class=\"wp-block-quote is-layout-flow wp-block-quote-is-layout-flow\"><p>\u00ab Sur son piton rocheux que prot\u00e8ge son Saint,<br>\nLe Bienheureux Laurent souffrit la torture,<br>\nDominant des coteaux de vigne et de verdure,<br>\nO\u00f9 l\u2019olivier d\u2019argent et le pin toujours vert,<br>\nLui font un flot mouvant qui va jusqu\u2019\u00e0 la mer.<br>\nFier de ses traditions, fier aussi de son site,<br>\nQui en fit le gardien du golfe Sambracite,<br>\nSous un ciel lumineux que balaie le mistral,<br>\nVeillant sur le pays de son haut pi\u00e9destal,<br>\nLe vieux Guardia Sinus est devenu Gassin \u00bb<\/p><\/blockquote>\n\n\n\n<p class=\"wp-block-paragraph\">Ce po\u00e8me d\u00e9voile une part de l&rsquo;\u00e2me de notre village&#8230;<\/p>\n\n\n\n<p class=\"wp-block-paragraph\"><a href=\"http:\/\/www.les-plus-beaux-villages-de-france.org\/\">http:\/\/www.les-plus-beaux-villages-de-france.org\/<\/a><\/p>\n","protected":false},"excerpt":{"rendered":"<p>Depuis le 7 mai 1994, Gassin fait partie du club tr\u00e8s ferm\u00e9 des \u00ab Plus Beaux Villages de France \u00bb et est l\u2019unique village de cette structure \u00e0 \u00eatre baign\u00e9 par la M\u00e9diterran\u00e9e, de l\u2019Espagne \u00e0 l\u2019Italie. Pour faire partie de cette association, il ne suffit pas de le demander. Il faut d\u2019abord \u00eatre un<a class=\"excerpt-read-more\" href=\"https:\/\/www.mairie-gassin.fr\/fr\/notre-commune\/les-plus-beaux-villages-de-france\/\" title=\"ReadL&rsquo;un des plus beaux villages de France\">&#8230; Read more &raquo;<\/a><\/p>\n","protected":false},"author":11,"featured_media":0,"parent":40,"menu_order":40,"comment_status":"closed","ping_status":"closed","template":"","meta":{"_acf_changed":false,"_crdt_document":"","footnotes":""},"class_list":["post-80","page","type-page","status-publish","hentry"],"acf":[],"_links":{"self":[{"href":"https:\/\/www.mairie-gassin.fr\/fr\/wp-json\/wp\/v2\/pages\/80","targetHints":{"allow":["GET"]}}],"collection":[{"href":"https:\/\/www.mairie-gassin.fr\/fr\/wp-json\/wp\/v2\/pages"}],"about":[{"href":"https:\/\/www.mairie-gassin.fr\/fr\/wp-json\/wp\/v2\/types\/page"}],"author":[{"embeddable":true,"href":"https:\/\/www.mairie-gassin.fr\/fr\/wp-json\/wp\/v2\/users\/11"}],"replies":[{"embeddable":true,"href":"https:\/\/www.mairie-gassin.fr\/fr\/wp-json\/wp\/v2\/comments?post=80"}],"version-history":[{"count":6,"href":"https:\/\/www.mairie-gassin.fr\/fr\/wp-json\/wp\/v2\/pages\/80\/revisions"}],"predecessor-version":[{"id":1207,"href":"https:\/\/www.mairie-gassin.fr\/fr\/wp-json\/wp\/v2\/pages\/80\/revisions\/1207"}],"up":[{"embeddable":true,"href":"https:\/\/www.mairie-gassin.fr\/fr\/wp-json\/wp\/v2\/pages\/40"}],"wp:attachment":[{"href":"https:\/\/www.mairie-gassin.fr\/fr\/wp-json\/wp\/v2\/media?parent=80"}],"curies":[{"name":"wp","href":"https:\/\/api.w.org\/{rel}","templated":true}]}}