{"id":85,"date":"2017-11-19T15:27:18","date_gmt":"2017-11-19T14:27:18","guid":{"rendered":"http:\/\/www.mairie-gassin.fr\/?page_id=85"},"modified":"2021-01-25T09:25:24","modified_gmt":"2021-01-25T08:25:24","slug":"comment-venir","status":"publish","type":"page","link":"https:\/\/www.mairie-gassin.fr\/fr\/notre-commune\/comment-venir\/","title":{"rendered":"Comment venir"},"content":{"rendered":"\n<h2 class=\"wp-block-heading\">VOITURE<\/h2>\n\n\n\n<dl>\n<dt>Sorties autoroute A8 (Marseille \/ Nice)<\/dt>\n<dd>Le Luc : direction Saint-Tropez<\/dd>\n<dd>Le Muy : direction Sainte-Maxime<\/dd>\n<dd>Puget-sur-Argens : direction Roquebrune \u2013 Les Issambres<\/dd>\n<\/dl>\n\n\n\n<h2 class=\"wp-block-heading\">TRAIN<\/h2>\n\n\n\n<ul class=\"wp-block-list\"><li>Gare TGV + Parking de Fr\u00e9jus-Saint-Rapha\u00ebl (35 Km)<\/li><li>Gare TGV Les Arcs (40 Km)<\/li><li>Gare TGV + Parking de Toulon (60 Km)<\/li><\/ul>\n\n\n\n<p class=\"wp-block-paragraph\">T\u00e9l\u00e9phone renseignements SNCF : 3635<\/p>\n\n\n\n<h2 class=\"wp-block-heading\">AVION<\/h2>\n\n\n\n<p class=\"wp-block-paragraph\">A\u00e9rodrome International de la M\u00f4le \/ Golfe de Saint-Tropez<br>\n<a href=\"http:\/\/www.sainttropez.aeroport.fr\/\">http:\/\/www.sainttropez.aeroport.fr\/<\/a><\/p>\n\n\n\n<p class=\"wp-block-paragraph\">A\u00e9roport de Toulon \/ Hy\u00e8res (40 Km)<br>\n0 825 018 387<br>\n<a href=\"http:\/\/www.toulon-hyeres.aeroport.fr\/\">http:\/\/www.toulon-hyeres.aeroport.fr\/<\/a><\/p>\n\n\n\n<p class=\"wp-block-paragraph\">A\u00e9roport International de Nice (100 Km)<br>\n0 820 423 333<br>\n<a href=\"http:\/\/www.nice.aeroport.fr\/\">http:\/\/www.nice.aeroport.fr\/<\/a><\/p>\n\n\n\n<h2 class=\"wp-block-heading\">BUS<\/h2>\n\n\n\n<p class=\"wp-block-paragraph\">3 lignes de bus ZOU&nbsp;! 83 vous permettent de de venir au village&nbsp;:<\/p>\n\n\n\n<p class=\"wp-block-paragraph\">Ligne 7702&nbsp;: Cavalaire \u2013 Ste Maxime \u2013 St Rapha\u00ebl&nbsp;: <a href=\"https:\/\/storage.googleapis.com\/is-wp-22-prod\/uploads-prod\/2020\/11\/ZOU83_Ligne7702_CAVALAIRE_SAINTE_MAXIME_SAINT_RAPHAEL_du-02-nov-2020-au-02-avril-2020.pdf\">https:\/\/storage.googleapis.com\/is-wp-22-prod\/uploads-prod\/2020\/11\/ZOU83_Ligne7702_CAVALAIRE_SAINTE_MAXIME_SAINT_RAPHAEL_du-02-nov-2020-au-02-avril-2020.pdf<\/a><\/p>\n\n\n\n<p class=\"wp-block-paragraph\">Ligne 7701&nbsp;: La Garde Freinet \u2013 Cogolin \u2013 St Tropez&nbsp;: <a href=\"https:\/\/storage.googleapis.com\/is-wp-22-prod\/uploads-prod\/2020\/12\/ZOU83_Ligne7701_LA_GARDE_FREINET_COGOLIN_SAINT_TROPEZ-%C3%A0-compter-du-1er-septembre-2020.pdf\">https:\/\/storage.googleapis.com\/is-wp-22-prod\/uploads-prod\/2020\/12\/ZOU83_Ligne7701_LA_GARDE_FREINET_COGOLIN_SAINT_TROPEZ-%C3%A0-compter-du-1er-septembre-2020.pdf<\/a><\/p>\n\n\n\n<p class=\"wp-block-paragraph\">Ligne 7601&nbsp;: Saint Tropez \u2013 Saint Raphael&nbsp;: <a href=\"https:\/\/storage.googleapis.com\/is-wp-22-prod\/uploads-prod\/2021\/01\/ZOU83_Ligne7601_SAINT_TROPEZ_SAINT_RAPHAEL_du-02-nov-2020-au-02-avril-2020.pdf\">https:\/\/storage.googleapis.com\/is-wp-22-prod\/uploads-prod\/2021\/01\/ZOU83_Ligne7601_SAINT_TROPEZ_SAINT_RAPHAEL_du-02-nov-2020-au-02-avril-2020.pdf<\/a><\/p>\n\n\n\n<p class=\"wp-block-paragraph\">Plan du r\u00e9seau ZOU&nbsp;! 83&nbsp;: <a href=\"https:\/\/storage.googleapis.com\/is-wp-22-prod\/uploads-prod\/2019\/11\/ZOU83_PLAN_DES_LIGNES_VAR.pdf\">https:\/\/storage.googleapis.com\/is-wp-22-prod\/uploads-prod\/2019\/11\/ZOU83_PLAN_DES_LIGNES_VAR.pdf<\/a><\/p>\n\n\n\n<p class=\"wp-block-paragraph\"><br>Horaires et r\u00e9servation sur le site <a href=\"https:\/\/zou.maregionsud.fr\/\">https:\/\/zou.maregionsud.fr\/<\/a> ou par t\u00e9l\u00e9phone au 0&nbsp;809&nbsp;400&nbsp;013 (tous les jours de 7h \u00e0 20h, prix d\u2019un appel local)<\/p>\n","protected":false},"excerpt":{"rendered":"<p>VOITURE Sorties autoroute A8 (Marseille \/ Nice) Le Luc : direction Saint-Tropez Le Muy : direction Sainte-Maxime Puget-sur-Argens : direction Roquebrune \u2013 Les Issambres TRAIN Gare TGV + Parking de Fr\u00e9jus-Saint-Rapha\u00ebl (35 Km) Gare TGV Les Arcs (40 Km) Gare TGV + Parking de Toulon (60 Km) T\u00e9l\u00e9phone renseignements SNCF : 3635 AVION A\u00e9rodrome International<a class=\"excerpt-read-more\" href=\"https:\/\/www.mairie-gassin.fr\/fr\/notre-commune\/comment-venir\/\" title=\"ReadComment venir\">&#8230; Read more &raquo;<\/a><\/p>\n","protected":false},"author":11,"featured_media":0,"parent":40,"menu_order":44,"comment_status":"closed","ping_status":"closed","template":"","meta":{"_acf_changed":false,"_crdt_document":"","footnotes":""},"class_list":["post-85","page","type-page","status-publish","hentry"],"acf":[],"_links":{"self":[{"href":"https:\/\/www.mairie-gassin.fr\/fr\/wp-json\/wp\/v2\/pages\/85","targetHints":{"allow":["GET"]}}],"collection":[{"href":"https:\/\/www.mairie-gassin.fr\/fr\/wp-json\/wp\/v2\/pages"}],"about":[{"href":"https:\/\/www.mairie-gassin.fr\/fr\/wp-json\/wp\/v2\/types\/page"}],"author":[{"embeddable":true,"href":"https:\/\/www.mairie-gassin.fr\/fr\/wp-json\/wp\/v2\/users\/11"}],"replies":[{"embeddable":true,"href":"https:\/\/www.mairie-gassin.fr\/fr\/wp-json\/wp\/v2\/comments?post=85"}],"version-history":[{"count":3,"href":"https:\/\/www.mairie-gassin.fr\/fr\/wp-json\/wp\/v2\/pages\/85\/revisions"}],"predecessor-version":[{"id":2691,"href":"https:\/\/www.mairie-gassin.fr\/fr\/wp-json\/wp\/v2\/pages\/85\/revisions\/2691"}],"up":[{"embeddable":true,"href":"https:\/\/www.mairie-gassin.fr\/fr\/wp-json\/wp\/v2\/pages\/40"}],"wp:attachment":[{"href":"https:\/\/www.mairie-gassin.fr\/fr\/wp-json\/wp\/v2\/media?parent=85"}],"curies":[{"name":"wp","href":"https:\/\/api.w.org\/{rel}","templated":true}]}}