{"id":87,"date":"2017-11-19T15:38:50","date_gmt":"2017-11-19T14:38:50","guid":{"rendered":"http:\/\/www.mairie-gassin.fr\/?page_id=87"},"modified":"2020-08-10T12:19:30","modified_gmt":"2020-08-10T10:19:30","slug":"cadre-de-vie","status":"publish","type":"page","link":"https:\/\/www.mairie-gassin.fr\/fr\/notre-commune\/cadre-de-vie\/","title":{"rendered":"Cadre de vie"},"content":{"rendered":"\n<p class=\"wp-block-paragraph\">La commune compte 2623 habitants (population en vigueur au 1er janvier 2020) dont 400 environ dans le village.<\/p>\n\n\n\n<p class=\"wp-block-paragraph\">Promontoire rocheux \u00e0 moins de quatre kilom\u00e8tres du rivage, le vieux village de Gassin, avec ses venelles tortueuses et ses vieilles maisons pittoresques domine un paysage de vignobles, d\u2019\u00e9tendues bois\u00e9es et le golfe de Saint Tropez.<\/p>\n\n\n\n<p class=\"wp-block-paragraph\">De la terrasse m\u00e9di\u00e9vale des \u00ab Barri \u00bb (remparts) s\u2019offre <strong>un paysage unique<\/strong> qui s\u2019\u00e9tend des \u00eeles d\u2019Hy\u00e8res aux cimes neigeuses des Alpes en passant par le Massif des Maures. Ancien oppidum Celto Ligure, le village devint \u00e0 partir du XI\u00b0 si\u00e8cle un fief religieux (chapelle St-Laurent). L\u2019empreinte des Templiers et une destin\u00e9e assez myst\u00e9rieuse lui valurent d\u2019\u00eatre <strong>connu comme le village des \u00ab sorciers \u00bb<\/strong>.<\/p>\n\n\n\n<p class=\"wp-block-paragraph\">Gr\u00e2ce \u00e0 une situation g\u00e9ographique particuli\u00e8re, le village de Gassin a pu garder toute <strong>son authenticit\u00e9 et son cachet<\/strong>. Son p\u00e9rim\u00e8tre de for\u00eat prot\u00e8ge tout le site. Cet ensemble lui a permis de faire partie du cercle tr\u00e8s ferm\u00e9 des 158 <strong>Plus Beaux Villages de France<\/strong>.<\/p>\n\n\n\n<p class=\"wp-block-paragraph\">Mais Gassin n\u2019entend pas rester sur ses acquis. La preuve en est son dynamisme associatif. De nombreuses structures ont choisi de s\u2019installer sur la commune, associations sportives et culturelles entre autres.<\/p>\n\n\n\n<p class=\"wp-block-paragraph\">Pour les jeunes, la salle culturelle offre des activit\u00e9s tout au long de l\u2019ann\u00e9e et pour les grandes occasions : carnaval, No\u00ebl, Halloween, \u2026<\/p>\n\n\n\n<p class=\"wp-block-paragraph\">Pour les plus grands, la salle des ados propose elle aussi de nombreuses sorties.<\/p>\n\n\n\n<p class=\"wp-block-paragraph\">Les artistes, eux, se dirigeront plus volontiers vers les Amis des Arts qui organisent de nombreux ateliers (couture, peinture, \u2026).<\/p>\n\n\n\n<p class=\"wp-block-paragraph\">Et n\u2019oublions pas nos a\u00een\u00e9s, avec l\u2019association de l\u2019Age d\u2019Or Gassinois.<\/p>\n\n\n\n<p class=\"wp-block-paragraph\"><strong>De quoi, satisfaire toutes les classes d\u2019\u00e2ge et tous les go\u00fbts !<\/strong><\/p>\n\n\n\n<div class=\"wp-block-image\"><figure class=\"alignleft\"><img loading=\"lazy\" decoding=\"async\" width=\"333\" height=\"250\" src=\"http:\/\/www.mairie-gassin.fr\/wp-content\/uploads\/2017\/11\/chapelle.jpg\" alt=\"\" class=\"wp-image-88\" srcset=\"https:\/\/www.mairie-gassin.fr\/wp-content\/uploads\/2017\/11\/chapelle.jpg 333w, https:\/\/www.mairie-gassin.fr\/wp-content\/uploads\/2017\/11\/chapelle-300x225.jpg 300w\" sizes=\"auto, (max-width: 333px) 100vw, 333px\" \/><\/figure><\/div>\n\n\n\n<div class=\"wp-block-image\"><figure class=\"alignleft\"><img loading=\"lazy\" decoding=\"async\" width=\"333\" height=\"228\" src=\"http:\/\/www.mairie-gassin.fr\/wp-content\/uploads\/2017\/11\/gassin-4.jpg\" alt=\"\" class=\"wp-image-89\" srcset=\"https:\/\/www.mairie-gassin.fr\/wp-content\/uploads\/2017\/11\/gassin-4.jpg 333w, https:\/\/www.mairie-gassin.fr\/wp-content\/uploads\/2017\/11\/gassin-4-300x205.jpg 300w\" sizes=\"auto, (max-width: 333px) 100vw, 333px\" \/><\/figure><\/div>\n","protected":false},"excerpt":{"rendered":"<p>La commune compte 2623 habitants (population en vigueur au 1er janvier 2020) dont 400 environ dans le village. Promontoire rocheux \u00e0 moins de quatre kilom\u00e8tres du rivage, le vieux village de Gassin, avec ses venelles tortueuses et ses vieilles maisons pittoresques domine un paysage de vignobles, d\u2019\u00e9tendues bois\u00e9es et le golfe de Saint Tropez. De<a class=\"excerpt-read-more\" href=\"https:\/\/www.mairie-gassin.fr\/fr\/notre-commune\/cadre-de-vie\/\" title=\"ReadCadre de vie\">&#8230; Read more &raquo;<\/a><\/p>\n","protected":false},"author":11,"featured_media":0,"parent":40,"menu_order":45,"comment_status":"closed","ping_status":"closed","template":"","meta":{"_acf_changed":false,"_crdt_document":"","footnotes":""},"class_list":["post-87","page","type-page","status-publish","hentry"],"acf":[],"_links":{"self":[{"href":"https:\/\/www.mairie-gassin.fr\/fr\/wp-json\/wp\/v2\/pages\/87","targetHints":{"allow":["GET"]}}],"collection":[{"href":"https:\/\/www.mairie-gassin.fr\/fr\/wp-json\/wp\/v2\/pages"}],"about":[{"href":"https:\/\/www.mairie-gassin.fr\/fr\/wp-json\/wp\/v2\/types\/page"}],"author":[{"embeddable":true,"href":"https:\/\/www.mairie-gassin.fr\/fr\/wp-json\/wp\/v2\/users\/11"}],"replies":[{"embeddable":true,"href":"https:\/\/www.mairie-gassin.fr\/fr\/wp-json\/wp\/v2\/comments?post=87"}],"version-history":[{"count":4,"href":"https:\/\/www.mairie-gassin.fr\/fr\/wp-json\/wp\/v2\/pages\/87\/revisions"}],"predecessor-version":[{"id":2262,"href":"https:\/\/www.mairie-gassin.fr\/fr\/wp-json\/wp\/v2\/pages\/87\/revisions\/2262"}],"up":[{"embeddable":true,"href":"https:\/\/www.mairie-gassin.fr\/fr\/wp-json\/wp\/v2\/pages\/40"}],"wp:attachment":[{"href":"https:\/\/www.mairie-gassin.fr\/fr\/wp-json\/wp\/v2\/media?parent=87"}],"curies":[{"name":"wp","href":"https:\/\/api.w.org\/{rel}","templated":true}]}}