{"id":91,"date":"2017-11-19T15:42:02","date_gmt":"2017-11-19T14:42:02","guid":{"rendered":"http:\/\/www.mairie-gassin.fr\/?page_id=91"},"modified":"2020-11-05T09:37:33","modified_gmt":"2020-11-05T08:37:33","slug":"economie-locale","status":"publish","type":"page","link":"https:\/\/www.mairie-gassin.fr\/fr\/notre-commune\/economie-locale\/","title":{"rendered":"\u00c9conomie locale"},"content":{"rendered":"\n<p class=\"wp-block-paragraph\">Les ressources \u00e9conomiques de Gassin r\u00e9sident en grande partie dans le tourisme.<br>\nEn plus de <a href=\"https:\/\/gassin.eu\">l&rsquo;office de tourisme de Gassin<\/a> et de <a href=\"https:\/\/www.golfe-saint-tropez-information.com\">la Maison du Tourisme<\/a> qui regroupe les informations touristiques pour l\u2019ensemble des douze communes du Golfe de Saint-Tropez, Gassin compte une dizaine d\u2019h\u00f4tels (dont cinq 5 \u00e9toiles), une quinzaine de restaurants, trois r\u00e9sidences de tourisme, trois campings (dont un class\u00e9 3 \u00e9toiles et un quatre \u00e9toiles), un village de vacances et de nombreuses offres en g\u00eetes, en chambres d&rsquo;h\u00f4tes et en meubl\u00e9s de tourisme.<\/p>\n\n\n\n<p class=\"wp-block-paragraph\">Mais Gassin, c\u2019est aussi une dizaine de domaines viticoles, qui produisent des AOC de grandes renomm\u00e9es, c\u2019est aussi une \u00e9cole de voile, une \u00e9cole d&rsquo;\u00e9quitation, un Polo Club international qui accueille plusieurs rencontres de polo par an et un haras ainsi qu&rsquo;un Golf Club international proposant de prestigieux tournois.<\/p>\n\n\n\n<p class=\"wp-block-paragraph\">Gassin, c\u2019est \u00e9galement de nombreuses implantations publiques comme le Lyc\u00e9e du Golfe qui accueille l\u2019ensemble des \u00e9l\u00e8ves du Golfe de Saint-Tropez, le Coll\u00e8ge Victor Hugo, l&rsquo;Espace Sant\u00e9 et le P\u00f4le de Sant\u00e9, qui regroupe \u00e0 la fois une structure publique et une structure priv\u00e9e, et l&rsquo;entreprise NAVAL GROUP.<\/p>\n\n\n\n<p class=\"wp-block-paragraph\">N\u2019oublions pas les commerces, avec l\u2019hypermarch\u00e9 et ses 38 boutiques et les cr\u00e9ateurs artisans, comme la Maison des Confitures <a href=\"https:\/\/maisondesconfitures.fr\/\">https:\/\/maisondesconfitures.fr\/<\/a><\/p>\n\n\n\n<div class=\"wp-block-image\"><figure class=\"aligncenter size-large\"><img loading=\"lazy\" decoding=\"async\" width=\"150\" height=\"150\" src=\"https:\/\/www.mairie-gassin.fr\/wp-content\/uploads\/2020\/11\/Confitures-2.jpg\" alt=\"\" class=\"wp-image-2516\"\/><\/figure><\/div>\n","protected":false},"excerpt":{"rendered":"<p>Les ressources \u00e9conomiques de Gassin r\u00e9sident en grande partie dans le tourisme. En plus de l&rsquo;office de tourisme de Gassin et de la Maison du Tourisme qui regroupe les informations touristiques pour l\u2019ensemble des douze communes du Golfe de Saint-Tropez, Gassin compte une dizaine d\u2019h\u00f4tels (dont cinq 5 \u00e9toiles), une quinzaine de restaurants, trois r\u00e9sidences<a class=\"excerpt-read-more\" href=\"https:\/\/www.mairie-gassin.fr\/fr\/notre-commune\/economie-locale\/\" title=\"Read\u00c9conomie locale\">&#8230; Read more &raquo;<\/a><\/p>\n","protected":false},"author":11,"featured_media":0,"parent":40,"menu_order":46,"comment_status":"closed","ping_status":"closed","template":"","meta":{"_acf_changed":false,"_crdt_document":"","footnotes":""},"class_list":["post-91","page","type-page","status-publish","hentry"],"acf":[],"_links":{"self":[{"href":"https:\/\/www.mairie-gassin.fr\/fr\/wp-json\/wp\/v2\/pages\/91","targetHints":{"allow":["GET"]}}],"collection":[{"href":"https:\/\/www.mairie-gassin.fr\/fr\/wp-json\/wp\/v2\/pages"}],"about":[{"href":"https:\/\/www.mairie-gassin.fr\/fr\/wp-json\/wp\/v2\/types\/page"}],"author":[{"embeddable":true,"href":"https:\/\/www.mairie-gassin.fr\/fr\/wp-json\/wp\/v2\/users\/11"}],"replies":[{"embeddable":true,"href":"https:\/\/www.mairie-gassin.fr\/fr\/wp-json\/wp\/v2\/comments?post=91"}],"version-history":[{"count":6,"href":"https:\/\/www.mairie-gassin.fr\/fr\/wp-json\/wp\/v2\/pages\/91\/revisions"}],"predecessor-version":[{"id":2517,"href":"https:\/\/www.mairie-gassin.fr\/fr\/wp-json\/wp\/v2\/pages\/91\/revisions\/2517"}],"up":[{"embeddable":true,"href":"https:\/\/www.mairie-gassin.fr\/fr\/wp-json\/wp\/v2\/pages\/40"}],"wp:attachment":[{"href":"https:\/\/www.mairie-gassin.fr\/fr\/wp-json\/wp\/v2\/media?parent=91"}],"curies":[{"name":"wp","href":"https:\/\/api.w.org\/{rel}","templated":true}]}}