{"id":94,"date":"2017-11-19T15:48:58","date_gmt":"2017-11-19T14:48:58","guid":{"rendered":"http:\/\/www.mairie-gassin.fr\/?page_id=94"},"modified":"2019-07-02T15:24:19","modified_gmt":"2019-07-02T13:24:19","slug":"travaux-en-cours","status":"publish","type":"page","link":"https:\/\/www.mairie-gassin.fr\/fr\/notre-commune\/travaux-en-cours\/","title":{"rendered":"Travaux en cours"},"content":{"rendered":"\n<h2 class=\"wp-block-heading\">DEUX NOUVELLES AIRES DE STATIONNEMENT A VILLEVIELLE<\/h2>\n\n\n\n<p class=\"wp-block-paragraph\">Apr\u00e8s plusieurs jours de travaux, la commune de Gassin dispose depuis le d\u00e9but du mois de mars, de deux nouveaux parkings dans le secteur de Villevieille, sur la route qui m\u00e8ne \u00e0 la chapelle Notre-Dame-de-la-Consolation.<\/p>\n\n\n\n<p class=\"wp-block-paragraph\">Ces deux aires de stationnement permettront d\u2019accueillir les randonneurs d\u00e9sireux de d\u00e9couvrir les sentiers des Panoramas du Golfe et de la chapelle, les touristes venus visiter le village ou les Gassinois pour les festivit\u00e9s de la Saint-Laurent.<\/p>\n\n\n\n<div class=\"wp-block-image\"><figure class=\"aligncenter\"><img loading=\"lazy\" decoding=\"async\" width=\"1126\" height=\"1253\" src=\"http:\/\/www.mairie-gassin.fr\/wp-content\/uploads\/2017\/11\/travaux-parkings-cimetiere-gassin-2016.jpg\" alt=\"\" class=\"wp-image-95\" srcset=\"https:\/\/www.mairie-gassin.fr\/wp-content\/uploads\/2017\/11\/travaux-parkings-cimetiere-gassin-2016.jpg 1126w, https:\/\/www.mairie-gassin.fr\/wp-content\/uploads\/2017\/11\/travaux-parkings-cimetiere-gassin-2016-270x300.jpg 270w, https:\/\/www.mairie-gassin.fr\/wp-content\/uploads\/2017\/11\/travaux-parkings-cimetiere-gassin-2016-768x855.jpg 768w, https:\/\/www.mairie-gassin.fr\/wp-content\/uploads\/2017\/11\/travaux-parkings-cimetiere-gassin-2016-920x1024.jpg 920w\" sizes=\"auto, (max-width: 1126px) 100vw, 1126px\" \/><\/figure><\/div>\n\n\n\n<p class=\"wp-block-paragraph\">La mairie de Gassin a par ailleurs refait les marquages et la signalisation du parking situ\u00e9 pr\u00e8s de l\u2019aire de loisirs, qui accueille depuis le 1er avril l\u2019office de tourisme de Gassin. La m\u00eame op\u00e9ration a \u00e9t\u00e9 r\u00e9alis\u00e9e pour les stationnements sur la terrasse menant \u00e0 la place de\u00ef Barri.<\/p>\n\n\n\n<h2 class=\"wp-block-heading\">TRAVAUX D&rsquo;ENTRETIEN<\/h2>\n\n\n\n<p class=\"wp-block-paragraph\">Les agents des services techniques r\u00e9alisent des travaux d&rsquo;entretien dans les divers b\u00e2timents communaux : peintures, carrelages, \u00e9lectricit\u00e9, plomberie, petits travaux de ma\u00e7onnerie, r\u00e9parations diverses.<\/p>\n\n\n\n<h2 class=\"wp-block-heading\">DEBROUSAILLAGE: ENTRETIEN DES VOIES COMMUNALES<\/h2>\n\n\n\n<p class=\"wp-block-paragraph\">En pr\u00e9vention des risques d&rsquo;incendie, les d\u00e9broussailleurs des services techniques entretiennent les bords de voies et les terrains communaux. Deux agents effectuent des tourn\u00e9es journali\u00e8res afin de ramasser les d\u00e9chets jet\u00e9s en bord de routes.<\/p>\n\n\n\n<h2 class=\"wp-block-heading\">ESPACES VERTS<\/h2>\n\n\n\n<p class=\"wp-block-paragraph\">Deux agents r\u00e9alisent quotidiennement des travaux de taille, de binage, d&rsquo;arrosage, de traitement phyto-sanitaires et de cr\u00e9ation.<\/p>\n","protected":false},"excerpt":{"rendered":"<p>DEUX NOUVELLES AIRES DE STATIONNEMENT A VILLEVIELLE Apr\u00e8s plusieurs jours de travaux, la commune de Gassin dispose depuis le d\u00e9but du mois de mars, de deux nouveaux parkings dans le secteur de Villevieille, sur la route qui m\u00e8ne \u00e0 la chapelle Notre-Dame-de-la-Consolation. Ces deux aires de stationnement permettront d\u2019accueillir les randonneurs d\u00e9sireux de d\u00e9couvrir les<a class=\"excerpt-read-more\" href=\"https:\/\/www.mairie-gassin.fr\/fr\/notre-commune\/travaux-en-cours\/\" title=\"ReadTravaux en cours\">&#8230; Read more &raquo;<\/a><\/p>\n","protected":false},"author":11,"featured_media":0,"parent":40,"menu_order":48,"comment_status":"closed","ping_status":"closed","template":"","meta":{"_acf_changed":false,"_crdt_document":"","footnotes":""},"class_list":["post-94","page","type-page","status-publish","hentry"],"acf":[],"_links":{"self":[{"href":"https:\/\/www.mairie-gassin.fr\/fr\/wp-json\/wp\/v2\/pages\/94","targetHints":{"allow":["GET"]}}],"collection":[{"href":"https:\/\/www.mairie-gassin.fr\/fr\/wp-json\/wp\/v2\/pages"}],"about":[{"href":"https:\/\/www.mairie-gassin.fr\/fr\/wp-json\/wp\/v2\/types\/page"}],"author":[{"embeddable":true,"href":"https:\/\/www.mairie-gassin.fr\/fr\/wp-json\/wp\/v2\/users\/11"}],"replies":[{"embeddable":true,"href":"https:\/\/www.mairie-gassin.fr\/fr\/wp-json\/wp\/v2\/comments?post=94"}],"version-history":[{"count":3,"href":"https:\/\/www.mairie-gassin.fr\/fr\/wp-json\/wp\/v2\/pages\/94\/revisions"}],"predecessor-version":[{"id":1419,"href":"https:\/\/www.mairie-gassin.fr\/fr\/wp-json\/wp\/v2\/pages\/94\/revisions\/1419"}],"up":[{"embeddable":true,"href":"https:\/\/www.mairie-gassin.fr\/fr\/wp-json\/wp\/v2\/pages\/40"}],"wp:attachment":[{"href":"https:\/\/www.mairie-gassin.fr\/fr\/wp-json\/wp\/v2\/media?parent=94"}],"curies":[{"name":"wp","href":"https:\/\/api.w.org\/{rel}","templated":true}]}}